{"id":10172,"date":"2025-04-05T14:18:29","date_gmt":"2025-04-05T06:18:29","guid":{"rendered":"https:\/\/zojopackaging.com\/?post_type=product&#038;p=10172"},"modified":"2025-04-05T14:26:25","modified_gmt":"2025-04-05T06:26:25","slug":"custom-luxury-perfume-drawer-box-and-bag-gift-box-sets","status":"publish","type":"product","link":"https:\/\/zojopackaging.com\/fr\/product\/custom-luxury-perfume-drawer-box-and-bag-gift-box-sets\/","title":{"rendered":"Coffret et sac \u00e0 parfum de luxe personnalis\u00e9 - Coffrets cadeaux"},"content":{"rendered":"<h3 id=\"-1-structural-innovation-double-protection-of-special-paper-gray-board-\"><strong>1. Innovation structurelle : double protection papier sp\u00e9cial + carton gris<\/strong><\/h3>\n<p>En adoptant une structure composite de\u00a0<strong>Papier sp\u00e9cial \u00e0 haut grammage de 120 g<\/strong>\u00a0(rugosit\u00e9 de surface Ra\u22640.8\u03bcm) et\u00a0<strong>Carton gris 1200g<\/strong>Gr\u00e2ce \u00e0 la technologie de d\u00e9coupage de pr\u00e9cision et de moulage par pression \u00e0 froid, la r\u00e9sistance \u00e0 la compression du corps de la bo\u00eete est \u2265350N (conform\u00e9ment \u00e0 la norme d'essai ISO 12048) et le taux de dommages dus au transport est inf\u00e9rieur \u00e0 0,3%. La doublure en carton gris adopte une conception de carton en nid d'abeille, ce qui am\u00e9liore la performance sismique de 80%, tout en maintenant l'\u00e9paisseur d\u00e9pli\u00e9e du corps de la bo\u00eete \u00e0 seulement 1\/3 de celle \u00e0 l'\u00e9tat ferm\u00e9, et en optimisant l'utilisation de l'espace logistique de 70% (Cas : Rapport d'optimisation du transport maritime 2024 d'une marque de parfums de luxe).<\/p>\n<h3 id=\"-2-visual-narrative-the-collision-of-gray-aesthetics-and-hot-stamping-technology-\"><strong>2. R\u00e9cit visuel : la collision de l'esth\u00e9tique grise et de la technologie de marquage \u00e0 chaud<\/strong><\/h3>\n<p>-\u00a0<strong>Syst\u00e8me de couleurs<\/strong>: La couleur principale est\u00a0<strong>Pantone 18-1445 TCX (gris antique)<\/strong>qui correspond \u00e0\u00a0<strong>15-3717 TCX (blanc perle)<\/strong>\u00a0pour former un contraste visuel, et une transition de gradient de 0,1 mm est obtenue gr\u00e2ce \u00e0 une impression de haute pr\u00e9cision de 1200 dpi ; - pour les autres, une impression de haute pr\u00e9cision de 0,1 mm.\u00a0<strong>Renforcement de la marque<\/strong>: Le LOGO adopte\u00a0<strong>technologie de marquage \u00e0 chaud de l'or rose<\/strong>avec une brillance m\u00e9tallique de 90GU, une r\u00e9sistance \u00e0 l'usure satisfaisant au test ISO 2838 et une clart\u00e9 tactile augment\u00e9e de 50% ; -\u00a0<strong>L'art de l'ombre et de la lumi\u00e8re<\/strong>: Le bord du couvercle de la bo\u00eete est con\u00e7u avec des motifs de gravure au laser de 0,3 mm, qui forment des effets dynamiques d'ombre et de lumi\u00e8re lorsque la lumi\u00e8re est r\u00e9fract\u00e9e, ce qui correspond au ton myst\u00e9rieux des parfums haut de gamme.<\/p>\n<h3 id=\"-3-lining-system-luxurious-care-in-black-and-gray-colors-\"><strong>3. Syst\u00e8me de doublure : entretien luxueux en noir et gris<\/strong><\/h3>\n<p>-\u00a0<strong>S\u00e9lection des mat\u00e9riaux<\/strong>: -\u00a0<strong>Doublure en EVA<\/strong>: 3mm d'\u00e9paisseur, duret\u00e9 Shore 60A, taux de rebond de compression \u226595%, adapt\u00e9 \u00e0 la fixation de flacons de parfum de forme sp\u00e9ciale ; -.\u00a0<strong>Doublure en \u00e9ponge<\/strong>: polyur\u00e9thane haute densit\u00e9, densit\u00e9 \u226545kg\/m\u00b3, r\u00e9sistance aux chocs certifi\u00e9e ISTA 3A ; - : polyur\u00e9thane haute densit\u00e9, densit\u00e9 \u226545kg\/m\u00b3, r\u00e9sistance aux chocs certifi\u00e9e ISTA 3A\u00a0<strong>Style uniforme<\/strong>La doublure est compos\u00e9e d'un film mat sur la surface de la doublure, au toucher soyeux, superpos\u00e9 \u00e0 la doublure en carton gris, ce qui renforce l'impression d'ouverture de la bo\u00eete.<\/p>\n<h3 id=\"-4-pull-out-design-balance-between-ritual-and-practicality-\"><strong>4. Le design des coulissants : un \u00e9quilibre entre rituel et praticit\u00e9<\/strong><\/h3>\n<p>-\u00a0<strong>Optimisation structurelle<\/strong>: Adopter\u00a0<strong>glissi\u00e8re silencieuse en trois parties<\/strong>Le syst\u00e8me de roulement \u00e0 billes en acier inoxydable est int\u00e9gr\u00e9, la douceur de l'extraction est augment\u00e9e par 60%, la force d'utilisation d'une seule main est \u22641,5N ; - Le syst\u00e8me de roulement \u00e0 billes en acier inoxydable est int\u00e9gr\u00e9.\u00a0<strong>Garantie d'\u00e9tanch\u00e9it\u00e9<\/strong>: Le corps de la bo\u00eete et le couvercle de la bo\u00eete adoptent\u00a0<strong>aspiration magn\u00e9tique + double verrouillage de la languette<\/strong>le taux de fuite du test d'\u00e9tanch\u00e9it\u00e9 \u00e0 l'air est &lt;0,05mL\/min, ce qui est conforme aux normes de transport a\u00e9rien ; - le taux de fuite du test d&#039;\u00e9tanch\u00e9it\u00e9 \u00e0 l&#039;air est &lt;0,05mL\/min.\u00a0<strong>Conception interactive<\/strong>: L'angle d'ouverture est optimis\u00e9 \u00e0 85\u00b0, avec une bande lumineuse LED int\u00e9gr\u00e9e (en option), qui d\u00e9clenche une douce atmosph\u00e8re lumineuse d\u00e8s l'ouverture de la bo\u00eete pour am\u00e9liorer l'exp\u00e9rience de l'utilisateur.<\/p>\n<h3 id=\"-5-specification-adaptation-full-scenario-capacity-solution-\"><strong>5. Adaptation des sp\u00e9cifications : solution de capacit\u00e9 bas\u00e9e sur un sc\u00e9nario complet<\/strong><\/h3>\n<p>-\u00a0<strong>Compatibilit\u00e9 des types de bouteilles<\/strong>Le plus petit convient aux tubes \u00e0 essai de 10 ml et le plus grand peut contenir des flacons de parfum de 100 ml de forme sp\u00e9ciale ; - Le plus petit convient aux tubes \u00e0 essai de 10 ml et le plus grand peut contenir des flacons de parfum de 100 ml de forme sp\u00e9ciale ; - Le plus petit convient aux tubes \u00e0 essai de 10 ml.\u00a0<strong>Expansion du processus<\/strong>: -\u00a0<strong>Traitement de surface<\/strong>les produits de l'industrie automobile : relief UV local, gravure laser, rev\u00eatement nacr\u00e9 ; - les produits de l'industrie automobile : relief UV local, gravure laser, rev\u00eatement nacr\u00e9.\u00a0<strong>Fonctions suppl\u00e9mentaires<\/strong>Tra\u00e7abilit\u00e9 : \u00e9tiquettes de d\u00e9tection de la temp\u00e9rature et de l'humidit\u00e9 int\u00e9gr\u00e9es (en option), lecture du code \u00e0 puce NFC<\/p>\n<h3 id=\"-6-matching-paper-bag-the-ultimate-solution-for-light-luxury-and-portability-\"><strong>6. Sac en papier assorti : la solution ultime pour un luxe l\u00e9ger et la portabilit\u00e9<\/strong><\/h3>\n<p>-\u00a0<strong>Matrice des mat\u00e9riaux<\/strong>: -\u00a0<strong>Sac ext\u00e9rieur<\/strong>: carte blanche 300g + rev\u00eatement PET 20\u03bcm, r\u00e9sistance \u00e0 la d\u00e9chirure \u226550N ; - - carte blanche 300g + rev\u00eatement PET 20\u03bcm, r\u00e9sistance \u00e0 la d\u00e9chirure \u226550N.\u00a0<strong>Doublure int\u00e9rieure<\/strong>: Non-tiss\u00e9 50g + flocage, finesse de toucher Ra\u22640,4\u03bcm ; -\u00a0<strong>D\u00e9tails de la conception<\/strong>: La bouche du sac adopte une boucle magn\u00e9tique + une poign\u00e9e int\u00e9gr\u00e9e, supporte une charge \u22652kg, et la taille du sac peut \u00eatre personnalis\u00e9e (minimum 18\u00d712cm).<\/p>\n<h3 id=\"-7-smart-manufacturing-cornerstone-16-years-of-industry-experience-\"><strong>7. La pierre angulaire de la fabrication intelligente : 16 ans d'exp\u00e9rience dans l'industrie<\/strong><\/h3>\n<p>-\u00a0<strong>Matrice des \u00e9quipements<\/strong>: \u00c9quip\u00e9 d'une unit\u00e9 d'impression allemande Heidelberg \u00e0 six couleurs (diff\u00e9rence de couleur \u0394E\u22640,8), ligne de production de d\u00e9coupe enti\u00e8rement automatique (pr\u00e9cision \u00b10,1mm), capacit\u00e9 de production quotidienne de 100 000 pi\u00e8ces ; -.\u00a0<strong>Syst\u00e8me de contr\u00f4le de la qualit\u00e9<\/strong>: Certifi\u00e9 ISO 9001\/BRCGS, chaque lot de produits est soumis \u00e0 12 contr\u00f4les de qualit\u00e9 (tests de compression, de d\u00e9formation et de solidit\u00e9 des couleurs) et le taux de qualification est de 99,98%.\u00a0<strong>R\u00e9ponse agile<\/strong>: L'\u00e9quipe de mod\u00e9lisation param\u00e9trique r\u00e9alise des rendus 3D et des \u00e9preuves dans un d\u00e9lai de 48 heures et prend en charge la personnalisation de petits lots (commande minimale de 500 pi\u00e8ces).<\/p>","protected":false},"excerpt":{"rendered":"<p><strong>ZOJO Print | Bo\u00eete et sac \u00e0 parfum de luxe personnalis\u00e9s - Coffret cadeau : La fusion parfaite de l'art et de la fonction<\/strong><\/p>\n<p>Sur le march\u00e9 des parfums haut de gamme, l'emballage n'est pas seulement un contenant pour le produit, mais aussi un vecteur essentiel de la tonalit\u00e9 de la marque, de l'exp\u00e9rience de l'utilisateur et de la connexion \u00e9motionnelle. ZOJO Print est profond\u00e9ment impliqu\u00e9 dans ce secteur depuis 16 ans et s'attache \u00e0 fournir aux marques de parfums de luxe des solutions de bo\u00eetes \u00e0 tiroirs et de sacs qui allient valeur artistique, fonctionnalit\u00e9 et comp\u00e9titivit\u00e9 commerciale.<\/p>","protected":false},"featured_media":10174,"template":"","meta":[],"product_brand":[],"product_cat":[30,417,432,31,426],"product_tag":[1359,1361,1360],"class_list":{"0":"post-10172","1":"product","2":"type-product","3":"status-publish","4":"has-post-thumbnail","6":"product_cat-by-industry","7":"product_cat-custom-perfume-boxes-by-industry","8":"product_cat-pape-gift-bags","9":"product_cat-paper-box-style","10":"product_cat-paper-drawer-boxes","11":"product_tag-custom-box-and-bag","12":"product_tag-gift-box-sets","13":"product_tag-perfume-drawer-box-and-bag","15":"first","16":"instock","17":"shipping-taxable","18":"product-type-grouped"},"_links":{"self":[{"href":"https:\/\/zojopackaging.com\/fr\/wp-json\/wp\/v2\/product\/10172","targetHints":{"allow":["GET"]}}],"collection":[{"href":"https:\/\/zojopackaging.com\/fr\/wp-json\/wp\/v2\/product"}],"about":[{"href":"https:\/\/zojopackaging.com\/fr\/wp-json\/wp\/v2\/types\/product"}],"version-history":[{"count":1,"href":"https:\/\/zojopackaging.com\/fr\/wp-json\/wp\/v2\/product\/10172\/revisions"}],"predecessor-version":[{"id":10180,"href":"https:\/\/zojopackaging.com\/fr\/wp-json\/wp\/v2\/product\/10172\/revisions\/10180"}],"wp:featuredmedia":[{"embeddable":true,"href":"https:\/\/zojopackaging.com\/fr\/wp-json\/wp\/v2\/media\/10174"}],"wp:attachment":[{"href":"https:\/\/zojopackaging.com\/fr\/wp-json\/wp\/v2\/media?parent=10172"}],"wp:term":[{"taxonomy":"product_brand","embeddable":true,"href":"https:\/\/zojopackaging.com\/fr\/wp-json\/wp\/v2\/product_brand?post=10172"},{"taxonomy":"product_cat","embeddable":true,"href":"https:\/\/zojopackaging.com\/fr\/wp-json\/wp\/v2\/product_cat?post=10172"},{"taxonomy":"product_tag","embeddable":true,"href":"https:\/\/zojopackaging.com\/fr\/wp-json\/wp\/v2\/product_tag?post=10172"}],"curies":[{"name":"wp","href":"https:\/\/api.w.org\/{rel}","templated":true}]}}