{"id":10181,"date":"2025-04-05T14:26:56","date_gmt":"2025-04-05T06:26:56","guid":{"rendered":"https:\/\/zojopackaging.com\/?post_type=product&#038;p=10181"},"modified":"2025-04-05T14:34:36","modified_gmt":"2025-04-05T06:34:36","slug":"custom-premium-pre-roll-magnetic-closure-box-packaging-boxes","status":"publish","type":"product","link":"https:\/\/zojopackaging.com\/fr\/product\/custom-premium-pre-roll-magnetic-closure-box-packaging-boxes\/","title":{"rendered":"Bo\u00eetes d'emballage \u00e0 fermeture magn\u00e9tique pr\u00e9-enroul\u00e9es personnalis\u00e9es Premium"},"content":{"rendered":"<h3 id=\"-1-material-innovation-double-protection-of-coated-paper-gray-board-\"><strong>1. Innovation mat\u00e9rielle : double protection en papier couch\u00e9 + carton gris<\/strong><\/h3>\n<p>En adoptant une structure composite de\u00a0<strong>Papier couch\u00e9 \u00e0 haut grammage 157g<\/strong>\u00a0(rugosit\u00e9 de surface Ra\u22640,6\u03bcm) et\u00a0<strong>Panneau gris de 3 mm d'\u00e9paisseur<\/strong>Gr\u00e2ce \u00e0 la technologie de d\u00e9coupage de pr\u00e9cision et de moulage par pression \u00e0 froid, la r\u00e9sistance \u00e0 la compression du corps de la bo\u00eete est \u2265280N (conform\u00e9ment \u00e0 la norme d'essai ISO 12048) et le taux de dommages dus au transport est inf\u00e9rieur \u00e0 0,5%. Le lissage de la surface du papier couch\u00e9 est sup\u00e9rieur \u00e0 90% (ISO 8791), et avec la norme ISO 8791, le taux de dommages au transport est inf\u00e9rieur \u00e0 0,5%.\u00a0<strong>rev\u00eatement nano-hydrophobe<\/strong>La performance d'\u00e9tanch\u00e9it\u00e9 du film est am\u00e9lior\u00e9e de 60%, ce qui r\u00e9pond aux exigences de l'environnement humide du transport maritime (source de donn\u00e9es : rapport du laboratoire des mat\u00e9riaux d'emballage).<\/p>\n<h3 id=\"-2-structural-design-the-ritual-and-practicality-of-the-flip-box-\"><strong>2. Conception structurelle : le rituel et l'aspect pratique de la flip box<\/strong><\/h3>\n<p>-\u00a0<strong>Optimisation m\u00e9canique du flip<\/strong>:\u00a0<strong>aspiration magn\u00e9tique + double verrouillage de la languette<\/strong>L'angle d'ouverture et de fermeture est optimis\u00e9 \u00e0 85\u00b0, la force d'actionnement d'une seule main est \u22641,5N, et il est conforme \u00e0 la conception ergonomique ;<\/p>\n<p>-\u00a0<strong>Syst\u00e8me de fente<\/strong>L'\u00e9tui est compos\u00e9 de 3 \u00e0 5 couches de fentes EVA r\u00e9glables (\u00e9paisseur de 1 \u00e0 2 mm), adapt\u00e9es aux cigarettes pr\u00e9-roul\u00e9es de diff\u00e9rents diam\u00e8tres (\u03a65-15 mm). Les performances antichocs sont certifi\u00e9es par l'ISTA 3A ;<\/p>\n<p>-\u00a0<strong>Technologie de scellement magn\u00e9tique<\/strong>Le taux de fuite du scellage est inf\u00e9rieur \u00e0 0,05mL\/min, ce qui garantit la stabilit\u00e9 du produit pour un stockage \u00e0 long terme.<\/p>\n<h3 id=\"-3-visual-narrative-the-fusion-of-leaf-vein-texture-and-brand-aesthetics-\"><strong>3. R\u00e9cit visuel : la fusion de la texture des nervures de la feuille et de l'esth\u00e9tique de la marque<\/strong><\/h3>\n<p>-\u00a0<strong>\u00c9l\u00e9ments naturels<\/strong>La surface de la bo\u00eete adopte\u00a0<strong>Gravure laser de la texture des nervures de la feuille<\/strong>La profondeur de 0,1 mm permet de cr\u00e9er un effet dynamique d'ombre et de lumi\u00e8re lorsque la lumi\u00e8re est r\u00e9fract\u00e9e, ce qui traduit la vitalit\u00e9 de la nature ;<\/p>\n<p>-\u00a0<strong>Renforcement de la marque<\/strong>: le LOGO adopte\u00a0<strong>technologie de marquage \u00e0 chaud de l'or rose<\/strong>La brillance du m\u00e9tal atteint 90GU, la r\u00e9sistance \u00e0 l'usure passe le test ISO 2838 et la clart\u00e9 du toucher est am\u00e9lior\u00e9e de 50% ;<\/p>\n<p>-\u00a0<strong>Psychologie des couleurs<\/strong>: la couleur principale est\u00a0<strong>Pantone 16-5938 TCX (vert antique)<\/strong>Les produits sont fabriqu\u00e9s \u00e0 partir de mati\u00e8res premi\u00e8res renouvelables, avec des lignes d'estampage \u00e0 chaud, ce qui conf\u00e8re \u00e0 la marque une image naturelle et haut de gamme.<\/p>\n<h3 id=\"-4-color-matrix-personalized-expression-of-macaron-colors-\"><strong>4. Matrice des couleurs : expression personnalis\u00e9e des couleurs des macarons<\/strong><\/h3>\n<p>-\u00a0<strong>Rouge vif<\/strong>\u00a0(Pantone 18-1755 TCX) : attirer les jeunes groupes de tendance et am\u00e9liorer la reconnaissance en rayon ;<\/p>\n<p>-\u00a0<strong>Vert frais<\/strong>\u00a0(Pantone 16-5938 TCX) : conforme au concept de sant\u00e9 naturelle, convient aux produits du tabac biologiques ;<\/p>\n<p>-\u00a0<strong>Myst\u00e9rieux violet<\/strong>\u00a0(Pantone 19-3939 TCX) : cr\u00e9e un sentiment de luxe, convient aux emballages haut de gamme en \u00e9dition limit\u00e9e ;<\/p>\n<p>-\u00a0<strong>Extension personnalis\u00e9e<\/strong>La technologie de la carte de couleurs Pantone et l'impression de couleurs d'accompagnement, la diff\u00e9rence de couleur \u0394E\u22641,2, pour r\u00e9pondre aux besoins de personnalisation des marques.<\/p>\n<h3 id=\"-5-all-round-customization-seamless-adaptation-from-size-to-function-\"><strong>5. Personnalisation compl\u00e8te : adaptation sans faille de la taille \u00e0 la fonction<\/strong><\/h3>\n<p>-\u00a0<strong>Flexibilit\u00e9 de la taille<\/strong>La gamme de produits de l'UE comprend les produits suivants : un minimum de \u03a630\u00d750mm (paquet simple) et un maximum de \u03a660\u00d7120mm (bo\u00eete-cadeau \u00e0 plusieurs paquets) ;<\/p>\n<p>-\u00a0<strong>Personnalisation des fentes<\/strong>Les fentes sont r\u00e9glables en quantit\u00e9 (3 \u00e0 8 couches), en espacement (5 \u00e0 20 mm) et en forme (circulaire\/hexagonale) ;<\/p>\n<p>-\u00a0<strong>Extension de la fonction<\/strong>Les capteurs de temp\u00e9rature et d'humidit\u00e9 int\u00e9gr\u00e9s (en option), la tra\u00e7abilit\u00e9 par lecture de code \u00e0 puce NFC (compatible avec la norme ISO 18000-63).<\/p>\n<h3 id=\"-6-design-empowerment-agile-implementation-from-concept-to-mass-production-\"><strong>6. Autonomisation de la conception : Mise en \u0153uvre agile du concept \u00e0 la production de masse<\/strong><\/h3>\n<p>Une \u00e9quipe sp\u00e9ciale de trois concepteurs principaux fournit trois services personnalis\u00e9s :<\/p>\n<p>-\u00a0<strong>Innovation structurelle<\/strong>: D\u00e9velopper 12 types de bo\u00eetes brevet\u00e9es (telles que les couches rotatives, les serrures magn\u00e9tiques \u00e0 mot de passe), compatibles avec le placement de produits de forme sp\u00e9ciale ;<\/p>\n<p>-\u00a0<strong>Visualisation 3D<\/strong>: Sortie de mod\u00e8les 3D param\u00e9triques dans les 48 heures (pr\u00e9cision \u00b10,1 mm), prise en charge de la pr\u00e9visualisation virtuelle AR ;<\/p>\n<p>-\u00a0<strong>L'autonomisation culturelle<\/strong>: Int\u00e9grer le nouveau style chinois, le cyberpunk et d'autres styles, fournir plus de 200 biblioth\u00e8ques de mod\u00e8les, et s'adapter \u00e0 divers march\u00e9s tels que l'Europe, l'Am\u00e9rique et l'Asie du Sud-Est.<\/p>\n<h3 id=\"-7-smart-manufacturing-cornerstone-16-years-of-industry-experience-\"><strong>7. La pierre angulaire de la fabrication intelligente : 16 ans d'exp\u00e9rience dans l'industrie<\/strong><\/h3>\n<p>-\u00a0<strong>Matrice des \u00e9quipements<\/strong>Le site est \u00e9quip\u00e9 d'une unit\u00e9 d'impression allemande Heidelberg \u00e0 six couleurs (diff\u00e9rence de couleur \u0394E\u22640,8), d'une ligne de production de d\u00e9coupe enti\u00e8rement automatique (pr\u00e9cision \u00b10,1 mm), d'une capacit\u00e9 de production journali\u00e8re de 100 000 pi\u00e8ces ;<\/p>\n<p>-\u00a0<strong>Syst\u00e8me de contr\u00f4le de la qualit\u00e9<\/strong>: Certifi\u00e9 ISO 9001\/BRCGS, chaque lot de produits est soumis \u00e0 12 contr\u00f4les de qualit\u00e9 (tests de compression, de chute et de solidit\u00e9 des couleurs), et le taux de qualification est de 99,98% ;<\/p>\n<p>-\u00a0<strong>R\u00e9ponse agile<\/strong>: Livraison en 36 heures des commandes urgentes (cas : 100 000 pi\u00e8ces de commandes urgentes pour une certaine marque en 2024), prise en charge de la personnalisation de petits lots (commande minimale de 500 pi\u00e8ces).<\/p>","protected":false},"excerpt":{"rendered":"<p><strong>ZOJO Print | Bo\u00eete d'emballage \u00e0 scellage magn\u00e9tique de haute qualit\u00e9 pour pr\u00e9-roll--Utilisation d'un design ing\u00e9nieux pour renforcer la nouvelle esth\u00e9tique du tabac<\/strong><\/p>\n<p>Dans le domaine de l'emballage des cigarettes pr\u00e9roul\u00e9es haut de gamme, le corps de la bo\u00eete n'est pas seulement un contenant pour le produit, mais aussi un vecteur essentiel de la tonalit\u00e9 de la marque, de l'exp\u00e9rience de l'utilisateur et de la diff\u00e9renciation du march\u00e9. ZOJO Print est profond\u00e9ment impliqu\u00e9 dans ce secteur depuis 16 ans et se concentre sur la fourniture de bo\u00eetes \u00e0 fermeture magn\u00e9tique pour cigarettes pr\u00e9-roul\u00e9es pr\u00e9sentant une valeur fonctionnelle et esth\u00e9tique ainsi qu'une comp\u00e9titivit\u00e9 commerciale. Les paragraphes suivants analysent notre objectif ultime en mati\u00e8re d'emballage des produits du tabac \u00e0 partir de sept dimensions essentielles :<\/p>","protected":false},"featured_media":10188,"template":"","meta":[],"product_brand":[],"product_cat":[30,420,424,31],"product_tag":[1362,1364,1363],"class_list":{"0":"post-10181","1":"product","2":"type-product","3":"status-publish","4":"has-post-thumbnail","6":"product_cat-by-industry","7":"product_cat-custom-cannabis-boxes","8":"product_cat-magnetic-closure-boxes","9":"product_cat-paper-box-style","10":"product_tag-custom-premium-box","11":"product_tag-packaging-boxes","12":"product_tag-pre-roll-magnetic-closure-box","14":"first","15":"instock","16":"shipping-taxable","17":"product-type-grouped"},"_links":{"self":[{"href":"https:\/\/zojopackaging.com\/fr\/wp-json\/wp\/v2\/product\/10181","targetHints":{"allow":["GET"]}}],"collection":[{"href":"https:\/\/zojopackaging.com\/fr\/wp-json\/wp\/v2\/product"}],"about":[{"href":"https:\/\/zojopackaging.com\/fr\/wp-json\/wp\/v2\/types\/product"}],"version-history":[{"count":1,"href":"https:\/\/zojopackaging.com\/fr\/wp-json\/wp\/v2\/product\/10181\/revisions"}],"predecessor-version":[{"id":10189,"href":"https:\/\/zojopackaging.com\/fr\/wp-json\/wp\/v2\/product\/10181\/revisions\/10189"}],"wp:featuredmedia":[{"embeddable":true,"href":"https:\/\/zojopackaging.com\/fr\/wp-json\/wp\/v2\/media\/10188"}],"wp:attachment":[{"href":"https:\/\/zojopackaging.com\/fr\/wp-json\/wp\/v2\/media?parent=10181"}],"wp:term":[{"taxonomy":"product_brand","embeddable":true,"href":"https:\/\/zojopackaging.com\/fr\/wp-json\/wp\/v2\/product_brand?post=10181"},{"taxonomy":"product_cat","embeddable":true,"href":"https:\/\/zojopackaging.com\/fr\/wp-json\/wp\/v2\/product_cat?post=10181"},{"taxonomy":"product_tag","embeddable":true,"href":"https:\/\/zojopackaging.com\/fr\/wp-json\/wp\/v2\/product_tag?post=10181"}],"curies":[{"name":"wp","href":"https:\/\/api.w.org\/{rel}","templated":true}]}}