{"id":10190,"date":"2025-04-05T14:35:34","date_gmt":"2025-04-05T06:35:34","guid":{"rendered":"https:\/\/zojopackaging.com\/?post_type=product&#038;p=10190"},"modified":"2025-04-05T14:44:05","modified_gmt":"2025-04-05T06:44:05","slug":"custom-wholesale-perfume-slide-out-boxes-packaging-supplier","status":"publish","type":"product","link":"https:\/\/zojopackaging.com\/fr\/product\/custom-wholesale-perfume-slide-out-boxes-packaging-supplier\/","title":{"rendered":"Bo\u00eete \u00e0 glissi\u00e8re pour parfum Fournisseur d'emballages en gros et sur mesure"},"content":{"rendered":"<h3 id=\"-1-material-innovation-double-protection-of-coated-paper-gray-board-\"><strong>1. Innovation mat\u00e9rielle : double protection en papier couch\u00e9 + carton gris<\/strong><\/h3>\n<p>En adoptant une structure composite de\u00a0<strong>Papier couch\u00e9 \u00e0 haut grammage 157g<\/strong>\u00a0(rugosit\u00e9 de surface Ra\u22640,6\u03bcm) et\u00a0<strong>Carton gris 1200g<\/strong>Gr\u00e2ce \u00e0 des proc\u00e9d\u00e9s de d\u00e9coupe de pr\u00e9cision et de moulage par pression \u00e0 froid, la r\u00e9sistance \u00e0 la compression du corps de la bo\u00eete est \u2265280N (norme d'essai ISO 12048) et le taux de dommages dus au transport est inf\u00e9rieur \u00e0 0,5%. Le liss\u00e9 de surface du papier couch\u00e9 est sup\u00e9rieur \u00e0 90% (ISO 8791), et le taux de dommage au transport est inf\u00e9rieur \u00e0 0,5%.\u00a0<strong>rev\u00eatement nano-hydrophobe<\/strong>La performance d'imperm\u00e9abilit\u00e9 \u00e0 travers le film est am\u00e9lior\u00e9e par 60%, ce qui permet de r\u00e9pondre aux exigences des environnements humides dans le transport maritime (source de donn\u00e9es : rapport du laboratoire des mat\u00e9riaux d'emballage).<\/p>\n<h3 id=\"-2-structural-design-the-sense-of-ceremony-and-practicality-of-sliding-out-the-box-\"><strong>2. Conception structurelle : le sens de la c\u00e9r\u00e9monie et l'aspect pratique de la sortie de la bo\u00eete<\/strong><\/h3>\n<p>-\u00a0<strong>Garantie d'\u00e9tanch\u00e9it\u00e9<\/strong>: le corps de la bo\u00eete et le couvercle de la bo\u00eete sont adopt\u00e9s\u00a0<strong>aspiration magn\u00e9tique + double verrouillage de la languette<\/strong>Le taux de fuite du test d'\u00e9tanch\u00e9it\u00e9 \u00e0 l'air est inf\u00e9rieur \u00e0 0,05mL\/min, ce qui est conforme aux normes de transport a\u00e9rien ;<\/p>\n<p>-\u00a0<strong>Conception interactive<\/strong>L'angle d'ouverture est optimis\u00e9 \u00e0 85\u00b0, avec une bande lumineuse LED int\u00e9gr\u00e9e (en option), qui d\u00e9clenche une douce atmosph\u00e8re lumineuse \u00e0 l'ouverture de la bo\u00eete, am\u00e9liorant ainsi l'exp\u00e9rience de l'utilisateur.<\/p>\n<h3 id=\"-3-visual-narrative-minimalist-aesthetics-and-brand-empowerment-\"><strong>3. Narration visuelle : Esth\u00e9tique minimaliste et autonomisation de la marque<\/strong><\/h3>\n<p>-\u00a0<strong>Syst\u00e8me de couleurs<\/strong>: -\u00a0<strong>Style de la mode noire<\/strong>: Avec des motifs de d\u00e9coupe g\u00e9om\u00e9triques, Pantone 18-1755 TCX (Vibrant Red) est utilis\u00e9 comme touche finale pour transmettre un sens artistique avant-gardiste ;<\/p>\n<p>-\u00a0<strong>Beige Luxury Style<\/strong>: Avec Pantone 16-5938 TCX (Antique Yellow) comme base, superpos\u00e9 avec des motifs grav\u00e9s au laser de 0,3 mm, interpr\u00e9tant l'\u00e9l\u00e9gance classique ;<\/p>\n<p>-\u00a0<strong>Logo de la marque<\/strong>: Le mot \"PERFUME\" est estamp\u00e9 \u00e0 chaud au centre de la bo\u00eete, en utilisant la technologie de gaufrage en or rose, la brillance m\u00e9tallique atteint 90GU, et la clart\u00e9 tactile est augment\u00e9e de 50%.<\/p>\n<h3 id=\"-4-lining-system-refined-protection-with-multi-material-adaptation-\"><strong>4. Syst\u00e8me de rev\u00eatement : protection raffin\u00e9e avec adaptation multi-mat\u00e9riaux<\/strong><\/h3>\n<p>-\u00a0<strong>Doublure en EVA<\/strong>: 3mm d'\u00e9paisseur, duret\u00e9 Shore 60A, r\u00e9silience \u00e0 la compression \u2265 95%, convient \u00e0 la fixation de flacons de parfum de forme sp\u00e9ciale ;<\/p>\n<p>-\u00a0<strong>\u00c9ponge\/PEP<\/strong>Le rev\u00eatement est en polyur\u00e9thane haute densit\u00e9 (densit\u00e9 \u2265 45kg\/m\u00b3), les performances antichocs sont certifi\u00e9es par l'ISTA 3A ;<\/p>\n<p>-\u00a0<strong>Expansion personnalis\u00e9e<\/strong>Le syst\u00e8me est compatible avec l'EPE, le flocage et d'autres mat\u00e9riaux, et peut d\u00e9couper \u00e0 l'emporte-pi\u00e8ce une doublure personnalis\u00e9e (adaptation minimale \u03a615mm pour les flacons de parfum).<\/p>\n<h3 id=\"-5-all-round-customization-seamless-adaptation-from-function-to-aesthetics-\"><strong>5. Personnalisation compl\u00e8te : adaptation transparente de la fonction \u00e0 l'esth\u00e9tique<\/strong><\/h3>\n<p>-\u00a0<strong>Flexibilit\u00e9 de la taille<\/strong>Le syst\u00e8me d'information sur la sant\u00e9 : permet une personnalisation compl\u00e8te de la longueur (80-150 mm), de la largeur (50-100 mm) et de la hauteur (30-80 mm) ;<\/p>\n<p>-\u00a0<strong>Extension de la fonction<\/strong>Les produits de la gamme sont \u00e9quip\u00e9s d'une \u00e9tiquette de d\u00e9tection de la temp\u00e9rature et de l'humidit\u00e9 (en option), d'une puce NFC pour la tra\u00e7abilit\u00e9 (compatible avec la norme ISO 18000-63) ;<\/p>\n<p>-\u00a0<strong>Combinaison de proc\u00e9d\u00e9s<\/strong>Le traitement de surface : 8 proc\u00e9d\u00e9s de traitement de surface tels que l'UV local, la s\u00e9rigraphie, le marquage \u00e0 chaud, etc. sont optionnels.<\/p>\n<h3 id=\"-6-design-empowerment-trend-insight-and-agile-implementation-\"><strong>6. Autonomisation de la conception : aper\u00e7u des tendances et mise en \u0153uvre agile<\/strong><\/h3>\n<p>Une \u00e9quipe sp\u00e9ciale de 10 designers seniors propose trois services personnalis\u00e9s :<\/p>\n<p>-\u00a0<strong>Pr\u00e9vision des tendances<\/strong>: Publier chaque trimestre le \"Fragrance Packaging Color Trend Report\", qui couvre les couleurs populaires annuelles de Pantone et les innovations en mati\u00e8re de mat\u00e9riaux ;<\/p>\n<p>-\u00a0<strong>Visualisation 3D<\/strong>: Sortie de mod\u00e8les 3D param\u00e9triques (pr\u00e9cision \u00b10,1 mm) dans les 48 heures, prise en charge de la pr\u00e9visualisation virtuelle AR ;<\/p>\n<p>-\u00a0<strong>L'autonomisation culturelle<\/strong>: Int\u00e9grer le nouveau style chinois, le cyberpunk et d'autres styles, fournir plus de 200 biblioth\u00e8ques de mod\u00e8les, et s'adapter \u00e0 divers march\u00e9s tels que l'Europe, l'Am\u00e9rique et l'Asie du Sud-Est.<\/p>\n<h3 id=\"-7-smart-manufacturing-foundation-16-years-of-industry-experience-\"><strong>7. Une base de fabrication intelligente : 16 ans d'exp\u00e9rience dans l'industrie<\/strong><\/h3>\n<p>-\u00a0<strong>Matrice des \u00e9quipements<\/strong>Le site est \u00e9quip\u00e9 d'une unit\u00e9 d'impression allemande Heidelberg \u00e0 six couleurs (diff\u00e9rence de couleur \u0394E\u22640,8), d'une ligne de production de d\u00e9coupe enti\u00e8rement automatique (pr\u00e9cision \u00b10,1 mm), d'une capacit\u00e9 de production journali\u00e8re de 100 000 pi\u00e8ces ;<\/p>\n<p>-\u00a0<strong>Syst\u00e8me de contr\u00f4le de la qualit\u00e9<\/strong>: Certifi\u00e9 ISO 9001\/BRCGS, chaque lot de produits est soumis \u00e0 12 contr\u00f4les de qualit\u00e9 (tests de compression, de chute et de solidit\u00e9 des couleurs), et le taux de qualification est de 99,98% ;<\/p>\n<p>-\u00a0<strong>R\u00e9ponse agile<\/strong>: Livraison en 36 heures des commandes urgentes (cas : 100 000 pi\u00e8ces de commandes urgentes pour une certaine marque en 2024), prise en charge de la personnalisation de petits lots (commande minimale de 500 pi\u00e8ces).<\/p>","protected":false},"excerpt":{"rendered":"<p><strong>ZOJO Print | Sp\u00e9cialiste de l'emballage en gros de bo\u00eetes \u00e0 glissi\u00e8res pour parfums - Interpr\u00e9ter l'esth\u00e9tique des parfums gr\u00e2ce \u00e0 un design innovant<\/strong><\/p>\n<p>Dans le domaine de l'emballage des parfums haut de gamme, les bo\u00eetes coulissantes sont devenues le support principal des marques pour am\u00e9liorer les primes des produits gr\u00e2ce \u00e0 leur exp\u00e9rience interactive unique et \u00e0 leur tension visuelle. ZOJO Print est profond\u00e9ment impliqu\u00e9 dans ce secteur depuis 16 ans et s'attache \u00e0 fournir aux marques de parfum des solutions de bo\u00eetes \u00e0 glissi\u00e8re qui allient fonctionnalit\u00e9, art et valeur commerciale.<\/p>","protected":false},"featured_media":10192,"template":"","meta":[],"product_brand":[],"product_cat":[30,417,31,426],"product_tag":[1365,1366,1367],"class_list":{"0":"post-10190","1":"product","2":"type-product","3":"status-publish","4":"has-post-thumbnail","6":"product_cat-by-industry","7":"product_cat-custom-perfume-boxes-by-industry","8":"product_cat-paper-box-style","9":"product_cat-paper-drawer-boxes","10":"product_tag-custom-perfume-slide-out-boxes","11":"product_tag-packaging-supplier","12":"product_tag-wholesale-perfume-slide-out-boxes","14":"first","15":"instock","16":"shipping-taxable","17":"product-type-grouped"},"_links":{"self":[{"href":"https:\/\/zojopackaging.com\/fr\/wp-json\/wp\/v2\/product\/10190","targetHints":{"allow":["GET"]}}],"collection":[{"href":"https:\/\/zojopackaging.com\/fr\/wp-json\/wp\/v2\/product"}],"about":[{"href":"https:\/\/zojopackaging.com\/fr\/wp-json\/wp\/v2\/types\/product"}],"version-history":[{"count":1,"href":"https:\/\/zojopackaging.com\/fr\/wp-json\/wp\/v2\/product\/10190\/revisions"}],"predecessor-version":[{"id":10198,"href":"https:\/\/zojopackaging.com\/fr\/wp-json\/wp\/v2\/product\/10190\/revisions\/10198"}],"wp:featuredmedia":[{"embeddable":true,"href":"https:\/\/zojopackaging.com\/fr\/wp-json\/wp\/v2\/media\/10192"}],"wp:attachment":[{"href":"https:\/\/zojopackaging.com\/fr\/wp-json\/wp\/v2\/media?parent=10190"}],"wp:term":[{"taxonomy":"product_brand","embeddable":true,"href":"https:\/\/zojopackaging.com\/fr\/wp-json\/wp\/v2\/product_brand?post=10190"},{"taxonomy":"product_cat","embeddable":true,"href":"https:\/\/zojopackaging.com\/fr\/wp-json\/wp\/v2\/product_cat?post=10190"},{"taxonomy":"product_tag","embeddable":true,"href":"https:\/\/zojopackaging.com\/fr\/wp-json\/wp\/v2\/product_tag?post=10190"}],"curies":[{"name":"wp","href":"https:\/\/api.w.org\/{rel}","templated":true}]}}