{"id":10199,"date":"2025-04-05T14:45:08","date_gmt":"2025-04-05T06:45:08","guid":{"rendered":"https:\/\/zojopackaging.com\/?post_type=product&#038;p=10199"},"modified":"2025-04-05T14:55:05","modified_gmt":"2025-04-05T06:55:05","slug":"customized-magnetic-perfume-bottle-packaging-gift-box-manufacturer","status":"publish","type":"product","link":"https:\/\/zojopackaging.com\/fr\/product\/customized-magnetic-perfume-bottle-packaging-gift-box-manufacturer\/","title":{"rendered":"Emballage de flacon de parfum magn\u00e9tique personnalis\u00e9 Fabricant de bo\u00eete cadeau"},"content":{"rendered":"<h3 id=\"-1-material-innovation-double-protection-of-coated-paper-gray-board-\"><strong>1. Innovation mat\u00e9rielle : double protection en papier couch\u00e9 + carton gris<\/strong><\/h3>\n<p>En adoptant une structure composite de\u00a0<strong>Papier couch\u00e9 \u00e0 haut grammage 157g<\/strong>\u00a0(rugosit\u00e9 de surface Ra\u22640,6\u03bcm) et\u00a0<strong>Carton gris 1200g<\/strong>Gr\u00e2ce \u00e0 la technologie de d\u00e9coupage de pr\u00e9cision et de moulage par pression \u00e0 froid, la r\u00e9sistance \u00e0 la compression du corps de la bo\u00eete est \u2265280N (conform\u00e9ment \u00e0 la norme d'essai ISO 12048) et le taux de dommages dus au transport est inf\u00e9rieur \u00e0 0,5%. Le lissage de la surface du papier couch\u00e9 est sup\u00e9rieur \u00e0 90% (ISO 8791), et avec la norme ISO 8791, le taux de dommages au transport est inf\u00e9rieur \u00e0 0,5%.\u00a0<strong>rev\u00eatement nano-hydrophobe<\/strong>La performance d'\u00e9tanch\u00e9it\u00e9 du film est am\u00e9lior\u00e9e de 60%, ce qui r\u00e9pond aux exigences de l'environnement humide du transport maritime (source de donn\u00e9es : rapport du laboratoire des mat\u00e9riaux d'emballage).<\/p>\n<h3 id=\"-2-structural-design-interactive-revolution-of-magnetic-book-type-\"><strong>2. Conception structurelle : r\u00e9volution interactive du type livre magn\u00e9tique<\/strong><\/h3>\n<p>-\u00a0<strong>Optimisation de la m\u00e9canique magn\u00e9tique<\/strong>Le bo\u00eetier est \u00e9quip\u00e9 d'un aimant de 0,5 T, la force d'adsorption entre le couvercle et le corps du bo\u00eetier atteint 1,2 N, l'angle d'ouverture et de fermeture est optimis\u00e9 \u00e0 85\u00b0 et la force d'utilisation d'une seule main est \u22641,5 N ; - Le bo\u00eetier est \u00e9quip\u00e9 d'un aimant de 0,5 T, la force d'adsorption entre le couvercle et le corps du bo\u00eetier atteint 1,2 N.\u00a0<strong>Garantie d'\u00e9tanch\u00e9it\u00e9<\/strong>Le syst\u00e8me de fermeture est compos\u00e9 d'une boucle magn\u00e9tique et d'une languette \u00e0 double joint. Le test d'\u00e9tanch\u00e9it\u00e9 \u00e0 l'air r\u00e9v\u00e8le un taux de fuite &lt;0,05mL\/min, ce qui est conforme aux normes du transport a\u00e9rien.<\/p>\n<h3 id=\"-3-visual-narrative-the-collision-of-exotic-patterns-and-brand-aesthetics-\"><strong>3. R\u00e9cit visuel : la collision de motifs exotiques et de l'esth\u00e9tique de la marque<\/strong><\/h3>\n<p>-\u00a0<strong>Cr\u00e9ation de motifs<\/strong>: La surface de la bo\u00eete adopte\u00a0<strong>Motif de coupe g\u00e9om\u00e9trique marocain<\/strong>\u00a0(voir les r\u00e9sultats de la recherche), qui est grav\u00e9 au laser pour atteindre une profondeur de 0,1 mm, et qui forme un effet dynamique d'ombre et de lumi\u00e8re lorsque la lumi\u00e8re est r\u00e9fract\u00e9e.\u00a0<strong>Syst\u00e8me de couleurs<\/strong>: -\u00a0<strong>Myst\u00e9rieux violet<\/strong>\u00a0(Pantone 19-3939 TCX) est assorti \u00e0 un gaufrage or rose pour exprimer l'\u00e9l\u00e9gance et le romantisme.\u00a0<strong>Marron fonc\u00e9<\/strong>\u00a0(Pantone 16-5938 TCX) est combin\u00e9 avec des lignes noires et or pour interpr\u00e9ter la solennit\u00e9 classique ; -\u00a0<strong>Mise en page du texte<\/strong>: Des polices \u00e0 empattement personnalis\u00e9es sont utilis\u00e9es, et l'interligne et l'espacement des mots sont optimis\u00e9s par la psychologie visuelle, ce qui am\u00e9liore le confort de lecture de 40%.<\/p>\n<h3 id=\"-4-color-philosophy-a-sensory-symphony-of-purple-and-dark-brown-\"><strong>4. Philosophie des couleurs : une symphonie sensorielle de violet et de brun fonc\u00e9<\/strong><\/h3>\n<p>-\u00a0<strong>S\u00e9rie violette<\/strong>: Gr\u00e2ce \u00e0 la carte de couleurs Pantone + l'impression de couleurs d'accompagnement, la diff\u00e9rence de couleur \u0394E\u22641,2, avec un rev\u00eatement nacr\u00e9, pr\u00e9sentant une...\u00a0<strong>\"Parfum de cr\u00e9puscule\"<\/strong>-comme le niveau de brillance ; -\u00a0<strong>S\u00e9rie brun fonc\u00e9<\/strong>Le produit : en utilisant du carton gris de qualit\u00e9 alimentaire + une doublure en flocage, le toucher est comme de la soie, ce qui correspond au positionnement haut de gamme de l'appareil.\u00a0<strong>\"Time Whisper\" (murmure du temps)<\/strong>\u00a0(cas de r\u00e9f\u00e9rence : un coffret cadeau de marque a remport\u00e9 le Red Dot Design Award en 2024).<\/p>\n<h3 id=\"-5-lining-system-luxurious-care-of-black-velvet-eva-\"><strong>5. Syst\u00e8me de doublure : soin luxueux de velours noir + EVA<\/strong><\/h3>\n<p>-\u00a0<strong>Velours noir<\/strong>: velours court ultra-doux 300g, densit\u00e9 du velours de surface \u22655000 brins\/cm\u00b2, coefficient de frottement \u22640,15, performance anti-rayures ayant pass\u00e9 le test ISO 4649 ; -.\u00a0<strong>Coussin EVA<\/strong>: mousse haute densit\u00e9 de 3 mm, duret\u00e9 Shore 60A, r\u00e9silience \u00e0 la compression \u226595%, adapt\u00e9e \u00e0 la fixation de flacons de parfum de forme sp\u00e9ciale (se r\u00e9f\u00e9rer aux r\u00e9sultats de la recherche) ; -...\u00a0<strong>Extension personnalis\u00e9e<\/strong>Le syst\u00e8me est compatible avec le flocage, la soie et d'autres mat\u00e9riaux, et permet de d\u00e9couper \u00e0 l'emporte-pi\u00e8ce une doublure personnalis\u00e9e (convenant au minimum aux flacons de parfum de \u03a615mm).<\/p>\n<h3 id=\"-6-full-process-customization-agile-implementation-from-concept-to-mass-production-\"><strong>6. Personnalisation de l'ensemble du processus : Mise en \u0153uvre agile du concept \u00e0 la production de masse<\/strong><\/h3>\n<p>-\u00a0<strong>Services de cr\u00e9ation<\/strong>: Fournir une mod\u00e9lisation 3D et une pr\u00e9visualisation virtuelle AR, et produire des rendus param\u00e9triques dans les 48 heures (cas : 100 000 pi\u00e8ces de commandes urgentes pour une certaine marque ont \u00e9t\u00e9 livr\u00e9es en 36 heures) ; -\u00a0<strong>Combinaison de proc\u00e9d\u00e9s<\/strong>Le traitement de surface : 8 proc\u00e9d\u00e9s de traitement de surface tels que l'UV local, la s\u00e9rigraphie et le marquage \u00e0 chaud sont optionnels ;<\/p>\n<h3 id=\"-7-design-empowerment-in-depth-communication-and-brand-resonance-\"><strong>7. Autonomisation du design : communication approfondie et r\u00e9sonance de la marque<\/strong><\/h3>\n<p>Une \u00e9quipe sp\u00e9ciale compos\u00e9e de 10 designers seniors fournit trois services de personnalisation majeurs : -\u00a0<strong>Aper\u00e7u des tendances<\/strong>: publier chaque trimestre le \"Fragrance Packaging Color Trend Report\", qui couvre les couleurs populaires annuelles de Pantone et les innovations en mati\u00e8re de mat\u00e9riaux ; - publier le \"Fragrance Packaging Color Trend Report\", qui couvre les couleurs populaires annuelles de Pantone et les innovations en mati\u00e8re de mat\u00e9riaux.\u00a0<strong>L'autonomisation culturelle<\/strong>: Int\u00e9grer le nouveau style chinois, le cyberpunk et d'autres styles, fournir plus de 200 biblioth\u00e8ques de mod\u00e8les et s'adapter \u00e0 divers march\u00e9s tels que l'Europe, l'Am\u00e9rique et l'Asie du Sud-Est.\u00a0<strong>Cas client<\/strong>: Conception d'une bo\u00eete magn\u00e9tique \u00e0 ciel \u00e9toil\u00e9 pour une marque de luxe du Moyen-Orient, et augmentation des ventes de 45% gr\u00e2ce \u00e0 la couche de ciel \u00e9toil\u00e9 UV.<\/p>\n<p>ZOJO Print takes <strong>\"Technologie magn\u00e9tique, renforcement de l'esth\u00e9tique<\/strong>\u00a0et sublime les bo\u00eetes-cadeaux magn\u00e9tiques pour en faire un lien de valeur entre les marques et les consommateurs. Nous ne nous contentons pas de fournir des contenants, nous aidons \u00e9galement les marques \u00e0 \u00e9tablir un avantage concurrentiel in\u00e9galable sur le march\u00e9 des parfums haut de gamme gr\u00e2ce \u00e0 l'innovation des mat\u00e9riaux, aux perc\u00e9es en mati\u00e8re de processus et aux capacit\u00e9s d'int\u00e9gration verticale.<\/p>","protected":false},"excerpt":{"rendered":"<p><strong>Emballage magn\u00e9tique personnalis\u00e9 pour flacon de parfum - interpr\u00e9ter le sens du rituel du parfum luxueux avec l'esth\u00e9tique magn\u00e9tique<\/strong><\/p>\n<p>Dans le domaine de l'emballage des parfums haut de gamme, les bo\u00eetes-cadeaux magn\u00e9tiques sont devenues le support principal des marques pour am\u00e9liorer les primes des produits gr\u00e2ce \u00e0 leur exp\u00e9rience interactive unique et \u00e0 leur tension visuelle. ZOJO Print est profond\u00e9ment impliqu\u00e9 dans ce secteur depuis 16 ans et s'attache \u00e0 fournir aux marques de parfums des solutions de bo\u00eetes magn\u00e9tiques en forme de livre qui allient fonctionnalit\u00e9, art et valeur commerciale.<\/p>","protected":false},"featured_media":10201,"template":"","meta":[],"product_brand":[],"product_cat":[30,417,424,31],"product_tag":[934,821,1368],"class_list":{"0":"post-10199","1":"product","2":"type-product","3":"status-publish","4":"has-post-thumbnail","6":"product_cat-by-industry","7":"product_cat-custom-perfume-boxes-by-industry","8":"product_cat-magnetic-closure-boxes","9":"product_cat-paper-box-style","10":"product_tag-box-manufacturer","11":"product_tag-customized-box","12":"product_tag-magnetic-perfume-packaging-gift-box","14":"first","15":"instock","16":"shipping-taxable","17":"product-type-grouped"},"_links":{"self":[{"href":"https:\/\/zojopackaging.com\/fr\/wp-json\/wp\/v2\/product\/10199","targetHints":{"allow":["GET"]}}],"collection":[{"href":"https:\/\/zojopackaging.com\/fr\/wp-json\/wp\/v2\/product"}],"about":[{"href":"https:\/\/zojopackaging.com\/fr\/wp-json\/wp\/v2\/types\/product"}],"version-history":[{"count":1,"href":"https:\/\/zojopackaging.com\/fr\/wp-json\/wp\/v2\/product\/10199\/revisions"}],"predecessor-version":[{"id":10206,"href":"https:\/\/zojopackaging.com\/fr\/wp-json\/wp\/v2\/product\/10199\/revisions\/10206"}],"wp:featuredmedia":[{"embeddable":true,"href":"https:\/\/zojopackaging.com\/fr\/wp-json\/wp\/v2\/media\/10201"}],"wp:attachment":[{"href":"https:\/\/zojopackaging.com\/fr\/wp-json\/wp\/v2\/media?parent=10199"}],"wp:term":[{"taxonomy":"product_brand","embeddable":true,"href":"https:\/\/zojopackaging.com\/fr\/wp-json\/wp\/v2\/product_brand?post=10199"},{"taxonomy":"product_cat","embeddable":true,"href":"https:\/\/zojopackaging.com\/fr\/wp-json\/wp\/v2\/product_cat?post=10199"},{"taxonomy":"product_tag","embeddable":true,"href":"https:\/\/zojopackaging.com\/fr\/wp-json\/wp\/v2\/product_tag?post=10199"}],"curies":[{"name":"wp","href":"https:\/\/api.w.org\/{rel}","templated":true}]}}