{"id":10207,"date":"2025-04-05T14:55:41","date_gmt":"2025-04-05T06:55:41","guid":{"rendered":"https:\/\/zojopackaging.com\/?post_type=product&#038;p=10207"},"modified":"2025-04-05T15:04:17","modified_gmt":"2025-04-05T07:04:17","slug":"customized-luxury-drawer-perfume-box-with-insert-packaging-supplier","status":"publish","type":"product","link":"https:\/\/zojopackaging.com\/fr\/product\/customized-luxury-drawer-perfume-box-with-insert-packaging-supplier\/","title":{"rendered":"Bo\u00eete \u00e0 parfum de luxe \u00e0 tiroir avec insert Fournisseur d'emballage"},"content":{"rendered":"<h3 id=\"-1-material-innovation-the-perfect-balance-between-environmental-protection-and-protection-\"><strong>1. Innovation en mati\u00e8re de mat\u00e9riaux : l'\u00e9quilibre parfait entre la protection de l'environnement et la protection de l'environnement<\/strong><\/h3>\n<p>En adoptant une structure composite de\u00a0<strong>Papier couch\u00e9 \u00e0 haut grammage 157g<\/strong>\u00a0(rugosit\u00e9 de surface Ra\u22640,6\u03bcm) et\u00a0<strong>Carton gris 1200g<\/strong>Le gradient de couleur de 0,1 mm est obtenu gr\u00e2ce \u00e0 l'unit\u00e9 d'impression allemande Heidelberg \u00e0 six couleurs, et la r\u00e9sistance \u00e0 la d\u00e9chirure est port\u00e9e \u00e0 50 N (norme de r\u00e9f\u00e9rence ISO 1924) gr\u00e2ce \u00e0 l'unit\u00e9 d'impression allemande Heidelberg \u00e0 six couleurs.\u00a0<strong>rev\u00eatement nano-hydrophobe<\/strong>. La doublure en carton gris adopte une conception en nid d'abeille, ses performances sismiques ont \u00e9t\u00e9 certifi\u00e9es ISTA 3A et le taux de dommages dus au transport est inf\u00e9rieur \u00e0 0,3% (source de donn\u00e9es : rapport du laboratoire des mat\u00e9riaux d'emballage 2024).<\/p>\n<h3 id=\"-2-structural-design-a-ritual-revolution-of-drawer-style-interaction-\"><strong>2. Conception structurelle : une r\u00e9volution rituelle de l'interaction entre les tiroirs<\/strong><\/h3>\n<p>-\u00a0<strong>Garantie d'\u00e9tanch\u00e9it\u00e9<\/strong>Protection contre les fuites : double protection de la boucle magn\u00e9tique + bande d'\u00e9tanch\u00e9it\u00e9 en silicone, test d'\u00e9tanch\u00e9it\u00e9 \u00e0 l'air taux de fuite &lt;0,02mL\/min, conforme aux normes du transport a\u00e9rien ;<\/p>\n<p>-\u00a0<strong>Conception brevet\u00e9e<\/strong>La couche tampon suspendue\" originale, qui d\u00e9clenche automatiquement la structure antichoc de l'airbag pendant le processus de traction, r\u00e9duit le taux de perte de transport de 40% (exemple : donn\u00e9es d'exp\u00e9dition d'une grande marque de luxe en 2024).<\/p>\n<h3 id=\"-3-visual-narrative-minimalist-aesthetics-and-brand-empowerment-\"><strong>3. Narration visuelle : Esth\u00e9tique minimaliste et autonomisation de la marque<\/strong><\/h3>\n<p>-\u00a0<strong>Syst\u00e8me de couleurs<\/strong>: -\u00a0<strong>Blanc pur<\/strong>\u00a0(Pantone 11-0601 TCX) est utilis\u00e9 comme base pour donner une impression de puret\u00e9 et de haut de gamme ;<\/p>\n<p>-\u00a0<strong>Rayures vert fonc\u00e9<\/strong>\u00a0(Pantone 18-5938 TCX) symbolise la nature et le professionnalisme.\u00a0<strong>gaufrage or rose<\/strong>avec une brillance tactile de 90GU ;<\/p>\n<p>- <strong>Niveau visuel<\/strong>: Impression en quadrichromie + proc\u00e9d\u00e9 UV partiel, les arguments de vente fonctionnels sont pr\u00e9sent\u00e9s en relief tridimensionnel, et l'efficacit\u00e9 de la transmission des informations est augment\u00e9e de 50%.<\/p>\n<h3 id=\"-4-color-philosophy-a-sensory-symphony-of-classic-color-matching-\"><strong>4. Philosophie des couleurs : une symphonie sensorielle de couleurs classiques<\/strong><\/h3>\n<p>-\u00a0<strong>Contraste blanc-or<\/strong>Les couleurs : gr\u00e2ce \u00e0 la carte de couleurs Pantone + l'impression de couleurs d'accompagnement, la diff\u00e9rence de couleur \u0394E\u22641,2, la largeur de la ligne d'or est pr\u00e9cise \u00e0 0,3 mm, formant un point de mire visuel ;<\/p>\n<p>-\u00a0<strong>Vert fonc\u00e9 habilitation<\/strong>Le toucher est comme de la soie, ce qui correspond au positionnement haut de gamme de l'appareil.\u00a0<strong>\"Le royaume \u00e9ternel<\/strong>\u00a0(cas de r\u00e9f\u00e9rence : un coffret cadeau de marque a remport\u00e9 le Red Dot Design Award en 2024).<\/p>\n<h3 id=\"-5-lining-system-luxury-grade-cushioning-and-customization-\"><strong>5. Syst\u00e8me de doublure : amorti de luxe et personnalisation<\/strong><\/h3>\n<p>-\u00a0<strong>Doublure blanche<\/strong>: Peluche courte ultra-douce 300g, densit\u00e9 de surface \u22655000 brins\/cm\u00b2, coefficient de frottement \u22640,15, performance anti-rayures ayant pass\u00e9 le test ISO 4649 ;<\/p>\n<p>-\u00a0<strong>Expansion de l'EVA<\/strong>Le compartimentage : il est compos\u00e9 de 3 \u00e0 5 couches de compartiments EVA r\u00e9glables (\u00e9paisseur 1-2 mm), ce qui permet de fixer des flacons de parfum de forme sp\u00e9ciale (voir les r\u00e9sultats de la recherche) ;<\/p>\n<p>-\u00a0<strong>Am\u00e9lioration de la fonction<\/strong>: \u00e9tiquette de d\u00e9tection de temp\u00e9rature et d'humidit\u00e9 int\u00e9gr\u00e9e (pr\u00e9cision \u00b10,5\u2103), tra\u00e7abilit\u00e9 par lecture de la puce NFC (compatible avec la norme ISO 18000-63).<\/p>\n<h3 id=\"-6-full-process-customization-agile-implementation-from-concept-to-mass-production-\"><strong>6. Personnalisation de l'ensemble du processus : Mise en \u0153uvre agile du concept \u00e0 la production de masse<\/strong><\/h3>\n<p>-\u00a0<strong>Services de cr\u00e9ation<\/strong>: Fournir une mod\u00e9lisation 3D et une pr\u00e9visualisation virtuelle AR, et produire des rendus param\u00e9triques dans les 48 heures (cas : 100 000 pi\u00e8ces de commandes urgentes pour une certaine marque ont \u00e9t\u00e9 livr\u00e9es en 36 heures) ;<\/p>\n<p>-\u00a0<strong>Combinaison de proc\u00e9d\u00e9s<\/strong>Le traitement de surface : 8 proc\u00e9d\u00e9s de traitement de surface tels que l'UV local, la s\u00e9rigraphie et le marquage \u00e0 chaud sont optionnels ;<\/p>\n<p>-\u00a0<strong>Conformit\u00e9 mondiale<\/strong>: L'\u00e9quipe ma\u00eetrise la norme europ\u00e9enne EN 71-3, la norme am\u00e9ricaine ASTM D4169 et d'autres normes pour garantir la s\u00e9curit\u00e9 des emballages.<\/p>\n<h3 id=\"-7-smart-manufacturing-foundation-16-years-of-industry-experience-\"><strong>7. Une base de fabrication intelligente : 16 ans d'exp\u00e9rience dans l'industrie<\/strong><\/h3>\n<p>-\u00a0<strong>Matrice des \u00e9quipements<\/strong>: \u00c9quip\u00e9 d'une unit\u00e9 d'impression allemande Heidelberg \u00e0 six couleurs (diff\u00e9rence de couleur \u0394E\u22640,5), ligne de production de d\u00e9coupe enti\u00e8rement automatique (pr\u00e9cision \u00b10,05 mm), capacit\u00e9 de production quotidienne de 150 000 pi\u00e8ces ;<\/p>\n<p>-\u00a0<strong>Syst\u00e8me de contr\u00f4le de la qualit\u00e9<\/strong>: Certifi\u00e9 ISO 9001\/BRCGS, chaque lot de produits fait l'objet de 18 contr\u00f4les de qualit\u00e9 (y compris le test de chute, le test de solidit\u00e9 des couleurs et le test d'att\u00e9nuation magn\u00e9tique), et le taux de qualification est de 99,99% ;<\/p>\n<p>-\u00a0<strong>R\u00e9ponse agile<\/strong>Les services d'assistance \u00e0 la client\u00e8le de l'Union europ\u00e9enne sont les suivants : livraison en 24 heures des commandes urgentes (cas : 100 000 commandes urgentes pour une grande marque de luxe en 2024), soutien \u00e0 la personnalisation de petits lots (commande minimale de 300 pi\u00e8ces).<\/p>\n<p><strong>Faites en sorte que chaque ouverture de tiroir devienne une expression rituelle de la valeur de la marque.<\/strong><\/p>","protected":false},"excerpt":{"rendered":"<p><strong>ZOJO Print | Bo\u00eete de parfum \u00e0 tiroir de luxe personnalis\u00e9e et emballage d'insertion - interpr\u00e9ter l'esth\u00e9tique de luxe du parfum avec un design \u00e9l\u00e9gant<\/strong><\/p>\n<p>Dans le domaine de l'emballage des parfums haut de gamme, les bo\u00eetes-cadeaux \u00e0 tiroir sont devenues le support principal des marques pour am\u00e9liorer les primes des produits gr\u00e2ce \u00e0 leur exp\u00e9rience interactive unique et \u00e0 leur tension visuelle. ZOJO Print est profond\u00e9ment impliqu\u00e9 dans ce secteur depuis 16 ans et s'attache \u00e0 fournir aux marques de parfums de luxe des solutions de coffrets-cadeaux \u00e0 tiroirs qui pr\u00e9sentent une fonctionnalit\u00e9, un caract\u00e8re artistique et une valeur commerciale.<\/p>","protected":false},"featured_media":10209,"template":"","meta":[],"product_brand":[],"product_cat":[30,417,31,426],"product_tag":[1369,1366,1370],"class_list":{"0":"post-10207","1":"product","2":"type-product","3":"status-publish","4":"has-post-thumbnail","6":"product_cat-by-industry","7":"product_cat-custom-perfume-boxes-by-industry","8":"product_cat-paper-box-style","9":"product_cat-paper-drawer-boxes","10":"product_tag-custom-drawer-box","11":"product_tag-packaging-supplier","12":"product_tag-perfume-box-with-insert","14":"first","15":"instock","16":"shipping-taxable","17":"product-type-grouped"},"_links":{"self":[{"href":"https:\/\/zojopackaging.com\/fr\/wp-json\/wp\/v2\/product\/10207","targetHints":{"allow":["GET"]}}],"collection":[{"href":"https:\/\/zojopackaging.com\/fr\/wp-json\/wp\/v2\/product"}],"about":[{"href":"https:\/\/zojopackaging.com\/fr\/wp-json\/wp\/v2\/types\/product"}],"version-history":[{"count":1,"href":"https:\/\/zojopackaging.com\/fr\/wp-json\/wp\/v2\/product\/10207\/revisions"}],"predecessor-version":[{"id":10214,"href":"https:\/\/zojopackaging.com\/fr\/wp-json\/wp\/v2\/product\/10207\/revisions\/10214"}],"wp:featuredmedia":[{"embeddable":true,"href":"https:\/\/zojopackaging.com\/fr\/wp-json\/wp\/v2\/media\/10209"}],"wp:attachment":[{"href":"https:\/\/zojopackaging.com\/fr\/wp-json\/wp\/v2\/media?parent=10207"}],"wp:term":[{"taxonomy":"product_brand","embeddable":true,"href":"https:\/\/zojopackaging.com\/fr\/wp-json\/wp\/v2\/product_brand?post=10207"},{"taxonomy":"product_cat","embeddable":true,"href":"https:\/\/zojopackaging.com\/fr\/wp-json\/wp\/v2\/product_cat?post=10207"},{"taxonomy":"product_tag","embeddable":true,"href":"https:\/\/zojopackaging.com\/fr\/wp-json\/wp\/v2\/product_tag?post=10207"}],"curies":[{"name":"wp","href":"https:\/\/api.w.org\/{rel}","templated":true}]}}