{"id":10215,"date":"2025-04-05T15:06:40","date_gmt":"2025-04-05T07:06:40","guid":{"rendered":"https:\/\/zojopackaging.com\/?post_type=product&#038;p=10215"},"modified":"2025-04-05T16:03:54","modified_gmt":"2025-04-05T08:03:54","slug":"custom-cbd-thc-child-resistance-boxes-sustainable-packaging-box","status":"publish","type":"product","link":"https:\/\/zojopackaging.com\/fr\/product\/custom-cbd-thc-child-resistance-boxes-sustainable-packaging-box\/","title":{"rendered":"CBD THC Bo\u00eete de protection des enfants Bo\u00eete d'emballage durable"},"content":{"rendered":"<h3 id=\"-1-safety-protection-structural-innovation-and-child-friendly-design-\"><strong>1. Protection de la s\u00e9curit\u00e9 : innovation structurelle et conception adapt\u00e9e aux enfants<\/strong><\/h3>\n<p>-\u00a0<strong>Syst\u00e8me de boucles \u00e0 l'\u00e9preuve des enfants<\/strong>L'ouverture de l'appareil se fait par une force de traction sup\u00e9rieure \u00e0 2,5 N et est conforme \u00e0 la norme EN 71-3 relative \u00e0 la s\u00e9curit\u00e9 des enfants ;<\/p>\n<p>-\u00a0<strong>Certification des mat\u00e9riaux<\/strong>: Le carton gris a obtenu la certification foresti\u00e8re FSC, le papier de surface utilise du papier d'art sans agent fluorescent, et l'\u00e9mission de formald\u00e9hyde est \u22640,01mg\/m\u00b3 (source de donn\u00e9es : rapport de test SGS).<\/p>\n<h3 id=\"-2-visual-communication-pantone-special-colors-and-gradient-aesthetics-\"><strong>2. Communication visuelle : Couleurs sp\u00e9ciales Pantone et esth\u00e9tique des d\u00e9grad\u00e9s<\/strong><\/h3>\n<p>-\u00a0<strong>Syst\u00e8me de couleurs<\/strong>: -\u00a0<strong>Classique noir et or<\/strong>: Pantone 19-3939 TCX (Royal Blue) avec gaufrage or rose, brillance tactile de 90GU ;<\/p>\n<p>-\u00a0<strong>Gradient naturel<\/strong>: Adoptant l'unit\u00e9 d'impression allemande Heidelberg \u00e0 six couleurs, r\u00e9alisant une transition de couleur de 0,1 mm, une diff\u00e9rence de couleur \u0394E\u22641,2 ;<\/p>\n<p>-\u00a0<strong>Impression fonctionnelle<\/strong>: Impression en quadrichromie + proc\u00e9d\u00e9 UV local, les param\u00e8tres du produit sont pr\u00e9sent\u00e9s en relief tridimensionnel, et l'efficacit\u00e9 de la communication des informations est augment\u00e9e de 50%.<\/p>\n<h3 id=\"-3-material-innovation-a-balance-between-environmental-protection-and-luxury-\"><strong>3. Innovation mat\u00e9rielle : un \u00e9quilibre entre protection de l'environnement et luxe<\/strong><\/h3>\n<p>-\u00a0<strong>Structure grise du conseil d'administration<\/strong>: 1200g de carton gris + 157g de papier couch\u00e9, r\u00e9sistance \u00e0 la compression \u2265 280N (r\u00e9f\u00e9rence ISO 12048 test), taux de dommages au transport inf\u00e9rieur \u00e0 0,3% ;<\/p>\n<p>-\u00a0<strong>Doublure durable<\/strong>: -\u00a0<strong>Option flanelle<\/strong>: Peluche courte ultra-douce de 300 g (coefficient de frottement \u2264 0,15), taux de recyclage \u2265 90% ;<\/p>\n<p>-\u00a0<strong>Alternative respectueuse de l'environnement<\/strong>La doublure en fibre de bambou (conforme aux normes OEKO-TEX 100) est fournie, elle a le toucher de la soie et est biod\u00e9gradable.<\/p>\n<h3 id=\"-4-functional-design-precision-adaptation-and-user-experience-\"><strong>4. Conception fonctionnelle : adaptation de la pr\u00e9cision et exp\u00e9rience de l'utilisateur<\/strong><\/h3>\n<p>-\u00a0<strong>Adaptation multi-sc\u00e9narios<\/strong>: Produits \u00e9lectroniques (adaptation minimale de l'objectif \u03a630mm), instruments de pr\u00e9cision (niveau 5 de r\u00e9sistance aux chocs), produits de luxe (test anti-rayures conforme \u00e0 la norme ISO 20645) ;<\/p>\n<p>-\u00a0<strong>Une expansion intelligente<\/strong>: tra\u00e7abilit\u00e9 par lecture de code \u00e0 puce NFC int\u00e9gr\u00e9e (compatible avec la norme ISO 18000-63), balise de d\u00e9tection de temp\u00e9rature et d'humidit\u00e9 (pr\u00e9cision \u00b10,5\u2103).<\/p>\n<h3 id=\"-5-production-system-agile-manufacturing-and-quality-control-\"><strong>5. Syst\u00e8me de production : Fabrication agile et contr\u00f4le de la qualit\u00e9<\/strong><\/h3>\n<p>-\u00a0<strong>Ligne de production automatis\u00e9e<\/strong>: \u00c9quip\u00e9 d'une ligne de d\u00e9coupe allemande Krones enti\u00e8rement automatique (pr\u00e9cision de \u00b10,05 mm), avec une production quotidienne de plus de 3 000 bo\u00eetes cadeaux ;<\/p>\n<p>-\u00a0<strong>Normes de contr\u00f4le de la qualit\u00e9<\/strong>: Certifi\u00e9 ISO 9001\/BRCGS, chaque lot fait l'objet de 12 contr\u00f4les de qualit\u00e9 (y compris un test de chute, un test de solidit\u00e9 des couleurs et un test d'att\u00e9nuation magn\u00e9tique), avec un taux de r\u00e9ussite de 99,99% ;<\/p>\n<p>-\u00a0<strong>R\u00e9ponse rapide<\/strong>: Les commandes urgentes sont livr\u00e9es dans les 24 heures (exemple : 100 000 commandes acc\u00e9l\u00e9r\u00e9es pour une grande marque de luxe en 2024).<\/p>\n<h3 id=\"-6-sustainable-commitment-full-chain-from-materials-to-recycling-\"><strong>6. Engagement durable : toute la cha\u00eene, des mat\u00e9riaux au recyclage<\/strong><\/h3>\n<p>-\u00a0<strong>Production neutre en carbone<\/strong>L'empreinte carbone d'une seule bo\u00eete est \u2264300g CO\u2082e (certifi\u00e9e par le Carbon Trust) ;<\/p>\n<p>-\u00a0<strong>Conception circulaire<\/strong>Le corps de la bo\u00eete supporte 5 cycles, et la doublure peut \u00eatre retir\u00e9e et lav\u00e9e (voir le concept de lingettes antibact\u00e9riennes r\u00e9utilisables dans les r\u00e9sultats de la recherche) ;<\/p>\n<p>-\u00a0<strong>Plan de recyclage<\/strong>Le taux de recyclage des vieilles bo\u00eetes est \u226585%.<\/p>\n<h3 id=\"-7-design-empowerment-global-insights-of-the-luxury-team-\"><strong>7. L'autonomisation du design : Perspectives globales de l'\u00e9quipe de luxe<\/strong><\/h3>\n<p>L'\"Institut de recherche sur l'esth\u00e9tique durable\", compos\u00e9 de 12 concepteurs principaux, fournit trois services essentiels :<\/p>\n<p>-\u00a0<strong>Pr\u00e9vision des tendances<\/strong>: Publier chaque trimestre le \"High-end Packaging Sustainable Color Trend Report\", qui couvre les couleurs populaires annuelles de Pantone et les innovations en mati\u00e8re de mat\u00e9riaux ;<\/p>\n<p>-\u00a0<strong>Int\u00e9gration culturelle<\/strong>: \u00c9tablir des centres de design \u00e0 Paris\/Milan\/Tokyo et d\u00e9velopper plus de 200 biblioth\u00e8ques de mod\u00e8les respectueux de l'environnement ;<\/p>\n<p>-\u00a0<strong>Cas client<\/strong>: Conception d'une bo\u00eete verte d\u00e9grad\u00e9e pour une marque nord-am\u00e9ricaine de CBD, et obtention du Red Dot Design Award 2024 gr\u00e2ce \u00e0 une doublure en flanelle biod\u00e9gradable.<\/p>\n<p><strong>Que chaque bo\u00eete devienne une double d\u00e9claration de responsabilit\u00e9 de la marque et d'esth\u00e9tique.<\/strong><\/p>","protected":false},"excerpt":{"rendered":"<p><strong>ZOJO Print | Bo\u00eete de s\u00e9curit\u00e9 CBD THC personnalis\u00e9e et bo\u00eete d'emballage durable - Double innovation en mati\u00e8re de protection de la s\u00e9curit\u00e9 et de valeur esth\u00e9tique<\/strong><\/p>\n<p>Dans le domaine de l'emballage des produits de consommation haut de gamme, la protection des enfants et la conception durable sont devenues les principales exigences des marques pour assumer leurs responsabilit\u00e9s sociales. ZOJO Print est profond\u00e9ment impliqu\u00e9 dans l'industrie depuis 16 ans, se concentrant sur la fourniture de solutions d'emballage personnalis\u00e9es qui sont s\u00fbres, respectueuses de l'environnement et artistiques pour les produits sensibles tels que le CBD\/THC.<\/p>","protected":false},"featured_media":10221,"template":"","meta":[],"product_brand":[],"product_cat":[30,431,418,31],"product_tag":[1372,1371,1373],"class_list":{"0":"post-10215","1":"product","2":"type-product","3":"status-publish","4":"has-post-thumbnail","6":"product_cat-by-industry","7":"product_cat-child-resistant-packaging","8":"product_cat-custom-cbd-boxes","9":"product_cat-paper-box-style","10":"product_tag-child-resistance-boxes","11":"product_tag-custom-cbd-thc-box","12":"product_tag-sustainable-packaging-box","14":"first","15":"instock","16":"shipping-taxable","17":"product-type-simple"},"_links":{"self":[{"href":"https:\/\/zojopackaging.com\/fr\/wp-json\/wp\/v2\/product\/10215","targetHints":{"allow":["GET"]}}],"collection":[{"href":"https:\/\/zojopackaging.com\/fr\/wp-json\/wp\/v2\/product"}],"about":[{"href":"https:\/\/zojopackaging.com\/fr\/wp-json\/wp\/v2\/types\/product"}],"version-history":[{"count":1,"href":"https:\/\/zojopackaging.com\/fr\/wp-json\/wp\/v2\/product\/10215\/revisions"}],"predecessor-version":[{"id":10222,"href":"https:\/\/zojopackaging.com\/fr\/wp-json\/wp\/v2\/product\/10215\/revisions\/10222"}],"wp:featuredmedia":[{"embeddable":true,"href":"https:\/\/zojopackaging.com\/fr\/wp-json\/wp\/v2\/media\/10221"}],"wp:attachment":[{"href":"https:\/\/zojopackaging.com\/fr\/wp-json\/wp\/v2\/media?parent=10215"}],"wp:term":[{"taxonomy":"product_brand","embeddable":true,"href":"https:\/\/zojopackaging.com\/fr\/wp-json\/wp\/v2\/product_brand?post=10215"},{"taxonomy":"product_cat","embeddable":true,"href":"https:\/\/zojopackaging.com\/fr\/wp-json\/wp\/v2\/product_cat?post=10215"},{"taxonomy":"product_tag","embeddable":true,"href":"https:\/\/zojopackaging.com\/fr\/wp-json\/wp\/v2\/product_tag?post=10215"}],"curies":[{"name":"wp","href":"https:\/\/api.w.org\/{rel}","templated":true}]}}