{"id":10223,"date":"2025-04-05T15:17:39","date_gmt":"2025-04-05T07:17:39","guid":{"rendered":"https:\/\/zojopackaging.com\/?post_type=product&#038;p=10223"},"modified":"2025-04-05T15:29:17","modified_gmt":"2025-04-05T07:29:17","slug":"custom-vape-pods-packaging-cardboard-box-wholesale-rates-maker","status":"publish","type":"product","link":"https:\/\/zojopackaging.com\/fr\/product\/custom-vape-pods-packaging-cardboard-box-wholesale-rates-maker\/","title":{"rendered":"Bo\u00eete en carton d'emballage de Vape Pods personnalis\u00e9e Taux de grossiste Maker"},"content":{"rendered":"<h3 id=\"-1-material-innovation-industrial-grade-protection-of-350g-white-cardboard-\"><strong>1. Innovation mat\u00e9rielle : protection de qualit\u00e9 industrielle en carton blanc de 350 g<\/strong><\/h3>\n<p>Adopter\u00a0<strong>Carton blanc 350g certifi\u00e9 FSC<\/strong>\u00a0(erreur de poids \u2264\u00b15g\/m\u00b2), passe le test de compression de la norme allemande DIN 53357, charge d'une seule bo\u00eete \u226515kg, taux de d\u00e9formation &lt;0,3%. La quantit\u00e9 de colle appliqu\u00e9e sur la surface du carton atteint 8g\/m\u00b2, et la performance de r\u00e9sistance \u00e0 l&#039;humidit\u00e9 est am\u00e9lior\u00e9e de 60% (se r\u00e9f\u00e9rer au r\u00e9sultat de la recherche pour les normes d&#039;emballage respectueuses de l&#039;environnement), ce qui r\u00e9pond aux exigences strictes de la r\u00e9glementation REACH de l&#039;UE sur les mat\u00e9riaux d&#039;emballage.<\/p>\n<h3 id=\"-2-minimalist-design-visual-expression-of-industrial-aesthetics-\"><strong>2. Design minimaliste : expression visuelle de l'esth\u00e9tique industrielle<\/strong><\/h3>\n<p>-\u00a0<strong>Conception structurelle<\/strong>Les bo\u00eetes sont fabriqu\u00e9es \u00e0 partir d'un moule en t\u00f4le d'acier lamin\u00e9e \u00e0 froid de 0,8 mm d'\u00e9paisseur, l'erreur d'uniformit\u00e9 de l'\u00e9paisseur de la paroi de la bo\u00eete \u00e9tant \u22640,1 mm.\u00a0<strong>Syst\u00e8me visuel<\/strong>: -\u00a0<strong>Contr\u00f4le des couleurs<\/strong>: Pantone 11-0601 TCX (blanc pur) comme couleur principale, avec ligne de marquage \u00e0 chaud de 0,3 mm de large (diff\u00e9rence de couleur \u0394E\u22641,5) ; -.\u00a0<strong>Niveau d'information<\/strong>Les caract\u00e9ristiques du produit sont les suivantes : impression en quadrichromie + gaufrage UV local, rugosit\u00e9 du LOGO de la marque Ra\u22653,0\u03bcm, reconnaissance du braille augment\u00e9e de 40%.<\/p>\n<h3 id=\"-3-printing-technology-accurate-delivery-of-brand-value-\"><strong>3. Technologie d'impression : diffusion pr\u00e9cise de la valeur de la marque<\/strong><\/h3>\n<p>-\u00a0<strong>Impression de haute pr\u00e9cision<\/strong>: Unit\u00e9 d'impression allemande Heidelberg \u00e0 six couleurs, atteignant une pr\u00e9cision de surimpression de 0,05 mm (moyenne de l'industrie 0,15 mm), reproduction des couleurs \u0394E\u22641,2 ; -\u00a0<strong>Technologie anti-contrefa\u00e7on<\/strong>Le syst\u00e8me d'identification de l'entreprise : microtexte int\u00e9gr\u00e9 (largeur de ligne de 0,02 mm) et code QR \u00e0 donn\u00e9es variables, support de la liaison par puce NFC (conforme \u00e0 la norme ISO 14443).<\/p>\n<h3 id=\"-4-human-computer-interaction-minimal-opening-and-efficient-production-\"><strong>4. Interaction homme-machine : ouverture minimale et production efficace<\/strong><\/h3>\n<p>-\u00a0<strong>Syst\u00e8me d'ouverture<\/strong>: serrure magn\u00e9tique + glissi\u00e8re double assurance, force d'ouverture \u22641,5N (conforme \u00e0 la norme ISO 13857 relative \u00e0 la s\u00e9curit\u00e9 des enfants), taux de r\u00e9ussite de l'op\u00e9ration d'une seule main \uff1e98% ; -\u00a0<strong>Efficacit\u00e9 de la production<\/strong>L'entreprise est dot\u00e9e d'une ligne de d\u00e9coupe enti\u00e8rement automatique (vitesse \u22653000 feuilles\/heure), d'un cycle de moulage des bo\u00eetes &lt;8 secondes et d&#039;une capacit\u00e9 de production quotidienne sup\u00e9rieure \u00e0 50 000 pi\u00e8ces.<\/p>\n<h3 id=\"-5-smart-manufacturing-system-hard-core-support-for-large-scale-production-\"><strong>5. Syst\u00e8me de fabrication intelligent : soutien de base \u00e0 la production \u00e0 grande \u00e9chelle<\/strong><\/h3>\n<p>-\u00a0<strong>Bar\u00e8me de base<\/strong>: Une usine intelligente d'une superficie de 5 360 m\u00e8tres carr\u00e9s, \u00e9quip\u00e9e d'une ligne allemande de carton cinq couches BHS (vitesse \u2265 200m\/min) ; -\u00a0<strong>R\u00e9ponse agile<\/strong>: Prise en charge de la personnalisation de petits lots (commande minimale de 500 pi\u00e8ces), \u00e9preuvage rapide en 72 heures et livraison en 48 heures des commandes urgentes.<\/p>\n<h3 id=\"-6-quality-control-full-link-quality-control-guarantee-\"><strong>6. Contr\u00f4le de la qualit\u00e9 : garantie de contr\u00f4le de la qualit\u00e9 par lien int\u00e9gral<\/strong><\/h3>\n<p>-\u00a0<strong>Inspection \u00e0 trois niveaux<\/strong>: - Fin de la mati\u00e8re premi\u00e8re : Chaque lot de carton est test\u00e9 pour le poids en grammes\/la r\u00e9sistance \u00e0 la compression\/l'agent fluorescent (se r\u00e9f\u00e9rer au processus d'inspection de la qualit\u00e9 du r\u00e9sultat de la recherche) ; - Fin de la production : Le syst\u00e8me d'inspection visuelle en ligne filtre les d\u00e9fauts d'impression en temps r\u00e9el (taux de d\u00e9tection \uff1e99,9%) ; - Fin du produit fini : Inspection de qualit\u00e9 notari\u00e9e par une tierce partie (y compris test de chute\/vibration\/chute). -\u00a0<strong>Syst\u00e8me de certification<\/strong>: Certification ISO 9001\/BRCGS\/FSC, et le rapport d'inspection de la qualit\u00e9 peut \u00eatre retrac\u00e9 jusqu'au lot de mati\u00e8res premi\u00e8res.<\/p>\n<h3 id=\"-7-design-empowerment-in-depth-insight-into-industry-trends-\"><strong>7. Renforcement de l'autonomie des concepteurs : aper\u00e7u approfondi des tendances de l'industrie<\/strong><\/h3>\n<p>Le \"Laboratoire d'emballage de cigarettes \u00e9lectroniques\", compos\u00e9 de 8 ing\u00e9nieurs en emballage chevronn\u00e9s, fournit trois services innovants majeurs : -\u00a0<strong>Pr\u00e9vision des tendances<\/strong>: publier chaque trimestre le \"Livre blanc sur les technologies d'emballage des e-cigarettes\", qui couvre des domaines de pointe tels que la structure d'aspiration magn\u00e9tique et les mat\u00e9riaux d\u00e9gradables ; - publier le \"Livre blanc sur les technologies d'emballage des e-cigarettes\".\u00a0<strong>R\u00e9serve de brevets<\/strong>: d\u00e9tient 18 brevets de structure d'emballage (dont 5 PCT internationaux), et la serrure \u00e0 succion magn\u00e9tique a une dur\u00e9e de vie de 10 000 ouvertures et fermetures ; -\u00a0<strong>Solution sur mesure<\/strong>: Il prend en charge des \u00e9l\u00e9ments int\u00e9gr\u00e9s tels que l'affichage du contr\u00f4le intelligent de la temp\u00e9rature et le t\u00e9moin lumineux de la cartouche de cigarettes restante (voir les cas prim\u00e9s dans les r\u00e9sultats de la recherche).<\/p>\n<p><strong>Que chaque emballage devienne une d\u00e9claration visuelle de la force technique de la marque.<\/strong><\/p>","protected":false},"excerpt":{"rendered":"<p><strong>ZOJO Print | Carton d'emballage personnalis\u00e9 pour cartouches d'e-cigarettes--Utiliser l'esth\u00e9tique industrielle et la production intelligente pour permettre \u00e0 la valeur de la marque de faire un bond en avant<\/strong><\/p>\n<p>Dans le contexte actuel de l'industrie de l'e-cigarette, l'emballage n'est pas seulement un contenant pour le produit, mais aussi un vecteur essentiel de l'image de marque et de la conformit\u00e9. ZOJO Print s'est fortement impliqu\u00e9 dans le domaine de l'emballage des e-cigarettes et a d\u00e9velopp\u00e9 une solution de bo\u00eete en carton qui allie s\u00e9curit\u00e9, protection de l'environnement et sens du design en fonction des caract\u00e9ristiques des cartouches.<\/p>","protected":false},"featured_media":10224,"template":"","meta":[],"product_brand":[],"product_cat":[30,420,430,31],"product_tag":[1375,1126,1374],"class_list":{"0":"post-10223","1":"product","2":"type-product","3":"status-publish","4":"has-post-thumbnail","6":"product_cat-by-industry","7":"product_cat-custom-cannabis-boxes","8":"product_cat-folding-cartons","9":"product_cat-paper-box-style","10":"product_tag-box-wholesale-rates-maker","11":"product_tag-cardboard-box-wholesale","12":"product_tag-custom-vape-pods-packaging","14":"first","15":"instock","16":"shipping-taxable","17":"product-type-grouped"},"_links":{"self":[{"href":"https:\/\/zojopackaging.com\/fr\/wp-json\/wp\/v2\/product\/10223","targetHints":{"allow":["GET"]}}],"collection":[{"href":"https:\/\/zojopackaging.com\/fr\/wp-json\/wp\/v2\/product"}],"about":[{"href":"https:\/\/zojopackaging.com\/fr\/wp-json\/wp\/v2\/types\/product"}],"version-history":[{"count":1,"href":"https:\/\/zojopackaging.com\/fr\/wp-json\/wp\/v2\/product\/10223\/revisions"}],"predecessor-version":[{"id":10230,"href":"https:\/\/zojopackaging.com\/fr\/wp-json\/wp\/v2\/product\/10223\/revisions\/10230"}],"wp:featuredmedia":[{"embeddable":true,"href":"https:\/\/zojopackaging.com\/fr\/wp-json\/wp\/v2\/media\/10224"}],"wp:attachment":[{"href":"https:\/\/zojopackaging.com\/fr\/wp-json\/wp\/v2\/media?parent=10223"}],"wp:term":[{"taxonomy":"product_brand","embeddable":true,"href":"https:\/\/zojopackaging.com\/fr\/wp-json\/wp\/v2\/product_brand?post=10223"},{"taxonomy":"product_cat","embeddable":true,"href":"https:\/\/zojopackaging.com\/fr\/wp-json\/wp\/v2\/product_cat?post=10223"},{"taxonomy":"product_tag","embeddable":true,"href":"https:\/\/zojopackaging.com\/fr\/wp-json\/wp\/v2\/product_tag?post=10223"}],"curies":[{"name":"wp","href":"https:\/\/api.w.org\/{rel}","templated":true}]}}