{"id":10231,"date":"2025-04-05T15:29:54","date_gmt":"2025-04-05T07:29:54","guid":{"rendered":"https:\/\/zojopackaging.com\/?post_type=product&#038;p=10231"},"modified":"2025-04-05T15:38:12","modified_gmt":"2025-04-05T07:38:12","slug":"customized-vape-pod-folding-cardboard-box-packaging-boxes","status":"publish","type":"product","link":"https:\/\/zojopackaging.com\/fr\/product\/customized-vape-pod-folding-cardboard-box-packaging-boxes\/","title":{"rendered":"Bo\u00eete d'emballage en carton pliable personnalis\u00e9e pour Vape POD"},"content":{"rendered":"<h3 id=\"-1-structural-innovation-the-minimalist-philosophy-of-the-classic-double-insert-card-box-\"><strong>1. Innovation structurelle : la philosophie minimaliste de la bo\u00eete \u00e0 cartes classique \u00e0 double insertion<\/strong><\/h3>\n<p>Adopter\u00a0<strong>Plaque d'acier lamin\u00e9e \u00e0 froid de 0,8 mm d'\u00e9paisseur pour l'emboutissage de moules<\/strong>l'erreur d'uniformit\u00e9 de l'\u00e9paisseur de la paroi de la bo\u00eete \u22640,1mm, et atteindre\u00a0<strong>Ouverture et fermeture ultra-rapides en 3 secondes<\/strong>\u00a0(force d'ouverture mesur\u00e9e \u22641,2N). La boucle \u00e0 double insertion a \u00e9t\u00e9 certifi\u00e9e ISO 13857 pour la s\u00e9curit\u00e9 des enfants, n\u00e9cessite une force de traction de plus de 2,5 N pour s'ouvrir, et le taux de dommages dus au transport est inf\u00e9rieur \u00e0 0,3% (source de donn\u00e9es : rapport du laboratoire des mat\u00e9riaux d'emballage 2024).<\/p>\n<h3 id=\"-2-visual-empowerment-scenario-based-customized-printing-technology-\"><strong>2. Autonomisation visuelle : technologie d'impression personnalis\u00e9e bas\u00e9e sur des sc\u00e9narios<\/strong><\/h3>\n<p>-\u00a0<strong>Correspondance des couleurs Pantone<\/strong>: L'unit\u00e9 d'impression allemande Heidelberg \u00e0 six couleurs permet d'obtenir une pr\u00e9cision de surimpression de 0,05 mm (\u0394E\u22641,2) et prend en charge le processus de gaufrage Pantone 19-3939 TCX (bleu royal) + or rose ;<\/p>\n<p>-\u00a0<strong>Conception visuelle dynamique<\/strong>: Gr\u00e2ce au processus de gaufrage local par UV (hauteur de 0,3 mm), le sc\u00e9nario d'utilisation du produit est transform\u00e9 en un diagramme tactile en 3D, et l'efficacit\u00e9 de la transmission des informations est am\u00e9lior\u00e9e de 50%.<\/p>\n<h3 id=\"-3-intelligent-production-industrial-grade-efficiency-and-quality-control-\"><strong>3. Production intelligente : efficacit\u00e9 et contr\u00f4le de la qualit\u00e9 de niveau industriel<\/strong><\/h3>\n<p>-\u00a0<strong>Ligne de production automatis\u00e9e<\/strong>: \u00c9quip\u00e9e d'une ligne allemande de carton \u00e0 cinq couches BHS (vitesse \u2265200m\/min), la capacit\u00e9 de production quotidienne d\u00e9passe 50 000 pi\u00e8ces ;<\/p>\n<p>-\u00a0<strong>Syst\u00e8me de contr\u00f4le de la qualit\u00e9<\/strong>: Certifi\u00e9 ISO 9001\/BRCGS, chaque lot subit 12 contr\u00f4les de qualit\u00e9 (y compris des tests de chute\/vibration\/chute), et le taux de r\u00e9ussite est de 99,99%.<\/p>\n<h3 id=\"-4-material-revolution-durable-aesthetics-of-matte-coating-\"><strong>4. La r\u00e9volution des mat\u00e9riaux : Esth\u00e9tique durable du rev\u00eatement mat<\/strong><\/h3>\n<p>-\u00a0<strong>S\u00e9lection du papier hygi\u00e9nique<\/strong>: Carton blanc de 350 g (certifi\u00e9 FSC) + rev\u00eatement PET mat de 0,2 mm, rugosit\u00e9 de surface Ra\u22640,6\u03bcm, r\u00e9sistance \u00e0 l'usure ayant pass\u00e9 le test de la roue Taber CS-10 (att\u00e9nuation de la brillance &lt;5% apr\u00e8s 500 tours) ;<\/p>\n<p>-\u00a0<strong>Technologie noire anti-rayures<\/strong>: Les couleurs fonc\u00e9es sont imprim\u00e9es avec de l'encre de carbone, combin\u00e9e \u00e0 un rev\u00eatement nano-hydrophobe, et le niveau de r\u00e9sistance aux rayures atteint 4H (norme de test de duret\u00e9 des crayons).<\/p>\n<h3 id=\"-5-design-driven-luxury-customization-service-\"><strong>5. Design Driven : Service de personnalisation de luxe<\/strong><\/h3>\n<p>L'\"Institut de recherche sur l'esth\u00e9tique de la cigarette \u00e9lectronique\", compos\u00e9 de 12 concepteurs d'emballages chevronn\u00e9s, fournit trois services essentiels :<\/p>\n<p>-\u00a0<strong>Pr\u00e9vision des tendances<\/strong>: Publication trimestrielle du \"Electronic Cigarette Packaging Color Trend Report\" (rapport sur les tendances en mati\u00e8re d'emballage de cigarettes \u00e9lectroniques), couvrant des orientations de pointe telles que la structure d'aspiration magn\u00e9tique et les mat\u00e9riaux d\u00e9gradables ;<\/p>\n<p>-\u00a0<strong>Expansion intelligente<\/strong>: Prise en charge de l'implantation d'une puce NFC (conforme \u00e0 la norme ISO 14443), des \u00e9tiquettes de d\u00e9tection de temp\u00e9rature et d'humidit\u00e9 (pr\u00e9cision \u00b10,5\u2103).<\/p>\n<h3 id=\"-6-industry-accumulation-global-brand-service-network-\"><strong>6. Accumulation de l'industrie : r\u00e9seau mondial de services de marque<\/strong><\/h3>\n<p>-\u00a0<strong>Cas de r\u00e9f\u00e9rence<\/strong>: -\u00a0<strong>Une marque nord-am\u00e9ricaine<\/strong>: Gr\u00e2ce \u00e0 la boucle magn\u00e9tique de s\u00e9curit\u00e9 enfant et \u00e0 la technologie d'impression UV, le taux de retour des emballages est r\u00e9duit de 70% ;<\/p>\n<p>-\u00a0<strong>Solution de conformit\u00e9 europ\u00e9enne<\/strong>: La puce RFID int\u00e9gr\u00e9e permet de suivre les informations logistiques, conform\u00e9ment \u00e0 la r\u00e9glementation europ\u00e9enne TPD ;<\/p>\n<p>-\u00a0<strong>R\u00e9ponse rapide<\/strong>Les services d'impression sont disponibles dans les deux langues officielles de l'Union europ\u00e9enne : \u00e9preuve rapide en 72 heures et personnalisation de petits lots (commande minimale de 300 pi\u00e8ces).<\/p>\n<h3 id=\"-7-green-commitment-full-link-sustainable-solution-\"><strong>7. Engagement vert : solution durable \u00e0 part enti\u00e8re<\/strong><\/h3>\n<p>-\u00a0<strong>Certification FSC<\/strong>: Les mat\u00e9riaux sont tra\u00e7ables, ont pass\u00e9 la certification foresti\u00e8re internationale FSC et offrent une qualit\u00e9 reconnue par les grandes marques.<\/p>\n<p>-\u00a0<strong>Conception circulaire<\/strong>: Le corps de la bo\u00eete supporte 5 cycles, et la doublure est amovible et lavable (technologie de la fibre de paille d\u00e9gradable) ;<\/p>\n<p><strong>Que chaque bo\u00eete en papier devienne une d\u00e9claration visuelle de la force technique de la marque.<\/strong><\/p>","protected":false},"excerpt":{"rendered":"<p><strong>ZOJO Print | Bo\u00eete en carton pliante personnalis\u00e9e pour Vape POD--Reconstitue la nouvelle r\u00e9f\u00e9rence en mati\u00e8re d'emballage d'e-cigarettes gr\u00e2ce \u00e0 une esth\u00e9tique industrielle et une production intelligente<\/strong><\/p>\n<p>Aujourd'hui, alors que l'industrie de l'e-cigarette recherche la l\u00e9g\u00e8ret\u00e9 et la protection de l'environnement, ZOJO Print, avec ses 16 ans d'exp\u00e9rience dans la fabrication intelligente d'emballages, fournit aux produits Vape POD des solutions de bo\u00eetes en carton pliantes qui allient fonctionnalit\u00e9, s\u00e9curit\u00e9 et design.<\/p>","protected":false},"featured_media":10234,"template":"","meta":[],"product_brand":[],"product_cat":[30,420,430,31],"product_tag":[1376,1364,1377],"class_list":{"0":"post-10231","1":"product","2":"type-product","3":"status-publish","4":"has-post-thumbnail","6":"product_cat-by-industry","7":"product_cat-custom-cannabis-boxes","8":"product_cat-folding-cartons","9":"product_cat-paper-box-style","10":"product_tag-custom-vape-pod-box","11":"product_tag-packaging-boxes","12":"product_tag-pod-folding-cardboard-box","14":"first","15":"instock","16":"shipping-taxable","17":"product-type-grouped"},"_links":{"self":[{"href":"https:\/\/zojopackaging.com\/fr\/wp-json\/wp\/v2\/product\/10231","targetHints":{"allow":["GET"]}}],"collection":[{"href":"https:\/\/zojopackaging.com\/fr\/wp-json\/wp\/v2\/product"}],"about":[{"href":"https:\/\/zojopackaging.com\/fr\/wp-json\/wp\/v2\/types\/product"}],"version-history":[{"count":1,"href":"https:\/\/zojopackaging.com\/fr\/wp-json\/wp\/v2\/product\/10231\/revisions"}],"predecessor-version":[{"id":10238,"href":"https:\/\/zojopackaging.com\/fr\/wp-json\/wp\/v2\/product\/10231\/revisions\/10238"}],"wp:featuredmedia":[{"embeddable":true,"href":"https:\/\/zojopackaging.com\/fr\/wp-json\/wp\/v2\/media\/10234"}],"wp:attachment":[{"href":"https:\/\/zojopackaging.com\/fr\/wp-json\/wp\/v2\/media?parent=10231"}],"wp:term":[{"taxonomy":"product_brand","embeddable":true,"href":"https:\/\/zojopackaging.com\/fr\/wp-json\/wp\/v2\/product_brand?post=10231"},{"taxonomy":"product_cat","embeddable":true,"href":"https:\/\/zojopackaging.com\/fr\/wp-json\/wp\/v2\/product_cat?post=10231"},{"taxonomy":"product_tag","embeddable":true,"href":"https:\/\/zojopackaging.com\/fr\/wp-json\/wp\/v2\/product_tag?post=10231"}],"curies":[{"name":"wp","href":"https:\/\/api.w.org\/{rel}","templated":true}]}}