{"id":10239,"date":"2025-04-05T15:41:20","date_gmt":"2025-04-05T07:41:20","guid":{"rendered":"https:\/\/zojopackaging.com\/?post_type=product&#038;p=10239"},"modified":"2025-04-05T16:03:28","modified_gmt":"2025-04-05T08:03:28","slug":"customized-pre-roll-cigarette-boxes-fast-delivery-cardboard-box","status":"publish","type":"product","link":"https:\/\/zojopackaging.com\/fr\/product\/customized-pre-roll-cigarette-boxes-fast-delivery-cardboard-box\/","title":{"rendered":"Bo\u00eetes \u00e0 cigarettes pr\u00e9-roul\u00e9es personnalis\u00e9es Bo\u00eete en carton \u00e0 livraison rapide"},"content":{"rendered":"<h3 id=\"-1-structural-innovation-the-minimalist-philosophy-of-opening-and-closing-cigarette-boxes-\"><strong>1. Innovation structurelle : la philosophie minimaliste de l'ouverture et de la fermeture des bo\u00eetes de cigarettes<\/strong><\/h3>\n<p>Adopter\u00a0<strong>Plaque d'acier lamin\u00e9e \u00e0 froid de 0,8 mm d'\u00e9paisseur pour l'emboutissage de moules<\/strong>L'erreur d'uniformit\u00e9 de l'\u00e9paisseur de la paroi de la bo\u00eete est \u22640,1 mm, ce qui permet d'atteindre les objectifs suivants\u00a0<strong>Ouverture et fermeture ultra-rapides en 3 secondes<\/strong>\u00a0(force d'ouverture mesur\u00e9e \u22641,2N). S'inspirant du concept des couronnes de montres haut de gamme, le\u00a0<strong>syst\u00e8me de double boucle d'assurance<\/strong>\u00a0est ajout\u00e9 de mani\u00e8re innovante, n\u00e9cessitant une force de traction de plus de 2,5 N pour l'ouvrir (conform\u00e9ment \u00e0 la norme ISO 13857 relative \u00e0 la s\u00e9curit\u00e9 des enfants), et le taux de dommages dus au transport est inf\u00e9rieur \u00e0 0,3% (source de donn\u00e9es : rapport du laboratoire sur les mat\u00e9riaux d'emballage 2024).<\/p>\n<h3 id=\"-2-visual-narrative-scenario-based-customized-printing-technology-\"><strong>2. Narration visuelle : Technologie d'impression personnalis\u00e9e bas\u00e9e sur un sc\u00e9nario<\/strong><\/h3>\n<p>-\u00a0<strong>Correspondance des couleurs Pantone<\/strong>: Adoptant l'unit\u00e9 d'impression allemande Heidelberg \u00e0 six couleurs, atteignant une pr\u00e9cision de surimpression de 0,05 mm (\u0394E\u22641,2), prenant en charge le processus de gaufrage Pantone 19-3939 TCX (bleu royal) + or rose ;<\/p>\n<p>-\u00a0<strong>Conception visuelle dynamique<\/strong>: Gr\u00e2ce au processus de gaufrage local par UV (hauteur de 0,3 mm), la sc\u00e8ne de plantation du tabac est transform\u00e9e en un diagramme tactile en 3D, et l'efficacit\u00e9 de la transmission des informations est augment\u00e9e de 50%.<\/p>\n<h3 id=\"-3-modeling-breakthrough-industrial-expression-of-geometric-aesthetics-\"><strong>3. Perc\u00e9e de la mod\u00e9lisation : expression industrielle de l'esth\u00e9tique g\u00e9om\u00e9trique<\/strong><\/h3>\n<p>-\u00a0<strong>Innovation structurelle<\/strong>: Rompant avec la forme cylindrique traditionnelle, il adopte\u00a0<strong>d\u00e9coupe du nombre d'or<\/strong>le corps de la bo\u00eete est inclin\u00e9 \u00e0 un angle de 12\u00b0 et s'adapte \u00e0 la courbe ergonomique de la poign\u00e9e ; - le corps de la bo\u00eete est inclin\u00e9 \u00e0 un angle de 12\u00b0 et s'adapte \u00e0 la courbe ergonomique de la poign\u00e9e.\u00a0<strong>Conception brevet\u00e9e<\/strong>: D\u00e9tenant le brevet \"structure d'absorption des chocs en nid d'abeille\", la r\u00e9sistance \u00e0 la compression est augment\u00e9e de 80%, et il a pass\u00e9 le test de transport ISTA 3A.<\/p>\n<h3 id=\"-4-environmental-commitment-forest-certification-system-material-\"><strong>4. Engagement environnemental : syst\u00e8me de certification des for\u00eats<\/strong><\/h3>\n<p>-\u00a0<strong>S\u00e9lection des mat\u00e9riaux<\/strong>: Structure composite 1200g de carton gris + 350g de carton blanc certifi\u00e9e FSC, \u00e9mission de formald\u00e9hyde \u22640,01mg\/m\u00b3 (certification de test SGS) ;<\/p>\n<p>-\u00a0<strong>Processus de s\u00e9curit\u00e9<\/strong>Le traitement de surface utilise un vernis \u00e0 base d'eau (teneur en COV \u226450g\/L) et a obtenu la certification de la FDA pour le contact avec les aliments.<\/p>\n<h3 id=\"-5-brand-empowerment-luxury-customization-service-\"><strong>5. Renforcement de la marque : service de personnalisation de luxe<\/strong><\/h3>\n<p>L'\"Institut de recherche sur l'esth\u00e9tique du tabac\", compos\u00e9 de 12 concepteurs d'emballages chevronn\u00e9s, fournit trois services de base :<\/p>\n<p>-\u00a0<strong>Implantation de g\u00e8nes de marque<\/strong>Proc\u00e9d\u00e9 combin\u00e9 : gravure laser du LOGO (pr\u00e9cision \u00b10,02 mm) + estampage \u00e0 chaud (\u00e9paisseur 0,3 mm) ;<\/p>\n<p>-\u00a0<strong>Une expansion intelligente<\/strong>Les \u00e9tiquettes : supportent l'implantation de puces NFC (en conformit\u00e9 avec la norme ISO 14443), les \u00e9tiquettes de d\u00e9tection de temp\u00e9rature et d'humidit\u00e9 (pr\u00e9cision \u00b10,5\u2103).<\/p>\n<h3 id=\"-6-texture-revolution-matt-lamination-process-\"><strong>6. La r\u00e9volution de la texture : Proc\u00e9d\u00e9 de pelliculage mat<\/strong><\/h3>\n<p>-\u00a0<strong>Traitement de surface<\/strong>: Adopte le pelliculage PET mat personnalis\u00e9 allemand Henkel (brillance \u226415GU), coefficient de frottement \u22640,15, niveau de r\u00e9sistance aux rayures jusqu'\u00e0 4H (test de duret\u00e9 au crayon) ; -.\u00a0<strong>Optimisation tactile<\/strong>: Traitement de surface micro-mat (Ra\u22640,8\u03bcm), le toucher est aussi d\u00e9licat que la soie, et le taux de r\u00e9sidus d'empreintes digitales est r\u00e9duit de 90%.<\/p>\n<h3 id=\"-7-agile-smart-manufacturing-72-hour-ultra-fast-delivery-system-\"><strong>7. Fabrication intelligente agile : Syst\u00e8me de livraison ultra-rapide en 72 heures<\/strong><\/h3>\n<p>-\u00a0<strong>Base de fabrication intelligente<\/strong>: Une usine intelligente couvrant une superficie de 15 000 m\u00e8tres carr\u00e9s, \u00e9quip\u00e9e d'une ligne allemande de carton \u00e0 cinq couches BHS (vitesse du v\u00e9hicule \u2265 200m\/min) ;<\/p>\n<p>-\u00a0<strong>Norme de contr\u00f4le de la qualit\u00e9<\/strong>: Certifi\u00e9 ISO 9001\/BRCGS, chaque lot subit 12 contr\u00f4les de qualit\u00e9 (y compris des tests de chute\/vibration\/chute), et le taux de r\u00e9ussite est de 99,99% ;<\/p>\n<p>-\u00a0<strong>R\u00e9ponse rapide<\/strong>: Prise en charge de la personnalisation de petits lots (commande minimale de 300 pi\u00e8ces), \u00e9preuvage rapide en 72 heures et livraison en 48 heures pour les commandes urgentes.<\/p>\n<p><strong>Que chaque emballage devienne une d\u00e9claration visuelle de la force technique de la marque.<\/strong><\/p>","protected":false},"excerpt":{"rendered":"<p><strong>ZOJO Print | Bo\u00eete de cigarettes pr\u00e9-roul\u00e9es personnalis\u00e9e bo\u00eete en carton \u00e0 livraison rapide - refa\u00e7onner la nouvelle r\u00e9f\u00e9rence de l'emballage du tabac avec une esth\u00e9tique industrielle et une fabrication agile<\/strong><\/p>\n<p>Sur le march\u00e9 du tabac haut de gamme, l'emballage n'est pas seulement un contenant pour le produit, mais aussi le principal vecteur du ton de la marque et du lien \u00e9motionnel avec le consommateur. ZOJO Print s'est fortement impliqu\u00e9 dans le domaine de l'emballage du tabac et a d\u00e9velopp\u00e9 une solution de bo\u00eete en carton qui allie la fonctionnalit\u00e9, l'art et la rapidit\u00e9 de livraison en se basant sur les caract\u00e9ristiques des cigarettes Pre-roll.<\/p>","protected":false},"featured_media":10252,"template":"","meta":[],"product_brand":[],"product_cat":[30,420,430,31],"product_tag":[1378,1380,1379],"class_list":{"0":"post-10239","1":"product","2":"type-product","3":"status-publish","4":"has-post-thumbnail","6":"product_cat-by-industry","7":"product_cat-custom-cannabis-boxes","8":"product_cat-folding-cartons","9":"product_cat-paper-box-style","10":"product_tag-customized-pre-roll-box","11":"product_tag-fast-delivery-cardboard-box","12":"product_tag-pre-roll-cigarette-boxes","14":"first","15":"instock","16":"shipping-taxable","17":"product-type-grouped"},"_links":{"self":[{"href":"https:\/\/zojopackaging.com\/fr\/wp-json\/wp\/v2\/product\/10239","targetHints":{"allow":["GET"]}}],"collection":[{"href":"https:\/\/zojopackaging.com\/fr\/wp-json\/wp\/v2\/product"}],"about":[{"href":"https:\/\/zojopackaging.com\/fr\/wp-json\/wp\/v2\/types\/product"}],"version-history":[{"count":1,"href":"https:\/\/zojopackaging.com\/fr\/wp-json\/wp\/v2\/product\/10239\/revisions"}],"predecessor-version":[{"id":10240,"href":"https:\/\/zojopackaging.com\/fr\/wp-json\/wp\/v2\/product\/10239\/revisions\/10240"}],"wp:featuredmedia":[{"embeddable":true,"href":"https:\/\/zojopackaging.com\/fr\/wp-json\/wp\/v2\/media\/10252"}],"wp:attachment":[{"href":"https:\/\/zojopackaging.com\/fr\/wp-json\/wp\/v2\/media?parent=10239"}],"wp:term":[{"taxonomy":"product_brand","embeddable":true,"href":"https:\/\/zojopackaging.com\/fr\/wp-json\/wp\/v2\/product_brand?post=10239"},{"taxonomy":"product_cat","embeddable":true,"href":"https:\/\/zojopackaging.com\/fr\/wp-json\/wp\/v2\/product_cat?post=10239"},{"taxonomy":"product_tag","embeddable":true,"href":"https:\/\/zojopackaging.com\/fr\/wp-json\/wp\/v2\/product_tag?post=10239"}],"curies":[{"name":"wp","href":"https:\/\/api.w.org\/{rel}","templated":true}]}}