{"id":10241,"date":"2025-04-05T15:49:32","date_gmt":"2025-04-05T07:49:32","guid":{"rendered":"https:\/\/zojopackaging.com\/?post_type=product&#038;p=10241"},"modified":"2025-04-05T15:59:53","modified_gmt":"2025-04-05T07:59:53","slug":"custom-child-resistant-packaging-for-cbd-products-drawer-box","status":"publish","type":"product","link":"https:\/\/zojopackaging.com\/fr\/product\/custom-child-resistant-packaging-for-cbd-products-drawer-box\/","title":{"rendered":"Emballage \u00e0 l'\u00e9preuve des enfants pour les produits CBD Bo\u00eete \u00e0 tiroir sur mesure"},"content":{"rendered":"<h3 id=\"-1-safety-protection-patented-child-proof-buckle-and-color-psychology-integration-\"><strong>1. Protection de la s\u00e9curit\u00e9 : boucle de s\u00e9curit\u00e9 enfant brevet\u00e9e et int\u00e9gration de la psychologie des couleurs<\/strong><\/h3>\n<p>-\u00a0<strong>Syst\u00e8me de s\u00e9curit\u00e9 pour les enfants<\/strong>: Adoptant une structure de verrouillage : les enfants ne peuvent pas l'ouvrir, ce qui prot\u00e8ge efficacement la sant\u00e9 des enfants et r\u00e9pond aux exigences techniques et aux normes des serrures pour enfants aux \u00c9tats-Unis, au Canada et dans d'autres pays.<\/p>\n<p>-\u00a0<strong>Couleur d\u00e9grad\u00e9e<\/strong>: En utilisant l'unit\u00e9 d'impression allemande Heidelberg \u00e0 huit couleurs, une transition de gradient de grade de 0,03 mm est r\u00e9alis\u00e9e (Pantone 19-3939 TCX violet \u00e0 16-3938 TCX rouge rose), la diff\u00e9rence de couleur \u0394E\u22640,8, et le spectre dynamique est simul\u00e9 par l'effet de grille, ce qui augmente l'attrait visuel de 70%.<\/p>\n<h3 id=\"-2-space-revolution-modular-lining-and-size-customization-\"><strong>2. La r\u00e9volution de l'espace : Doublure modulaire et personnalisation de la taille<\/strong><\/h3>\n<p>-\u00a0<strong>Structure flexible<\/strong>: La doublure hexagonale en nid d'abeille (amovible) permet d'accueillir 3 \u00e0 6 cartouches CBD en m\u00eame temps et d'augmenter l'utilisation de l'espace de 40% ;<\/p>\n<p>-\u00a0<strong>Personnalisation de la taille<\/strong>: Ajustement minimal \u03a615mm cartouche, poids maximum support\u00e9 200g, structure portante optimis\u00e9e par analyse par \u00e9l\u00e9ments finis (r\u00e9sistance \u00e0 la compression \u2265 250N).<\/p>\n<h3 id=\"-3-material-innovation-gray-board-copper-plate-composite-process-\"><strong>3. Innovation en mati\u00e8re de mat\u00e9riaux : Proc\u00e9d\u00e9 composite \u00e0 base de plaques de cuivre et de carton gris<\/strong><\/h3>\n<p>-\u00a0<strong>S\u00e9lection du mat\u00e9riau de base<\/strong>: 1200g de carton gris (certifi\u00e9 FSC) + 200g de papier couch\u00e9 composite, quantit\u00e9 de colle en surface 10g\/m\u00b2, la performance de r\u00e9sistance \u00e0 l'humidit\u00e9 passe le test de condensation de 72 heures (humidit\u00e9 \u2264 85%) ;<\/p>\n<p>-\u00a0<strong>Technologie anti-d\u00e9formation<\/strong>: Les quatre coins du corps de la bo\u00eete adoptent une conception de nervure de renforcement triangulaire (angle de 45\u00b0), taux de d\u00e9formation &lt;0,15% (se r\u00e9f\u00e9rer \u00e0 la norme ISO 12048).<\/p>\n<h3 id=\"-4-brand-empowerment-fashion-elements-and-craftsmanship-empowerment-\"><strong>4. Renforcement de la marque : \u00c9l\u00e9ments de mode et autonomisation de l'artisanat<\/strong><\/h3>\n<p>-\u00a0<strong>Syst\u00e8me visuel<\/strong>: -\u00a0<strong>Collision de couleurs<\/strong>: Couleur principale violet de l'espace profond avec des lignes argent\u00e9es \u00e0 chaud au laser (brillance \u2265 95GU), rugosit\u00e9 au toucher Ra \u2265 4,0\u03bcm ;<\/p>\n<p>-\u00a0<strong>Impression intelligente<\/strong>: Encre int\u00e9gr\u00e9e \u00e0 temp\u00e9rature variable (31-36\u2103 de rendu des couleurs) et couche lumineuse (luminescence continue pendant 8 heures) pour am\u00e9liorer l'exp\u00e9rience interactive.<\/p>\n<p>-\u00a0<strong>Implantation d'\u00e9l\u00e9ments<\/strong>: Gravure laser de l'ADN de la marque (pr\u00e9cision de \u00b1 0,01 mm) + projection holographique dynamique (compatible avec la norme ISO 18000-63).<\/p>\n<h3 id=\"-5-process-breakthrough-dual-upgrade-of-touch-and-vision-\"><strong>5. Rupture de processus : double am\u00e9lioration du toucher et de la vision<\/strong><\/h3>\n<p>-\u00a0<strong>Proc\u00e9d\u00e9 de gaufrage<\/strong>: Transfert de la plaque de gravure en m\u00e9tal de 0,5 mm d'\u00e9paisseur, hauteur convexe de 0,3 mm (conforme aux normes de reconnaissance du braille), r\u00e9sistance \u00e0 l'usure ayant pass\u00e9 le test de la roue Taber CS-10 (taux de r\u00e9tention de la clart\u00e9 apr\u00e8s 1000 tours&gt; 95%) ;<\/p>\n<p>-\u00a0<strong>Vitrage local UV<\/strong>La couche de finition est compos\u00e9e d'une couche d'huile UV allemande Henkel (\u00e9paisseur 5\u03bcm), contraste de brillance 1:5, niveau de r\u00e9sistance aux rayures 4H (test de duret\u00e9 au crayon).<\/p>\n<h3 id=\"-6-industry-precipitation-global-brand-service-network-\"><strong>6. Pr\u00e9cipitation de l'industrie : r\u00e9seau mondial de services de marque<\/strong><\/h3>\n<p>-\u00a0<strong>Cas de r\u00e9f\u00e9rence<\/strong>: -\u00a0<strong>Leader nord-am\u00e9ricain du CBD<\/strong>Le taux de rachat des emballages a augment\u00e9 de 150% gr\u00e2ce \u00e0 la boucle magn\u00e9tique de s\u00e9curit\u00e9 enfant et au processus de gradient ;<\/p>\n<p>-\u00a0<strong>Solution de conformit\u00e9 europ\u00e9enne<\/strong>Le syst\u00e8me de suivi logistique par puce NFC int\u00e9gr\u00e9e est conforme \u00e0 la r\u00e9glementation TPD de l'UE ;<\/p>\n<p>-\u00a0<strong>R\u00e9ponse rapide<\/strong>Les produits peuvent \u00eatre personnalis\u00e9s en petites s\u00e9ries (commande minimale de 200 pi\u00e8ces) apr\u00e8s 72 heures d'essai rapide.<\/p>\n<h3 id=\"-7-smart-manufacturing-system-agile-production-and-quality-control-\"><strong>7. Syst\u00e8me de fabrication intelligent : production agile et contr\u00f4le de la qualit\u00e9<\/strong><\/h3>\n<p>-\u00a0<strong>Ligne de production automatis\u00e9e<\/strong>L'entreprise est \u00e9quip\u00e9e d'une ligne de d\u00e9coupe allemande BHS enti\u00e8rement automatique (vitesse \u2265 3500 feuilles\/heure), avec une capacit\u00e9 de production quotidienne de plus de 8 000 pi\u00e8ces ;<\/p>\n<p>-\u00a0<strong>Normes de contr\u00f4le de la qualit\u00e9<\/strong>: Certifi\u00e9 ISO 9001\/BRCGS, chaque lot fait l'objet de 15 contr\u00f4les de qualit\u00e9 (y compris le test d'att\u00e9nuation magn\u00e9tique\/le test de solidit\u00e9 des couleurs\/le test de chute), avec un taux de r\u00e9ussite de 99,98% ;<\/p>\n<p>-\u00a0<strong>Engagement durable<\/strong>: Lancement du plan \"emballage z\u00e9ro carbone\", avec une empreinte carbone de \u2264180g CO\u2082e par bo\u00eete (certifi\u00e9 par Carbon Trust).<\/p>\n<p><strong>Que chaque bo\u00eete \u00e0 tiroirs devienne un support parfait de la force technologique de la marque et de l'attention humaniste.<\/strong><\/p>","protected":false},"excerpt":{"rendered":"<p><strong>ZOJO Print | Emballage \u00e0 l'\u00e9preuve des enfants pour les bo\u00eetes \u00e0 tiroirs de CBD - red\u00e9finir la nouvelle r\u00e9f\u00e9rence en mati\u00e8re d'emballage de produits de cannabis haut de gamme gr\u00e2ce \u00e0 une esth\u00e9tique industrielle et une protection intelligente<\/strong><\/p>\n<p>Dans le domaine de l'emballage des produits CBD, l'\u00e9quilibre entre la s\u00e9curit\u00e9 et le design est devenu le c\u0153ur de la comp\u00e9titivit\u00e9 des marques pour s'emparer du march\u00e9 haut de gamme. ZOJO Print est tr\u00e8s impliqu\u00e9 dans l'emballage des produits du cannabis depuis 16 ans et a d\u00e9velopp\u00e9 une solution de bo\u00eete \u00e0 tiroirs qui combine la s\u00e9curit\u00e9 des enfants, l'impact visuel et les fonctions d'espace en se basant sur les caract\u00e9ristiques des produits CBD.<\/p>","protected":false},"featured_media":10246,"template":"","meta":[],"product_brand":[],"product_cat":[30,431,418,31],"product_tag":[1382,1383,1381],"class_list":{"0":"post-10241","1":"product","2":"type-product","3":"status-publish","4":"has-post-thumbnail","6":"product_cat-by-industry","7":"product_cat-child-resistant-packaging","8":"product_cat-custom-cbd-boxes","9":"product_cat-paper-box-style","10":"product_tag-cbd-products-drawer-box","11":"product_tag-child-resistant-packaging","12":"product_tag-custom-child-resistant-packaging","14":"first","15":"instock","16":"shipping-taxable","17":"product-type-simple"},"_links":{"self":[{"href":"https:\/\/zojopackaging.com\/fr\/wp-json\/wp\/v2\/product\/10241","targetHints":{"allow":["GET"]}}],"collection":[{"href":"https:\/\/zojopackaging.com\/fr\/wp-json\/wp\/v2\/product"}],"about":[{"href":"https:\/\/zojopackaging.com\/fr\/wp-json\/wp\/v2\/types\/product"}],"version-history":[{"count":1,"href":"https:\/\/zojopackaging.com\/fr\/wp-json\/wp\/v2\/product\/10241\/revisions"}],"predecessor-version":[{"id":10248,"href":"https:\/\/zojopackaging.com\/fr\/wp-json\/wp\/v2\/product\/10241\/revisions\/10248"}],"wp:featuredmedia":[{"embeddable":true,"href":"https:\/\/zojopackaging.com\/fr\/wp-json\/wp\/v2\/media\/10246"}],"wp:attachment":[{"href":"https:\/\/zojopackaging.com\/fr\/wp-json\/wp\/v2\/media?parent=10241"}],"wp:term":[{"taxonomy":"product_brand","embeddable":true,"href":"https:\/\/zojopackaging.com\/fr\/wp-json\/wp\/v2\/product_brand?post=10241"},{"taxonomy":"product_cat","embeddable":true,"href":"https:\/\/zojopackaging.com\/fr\/wp-json\/wp\/v2\/product_cat?post=10241"},{"taxonomy":"product_tag","embeddable":true,"href":"https:\/\/zojopackaging.com\/fr\/wp-json\/wp\/v2\/product_tag?post=10241"}],"curies":[{"name":"wp","href":"https:\/\/api.w.org\/{rel}","templated":true}]}}