{"id":10446,"date":"2025-06-04T15:03:01","date_gmt":"2025-06-04T07:03:01","guid":{"rendered":"https:\/\/zojopackaging.com\/?post_type=product&#038;p=10446"},"modified":"2025-06-04T16:22:11","modified_gmt":"2025-06-04T08:22:11","slug":"empty-luxury-magnetic-closure-eyeshadow-blusher-palettes-box","status":"publish","type":"product","link":"https:\/\/zojopackaging.com\/fr\/product\/empty-luxury-magnetic-closure-eyeshadow-blusher-palettes-box\/","title":{"rendered":"Bo\u00eete de luxe vide \u00e0 fermeture magn\u00e9tique pour ombres \u00e0 paupi\u00e8res et fards \u00e0 joues"},"content":{"rendered":"<p><strong>Bo\u00eete de maquillage magn\u00e9tique fantaisie et extravagante\u00a0<\/strong>est con\u00e7u pour les marques de charme qui recherchent une excellente exp\u00e9rience de maquillage et un emballage de haut niveau. Il ne s'agit pas seulement d'un contenant, mais aussi d'une sc\u00e8ne exceptionnelle pour vos produits de maquillage haut de gamme, int\u00e9grant des caract\u00e9ristiques fonctionnelles \u00e0 une apparence somptueuse afin de produire une exp\u00e9rience remarquable de d\u00e9ballage et d'utilisation pour les clients.<\/p>\n<h2 id=\"1-classic-form-functional-design-\">1.\u00a0<strong>Forme classique, design fonctionnel :\u00a0<\/strong>.<\/h2>\n<ul>\n<li>Adopter\u00a0<strong>bo\u00eete rectangulaire traditionnelle \u00e0 couvercle rabattable\u00a0<\/strong>. Les lignes sont lisses et r\u00e9guli\u00e8res, les c\u00f4t\u00e9s sont clairs et l'aspect g\u00e9n\u00e9ral est climatique et stable, ce qui r\u00e9pond aux normes visuelles de l'emballage des produits esth\u00e9tiques haut de gamme.<\/li>\n<li>Le cadre est s\u00fbr et durable, ce qui est pratique pour les \u00e9crans d'affichage r\u00e9guliers dans les points de vente, afin de tirer le meilleur parti de l'impact de l'\u00e9cran d'affichage. Son petit bo\u00eetier est \u00e9galement tr\u00e8s pratique pour les clients, qui peuvent le transporter, l'acheter et le ranger tous les jours, et retoucher rapidement leur maquillage \u00e0 tout moment et en tout lieu.<\/li>\n<\/ul>\n<h2 id=\"2-magnificent-opening-box-mirror-reflection-\">2.\u00a0<strong>Magnifique bo\u00eete qui s'ouvre, reflet du miroir :\u00a0<\/strong>.<\/h2>\n<ul>\n<li>D\u00e8s l'ouverture du couvercle,\u00a0<strong>une vaste zone de miroirs int\u00e9gr\u00e9s haute d\u00e9finition\u00a0<\/strong>appara\u00eet imm\u00e9diatement, occupant la position centrale du couvercle. Le miroir pr\u00e9sente une grande clart\u00e9 et un traitement lat\u00e9ral splendide, offrant une excellente exp\u00e9rience d'utilisation similaire \u00e0 celle d'un miroir de maquillage sp\u00e9cialis\u00e9.<\/li>\n<li>Ce style am\u00e9liore consid\u00e9rablement la facilit\u00e9 et la satisfaction des utilisateurs en ce qui concerne les retouches de maquillage et le contr\u00f4le des couleurs, et int\u00e8gre parfaitement les fonctions utiles (contr\u00f4le rapide du maquillage, teinte pr\u00e9cise) au plaisir visuel (espace ouvert, am\u00e9lioration de la qualit\u00e9 de l'article).<\/li>\n<\/ul>\n<h2 id=\"3-difficult-substrate-impressive-structure-\">3.\u00a0<strong>Substrat difficile, structure impressionnante :\u00a0<\/strong>.<\/h2>\n<ul>\n<li>Le texte du produit est compos\u00e9 de\u00a0<strong>carton difficile s\u00e9lectionn\u00e9 de haute qualit\u00e9\u00a0<\/strong>. Il poss\u00e8de d'excellentes\u00a0<strong>performance en mati\u00e8re d'\u00e9tanch\u00e9it\u00e9 et de soutien\u00a0<\/strong>offrant une forte protection structurelle.<\/li>\n<li>Il peut r\u00e9sister aux vibrations, \u00e0 l'extrusion pendant le transport et aux collisions lors de l'utilisation quotidienne, ce qui garantit la protection des produits de maquillage d\u00e9licats, tels que l'ombre \u00e0 paupi\u00e8res et le flush inside.<\/li>\n<li>En m\u00eame temps, le carton haute densit\u00e9 est\u00a0<strong>un substrat appropri\u00e9 pour\u00a0<\/strong>fournir des effets de surface sophistiqu\u00e9s (tels que le marquage fin \u00e0 chaud, le pelliculage brillant, l'UV local, le film tactile, etc.\u00a0<strong>apparence sup\u00e9rieure\u00a0<\/strong>Il s'agit d'un travail solide et r\u00e9gulier et d'une grande richesse visuelle.<\/li>\n<\/ul>\n<h2 id=\"4-captivating-shade-emotional-resonance-\">4.\u00a0<strong>Nuance captivante, r\u00e9sonance \u00e9motionnelle :\u00a0<\/strong>.<\/h2>\n<ul>\n<li>La teinte primaire du corps de l'emballage adopte\u00a0<strong>une teinte rose vive et lumineuse\u00a0<\/strong>. Cette option de teinte a une forte\u00a0<strong>impact esth\u00e9tique et reconnaissance de la marque\u00a0<\/strong>qui peut rapidement attirer l'attention dans les rayons et susciter l'int\u00e9r\u00eat des consommateurs.<\/li>\n<li>Correspondre pr\u00e9cis\u00e9ment aux choix esth\u00e9tiques des utilisatrices cibles en mati\u00e8re d'amour, de douceur et de vitalit\u00e9, stimuler les vibrations psychologiques et cr\u00e9er un impact profond sur la marque.<\/li>\n<\/ul>\n<h2 id=\"5-versatile-modification-unique-satisfaction-\">5.\u00a0<strong>Une modification polyvalente, une satisfaction unique :\u00a0<\/strong>.<\/h2>\n<ul>\n<li>Nous donnons\u00a0<strong>des services personnalis\u00e9s tr\u00e8s polyvalents\u00a0<\/strong>. Qu'il s'agisse des dimensions de la bo\u00eete (adapt\u00e9es aux sp\u00e9cifications et au nombre de vos yeux), de la disposition des s\u00e9parations int\u00e9rieures (ventouse magn\u00e9tique\/plateau en plastique ou s\u00e9parateurs sp\u00e9cifiques), ou du style de fermoir magn\u00e9tique (r\u00e9sistance magn\u00e9tique, traitement de surface), des informations sur la structure de l'emballage (telles que la doublure, la position des fermetures), il est possible de personnaliser sp\u00e9cifiquement l'emballage en fonction de vos besoins et de vos attentes.\u00a0<strong>d\u00e9taille les besoins du produit et le ton de la marque\u00a0<\/strong>.<\/li>\n<li>Un design unique, pour une mise en valeur parfaite de votre produit unique.<\/li>\n<\/ul>\n<h2 id=\"6-speed-wins-one-action-faster-\">6.\u00a0<strong>La vitesse l'emporte, une action plus rapide :\u00a0<\/strong>.<\/h2>\n<ul>\n<li>Sp\u00e9cialement lanc\u00e9\u00a0<strong>\"Service \"exemple rapide en 1 heure\u00a0<\/strong>. Apr\u00e8s avoir re\u00e7u vos documents de style ou vos besoins, nous nous engageons \u00e0\u00a0<strong>offrir des exemples d'emballage dans un d\u00e9lai d'une heure\u00a0<\/strong>.<\/li>\n<li>Cette solution vise \u00e0\u00a0<strong>confirmer rapidement l'effet de la conception (couleur, mat\u00e9riau, processus, cadre)\u00a0<\/strong>En outre, il permet de raccourcir consid\u00e9rablement le cycle d'\u00e9preuvage, d'ajustement et de v\u00e9rification des produits et offre une solide garantie d'ex\u00e9cution pour les travaux imm\u00e9diats ou les strat\u00e9gies de march\u00e9 qui n\u00e9cessitent une prise de d\u00e9cision rapide,\u00a0<strong>am\u00e9liorer de mani\u00e8re significative la vitesse de lancement de nouveaux produits et la r\u00e9activit\u00e9 du march\u00e9\u00a0<\/strong>.<\/li>\n<\/ul>\n<h2 id=\"7-craftsmanship-inheritance-quality-control-\">7.\u00a0<strong>H\u00e9ritage de l'artisanat, contr\u00f4le de la qualit\u00e9 :\u00a0<\/strong>.<\/h2>\n<ul>\n<li>En fonction de l'exp\u00e9rience approfondie de l'usine accumul\u00e9e dans la\u00a0<strong>l'industrie de l'emballage et de l'impression de produits depuis de nombreuses ann\u00e9es\u00a0<\/strong>et\u00a0<strong>un syst\u00e8me de proc\u00e9dure de production mature et stable\u00a0<\/strong>.<\/li>\n<li>Nous comprenons profond\u00e9ment et pouvons comprendre avec pr\u00e9cision tous vos besoins exigeants en mati\u00e8re de\u00a0<strong>emballage de charme haut de gamme\u00a0<\/strong>- de la s\u00e9lection rigoureuse des mat\u00e9riaux \u00e0 l'assurance qualit\u00e9 rigoureuse, en passant par l'artisanat de charme.<\/li>\n<li><strong>D'excellentes capacit\u00e9s de production constituent la base essentielle du d\u00e9veloppement de la meilleure qualit\u00e9 de YaoSe - High-end Empty Box.\u00a0<\/strong>Chaque article est le reflet de notre recherche permanente d'expertise et de qualit\u00e9.<\/li>\n<\/ul>\n<p><strong>YaoSe - Bo\u00eete de maquillage haut de gamme \u00e0 plaque vide et fixation magn\u00e9tique\u00a0<\/strong>Avec sa belle facture, son style humanis\u00e9, son apparence captivante et ses services de modification efficaces, l'entreprise est vou\u00e9e \u00e0 devenir votre soutien solide pour la production de produits de premi\u00e8re qualit\u00e9. Choisissez-nous, choisissez l'excellente unit\u00e9 de vitesse, de haute qualit\u00e9 et de haut de gamme.<\/p>\n<h2 id=\"product-core-advantage-summary-table-\">Tableau r\u00e9capitulatif des avantages fondamentaux du produit.<\/h2>\n<table>\n<thead>\n<tr>\n<th>Mesure de la fonction<\/th>\n<th>Points forts<\/th>\n<th>L'incarnation de la valeur<\/th>\n<\/tr>\n<\/thead>\n<tbody>\n<tr>\n<td><strong>Caract\u00e9ristiques et style<\/strong><\/td>\n<td><strong>1. Bo\u00eete rectangulaire classique<\/strong><\/td>\n<td>Esth\u00e9tique grand public, g\u00e9n\u00e9reuse et sens\u00e9e, facile \u00e0 exposer, \u00e0 emporter et \u00e0 conserver.<\/td>\n<\/tr>\n<tr>\n<td><\/td>\n<td><strong>2. Miroir encastr\u00e9 haute d\u00e9finition de grande taille<\/strong><\/td>\n<td>Am\u00e9liorer l'exp\u00e9rience des clients, l'examen du maquillage et de la teinte est exceptionnellement facile, sensible et magnifique.<\/td>\n<\/tr>\n<tr>\n<td><strong>Mat\u00e9riau et structure<\/strong><\/td>\n<td><strong>3. Choix d'un corps en carton difficile<\/strong><\/td>\n<td>\u00c9tanch\u00e9it\u00e9 et soutien exceptionnels, contorsion anti-extrusion ; prot\u00e8ge la s\u00e9curit\u00e9 des articles int\u00e9rieurs.<\/td>\n<\/tr>\n<tr>\n<td><\/td>\n<td><\/td>\n<td>Une surface sophistiqu\u00e9e, une technologie moderne, une texture impressionnante, une touche glamour.<\/td>\n<\/tr>\n<tr>\n<td><strong>Aspect et reconnaissance<\/strong><\/td>\n<td><strong>4. Application d'un rose intense<\/strong><\/td>\n<td>Effet esth\u00e9tique solide ; grande reconnaissance ; conforme aux choix des femmes cibl\u00e9es.<\/td>\n<\/tr>\n<tr>\n<td><strong>Solution et assistance<\/strong><\/td>\n<td><strong>5. Des rem\u00e8des tr\u00e8s personnalis\u00e9s<\/strong><\/td>\n<td>La taille, la structure, le format interne, la boucle magn\u00e9tique et la finition peuvent tous \u00eatre adapt\u00e9s pour r\u00e9pondre \u00e0 des besoins sp\u00e9cifiques.<\/td>\n<\/tr>\n<tr>\n<td><\/td>\n<td><strong>6. Solution d'\u00e9chantillonnage rapide en 1 heure<\/strong><\/td>\n<td>Confirmer rapidement l'impact de la mise en page ; r\u00e9duire le cycle d'avancement ; soutenir les projets en situation d'urgence ; augmenter le taux d'action sur le march\u00e9.<\/td>\n<\/tr>\n<tr>\n<td><strong>Fabrication et qualit\u00e9<\/strong><\/td>\n<td><strong>7. Des ann\u00e9es d'exp\u00e9rience dans l'industrie et une technologie moderne enti\u00e8rement d\u00e9velopp\u00e9e et stable<\/strong><\/td>\n<td>Comprendre pr\u00e9cis\u00e9ment les besoins de l'emballage des produits d'appel de premi\u00e8re qualit\u00e9 ; la technologie moderne de la production \u00e0 grande \u00e9chelle garantit une qualit\u00e9 et une distribution exceptionnelles.<\/td>\n<\/tr>\n<\/tbody>\n<\/table>","protected":false},"excerpt":{"rendered":"<p>La bo\u00eete adopte une forme cubique classique et pratique. Ce design est soign\u00e9 et \u00e9l\u00e9gant, conforme \u00e0 l'esth\u00e9tique courante des emballages de produits cosm\u00e9tiques, et il est facile \u00e0 pr\u00e9senter, \u00e0 transporter et \u00e0 ranger. Une fois la bo\u00eete ouverte, elle est accompagn\u00e9e d'un grand miroir, qui am\u00e9liore consid\u00e9rablement l'exp\u00e9rience de l'utilisateur et lui permet de retoucher son maquillage et d'essayer des couleurs. Il s'agit d'une combinaison parfaite de praticit\u00e9 et de beaut\u00e9. Le corps de la bo\u00eete adopte une couleur rose vif. Ce choix de couleur a un impact visuel tr\u00e8s fort et est reconnaissable, ce qui r\u00e9pond aux pr\u00e9f\u00e9rences esth\u00e9tiques des utilisatrices cibl\u00e9es.<\/p>","protected":false},"featured_media":10447,"template":"","meta":[],"product_brand":[],"product_cat":[30,390,424,31],"product_tag":[1388,1389,1387],"class_list":{"0":"post-10446","1":"product","2":"type-product","3":"status-publish","4":"has-post-thumbnail","6":"product_cat-by-industry","7":"product_cat-custom-cosmetics-boxes","8":"product_cat-magnetic-closure-boxes","9":"product_cat-paper-box-style","10":"product_tag-blusher-palettes-boxes","11":"product_tag-custom-eyeshadow-blusher-palettes-boxes","12":"product_tag-empty-magnetic-eyeshadow-palette","14":"first","15":"instock","16":"shipping-taxable","17":"product-type-simple"},"_links":{"self":[{"href":"https:\/\/zojopackaging.com\/fr\/wp-json\/wp\/v2\/product\/10446","targetHints":{"allow":["GET"]}}],"collection":[{"href":"https:\/\/zojopackaging.com\/fr\/wp-json\/wp\/v2\/product"}],"about":[{"href":"https:\/\/zojopackaging.com\/fr\/wp-json\/wp\/v2\/types\/product"}],"version-history":[{"count":1,"href":"https:\/\/zojopackaging.com\/fr\/wp-json\/wp\/v2\/product\/10446\/revisions"}],"predecessor-version":[{"id":10452,"href":"https:\/\/zojopackaging.com\/fr\/wp-json\/wp\/v2\/product\/10446\/revisions\/10452"}],"wp:featuredmedia":[{"embeddable":true,"href":"https:\/\/zojopackaging.com\/fr\/wp-json\/wp\/v2\/media\/10447"}],"wp:attachment":[{"href":"https:\/\/zojopackaging.com\/fr\/wp-json\/wp\/v2\/media?parent=10446"}],"wp:term":[{"taxonomy":"product_brand","embeddable":true,"href":"https:\/\/zojopackaging.com\/fr\/wp-json\/wp\/v2\/product_brand?post=10446"},{"taxonomy":"product_cat","embeddable":true,"href":"https:\/\/zojopackaging.com\/fr\/wp-json\/wp\/v2\/product_cat?post=10446"},{"taxonomy":"product_tag","embeddable":true,"href":"https:\/\/zojopackaging.com\/fr\/wp-json\/wp\/v2\/product_tag?post=10446"}],"curies":[{"name":"wp","href":"https:\/\/api.w.org\/{rel}","templated":true}]}}