{"id":2434,"date":"2024-03-12T10:15:11","date_gmt":"2024-03-12T02:15:11","guid":{"rendered":"https:\/\/zojopackaging.com\/?post_type=product&#038;p=2434"},"modified":"2025-03-27T21:12:25","modified_gmt":"2025-03-27T13:12:25","slug":"personalized-cigarette-boxes","status":"publish","type":"product","link":"https:\/\/zojopackaging.com\/fr\/product\/personalized-cigarette-boxes\/","title":{"rendered":"Cannabis Empty 510 Vape Cartridge Packaging Wholesale"},"content":{"rendered":"<h1>Cannabis Empty 510 Vape Cartridge Packaging Wholesale<\/h1>\n<p>Nos fabricants sont toujours \u00e0 la recherche de bo\u00eetes \u00e0 vape personnalis\u00e9es uniques, con\u00e7ues sur mesure et r\u00e9pondant aux normes de qualit\u00e9 les plus strictes. Nous avons r\u00e9alis\u00e9 le besoin de tabac dans la soci\u00e9t\u00e9 et la tendance des bo\u00eetes personnalis\u00e9es \u00e9l\u00e9gantes. Les fumeurs sont tr\u00e8s attentifs \u00e0 la qualit\u00e9 des bo\u00eetes \u00e0 cigarettes, afin d'afficher leur style et de renforcer leur personnalit\u00e9. Nous connaissons l'importance du style en plus de la qualit\u00e9 des bo\u00eetes, et c'est pourquoi nous concevons des bo\u00eetes \u00e0 cigarettes \u00e0 la mode que vos clients vont adorer.<\/p>\n<h1>Laissez-nous imprimer des bo\u00eetes pour vous<\/h1>\n<p>Nous ne nous contentons pas de cr\u00e9er des bo\u00eetes et de les vendre ; nous travaillons sur le design, r\u00e9alisons une maquette en 3D et fabriquons les bo\u00eetes en utilisant du carton ou du kraft de haute qualit\u00e9. A l'heure actuelle, tous les fabricants de tabac travaillent jour et nuit pour diff\u00e9rencier leur marque en utilisant des \u00e9l\u00e9ments de design personnalis\u00e9s, des couleurs d'impression, des logos ou des infographies. Avec nous, c'est simple ! Il vous suffit d'envoyer vos exigences en mati\u00e8re de conception ou de nous laisser cr\u00e9er quelque chose de convaincant pour vous. Nous savons comment cr\u00e9er des bo\u00eetes \u00e0 cigarettes personnalis\u00e9es imprim\u00e9es, leaders sur le march\u00e9, qui sont suffisamment puissantes pour augmenter vos ventes en quelques jours.<\/p>\n<p>De plus, nos machines d'impression num\u00e9rique avanc\u00e9es sont utilis\u00e9es par des techniciens experts, ce qui ne laisse aucune place \u00e0 l'erreur lorsqu'il s'agit d'imprimer des Bo\u00eetes \u00e0 Cigarettes en Papier Personnalis\u00e9es. Nous sommes fiers d'\u00e9tablir un nouveau standard de Bo\u00eetes \u00e0 Cigarettes Personnalis\u00e9es, suffisamment comp\u00e9tent pour aider la marque \u00e0 atteindre de nouvelles dimensions de succ\u00e8s.<\/p>\n<h1>Disponible dans toutes les tailles<\/h1>\n<p>Notre exp\u00e9rience pratique et nos \u00e9tudes de march\u00e9 nous ont permis de concevoir toutes les structures, tous les styles et toutes les tailles de bo\u00eetes. C'est pourquoi nous affirmons que nos bo\u00eetes d'emballage de cigarettes imprim\u00e9es et personnalis\u00e9es sont align\u00e9es sur les strat\u00e9gies de marketing des entreprises de premier plan, qu'elles les aident \u00e0 se d\u00e9velopper et qu'enfin, votre marque b\u00e9n\u00e9ficiera d'un facteur d'attraction. Il vous suffit de nous envoyer les tailles et les dimensions exactes pour que nous puissions cr\u00e9er les bo\u00eetes en cons\u00e9quence. Nous sommes convaincus que vous ne verrez pas de diff\u00e9rence entre nos bo\u00eetes, les deux \u00e9tant des clones et des copies parfaites l'une de l'autre.<\/p>\n<h1>Nous fabriquons des bo\u00eetes dans tous les mat\u00e9riaux<\/h1>\n<p>L'un des aspects les plus importants de l'emballage est le mat\u00e9riau, et l'un de nos avantages concurrentiels est de cr\u00e9er des bo\u00eetes dans tous les mat\u00e9riaux, c'est-\u00e0-dire en kraft, en carton ou autres. Les bo\u00eetes d'emballage de cigarettes personnalis\u00e9es en carton sont r\u00e9sistantes et robustes et sont g\u00e9n\u00e9ralement utilis\u00e9es pour emballer de nombreuses cigarettes. D'autre part, les bo\u00eetes \u00e0 cigarettes imprim\u00e9es personnalis\u00e9es en kraft sont l\u00e9g\u00e8res, plus adapt\u00e9es aux \u00e9l\u00e9ments de marque et aux couleurs, et \u00e9galement biod\u00e9gradables.<\/p>\n<h1><strong>Sp\u00e9cifications<\/strong><\/h1>\n<table width=\"1153\">\n<tbody>\n<tr>\n<td width=\"373\">Dimensions<\/td>\n<td width=\"373\">Toutes les tailles et formes personnalis\u00e9es<\/td>\n<\/tr>\n<tr>\n<td width=\"373\">Impression<\/td>\n<td width=\"373\">CMYK, PMS, pas d'impression<\/td>\n<\/tr>\n<tr>\n<td width=\"373\">Stock de papier<\/td>\n<td width=\"373\">10pt \u00e0 28pt (60lb \u00e0 400lb) Kraft \u00e9cologique, carton ondul\u00e9 \u00e0 cannelure E, carton Bux, papier cartonn\u00e9<\/td>\n<\/tr>\n<tr>\n<td width=\"373\">Quantit\u00e9s<\/td>\n<td width=\"373\">500- 500,000<\/td>\n<\/tr>\n<tr>\n<td width=\"373\">Rev\u00eatement<\/td>\n<td width=\"373\">Brillant, mat, spot UV<\/td>\n<\/tr>\n<tr>\n<td width=\"373\">Processus par d\u00e9faut<\/td>\n<td width=\"373\">D\u00e9coupage, collage, rainurage, perforation<\/td>\n<\/tr>\n<tr>\n<td width=\"373\">Options<\/td>\n<td width=\"373\">D\u00e9coupe de fen\u00eatres sur mesure, dorure\/argent, gaufrage, encre en relief, feuilles de PVC.<\/td>\n<\/tr>\n<tr>\n<td width=\"373\">Preuve<\/td>\n<td width=\"373\">Vue \u00e0 plat, maquette 3D, \u00e9chantillonnage physique (sur demande)<\/td>\n<\/tr>\n<tr>\n<td width=\"373\">D\u00e9lai d'ex\u00e9cution<\/td>\n<td width=\"373\">7-14 jours ouvrables , Rush<\/td>\n<\/tr>\n<tr>\n<td width=\"373\">MOQ<\/td>\n<td width=\"373\">500<\/td>\n<\/tr>\n<tr>\n<td width=\"373\">Temps d'\u00e9chantillonnage<\/td>\n<td width=\"373\">\u00a05 jours<\/td>\n<\/tr>\n<tr>\n<td width=\"373\">D\u00e9lai de paiement<\/td>\n<td width=\"373\">T\/T, Western Union, Paypal, d\u00e9p\u00f4t de 30% et solde de 70% avant l'exp\u00e9dition.<\/td>\n<\/tr>\n<\/tbody>\n<\/table>\n<div class=\"widget block block-static-block\">\n<div class=\"landing-page-section option-bottom\">\n<div class=\"custom-materials-tabs-content container container-adjustment\">\n<div class=\"custom-materials-tab-content active\">\n<div class=\"widget block block-static-block\">\n<div class=\"options-items\">\n<div class=\"flex-grid-row-option\">\n<div class=\"flex-grid-item-option\">\n<div class=\"material-box\">\n<p>&nbsp;<\/p>\n<\/div>\n<\/div>\n<\/div>\n<\/div>\n<p><!---end of option item--><\/p>\n<\/div>\n<\/div>\n<\/div>\n<\/div>\n<\/div>","protected":false},"excerpt":{"rendered":"<p>1. bo\u00eete \u00e0 fermeture magn\u00e9tique, aimant int\u00e9gr\u00e9 pour \u00e9viter l'usure externe, simplicit\u00e9 visuelle, ouverture et fermeture en douceur, taux \u00e9lev\u00e9 de r\u00e9utilisation de la bo\u00eete<br \/>\n2. La palette de couleurs Macaron r\u00e9duit la fatigue visuelle et cr\u00e9e une atmosph\u00e8re relaxante et bienfaisante.<br \/>\n3. Peut \u00eatre enti\u00e8rement personnalis\u00e9 en fonction des besoins pour s'adapter \u00e0 l'emballage de votre e-cigarette de cannabis.<\/p>","protected":false},"featured_media":2445,"template":"","meta":[],"product_brand":[],"product_cat":[30,420,424,31],"product_tag":[716,715,593],"class_list":{"0":"post-2434","1":"product","2":"type-product","3":"status-publish","4":"has-post-thumbnail","6":"product_cat-by-industry","7":"product_cat-custom-cannabis-boxes","8":"product_cat-magnetic-closure-boxes","9":"product_cat-paper-box-style","10":"product_tag-cartridge-packaging-wholesale","11":"product_tag-empty-vape-packaging","12":"product_tag-vape-cartridge-packaging","14":"first","15":"instock","16":"shipping-taxable","17":"product-type-grouped"},"_links":{"self":[{"href":"https:\/\/zojopackaging.com\/fr\/wp-json\/wp\/v2\/product\/2434","targetHints":{"allow":["GET"]}}],"collection":[{"href":"https:\/\/zojopackaging.com\/fr\/wp-json\/wp\/v2\/product"}],"about":[{"href":"https:\/\/zojopackaging.com\/fr\/wp-json\/wp\/v2\/types\/product"}],"version-history":[{"count":2,"href":"https:\/\/zojopackaging.com\/fr\/wp-json\/wp\/v2\/product\/2434\/revisions"}],"predecessor-version":[{"id":8424,"href":"https:\/\/zojopackaging.com\/fr\/wp-json\/wp\/v2\/product\/2434\/revisions\/8424"}],"wp:featuredmedia":[{"embeddable":true,"href":"https:\/\/zojopackaging.com\/fr\/wp-json\/wp\/v2\/media\/2445"}],"wp:attachment":[{"href":"https:\/\/zojopackaging.com\/fr\/wp-json\/wp\/v2\/media?parent=2434"}],"wp:term":[{"taxonomy":"product_brand","embeddable":true,"href":"https:\/\/zojopackaging.com\/fr\/wp-json\/wp\/v2\/product_brand?post=2434"},{"taxonomy":"product_cat","embeddable":true,"href":"https:\/\/zojopackaging.com\/fr\/wp-json\/wp\/v2\/product_cat?post=2434"},{"taxonomy":"product_tag","embeddable":true,"href":"https:\/\/zojopackaging.com\/fr\/wp-json\/wp\/v2\/product_tag?post=2434"}],"curies":[{"name":"wp","href":"https:\/\/api.w.org\/{rel}","templated":true}]}}