{"id":2460,"date":"2024-03-12T10:50:19","date_gmt":"2024-03-12T02:50:19","guid":{"rendered":"https:\/\/zojopackaging.com\/?post_type=product&#038;p=2460"},"modified":"2025-03-28T16:09:01","modified_gmt":"2025-03-28T08:09:01","slug":"cardboard-cigarette-packaging-boxes","status":"publish","type":"product","link":"https:\/\/zojopackaging.com\/fr\/product\/cardboard-cigarette-packaging-boxes\/","title":{"rendered":"Bo\u00eete en carton pliante pour e-liquide fabriqu\u00e9e sur mesure en Chine"},"content":{"rendered":"<h1>Bo\u00eete en carton pliante pour e-liquide fabriqu\u00e9e sur mesure en Chine<\/h1>\n<p style=\"font-weight: 400;\">Voici de nouveaux paquets de cigarettes vides \u00e0<strong>\u00a0<\/strong>minimums r\u00e9duits et d\u00e9lais d'ex\u00e9cution rapides. B\u00e9n\u00e9ficiez de remises importantes sur les caisses et les conteneurs en carton. Les petites, moyennes et grandes tailles sont disponibles en fonction de vos besoins et de vos exigences. La cigarette est un luxe pour les personnes qui aiment consommer des vapeurs de tabac et appr\u00e9cier les effets qu'elles ont sur leur syst\u00e8me nerveux. Les utilisateurs aiment garder <strong>Bo\u00eetes \u00e0 cigarettes<\/strong>\u00a0Les fumeurs pr\u00e9f\u00e8rent acheter des cigarettes vendues dans des emballages \u00e9l\u00e9gants et de mauvais go\u00fbt, ce qui les rend moins confiants. Les gens aiment rester \u00e9l\u00e9gants dans tous les aspects de leur vie, et les fumeurs pr\u00e9f\u00e8rent acheter des cigarettes g\u00e9n\u00e9ralement vendues dans des emballages \u00e9l\u00e9gants.\u00a0<strong>bo\u00eetes personnalis\u00e9es<\/strong> qui peuvent d\u00e9peindre avec charme leur personnalit\u00e9.<\/p>\n<ul style=\"font-weight: 400;\">\n<li>\u00c9quipe d'assistance d\u00e9di\u00e9e<\/li>\n<li>Obtenir un devis gratuit<\/li>\n<li>Livraison gratuite aux \u00c9tats-Unis et au Canada<\/li>\n<li>#1 Fournisseur d'emballages<\/li>\n<li><\/li>\n<li>100% sur mesure<\/li>\n<li>regarder notre vid\u00e9o sur les produits<\/li>\n<li>100% Satisfaction des clients<\/li>\n<li>\u00c9chantillonnage gratuit<\/li>\n<li>Construction durable \u00e0 double extr\u00e9mit\u00e9 et double fond<\/li>\n<li>Utilisation pour tout travail cr\u00e9atif et d\u00e9coratif<\/li>\n<\/ul>\n<h1><strong>Sp\u00e9cifications<\/strong><\/h1>\n<div class=\"widget block block-static-block\">\n<div class=\"landing-page-section option-bottom\">\n<div class=\"custom-materials-tabs-content container container-adjustment\">\n<div class=\"custom-materials-tab-content active\">\n<div class=\"widget block block-static-block\">\n<div class=\"options-items\">\n<div class=\"flex-grid-row-option\">\n<div class=\"flex-grid-item-option\">\n<div class=\"material-box\">\n<div class=\"material-des\">\n<table width=\"1070\">\n<tbody>\n<tr>\n<td width=\"373\">Dimensions<\/td>\n<td width=\"373\">Toutes les tailles et formes personnalis\u00e9es<\/td>\n<\/tr>\n<tr>\n<td width=\"373\">MOQ<\/td>\n<td width=\"373\">500pcs<\/td>\n<\/tr>\n<tr>\n<td width=\"373\">Temps d'\u00e9chantillonnage<\/td>\n<td width=\"373\">3-5 jours<\/td>\n<\/tr>\n<tr>\n<td width=\"373\">Processus par d\u00e9faut<\/td>\n<td width=\"373\">D\u00e9coupage, collage, rainurage, perforation<\/td>\n<\/tr>\n<tr>\n<td width=\"373\">Impression<\/td>\n<td width=\"373\">Cmyk, pms, pas d'impression<\/td>\n<\/tr>\n<tr>\n<td width=\"373\">Option mat\u00e9riau<\/td>\n<td width=\"373\">Papier cartonn\u00e9 blanc, papier couch\u00e9, papier d'art, papier kraft, carton ivoire, carton recto-verso, papier sp\u00e9cial, etc.<\/td>\n<\/tr>\n<tr>\n<td width=\"373\">Finition de surface<\/td>\n<td width=\"373\">Pelliculage mat\/brillant, gaufrage par points, gaufrage, dorure, etc.<\/td>\n<\/tr>\n<tr>\n<td width=\"373\">Utilisation dans l'industrie<\/td>\n<td width=\"373\">cosm\u00e9tiques, parfums, v\u00eatements, bijoux, tabac, produits alimentaires, cadeaux et produits de consommation courante,<\/td>\n<\/tr>\n<tr>\n<td width=\"373\">Contr\u00f4le de la qualit\u00e9<\/td>\n<td width=\"373\">Des \u00e9quipements de pointe et une \u00e9quipe de contr\u00f4le qualit\u00e9 exp\u00e9riment\u00e9e v\u00e9rifient rigoureusement les mat\u00e9riaux, les produits semi-finis et les produits finis \u00e0 chaque \u00e9tape avant la mise sur le march\u00e9.<\/td>\n<\/tr>\n<tr>\n<td width=\"373\">Prix<\/td>\n<td width=\"373\">Le prix final sera adapt\u00e9 \u00e0 votre produit et \u00e0 la quantit\u00e9 souhait\u00e9e.<\/td>\n<\/tr>\n<tr>\n<td width=\"373\">D\u00e9lai d'ex\u00e9cution<\/td>\n<td width=\"373\">7-14 jours ouvrables, urgent<\/td>\n<\/tr>\n<tr>\n<td width=\"373\">Papier de base<\/td>\n<td width=\"373\">10pt \u00e0 28pt (60lb \u00e0 400lb) Kraft \u00e9cologique, carton ondul\u00e9 e-flute, carton bux, papier cartonn\u00e9<\/td>\n<\/tr>\n<tr>\n<td width=\"373\">Format de l'\u0153uvre d'art<\/td>\n<td width=\"373\">JPG, PDF, AI, CDR, EPS, GIF....<\/td>\n<\/tr>\n<tr>\n<td width=\"373\">Accessoires<\/td>\n<td width=\"373\">Aimant, ruban, forme EVA, plateau en plastique, \u00e9ponge, fen\u00eatre en PVC\/PET\/PP,...<\/td>\n<\/tr>\n<tr>\n<td width=\"373\">D\u00e9lai de paiement<\/td>\n<td width=\"373\">T\/T, Western Union, Paypal, d\u00e9p\u00f4t de 30% et solde de 70% avant l'exp\u00e9dition.<\/td>\n<\/tr>\n<\/tbody>\n<\/table>\n<\/div>\n<\/div>\n<\/div>\n<\/div>\n<\/div>\n<\/div>\n<\/div>\n<\/div>\n<\/div>\n<\/div>\n<div class=\"widget block block-static-block\">\n<div class=\"landing-page-section option-bottom\">\n<div class=\"custom-materials-tabs-content container container-adjustment\">\n<div class=\"custom-materials-tab-content active\">\n<div class=\"widget block block-static-block\">\n<div class=\"options-items\">\n<div class=\"flex-grid-row-option\">\n<div class=\"flex-grid-item-option\">\n<div class=\"material-box\">\n<p>&nbsp;<\/p>\n<\/div>\n<\/div>\n<\/div>\n<\/div>\n<p><!---end of option item--><\/p>\n<\/div>\n<\/div>\n<\/div>\n<\/div>\n<\/div>","protected":false},"excerpt":{"rendered":"<p>Les bo\u00eetes d'e-liquide personnalis\u00e9es de Premier Packaging sont robustes et attrayantes, tout en prot\u00e9geant l'e-liquide de tout dommage. Nous sommes une entreprise d'emballage de premier ordre.<\/p>\n<p>Type de mat\u00e9riau : Respectueux de l'environnement, certifi\u00e9 FSC\/ISO\/BSCI<br \/>\nD\u00e9lai de production : \u00c9chantillon 1-3 jours ; Vrac 7-9 jours<br \/>\nD\u00e9lai d'exp\u00e9dition : Express 3-7 jours ; Air 12-16 jours ; Bateau 25-30 jours\uff08Diff\u00e9rents pays ont des d\u00e9lais diff\u00e9rents)<\/p>\n<p>Prix:Contactez-nous pour envoyer une demande de renseignements !<\/p>","protected":false},"featured_media":2465,"template":"","meta":[],"product_brand":[],"product_cat":[30,418,430,31],"product_tag":[819,818,820],"class_list":{"0":"post-2460","1":"product","2":"type-product","3":"status-publish","4":"has-post-thumbnail","6":"product_cat-by-industry","7":"product_cat-custom-cbd-boxes","8":"product_cat-folding-cartons","9":"product_cat-paper-box-style","10":"product_tag-box-manufacturer-in-china","11":"product_tag-e-liquid-folding-carton","12":"product_tag-folding-carton-box","14":"first","15":"instock","16":"shipping-taxable","17":"product-type-grouped"},"_links":{"self":[{"href":"https:\/\/zojopackaging.com\/fr\/wp-json\/wp\/v2\/product\/2460","targetHints":{"allow":["GET"]}}],"collection":[{"href":"https:\/\/zojopackaging.com\/fr\/wp-json\/wp\/v2\/product"}],"about":[{"href":"https:\/\/zojopackaging.com\/fr\/wp-json\/wp\/v2\/types\/product"}],"version-history":[{"count":3,"href":"https:\/\/zojopackaging.com\/fr\/wp-json\/wp\/v2\/product\/2460\/revisions"}],"predecessor-version":[{"id":8469,"href":"https:\/\/zojopackaging.com\/fr\/wp-json\/wp\/v2\/product\/2460\/revisions\/8469"}],"wp:featuredmedia":[{"embeddable":true,"href":"https:\/\/zojopackaging.com\/fr\/wp-json\/wp\/v2\/media\/2465"}],"wp:attachment":[{"href":"https:\/\/zojopackaging.com\/fr\/wp-json\/wp\/v2\/media?parent=2460"}],"wp:term":[{"taxonomy":"product_brand","embeddable":true,"href":"https:\/\/zojopackaging.com\/fr\/wp-json\/wp\/v2\/product_brand?post=2460"},{"taxonomy":"product_cat","embeddable":true,"href":"https:\/\/zojopackaging.com\/fr\/wp-json\/wp\/v2\/product_cat?post=2460"},{"taxonomy":"product_tag","embeddable":true,"href":"https:\/\/zojopackaging.com\/fr\/wp-json\/wp\/v2\/product_tag?post=2460"}],"curies":[{"name":"wp","href":"https:\/\/api.w.org\/{rel}","templated":true}]}}