{"id":2469,"date":"2024-03-12T10:57:56","date_gmt":"2024-03-12T02:57:56","guid":{"rendered":"https:\/\/zojopackaging.com\/?post_type=product&#038;p=2469"},"modified":"2025-03-28T16:22:24","modified_gmt":"2025-03-28T08:22:24","slug":"wholesale-e-cigarette-packaging-box","status":"publish","type":"product","link":"https:\/\/zojopackaging.com\/fr\/product\/wholesale-e-cigarette-packaging-box\/","title":{"rendered":"Bo\u00eete d'emballage de cannabis Marijuana personnalis\u00e9e Wholesale"},"content":{"rendered":"<h1>Bo\u00eete d'emballage de cannabis Marijuana personnalis\u00e9e Wholesale<\/h1>\n<p>Nos bo\u00eetes d'emballage de marijuana personnalis\u00e9es sont fabriqu\u00e9es avec pr\u00e9cision et qualit\u00e9. Fabriqu\u00e9es \u00e0 partir de mat\u00e9riaux de haute qualit\u00e9, elles offrent une durabilit\u00e9 et une apparence \u00e9l\u00e9gante qui attire l'attention.<\/p>\n<p>La bo\u00eete d'emballage de cannabis personnalis\u00e9e n'est pas seulement fonctionnelle, elle est aussi personnalisable. Vous pouvez choisir parmi une vari\u00e9t\u00e9 de couleurs, de motifs et d'options de marquage pour cr\u00e9er un look unique et distinctif qui refl\u00e8te l'identit\u00e9 de votre marque. Cela permet \u00e0 vos produits d'e-cigarette de se d\u00e9marquer sur les \u00e9tag\u00e8res et d'attirer l'attention des clients potentiels.<\/p>\n<p>Outre son attrait esth\u00e9tique, notre bo\u00eete d'emballage est con\u00e7ue dans un souci de commodit\u00e9 pour l'utilisateur. Elle est dot\u00e9e de m\u00e9canismes d'ouverture faciles et de compartiments pour l'organisation des accessoires, ce qui permet aux d\u00e9taillants et aux consommateurs de b\u00e9n\u00e9ficier d'une exp\u00e9rience sans faille.<\/p>\n<p>Lorsque vous choisissez notre<\/p>\n<p>En achetant en gros une bo\u00eete d'emballage personnalis\u00e9e pour cannabis et marijuana, vous n'obtenez pas seulement un contenant ; vous investissez dans un outil de marketing qui aide \u00e0 promouvoir votre marque et \u00e0 augmenter la valeur per\u00e7ue de vos produits. Que vous soyez une petite entreprise ou un grand distributeur, nos prix de gros vous permettent d'emballer vos e-cigarettes avec style et professionnalisme.<\/p>\n<p>Am\u00e9liorez votre activit\u00e9 dans le domaine de l'e-cigarette avec notre bo\u00eete d'emballage pour e-cigarette de qualit\u00e9 sup\u00e9rieure et donnez \u00e0 vos produits la pr\u00e9sentation qu'ils m\u00e9ritent.<\/p>\n<h1><strong>Sp\u00e9cifications<\/strong><\/h1>\n<table style=\"height: 456px;\" width=\"1153\">\n<tbody>\n<tr>\n<td width=\"373\">Dimensions<\/td>\n<td width=\"373\">Toutes les tailles et formes personnalis\u00e9es<\/td>\n<\/tr>\n<tr>\n<td width=\"373\">Impression<\/td>\n<td width=\"373\">CMYK, PMS, pas d'impression<\/td>\n<\/tr>\n<tr>\n<td width=\"373\">Stock de papier<\/td>\n<td width=\"373\">10pt \u00e0 28pt (60lb \u00e0 400lb) Kraft \u00e9cologique, carton ondul\u00e9 \u00e0 cannelure E, carton Bux, papier cartonn\u00e9<\/td>\n<\/tr>\n<tr>\n<td width=\"373\">Quantit\u00e9s<\/td>\n<td width=\"373\">500- 500,000<\/td>\n<\/tr>\n<tr>\n<td width=\"373\">Rev\u00eatement<\/td>\n<td width=\"373\">Brillant, mat, spot UV<\/td>\n<\/tr>\n<tr>\n<td width=\"373\">Processus par d\u00e9faut<\/td>\n<td width=\"373\">D\u00e9coupage, collage, rainurage, perforation<\/td>\n<\/tr>\n<tr>\n<td width=\"373\">Options<\/td>\n<td width=\"373\">D\u00e9coupe de fen\u00eatres sur mesure, dorure\/argent, gaufrage, encre en relief, feuilles de PVC.<\/td>\n<\/tr>\n<tr>\n<td width=\"373\">Preuve<\/td>\n<td width=\"373\">Vue \u00e0 plat, maquette 3D, \u00e9chantillonnage physique (sur demande)<\/td>\n<\/tr>\n<tr>\n<td width=\"373\">D\u00e9lai d'ex\u00e9cution<\/td>\n<td width=\"373\">7-14 jours ouvrables , Rush<\/td>\n<\/tr>\n<tr>\n<td width=\"373\">MOQ<\/td>\n<td width=\"373\">500<\/td>\n<\/tr>\n<tr>\n<td width=\"373\">Temps d'\u00e9chantillonnage<\/td>\n<td width=\"373\">\u00a05 jours<\/td>\n<\/tr>\n<tr>\n<td width=\"373\">D\u00e9lai de paiement<\/td>\n<td width=\"373\">T\/T, Western Union, Paypal, d\u00e9p\u00f4t de 30% et solde de 70% avant l'exp\u00e9dition.<\/td>\n<\/tr>\n<\/tbody>\n<\/table>\n<div class=\"widget block block-static-block\">\n<div class=\"landing-page-section option-bottom\">\n<div class=\"custom-materials-tabs-content container container-adjustment\">\n<div class=\"custom-materials-tab-content active\">\n<div class=\"widget block block-static-block\">\n<div class=\"options-items\">\n<div class=\"flex-grid-row-option\">\n<div class=\"flex-grid-item-option\">\n<div class=\"material-box\">\n<div class=\"material-des\">\n<p>&nbsp;<\/p>\n<\/div>\n<p>&nbsp;<\/p>\n<\/div>\n<\/div>\n<\/div>\n<\/div>\n<p><!---end of option item--><\/p>\n<\/div>\n<\/div>\n<\/div>\n<\/div>\n<\/div>","protected":false},"excerpt":{"rendered":"<p>1. La conception du tiroir et l'ouverture coulissante facilitent l'ouverture et la fermeture, am\u00e9liorant ainsi l'exp\u00e9rience de d\u00e9ballage.<br \/>\n2. La palette de couleurs macaron r\u00e9duit la fatigue visuelle et cr\u00e9e une atmosph\u00e8re relaxante et bienfaisante.<br \/>\n3. La surface de la bo\u00eete est imprim\u00e9e clairement sans diff\u00e9rence de couleur. L'exp\u00e9rience de l'utilisateur s'en trouve am\u00e9lior\u00e9e<\/p>","protected":false},"featured_media":2474,"template":"","meta":[],"product_brand":[],"product_cat":[30,420,31],"product_tag":[824,826,825],"class_list":{"0":"post-2469","1":"product","2":"type-product","3":"status-publish","4":"has-post-thumbnail","6":"product_cat-by-industry","7":"product_cat-custom-cannabis-boxes","8":"product_cat-paper-box-style","9":"product_tag-cannabis-packaging-box","10":"product_tag-custom-cannabis-packaging-box","11":"product_tag-marijuana-packaging-wholesale","13":"first","14":"instock","15":"shipping-taxable","16":"product-type-grouped"},"_links":{"self":[{"href":"https:\/\/zojopackaging.com\/fr\/wp-json\/wp\/v2\/product\/2469","targetHints":{"allow":["GET"]}}],"collection":[{"href":"https:\/\/zojopackaging.com\/fr\/wp-json\/wp\/v2\/product"}],"about":[{"href":"https:\/\/zojopackaging.com\/fr\/wp-json\/wp\/v2\/types\/product"}],"version-history":[{"count":2,"href":"https:\/\/zojopackaging.com\/fr\/wp-json\/wp\/v2\/product\/2469\/revisions"}],"predecessor-version":[{"id":8471,"href":"https:\/\/zojopackaging.com\/fr\/wp-json\/wp\/v2\/product\/2469\/revisions\/8471"}],"wp:featuredmedia":[{"embeddable":true,"href":"https:\/\/zojopackaging.com\/fr\/wp-json\/wp\/v2\/media\/2474"}],"wp:attachment":[{"href":"https:\/\/zojopackaging.com\/fr\/wp-json\/wp\/v2\/media?parent=2469"}],"wp:term":[{"taxonomy":"product_brand","embeddable":true,"href":"https:\/\/zojopackaging.com\/fr\/wp-json\/wp\/v2\/product_brand?post=2469"},{"taxonomy":"product_cat","embeddable":true,"href":"https:\/\/zojopackaging.com\/fr\/wp-json\/wp\/v2\/product_cat?post=2469"},{"taxonomy":"product_tag","embeddable":true,"href":"https:\/\/zojopackaging.com\/fr\/wp-json\/wp\/v2\/product_tag?post=2469"}],"curies":[{"name":"wp","href":"https:\/\/api.w.org\/{rel}","templated":true}]}}