{"id":2476,"date":"2024-03-12T11:11:02","date_gmt":"2024-03-12T03:11:02","guid":{"rendered":"https:\/\/zojopackaging.com\/?post_type=product&#038;p=2476"},"modified":"2025-03-28T12:53:50","modified_gmt":"2025-03-28T04:53:50","slug":"customized-e-cigarette-packaging-card-box","status":"publish","type":"product","link":"https:\/\/zojopackaging.com\/fr\/product\/customized-e-cigarette-packaging-card-box\/","title":{"rendered":"Bo\u00eetes d'emballage en carton pour huile de chanvre fabriqu\u00e9es sur mesure"},"content":{"rendered":"<h1>Bo\u00eetes d'emballage en carton pour huile de chanvre fabriqu\u00e9es sur mesure<\/h1>\n<p>Ces bo\u00eetes \u00e0 cigarettes personnalis\u00e9es, \u00e0 la fois simples et \u00e9l\u00e9gantes, vous permettront d'emballer et de pr\u00e9senter vos e-cigarettes dans un style tr\u00e8s tendance. Fabriqu\u00e9es \u00e0 partir de mat\u00e9riaux d'emballage durables, ces merveilleuses bo\u00eetes transporteront en toute s\u00e9curit\u00e9 vos e-cigarettes d\u00e9licates. Que vous deviez livrer vos e-cigarettes \u00e0 vos clients ou \u00e0 vos d\u00e9taillants, ces bo\u00eetes robustes vous aideront grandement \u00e0 avoir l'esprit tranquille. Appelez-nous pour b\u00e9n\u00e9ficier d'une remise exceptionnelle sur ces bo\u00eetes attrayantes !<\/p>\n<h1>Obtenez le meilleur soutien en mati\u00e8re de conception pour les bo\u00eetes d'emballage en papier-carton pour l'huile de chanvre !<\/h1>\n<p>Nous proposons les bo\u00eetes d'e-cigarettes imprim\u00e9es personnalis\u00e9es les plus pr\u00e9sentables pour amener votre marque \u00e0 un tout autre niveau. Une pr\u00e9sentation fascinante offerte par ces bo\u00eetes fera que vos e-cigarettes se vendront tr\u00e8s bien et imm\u00e9diatement. Avez-vous d\u00e9j\u00e0 voulu concevoir vos propres bo\u00eetes d'emballage avec le th\u00e8me et les couleurs de votre marque ? Nos experts en emballage seraient ravis de vous aider \u00e0 obtenir les meilleures bo\u00eetes ! Nous vous fournirons l'expertise la plus comp\u00e9tente et un support de conception sans exiger de frais.<\/p>\n<h1>Les bo\u00eetes d'e-cigarettes personnalis\u00e9es les plus impeccables avec votre superbe logo de marque<\/h1>\n<p>Chez Zojoprint Packaging, nous faisons de notre mieux pour promouvoir et mettre en valeur votre marque sur le march\u00e9. Vous pouvez imprimer le nom et le logo de votre marque sur ces bo\u00eetes \u00e0 la mode pour pr\u00e9senter votre entreprise plus largement. Soyez assur\u00e9 qu'avec notre technologie innovante d'impression offset et num\u00e9rique, vous ne recevrez que les bo\u00eetes d'e-cigarettes personnalis\u00e9es les plus impeccables avec le logo de votre marque.<\/p>\n<h1><strong>Sp\u00e9cifications<\/strong><\/h1>\n<div class=\"widget block block-static-block\">\n<div class=\"landing-page-section option-bottom\">\n<div class=\"custom-materials-tabs-content container container-adjustment\">\n<div class=\"custom-materials-tab-content active\">\n<div class=\"widget block block-static-block\">\n<div class=\"options-items\">\n<div class=\"flex-grid-row-option\">\n<div class=\"flex-grid-item-option\">\n<div class=\"material-box\">\n<div class=\"material-des\">\n<table width=\"1070\">\n<tbody>\n<tr>\n<td width=\"373\">Dimensions<\/td>\n<td width=\"373\">Toutes les tailles et formes personnalis\u00e9es<\/td>\n<\/tr>\n<tr>\n<td width=\"373\">MOQ<\/td>\n<td width=\"373\">500pcs<\/td>\n<\/tr>\n<tr>\n<td width=\"373\">Temps d'\u00e9chantillonnage<\/td>\n<td width=\"373\">3-5 jours<\/td>\n<\/tr>\n<tr>\n<td width=\"373\">Processus par d\u00e9faut<\/td>\n<td width=\"373\">D\u00e9coupage, collage, rainurage, perforation<\/td>\n<\/tr>\n<tr>\n<td width=\"373\">Impression<\/td>\n<td width=\"373\">Cmyk, pms, pas d'impression<\/td>\n<\/tr>\n<tr>\n<td width=\"373\">Option mat\u00e9riau<\/td>\n<td width=\"373\">Papier cartonn\u00e9 blanc, papier couch\u00e9, papier d'art, papier kraft, carton ivoire, carton recto-verso, papier sp\u00e9cial, etc.<\/td>\n<\/tr>\n<tr>\n<td width=\"373\">Finition de surface<\/td>\n<td width=\"373\">Pelliculage mat\/brillant, gaufrage par points, gaufrage, dorure, etc.<\/td>\n<\/tr>\n<tr>\n<td width=\"373\">Utilisation dans l'industrie<\/td>\n<td width=\"373\">cosm\u00e9tiques, parfums, v\u00eatements, bijoux, tabac, produits alimentaires, cadeaux et produits de consommation courante,<\/td>\n<\/tr>\n<tr>\n<td width=\"373\">Contr\u00f4le de la qualit\u00e9<\/td>\n<td width=\"373\">Des \u00e9quipements de pointe et une \u00e9quipe de contr\u00f4le qualit\u00e9 exp\u00e9riment\u00e9e v\u00e9rifient rigoureusement les mat\u00e9riaux, les produits semi-finis et les produits finis \u00e0 chaque \u00e9tape avant la mise sur le march\u00e9.<\/td>\n<\/tr>\n<tr>\n<td width=\"373\">Prix<\/td>\n<td width=\"373\">Le prix final sera adapt\u00e9 \u00e0 votre produit et \u00e0 la quantit\u00e9 souhait\u00e9e.<\/td>\n<\/tr>\n<tr>\n<td width=\"373\">D\u00e9lai d'ex\u00e9cution<\/td>\n<td width=\"373\">7-14 jours ouvrables, urgent<\/td>\n<\/tr>\n<tr>\n<td width=\"373\">Papier de base<\/td>\n<td width=\"373\">10pt \u00e0 28pt (60lb \u00e0 400lb) Kraft \u00e9cologique, carton ondul\u00e9 e-flute, carton bux, papier cartonn\u00e9<\/td>\n<\/tr>\n<tr>\n<td width=\"373\">Format de l'\u0153uvre d'art<\/td>\n<td width=\"373\">JPG, PDF, AI, CDR, EPS, GIF....<\/td>\n<\/tr>\n<tr>\n<td width=\"373\">Accessoires<\/td>\n<td width=\"373\">Aimant, ruban, forme EVA, plateau en plastique, \u00e9ponge, fen\u00eatre en PVC\/PET\/PP,...<\/td>\n<\/tr>\n<tr>\n<td width=\"373\">D\u00e9lai de paiement<\/td>\n<td width=\"373\">T\/T, Western Union, Paypal, d\u00e9p\u00f4t de 30% et solde de 70% avant l'exp\u00e9dition.<\/td>\n<\/tr>\n<\/tbody>\n<\/table>\n<\/div>\n<\/div>\n<\/div>\n<\/div>\n<\/div>\n<\/div>\n<\/div>\n<\/div>\n<\/div>\n<\/div>\n<div class=\"widget block block-static-block\">\n<div class=\"landing-page-section option-bottom\">\n<div class=\"custom-materials-tabs-content container container-adjustment\">\n<div class=\"custom-materials-tab-content active\">\n<div class=\"widget block block-static-block\">\n<div class=\"options-items\">\n<div class=\"flex-grid-row-option\">\n<div class=\"flex-grid-item-option\">\n<div class=\"material-box\">\n<p>&nbsp;<\/p>\n<\/div>\n<\/div>\n<\/div>\n<\/div>\n<p><!---end of option item--><\/p>\n<\/div>\n<\/div>\n<\/div>\n<\/div>\n<\/div>","protected":false},"excerpt":{"rendered":"<p>1. Le carton pliant peut \u00eatre aplati pour le stockage, ce qui r\u00e9duit l'espace de stockage ; l'efficacit\u00e9 de l'empilage pendant le transport est \u00e9lev\u00e9e, ce qui r\u00e9duit les co\u00fbts logistiques.<br \/>\n2. carton blanc, surface lisse et d\u00e9licate, impression respectueuse de l'environnement<br \/>\n3. Diff\u00e9rentes tailles peuvent \u00eatre personnalis\u00e9es en fonction de vos produits, convenant \u00e0 diverses bo\u00eetes d'emballage d'huile de cannabis.<\/p>","protected":false},"featured_media":2480,"template":"","meta":[],"product_brand":[],"product_cat":[30,420,430,31],"product_tag":[774,772,773],"class_list":{"0":"post-2476","1":"product","2":"type-product","3":"status-publish","4":"has-post-thumbnail","6":"product_cat-by-industry","7":"product_cat-custom-cannabis-boxes","8":"product_cat-folding-cartons","9":"product_cat-paper-box-style","10":"product_tag-custom-hemp-oil-boxes-manufacturer","11":"product_tag-custom-hemp-packaging","12":"product_tag-hemp-oil-boxes","14":"first","15":"instock","16":"shipping-taxable","17":"product-type-grouped"},"_links":{"self":[{"href":"https:\/\/zojopackaging.com\/fr\/wp-json\/wp\/v2\/product\/2476","targetHints":{"allow":["GET"]}}],"collection":[{"href":"https:\/\/zojopackaging.com\/fr\/wp-json\/wp\/v2\/product"}],"about":[{"href":"https:\/\/zojopackaging.com\/fr\/wp-json\/wp\/v2\/types\/product"}],"version-history":[{"count":2,"href":"https:\/\/zojopackaging.com\/fr\/wp-json\/wp\/v2\/product\/2476\/revisions"}],"predecessor-version":[{"id":8450,"href":"https:\/\/zojopackaging.com\/fr\/wp-json\/wp\/v2\/product\/2476\/revisions\/8450"}],"wp:featuredmedia":[{"embeddable":true,"href":"https:\/\/zojopackaging.com\/fr\/wp-json\/wp\/v2\/media\/2480"}],"wp:attachment":[{"href":"https:\/\/zojopackaging.com\/fr\/wp-json\/wp\/v2\/media?parent=2476"}],"wp:term":[{"taxonomy":"product_brand","embeddable":true,"href":"https:\/\/zojopackaging.com\/fr\/wp-json\/wp\/v2\/product_brand?post=2476"},{"taxonomy":"product_cat","embeddable":true,"href":"https:\/\/zojopackaging.com\/fr\/wp-json\/wp\/v2\/product_cat?post=2476"},{"taxonomy":"product_tag","embeddable":true,"href":"https:\/\/zojopackaging.com\/fr\/wp-json\/wp\/v2\/product_tag?post=2476"}],"curies":[{"name":"wp","href":"https:\/\/api.w.org\/{rel}","templated":true}]}}