{"id":2526,"date":"2024-03-12T11:46:02","date_gmt":"2024-03-12T03:46:02","guid":{"rendered":"https:\/\/zojopackaging.com\/?post_type=product&#038;p=2526"},"modified":"2025-03-27T21:23:20","modified_gmt":"2025-03-27T13:23:20","slug":"customized-e-cigarette-box","status":"publish","type":"product","link":"https:\/\/zojopackaging.com\/fr\/product\/customized-e-cigarette-box\/","title":{"rendered":"Bo\u00eetes d'emballage pour stylos \u00e0 vapeur jetables personnalis\u00e9es Wholesale"},"content":{"rendered":"<h1>Bo\u00eetes d'emballage pour stylos \u00e0 vapeur jetables personnalis\u00e9es Wholesale<\/h1>\n<p><strong>Conception unique<\/strong><br \/>\nNotre bo\u00eete \u00e0 e-cigarettes personnalis\u00e9e pr\u00e9sente un design \u00e9l\u00e9gant et moderne qui attire l'attention. Le m\u00e9canisme de basculement ajoute une touche de sophistication, facilitant l'acc\u00e8s \u00e0 votre e-cigarette avec style. Les options personnalisables vous permettent de personnaliser la bo\u00eete avec le logo, les couleurs et les motifs de votre marque, afin qu'elle se d\u00e9marque dans les rayons.<br \/>\n<strong>Mat\u00e9riaux de premi\u00e8re qualit\u00e9<\/strong><br \/>\nNous n'utilisons que des mat\u00e9riaux de la plus haute qualit\u00e9 pour garantir la durabilit\u00e9 et la protection. La bo\u00eete est fabriqu\u00e9e en carton ou en plastique robuste, ce qui prot\u00e8ge votre e-cigarette contre les dommages pendant le transport et le stockage. La doublure int\u00e9rieure est soigneusement con\u00e7ue pour maintenir l'appareil en place, \u00e9vitant ainsi tout mouvement ou rayure.<br \/>\n<strong>Pratique et compact<\/strong><br \/>\nLa taille compacte de l'E-Cigarette Flip Box personnalis\u00e9e la rend tr\u00e8s portable. Vous pouvez facilement la glisser dans votre poche ou votre sac, et emporter vos accessoires de vapotage avec vous o\u00f9 que vous alliez. Le design de la Flip Box permet \u00e9galement un acc\u00e8s rapide et sans probl\u00e8me \u00e0 votre e-cigarette, ce qui vous permet de fumer en toute tranquillit\u00e9 pendant vos d\u00e9placements.<br \/>\n<strong>Promotion de la marque<\/strong><br \/>\nCette bo\u00eete \u00e0 rabat n'est pas seulement une solution d'emballage, mais aussi un puissant outil de marketing. Personnalisez-la avec l'identit\u00e9 de votre marque pour en accro\u00eetre la visibilit\u00e9 et la reconnaissance. Le design unique et la touche personnalis\u00e9e laisseront une impression durable sur vos clients, ce qui vous aidera \u00e0 vous constituer une client\u00e8le fid\u00e8le.<br \/>\n<strong>Options polyvalentes<\/strong><br \/>\nQue vous soyez une petite entreprise en d\u00e9marrage ou une marque \u00e9tablie, nous offrons un large \u00e9ventail d'options de personnalisation pour r\u00e9pondre \u00e0 vos besoins sp\u00e9cifiques. Choisissez parmi diff\u00e9rentes tailles, formes et finitions pour cr\u00e9er une flip box qui repr\u00e9sente parfaitement votre produit d'e-cigarette.<\/p>\n<p>Am\u00e9liorez l'emballage de votre e-cigarette avec le Flip Box personnalis\u00e9 pour e-cigarette et faites une d\u00e9claration audacieuse sur le march\u00e9. Contactez-nous d\u00e8s aujourd'hui pour commencer \u00e0 cr\u00e9er votre solution d'emballage unique !<\/p>\n<h1><strong>Sp\u00e9cifications<\/strong><\/h1>\n<div class=\"widget block block-static-block\">\n<div class=\"landing-page-section option-bottom\">\n<div class=\"custom-materials-tabs-content container container-adjustment\">\n<div class=\"custom-materials-tab-content active\">\n<div class=\"widget block block-static-block\">\n<div class=\"options-items\">\n<div class=\"flex-grid-row-option\">\n<div class=\"flex-grid-item-option\">\n<div class=\"material-box\">\n<div class=\"material-des\">\n<table class=\"table table-striped\" width=\"1140\">\n<tbody>\n<tr class=\"firstRow\">\n<td>Dimensions<\/td>\n<td>Toutes les tailles et formes personnalis\u00e9es<\/td>\n<\/tr>\n<tr>\n<td>Impression<\/td>\n<td>CMYK, PMS, pas d'impression<\/td>\n<\/tr>\n<tr>\n<td>Stock de papier<\/td>\n<td>10pt \u00e0 28pt (60lb \u00e0 400lb) Kraft \u00e9cologique, carton ondul\u00e9 \u00e0 cannelure E, carton Bux, papier cartonn\u00e9<\/td>\n<\/tr>\n<tr>\n<td>Quantit\u00e9s<\/td>\n<td>500 - 500,000<\/td>\n<\/tr>\n<tr>\n<td>Rev\u00eatement<\/td>\n<td>Brillant, mat, spot UV<\/td>\n<\/tr>\n<tr>\n<td>Processus par d\u00e9faut<\/td>\n<td>D\u00e9coupage, collage, rainurage, perforation<\/td>\n<\/tr>\n<tr>\n<td>Options<\/td>\n<td>D\u00e9coupe de fen\u00eatres sur mesure, dorure\/argent, gaufrage, encre en relief, feuilles de PVC.<\/td>\n<\/tr>\n<tr>\n<td>Preuve<\/td>\n<td>Vue \u00e0 plat, maquette 3D, \u00e9chantillonnage physique (sur demande)<\/td>\n<\/tr>\n<tr>\n<td>D\u00e9lai d'ex\u00e9cution<\/td>\n<td>7-14 jours ouvrables , Rush<\/td>\n<\/tr>\n<tr>\n<td>MOQ<\/td>\n<td>500<\/td>\n<\/tr>\n<\/tbody>\n<\/table>\n<\/div>\n<p>&nbsp;<\/p>\n<\/div>\n<\/div>\n<\/div>\n<\/div>\n<p><!---end of option item--><\/p>\n<\/div>\n<\/div>\n<\/div>\n<\/div>\n<\/div>","protected":false},"excerpt":{"rendered":"<p>1. S\u00e9curit\u00e9 enfants pour \u00e9viter que les enfants ne l'ing\u00e8rent accidentellement, mais les adultes peuvent l'ouvrir facilement.<br \/>\n2. Diff\u00e9rentes tailles peuvent \u00eatre personnalis\u00e9es en fonction de vos produits, convenant \u00e0 l'emballage de divers types de vape de cannabis.<br \/>\n3. Usine de personnalisation des emballages de cannabis, \u00e9chantillons gratuits, peut vous fournir le prix le plus bas et le d\u00e9lai de livraison le plus rapide.<\/p>","protected":false},"featured_media":6464,"template":"","meta":[],"product_brand":[],"product_cat":[30,431,420,31],"product_tag":[719,717,718],"class_list":{"0":"post-2526","1":"product","2":"type-product","3":"status-publish","4":"has-post-thumbnail","6":"product_cat-by-industry","7":"product_cat-child-resistant-packaging","8":"product_cat-custom-cannabis-boxes","9":"product_cat-paper-box-style","10":"product_tag-dank-vape-packaging-boxes","11":"product_tag-disposable-vape-packaging","12":"product_tag-vape-pen-packaging","14":"first","15":"instock","16":"shipping-taxable","17":"product-type-grouped"},"_links":{"self":[{"href":"https:\/\/zojopackaging.com\/fr\/wp-json\/wp\/v2\/product\/2526","targetHints":{"allow":["GET"]}}],"collection":[{"href":"https:\/\/zojopackaging.com\/fr\/wp-json\/wp\/v2\/product"}],"about":[{"href":"https:\/\/zojopackaging.com\/fr\/wp-json\/wp\/v2\/types\/product"}],"version-history":[{"count":2,"href":"https:\/\/zojopackaging.com\/fr\/wp-json\/wp\/v2\/product\/2526\/revisions"}],"predecessor-version":[{"id":8425,"href":"https:\/\/zojopackaging.com\/fr\/wp-json\/wp\/v2\/product\/2526\/revisions\/8425"}],"wp:featuredmedia":[{"embeddable":true,"href":"https:\/\/zojopackaging.com\/fr\/wp-json\/wp\/v2\/media\/6464"}],"wp:attachment":[{"href":"https:\/\/zojopackaging.com\/fr\/wp-json\/wp\/v2\/media?parent=2526"}],"wp:term":[{"taxonomy":"product_brand","embeddable":true,"href":"https:\/\/zojopackaging.com\/fr\/wp-json\/wp\/v2\/product_brand?post=2526"},{"taxonomy":"product_cat","embeddable":true,"href":"https:\/\/zojopackaging.com\/fr\/wp-json\/wp\/v2\/product_cat?post=2526"},{"taxonomy":"product_tag","embeddable":true,"href":"https:\/\/zojopackaging.com\/fr\/wp-json\/wp\/v2\/product_tag?post=2526"}],"curies":[{"name":"wp","href":"https:\/\/api.w.org\/{rel}","templated":true}]}}