{"id":2539,"date":"2024-03-12T11:50:20","date_gmt":"2024-03-12T03:50:20","guid":{"rendered":"https:\/\/zojopackaging.com\/?post_type=product&#038;p=2539"},"modified":"2025-03-28T14:15:29","modified_gmt":"2025-03-28T06:15:29","slug":"custom-e-cigarette-drawer-packaging-boxes","status":"publish","type":"product","link":"https:\/\/zojopackaging.com\/fr\/product\/custom-e-cigarette-drawer-packaging-boxes\/","title":{"rendered":"Bo\u00eetes d'emballage \u00e0 l'\u00e9preuve des enfants Premium Custom Vape Packaging Boxes Wholesale"},"content":{"rendered":"<h1>Bo\u00eetes d'emballage \u00e0 l'\u00e9preuve des enfants Premium Custom Vape Packaging Boxes Wholesale<\/h1>\n<p>Les bo\u00eetes d'emballage de vape personnalis\u00e9es \u00e0 l'\u00e9preuve des enfants - une solution d'emballage sophistiqu\u00e9e et fonctionnelle pour vos produits d'e-cigarette.<\/p>\n<p>L'int\u00e9rieur de la bo\u00eete \u00e0 papier \u00e0 tiroirs est soigneusement con\u00e7u pour s'adapter parfaitement \u00e0 votre nuque et \u00e0 vos accessoires. Il offre une excellente protection, pr\u00e9servant vos produits de tout dommage pendant le stockage et le transport.<\/p>\n<p>Nos bo\u00eetes en papier personnalis\u00e9es pour tiroirs \u00e0 vape sont fabriqu\u00e9es \u00e0 partir de mat\u00e9riaux de haute qualit\u00e9, ce qui garantit leur durabilit\u00e9 et leur aspect luxueux. Ce n'est pas un simple emballage, c'est une extension de la qualit\u00e9 et de l'engagement de votre marque.<\/p>\n<p>Que vous lanciez une nouvelle ligne de vape ou que vous cherchiez \u00e0 am\u00e9liorer votre emballage existant, nos bo\u00eetes \u00e0 tiroirs personnalis\u00e9es sont le choix id\u00e9al. D\u00e9marquez-vous sur le march\u00e9 et offrez \u00e0 vos clients une exp\u00e9rience de d\u00e9ballage inoubliable.<\/p>\n<p>Choisissez les bo\u00eetes en papier personnalis\u00e9es pour tiroirs \u00e0 vape et \u00e9levez votre marque \u00e0 de nouveaux sommets.<\/p>\n<h1><strong>Sp\u00e9cifications<\/strong><\/h1>\n<table style=\"height: 456px;\" width=\"1153\">\n<tbody>\n<tr>\n<td width=\"373\">Dimensions<\/td>\n<td width=\"373\">Toutes les tailles et formes personnalis\u00e9es<\/td>\n<\/tr>\n<tr>\n<td width=\"373\">Impression<\/td>\n<td width=\"373\">CMYK, PMS, pas d'impression<\/td>\n<\/tr>\n<tr>\n<td width=\"373\">Stock de papier<\/td>\n<td width=\"373\">10pt \u00e0 28pt (60lb \u00e0 400lb) Kraft \u00e9cologique, carton ondul\u00e9 \u00e0 cannelure E, carton Bux, papier cartonn\u00e9<\/td>\n<\/tr>\n<tr>\n<td width=\"373\">Quantit\u00e9s<\/td>\n<td width=\"373\">500- 500,000<\/td>\n<\/tr>\n<tr>\n<td width=\"373\">Rev\u00eatement<\/td>\n<td width=\"373\">Brillant, mat, spot UV<\/td>\n<\/tr>\n<tr>\n<td width=\"373\">Processus par d\u00e9faut<\/td>\n<td width=\"373\">D\u00e9coupage, collage, rainurage, perforation<\/td>\n<\/tr>\n<tr>\n<td width=\"373\">Options<\/td>\n<td width=\"373\">D\u00e9coupe de fen\u00eatres sur mesure, dorure\/argent, gaufrage, encre en relief, feuilles de PVC.<\/td>\n<\/tr>\n<tr>\n<td width=\"373\">Preuve<\/td>\n<td width=\"373\">Vue \u00e0 plat, maquette 3D, \u00e9chantillonnage physique (sur demande)<\/td>\n<\/tr>\n<tr>\n<td width=\"373\">D\u00e9lai d'ex\u00e9cution<\/td>\n<td width=\"373\">7-14 jours ouvrables , Rush<\/td>\n<\/tr>\n<tr>\n<td width=\"373\">MOQ<\/td>\n<td width=\"373\">500<\/td>\n<\/tr>\n<tr>\n<td width=\"373\">Temps d'\u00e9chantillonnage<\/td>\n<td width=\"373\">\u00a05 jours<\/td>\n<\/tr>\n<tr>\n<td width=\"373\">D\u00e9lai de paiement<\/td>\n<td width=\"373\">T\/T, Western Union, Paypal, d\u00e9p\u00f4t de 30% et solde de 70% avant l'exp\u00e9dition.<\/td>\n<\/tr>\n<\/tbody>\n<\/table>\n<div class=\"widget block block-static-block\">\n<div class=\"landing-page-section option-bottom\">\n<div class=\"custom-materials-tabs-content container container-adjustment\">\n<div class=\"custom-materials-tab-content active\">\n<div class=\"widget block block-static-block\">\n<div class=\"options-items\">\n<div class=\"flex-grid-row-option\">\n<div class=\"flex-grid-item-option\">\n<div class=\"material-box\">\n<div class=\"material-des\">\n<p>&nbsp;<\/p>\n<\/div>\n<p>&nbsp;<\/p>\n<\/div>\n<\/div>\n<\/div>\n<\/div>\n<p><!---end of option item--><\/p>\n<\/div>\n<\/div>\n<\/div>\n<\/div>\n<\/div>","protected":false},"excerpt":{"rendered":"<p>1. Conception \u00e0 l'\u00e9preuve des enfants pour emp\u00eacher les enfants de l'ing\u00e9rer accidentellement, mais les adultes peuvent l'ouvrir facilement.<br \/>\n2. La conception de la fen\u00eatre permet aux clients de voir vos produits de vapotage de mani\u00e8re plus intuitive, ce qui peut r\u00e9duire les co\u00fbts de communication.<br \/>\n3. Diff\u00e9rentes tailles peuvent \u00eatre personnalis\u00e9es en fonction de vos produits, convenant \u00e0 toutes sortes d'emballages de vape de cannabis.<\/p>","protected":false},"featured_media":6384,"template":"","meta":[],"product_brand":[],"product_cat":[30,431,420,31],"product_tag":[792,793,595],"class_list":{"0":"post-2539","1":"product","2":"type-product","3":"status-publish","4":"has-post-thumbnail","6":"product_cat-by-industry","7":"product_cat-child-resistant-packaging","8":"product_cat-custom-cannabis-boxes","9":"product_cat-paper-box-style","10":"product_tag-child-proof-vape-packaging","11":"product_tag-premium-vape-packaging","12":"product_tag-vape-packaging-wholesale","14":"first","15":"instock","16":"shipping-taxable","17":"product-type-grouped"},"_links":{"self":[{"href":"https:\/\/zojopackaging.com\/fr\/wp-json\/wp\/v2\/product\/2539","targetHints":{"allow":["GET"]}}],"collection":[{"href":"https:\/\/zojopackaging.com\/fr\/wp-json\/wp\/v2\/product"}],"about":[{"href":"https:\/\/zojopackaging.com\/fr\/wp-json\/wp\/v2\/types\/product"}],"version-history":[{"count":2,"href":"https:\/\/zojopackaging.com\/fr\/wp-json\/wp\/v2\/product\/2539\/revisions"}],"predecessor-version":[{"id":8458,"href":"https:\/\/zojopackaging.com\/fr\/wp-json\/wp\/v2\/product\/2539\/revisions\/8458"}],"wp:featuredmedia":[{"embeddable":true,"href":"https:\/\/zojopackaging.com\/fr\/wp-json\/wp\/v2\/media\/6384"}],"wp:attachment":[{"href":"https:\/\/zojopackaging.com\/fr\/wp-json\/wp\/v2\/media?parent=2539"}],"wp:term":[{"taxonomy":"product_brand","embeddable":true,"href":"https:\/\/zojopackaging.com\/fr\/wp-json\/wp\/v2\/product_brand?post=2539"},{"taxonomy":"product_cat","embeddable":true,"href":"https:\/\/zojopackaging.com\/fr\/wp-json\/wp\/v2\/product_cat?post=2539"},{"taxonomy":"product_tag","embeddable":true,"href":"https:\/\/zojopackaging.com\/fr\/wp-json\/wp\/v2\/product_tag?post=2539"}],"curies":[{"name":"wp","href":"https:\/\/api.w.org\/{rel}","templated":true}]}}