{"id":2571,"date":"2024-03-12T13:47:23","date_gmt":"2024-03-12T05:47:23","guid":{"rendered":"https:\/\/zojopackaging.com\/?post_type=product&#038;p=2571"},"modified":"2025-03-24T18:34:31","modified_gmt":"2025-03-24T10:34:31","slug":"custom-pre-roll-packaging","status":"publish","type":"product","link":"https:\/\/zojopackaging.com\/fr\/product\/custom-pre-roll-packaging\/","title":{"rendered":"Joints pr\u00e9-enroul\u00e9s personnalis\u00e9s pour le cannabis Bo\u00eetes d'emballage Fournitures"},"content":{"rendered":"<h1>Joints pr\u00e9-enroul\u00e9s personnalis\u00e9s pour le cannabis Emballages Bo\u00eetes FournituresEmballages pr\u00e9-enroul\u00e9s personnalis\u00e9s<\/h1>\n<p><a href=\"https:\/\/zojopackaging.com\/fr\/categorie-produit\/cannabis-boxes\/\">Emballage en pr\u00e9-bobine sur mesure<\/a> est une m\u00e9thode d'emballage sp\u00e9cifique pour les <a href=\"https:\/\/zojoprint.en.alibaba.com\/productgrouplist-941131925\/Child_Resistant_Packaging_Box.html\" target=\"_blank\" rel=\"noopener\">produits du cannabis<\/a>\u00c0 mesure que l'industrie du cannabis se l\u00e9galise et se commercialise, elle conna\u00eet une \u00e9volution et une innovation rapides.<a href=\"https:\/\/zojopackaging.com\/fr\/categorie-produit\/cannabis-boxes\/\">emballage des pr\u00e9-bobines<\/a> disposent d'une multitude d'options personnalis\u00e9es, y compris une vari\u00e9t\u00e9 de formes, de designs, de tailles, de couleurs, de s\u00e9curit\u00e9s pour les enfants et de d\u00e9coupes, etc. Ces options leur permettent non seulement de prot\u00e9ger les produits, mais aussi de renforcer l'image de marque et d'attirer l'attention des consommateurs.<\/p>\n<h3><a href=\"https:\/\/zojopackaging.com\/fr\/categorie-produit\/cannabis-boxes\/\">Emballage en pr\u00e9-bobine sur mesure<\/a> suit les tendances du march\u00e9<\/h3>\n<p>L'industrie du cannabis est un march\u00e9 dynamique en constante \u00e9volution, avec des pr\u00e9f\u00e9rences des consommateurs et des paysages r\u00e9glementaires qui changent \u00e0 un rythme rapide.Par cons\u00e9quent,Dans un march\u00e9 encombr\u00e9, la conception d'un emballage unique est essentielle. l'emballage est souvent la premi\u00e8re interaction qu'un consommateur a avec un produit. Un emballage bien con\u00e7u peut am\u00e9liorer l'exp\u00e9rience de l'utilisateur,L'emballage personnalis\u00e9 aide les marques de cannabis \u00e0 \u00e9tablir une identit\u00e9 unique et \u00e0 fid\u00e9liser la client\u00e8le.zojopackaging.us Nous fournissons des services complets d'emballage et de conditionnement. <a href=\"https:\/\/zojopackaging.com\/fr\/categorie-produit\/cannabis-boxes\/\">emballage personnalis\u00e9 des rouleaux de cigarettes (pre-roll)<\/a> Nous proposons des solutions bas\u00e9es sur les sp\u00e9cifications de vos produits et les besoins du march\u00e9, ce qui permet \u00e0 votre marque de se positionner de mani\u00e8re unique sur le march\u00e9 tout en garantissant la qualit\u00e9 et la s\u00e9curit\u00e9 des produits, dans le but d'aider votre marque \u00e0 se d\u00e9marquer sur un march\u00e9 hautement concurrentiel.<\/p>\n<h3>Emballage et impression de bo\u00eetes pr\u00e9-enroul\u00e9es sur mesure<\/h3>\n<p>Nous fournissons des solutions d'emballage et d'impression de la plus haute qualit\u00e9 pour les produits pr\u00e9-roul\u00e9s.Nous avons une \u00e9quipe professionnelle qui m\u00e8ne r\u00e9guli\u00e8rement des \u00e9tudes de march\u00e9 pour analyser les changements dans le comportement et les pr\u00e9f\u00e9rences des consommateurs, et nous avons une compr\u00e9hension profonde et en temps r\u00e9el des tendances populaires dans l'industrie de l'impression d'emballage.Nous nous assurons que nos clients peuvent utiliser les derni\u00e8res conceptions et technologies pour am\u00e9liorer l'emballage de leurs produits.Nous utilisons les derni\u00e8res technologies d'impression pour garantir que la qualit\u00e9 d'impression de l'emballage est du plus haut niveau, comme les bo\u00eetes pr\u00e9-roul\u00e9es.La conception de l'emballage peut \u00eatre personnalis\u00e9e selon vos besoins, y compris la couleur, le motif, le logo de la marque et l'\u00e9tiquette d'information. Il peut aider votre marque \u00e0 se d\u00e9marquer sur le march\u00e9.<\/p>\n<p>&nbsp;<\/p>\n<p><strong>Sp\u00e9cifications<\/strong><\/p>\n<table style=\"height: 456px;\" width=\"1153\">\n<tbody>\n<tr>\n<td width=\"373\">Dimensions<\/td>\n<td width=\"373\">Toutes les tailles et formes personnalis\u00e9es<\/td>\n<\/tr>\n<tr>\n<td width=\"373\">Impression<\/td>\n<td width=\"373\">CMYK, PMS, pas d'impression<\/td>\n<\/tr>\n<tr>\n<td width=\"373\">Stock de papier<\/td>\n<td width=\"373\">10pt \u00e0 28pt (60lb \u00e0 400lb) Kraft \u00e9cologique, carton ondul\u00e9 \u00e0 cannelure E, carton Bux, papier cartonn\u00e9<\/td>\n<\/tr>\n<tr>\n<td width=\"373\">Quantit\u00e9s<\/td>\n<td width=\"373\">500- 500,000<\/td>\n<\/tr>\n<tr>\n<td width=\"373\">Rev\u00eatement<\/td>\n<td width=\"373\">Brillant, mat, spot UV<\/td>\n<\/tr>\n<tr>\n<td width=\"373\">Processus par d\u00e9faut<\/td>\n<td width=\"373\">D\u00e9coupage, collage, rainurage, perforation<\/td>\n<\/tr>\n<tr>\n<td width=\"373\">Options<\/td>\n<td width=\"373\">D\u00e9coupe de fen\u00eatres sur mesure, dorure\/argent, gaufrage, encre en relief, feuilles de PVC.<\/td>\n<\/tr>\n<tr>\n<td width=\"373\">Preuve<\/td>\n<td width=\"373\">Vue \u00e0 plat, maquette 3D, \u00e9chantillonnage physique (sur demande)<\/td>\n<\/tr>\n<tr>\n<td width=\"373\">D\u00e9lai d'ex\u00e9cution<\/td>\n<td width=\"373\">7-14 jours ouvrables , Rush<\/td>\n<\/tr>\n<tr>\n<td width=\"373\">MOQ<\/td>\n<td width=\"373\">500<\/td>\n<\/tr>\n<tr>\n<td width=\"373\">Temps d'\u00e9chantillonnage<\/td>\n<td width=\"373\">\u00a05 jours<\/td>\n<\/tr>\n<tr>\n<td width=\"373\">D\u00e9lai de paiement<\/td>\n<td width=\"373\">T\/T, Western Union, Paypal, d\u00e9p\u00f4t de 30% et solde de 70% avant l'exp\u00e9dition.<\/td>\n<\/tr>\n<\/tbody>\n<\/table>\n<div class=\"widget block block-static-block\">\n<div class=\"landing-page-section option-bottom\">\n<div class=\"custom-materials-tabs-content container container-adjustment\">\n<div class=\"custom-materials-tab-content active\">\n<div class=\"widget block block-static-block\">\n<div class=\"options-items\">\n<div class=\"flex-grid-row-option\">\n<div class=\"flex-grid-item-option\">\n<div class=\"material-box\">\n<div class=\"material-des\">\n<p>&nbsp;<\/p>\n<\/div>\n<p>&nbsp;<\/p>\n<\/div>\n<\/div>\n<\/div>\n<\/div>\n<p><!---end of option item--><\/p>\n<\/div>\n<\/div>\n<\/div>\n<\/div>\n<\/div>","protected":false},"excerpt":{"rendered":"<ul>\n<li>MOQ : 500 pi\u00e8ces<\/li>\n<li>D\u00e9lai de livraison : 7-14 jours ouvrables, urgent<\/li>\n<li>Dimensions sur mesure (diam\u00e8tre x hauteur)<\/li>\n<li>Impression personnalis\u00e9e<\/li>\n<li>Respectueux de l'environnement, recyclable et sans plastique<\/li>\n<li>Prix\uff1aLe prix final sera adapt\u00e9 \u00e0 votre produit et \u00e0 la quantit\u00e9 souhait\u00e9e.<\/li>\n<\/ul>","protected":false},"featured_media":6462,"template":"","meta":[],"product_brand":[],"product_cat":[30,431,420,31,426],"product_tag":[584,585,586],"class_list":{"0":"post-2571","1":"product","2":"type-product","3":"status-publish","4":"has-post-thumbnail","6":"product_cat-by-industry","7":"product_cat-child-resistant-packaging","8":"product_cat-custom-cannabis-boxes","9":"product_cat-paper-box-style","10":"product_cat-paper-drawer-boxes","11":"product_tag-cannabis-pre-roll-packaging","12":"product_tag-pre-roll-boxes","13":"product_tag-pre-roll-packaging-supplies","15":"first","16":"instock","17":"shipping-taxable","18":"product-type-grouped"},"_links":{"self":[{"href":"https:\/\/zojopackaging.com\/fr\/wp-json\/wp\/v2\/product\/2571","targetHints":{"allow":["GET"]}}],"collection":[{"href":"https:\/\/zojopackaging.com\/fr\/wp-json\/wp\/v2\/product"}],"about":[{"href":"https:\/\/zojopackaging.com\/fr\/wp-json\/wp\/v2\/types\/product"}],"version-history":[{"count":2,"href":"https:\/\/zojopackaging.com\/fr\/wp-json\/wp\/v2\/product\/2571\/revisions"}],"predecessor-version":[{"id":8115,"href":"https:\/\/zojopackaging.com\/fr\/wp-json\/wp\/v2\/product\/2571\/revisions\/8115"}],"wp:featuredmedia":[{"embeddable":true,"href":"https:\/\/zojopackaging.com\/fr\/wp-json\/wp\/v2\/media\/6462"}],"wp:attachment":[{"href":"https:\/\/zojopackaging.com\/fr\/wp-json\/wp\/v2\/media?parent=2571"}],"wp:term":[{"taxonomy":"product_brand","embeddable":true,"href":"https:\/\/zojopackaging.com\/fr\/wp-json\/wp\/v2\/product_brand?post=2571"},{"taxonomy":"product_cat","embeddable":true,"href":"https:\/\/zojopackaging.com\/fr\/wp-json\/wp\/v2\/product_cat?post=2571"},{"taxonomy":"product_tag","embeddable":true,"href":"https:\/\/zojopackaging.com\/fr\/wp-json\/wp\/v2\/product_tag?post=2571"}],"curies":[{"name":"wp","href":"https:\/\/api.w.org\/{rel}","templated":true}]}}