{"id":2585,"date":"2024-03-12T13:59:15","date_gmt":"2024-03-12T05:59:15","guid":{"rendered":"https:\/\/zojopackaging.com\/?post_type=product&#038;p=2585"},"modified":"2025-03-28T14:40:18","modified_gmt":"2025-03-28T06:40:18","slug":"customized-e-cigarette-packaging-box","status":"publish","type":"product","link":"https:\/\/zojopackaging.com\/fr\/product\/customized-e-cigarette-packaging-box\/","title":{"rendered":"Bo\u00eete d'emballage de cartouches de vaporisation imprim\u00e9e sur mesure et r\u00e9sistante aux enfants"},"content":{"rendered":"<h1>Bo\u00eete d'emballage de cartouches de vaporisation imprim\u00e9e sur mesure et r\u00e9sistante aux enfants<\/h1>\n<div>Les coffrets de vapotage n\u00e9cessitent un emballage qui prot\u00e8ge les articles d\u00e9licats et attire l'attention des clients au premier coup d'\u0153il.<\/div>\n<div>Elles se composent d'un atomiseur, d'une batterie, d'un embout et d'un e-liquide. En raison du caract\u00e8re de plus en plus addictif de son go\u00fbt et du fait qu'il s'agit aujourd'hui d'une ic\u00f4ne de style, tous les fabricants de tabac sont tr\u00e8s attentifs \u00e0 leur marque et \u00e0 leurs bo\u00eetes. Vous ne pouvez pas vous permettre d'ignorer une bo\u00eete en papier color\u00e9e et attrayante. Am\u00e9liorez votre exp\u00e9rience de la vape avec notre bo\u00eete d'emballage de vape personnalis\u00e9e de premi\u00e8re qualit\u00e9. Fabriqu\u00e9e avec pr\u00e9cision et soin, notre solution d'emballage offre un moyen \u00e9l\u00e9gant et fonctionnel de stocker et de transporter vos e-cigarettes.<\/div>\n<div>\n<ul>\n<li>\u00c9quipe d'assistance d\u00e9di\u00e9e<\/li>\n<li>Obtenir un devis gratuit<\/li>\n<li>100% sur mesure<\/li>\n<li>regarder notre vid\u00e9o sur les produits<\/li>\n<li>100% Satisfaction des clients<\/li>\n<li>\u00c9chantillonnage gratuit<\/li>\n<li>Construction durable \u00e0 double extr\u00e9mit\u00e9 et double fond<\/li>\n<li>Utilisation pour tout travail cr\u00e9atif et d\u00e9coratif<\/li>\n<\/ul>\n<\/div>\n<div class=\"widget block block-static-block\">\n<div class=\"landing-page-section option-bottom\">\n<div class=\"custom-materials-tabs-content container container-adjustment\">\n<div class=\"custom-materials-tab-content active\">\n<div class=\"widget block block-static-block\">\n<div class=\"options-items\">\n<div class=\"flex-grid-row-option\">\n<div class=\"flex-grid-item-option\">\n<div class=\"material-box\">\n<div class=\"material-des\">\n<h1><strong>Sp\u00e9cifications<\/strong><\/h1>\n<table style=\"height: 456px;\" width=\"1153\">\n<tbody>\n<tr>\n<td width=\"373\">Dimensions<\/td>\n<td width=\"373\">Toutes les tailles et formes personnalis\u00e9es<\/td>\n<\/tr>\n<tr>\n<td width=\"373\">Impression<\/td>\n<td width=\"373\">CMYK, PMS, pas d'impression<\/td>\n<\/tr>\n<tr>\n<td width=\"373\">Stock de papier<\/td>\n<td width=\"373\">10pt \u00e0 28pt (60lb \u00e0 400lb) Kraft \u00e9cologique, carton ondul\u00e9 \u00e0 cannelure E, carton Bux, papier cartonn\u00e9<\/td>\n<\/tr>\n<tr>\n<td width=\"373\">Quantit\u00e9s<\/td>\n<td width=\"373\">500- 500,000<\/td>\n<\/tr>\n<tr>\n<td width=\"373\">Rev\u00eatement<\/td>\n<td width=\"373\">Brillant, mat, spot UV<\/td>\n<\/tr>\n<tr>\n<td width=\"373\">Processus par d\u00e9faut<\/td>\n<td width=\"373\">D\u00e9coupage, collage, rainurage, perforation<\/td>\n<\/tr>\n<tr>\n<td width=\"373\">Options<\/td>\n<td width=\"373\">D\u00e9coupe de fen\u00eatres sur mesure, dorure\/argent, gaufrage, encre en relief, feuilles de PVC.<\/td>\n<\/tr>\n<tr>\n<td width=\"373\">Preuve<\/td>\n<td width=\"373\">Vue \u00e0 plat, maquette 3D, \u00e9chantillonnage physique (sur demande)<\/td>\n<\/tr>\n<tr>\n<td width=\"373\">D\u00e9lai d'ex\u00e9cution<\/td>\n<td width=\"373\">7-14 jours ouvrables , Rush<\/td>\n<\/tr>\n<tr>\n<td width=\"373\">MOQ<\/td>\n<td width=\"373\">500<\/td>\n<\/tr>\n<tr>\n<td width=\"373\">Temps d'\u00e9chantillonnage<\/td>\n<td width=\"373\">\u00a05 jours<\/td>\n<\/tr>\n<tr>\n<td width=\"373\">D\u00e9lai de paiement<\/td>\n<td width=\"373\">T\/T, Western Union, Paypal, d\u00e9p\u00f4t de 30% et solde de 70% avant l'exp\u00e9dition.<\/td>\n<\/tr>\n<\/tbody>\n<\/table>\n<\/div>\n<p>&nbsp;<\/p>\n<\/div>\n<\/div>\n<\/div>\n<\/div>\n<p><!---end of option item--><\/p>\n<\/div>\n<\/div>\n<\/div>\n<\/div>\n<\/div>","protected":false},"excerpt":{"rendered":"<p>1. La finition UV par points peut \u00eatre compl\u00e8tement durcie en quelques secondes, ce qui r\u00e9duit consid\u00e9rablement le temps de s\u00e9chage, permet l'impression en continu et le post-traitement, et am\u00e9liore de mani\u00e8re significative l'efficacit\u00e9 de la production.<br \/>\n2. S\u00e9curit\u00e9 enfants pour \u00e9viter que les enfants ne l'ing\u00e8rent accidentellement, mais les adultes peuvent l'ouvrir facilement.<br \/>\n3. Diff\u00e9rentes tailles peuvent \u00eatre personnalis\u00e9es en fonction de votre produit, convenant \u00e0 toutes sortes d'emballages d'e-cigarettes de cannabis.<\/p>","protected":false},"featured_media":6118,"template":"","meta":[],"product_brand":[],"product_cat":[30,431,420,31],"product_tag":[803,594,802],"class_list":{"0":"post-2585","1":"product","2":"type-product","3":"status-publish","4":"has-post-thumbnail","6":"product_cat-by-industry","7":"product_cat-child-resistant-packaging","8":"product_cat-custom-cannabis-boxes","9":"product_cat-paper-box-style","10":"product_tag-child-resistant-cartridge-packaging","11":"product_tag-custom-vape-packaging","12":"product_tag-vape-cartridge-packaging-box","14":"first","15":"instock","16":"shipping-taxable","17":"product-type-grouped"},"_links":{"self":[{"href":"https:\/\/zojopackaging.com\/fr\/wp-json\/wp\/v2\/product\/2585","targetHints":{"allow":["GET"]}}],"collection":[{"href":"https:\/\/zojopackaging.com\/fr\/wp-json\/wp\/v2\/product"}],"about":[{"href":"https:\/\/zojopackaging.com\/fr\/wp-json\/wp\/v2\/types\/product"}],"version-history":[{"count":2,"href":"https:\/\/zojopackaging.com\/fr\/wp-json\/wp\/v2\/product\/2585\/revisions"}],"predecessor-version":[{"id":8462,"href":"https:\/\/zojopackaging.com\/fr\/wp-json\/wp\/v2\/product\/2585\/revisions\/8462"}],"wp:featuredmedia":[{"embeddable":true,"href":"https:\/\/zojopackaging.com\/fr\/wp-json\/wp\/v2\/media\/6118"}],"wp:attachment":[{"href":"https:\/\/zojopackaging.com\/fr\/wp-json\/wp\/v2\/media?parent=2585"}],"wp:term":[{"taxonomy":"product_brand","embeddable":true,"href":"https:\/\/zojopackaging.com\/fr\/wp-json\/wp\/v2\/product_brand?post=2585"},{"taxonomy":"product_cat","embeddable":true,"href":"https:\/\/zojopackaging.com\/fr\/wp-json\/wp\/v2\/product_cat?post=2585"},{"taxonomy":"product_tag","embeddable":true,"href":"https:\/\/zojopackaging.com\/fr\/wp-json\/wp\/v2\/product_tag?post=2585"}],"curies":[{"name":"wp","href":"https:\/\/api.w.org\/{rel}","templated":true}]}}