{"id":2612,"date":"2024-03-12T14:51:34","date_gmt":"2024-03-12T06:51:34","guid":{"rendered":"https:\/\/zojopackaging.com\/?post_type=product&#038;p=2612"},"modified":"2025-03-28T16:37:20","modified_gmt":"2025-03-28T08:37:20","slug":"pink-e-cigarette-packaging-card-box","status":"publish","type":"product","link":"https:\/\/zojopackaging.com\/fr\/product\/pink-e-cigarette-packaging-card-box\/","title":{"rendered":"Bo\u00eete d'emballage de liquide de vaporisation de marijuana et de produits comestibles Factory"},"content":{"rendered":"<h1>Bo\u00eete d'emballage de liquide de vaporisation de marijuana et de produits comestibles Factory<\/h1>\n<p>La bo\u00eete d'emballage rose personnalis\u00e9e pour stylo \u00e0 vape liquide marijuana edible est une solution \u00e9l\u00e9gante et fonctionnelle pour stocker et pr\u00e9senter les cigarettes \u00e9lectroniques d'une mani\u00e8re attrayante. Cette bo\u00eete d'emballage est con\u00e7ue avec une touche f\u00e9minine, avec une couleur rose douce qui attire une esth\u00e9tique plus d\u00e9licate et \u00e9l\u00e9gante.<\/p>\n<p>La bo\u00eete \u00e0 cartes est fabriqu\u00e9e \u00e0 partir de mat\u00e9riaux de haute qualit\u00e9, ce qui garantit la durabilit\u00e9 et la protection des cigarettes \u00e9lectroniques qu'elle contient. La construction robuste de la bo\u00eete permet de conserver le contenu en toute s\u00e9curit\u00e9 pendant le stockage et le transport.<\/p>\n<p>Le design de la bo\u00eete d'emballage est \u00e9l\u00e9gant et moderne, avec un aspect propre et minimaliste qui compl\u00e8te l'attrait g\u00e9n\u00e9ral des cigarettes \u00e9lectroniques. La couleur rose ajoute une touche de sophistication et de charme, ce qui lui permet de se d\u00e9marquer dans les rayons des magasins ou lorsqu'elle est offerte en cadeau.<\/p>\n<p>La bo\u00eete est con\u00e7ue pour \u00eatre compacte et l\u00e9g\u00e8re, ce qui permet aux utilisateurs de transporter et de ranger facilement leurs cigarettes \u00e9lectroniques. La bo\u00eete \u00e0 cartes offre un espace s\u00e9curis\u00e9 pour les e-cigarettes, les gardant organis\u00e9es et prot\u00e9g\u00e9es des \u00e9l\u00e9ments ext\u00e9rieurs.<\/p>\n<h1><strong>Sp\u00e9cifications<\/strong><\/h1>\n<table style=\"height: 456px;\" width=\"1153\">\n<tbody>\n<tr>\n<td width=\"373\">Dimensions<\/td>\n<td width=\"373\">Toutes les tailles et formes personnalis\u00e9es<\/td>\n<\/tr>\n<tr>\n<td width=\"373\">Impression<\/td>\n<td width=\"373\">CMYK, PMS, pas d'impression<\/td>\n<\/tr>\n<tr>\n<td width=\"373\">Stock de papier<\/td>\n<td width=\"373\">10pt \u00e0 28pt (60lb \u00e0 400lb) Kraft \u00e9cologique, carton ondul\u00e9 \u00e0 cannelure E, carton Bux, papier cartonn\u00e9<\/td>\n<\/tr>\n<tr>\n<td width=\"373\">Quantit\u00e9s<\/td>\n<td width=\"373\">500- 500,000<\/td>\n<\/tr>\n<tr>\n<td width=\"373\">Rev\u00eatement<\/td>\n<td width=\"373\">Brillant, mat, spot UV<\/td>\n<\/tr>\n<tr>\n<td width=\"373\">Processus par d\u00e9faut<\/td>\n<td width=\"373\">D\u00e9coupage, collage, rainurage, perforation<\/td>\n<\/tr>\n<tr>\n<td width=\"373\">Options<\/td>\n<td width=\"373\">D\u00e9coupe de fen\u00eatres sur mesure, dorure\/argent, gaufrage, encre en relief, feuilles de PVC.<\/td>\n<\/tr>\n<tr>\n<td width=\"373\">Preuve<\/td>\n<td width=\"373\">Vue \u00e0 plat, maquette 3D, \u00e9chantillonnage physique (sur demande)<\/td>\n<\/tr>\n<tr>\n<td width=\"373\">D\u00e9lai d'ex\u00e9cution<\/td>\n<td width=\"373\">7-14 jours ouvrables , Rush<\/td>\n<\/tr>\n<tr>\n<td width=\"373\">MOQ<\/td>\n<td width=\"373\">500<\/td>\n<\/tr>\n<tr>\n<td width=\"373\">Temps d'\u00e9chantillonnage<\/td>\n<td width=\"373\">\u00a05 jours<\/td>\n<\/tr>\n<tr>\n<td width=\"373\">D\u00e9lai de paiement<\/td>\n<td width=\"373\">T\/T, Western Union, Paypal, d\u00e9p\u00f4t de 30% et solde de 70% avant l'exp\u00e9dition.<\/td>\n<\/tr>\n<\/tbody>\n<\/table>\n<div class=\"widget block block-static-block\">\n<div class=\"landing-page-section option-bottom\">\n<div class=\"custom-materials-tabs-content container container-adjustment\">\n<div class=\"custom-materials-tab-content active\">\n<div class=\"widget block block-static-block\">\n<div class=\"options-items\">\n<div class=\"flex-grid-row-option\">\n<div class=\"flex-grid-item-option\">\n<div class=\"material-box\">\n<div class=\"material-des\">\n<p>&nbsp;<\/p>\n<\/div>\n<p>&nbsp;<\/p>\n<\/div>\n<\/div>\n<\/div>\n<\/div>\n<p><!---end of option item--><\/p>\n<\/div>\n<\/div>\n<\/div>\n<\/div>\n<\/div>","protected":false},"excerpt":{"rendered":"<p>1. Fabriqu\u00e9 en carton blanc, avec une surface lisse et d\u00e9licate et une impression respectueuse de l'environnement.<br \/>\n2. Les bo\u00eetes en carton pliant peuvent \u00eatre aplaties pour le stockage, ce qui permet de r\u00e9duire l'espace de stockage ; l'efficacit\u00e9 de l'empilage pendant le transport est \u00e9lev\u00e9e, ce qui r\u00e9duit les co\u00fbts logistiques.<br \/>\n3. Diff\u00e9rentes tailles peuvent \u00eatre personnalis\u00e9es en fonction de vos produits, convenant \u00e0 l'emballage de divers produits.<\/p>","protected":false},"featured_media":2622,"template":"","meta":[],"product_brand":[],"product_cat":[30,420,430,31],"product_tag":[830,831,718],"class_list":{"0":"post-2612","1":"product","2":"type-product","3":"status-publish","4":"has-post-thumbnail","6":"product_cat-by-industry","7":"product_cat-custom-cannabis-boxes","8":"product_cat-folding-cartons","9":"product_cat-paper-box-style","10":"product_tag-custom-vape-liquid-packaging","11":"product_tag-marijuana-edible-packaging","12":"product_tag-vape-pen-packaging","14":"first","15":"instock","16":"shipping-taxable","17":"product-type-grouped"},"_links":{"self":[{"href":"https:\/\/zojopackaging.com\/fr\/wp-json\/wp\/v2\/product\/2612","targetHints":{"allow":["GET"]}}],"collection":[{"href":"https:\/\/zojopackaging.com\/fr\/wp-json\/wp\/v2\/product"}],"about":[{"href":"https:\/\/zojopackaging.com\/fr\/wp-json\/wp\/v2\/types\/product"}],"version-history":[{"count":2,"href":"https:\/\/zojopackaging.com\/fr\/wp-json\/wp\/v2\/product\/2612\/revisions"}],"predecessor-version":[{"id":8473,"href":"https:\/\/zojopackaging.com\/fr\/wp-json\/wp\/v2\/product\/2612\/revisions\/8473"}],"wp:featuredmedia":[{"embeddable":true,"href":"https:\/\/zojopackaging.com\/fr\/wp-json\/wp\/v2\/media\/2622"}],"wp:attachment":[{"href":"https:\/\/zojopackaging.com\/fr\/wp-json\/wp\/v2\/media?parent=2612"}],"wp:term":[{"taxonomy":"product_brand","embeddable":true,"href":"https:\/\/zojopackaging.com\/fr\/wp-json\/wp\/v2\/product_brand?post=2612"},{"taxonomy":"product_cat","embeddable":true,"href":"https:\/\/zojopackaging.com\/fr\/wp-json\/wp\/v2\/product_cat?post=2612"},{"taxonomy":"product_tag","embeddable":true,"href":"https:\/\/zojopackaging.com\/fr\/wp-json\/wp\/v2\/product_tag?post=2612"}],"curies":[{"name":"wp","href":"https:\/\/api.w.org\/{rel}","templated":true}]}}