{"id":2624,"date":"2024-03-12T14:59:23","date_gmt":"2024-03-12T06:59:23","guid":{"rendered":"https:\/\/zojopackaging.com\/?post_type=product&#038;p=2624"},"modified":"2025-03-28T16:51:07","modified_gmt":"2025-03-28T08:51:07","slug":"custom-printed-e-cigarette-boxes","status":"publish","type":"product","link":"https:\/\/zojopackaging.com\/fr\/product\/custom-printed-e-cigarette-boxes\/","title":{"rendered":"Cannabis personnalis\u00e9 Imprim\u00e9 CBD Chocolat Huile de chanvre Bo\u00eete Wholesale"},"content":{"rendered":"<h1 class=\"LC20lb MBeuO DKV0Md\">Cannabis personnalis\u00e9 Imprim\u00e9 CBD Chocolat Huile de chanvre Bo\u00eete Wholesale<\/h1>\n<p>Ils utilisent une batterie contenant une solution de diff\u00e9rents produits chimiques et ar\u00f4mes et de la nicotine. Bien que certaines substances puissent \u00eatre dangereuses, elles sont beaucoup moins nocives qu'une cigarette traditionnelle. Ainsi, face \u00e0 la demande croissante d'e-cigarettes et d'autres produits de vapotage, les entreprises tentent de trouver des moyens plus cr\u00e9atifs d'emballer leurs produits. \u00c0 cette fin, nos graphistes professionnels proposent des id\u00e9es et des mod\u00e8les de bo\u00eetes pour e-cigarettes. Ils donnent une pr\u00e9sentation professionnelle \u00e0 vos produits et contribuent \u00e0 pr\u00e9server leur qualit\u00e9. <em>Les bo\u00eetes personnalis\u00e9es<\/em>\u00a0vous offre des personnalisations uniques pour cr\u00e9er\u00a0<strong>Conception d'emballages pour e-cigarettes<\/strong>\u00a0qui \u00e9tablissent une relation de confiance entre votre marque et les consommateurs. En outre, les mat\u00e9riaux de la meilleure qualit\u00e9 prot\u00e8gent vos produits de la contamination et des dommages. La tendance \u00e0 utiliser des e-cigarettes s'est accrue au fil du temps. Outre la personnalisation illimit\u00e9e, nous sommes \u00e9galement le premier choix des consommateurs en raison de nos services exceptionnels.<\/p>\n<h3><strong>Acheter <\/strong>Bo\u00eete \u00e0 Chocolat pour Huile de Chanvre Imprim\u00e9e Cannabis Personnalis\u00e9e <strong>Aux tarifs de gros<\/strong><\/h3>\n<p>Dans le monde des e-cigarettes, il existe de nombreuses marques sur le march\u00e9 avec lesquelles il faut rivaliser. C'est pourquoi un look \u00e9l\u00e9gant est devenu indispensable pour survivre \u00e0 la concurrence. Sur mesure\u00a0<strong>solutions d'emballage pour cigarettes \u00e9lectroniques<\/strong>\u00a0jouent un r\u00f4le important \u00e0 cet \u00e9gard. Ces bo\u00eetes renforcent la visibilit\u00e9 des produits en mettant en valeur votre marque sur le march\u00e9. Les bo\u00eetes de cigarettes \u00e9lectroniques personnalis\u00e9es en carton sont le meilleur moyen de pr\u00e9server leur qualit\u00e9. Elles sont con\u00e7ues pour r\u00e9pondre aux attentes des clients et aux tendances actuelles du march\u00e9.\u00a0<em>Les bo\u00eetes personnalis\u00e9es<\/em>\u00a0est l'un des plus grands fabricants en gros \u00e0 vous fournir des bo\u00eetes haut de gamme \u00e0 des prix rentables.<\/p>\n<h3><strong>Mat\u00e9riau durable pour la protection du 100%<\/strong><\/h3>\n<p>Nous fabriquons des bo\u00eetes de rangement pour e-cigarettes \u00e0 partir de produits de la meilleure qualit\u00e9.\u00a0<a href=\"https:\/\/zojopackaging.com\/fr\/categorie-produit\/custom-e-cigarette-box\/\">bo\u00eetes en carton<\/a>\u00a0ou Kraft. Le mat\u00e9riau est durable et suffisamment robuste pour assurer une protection maximale des produits. Ils restent en s\u00e9curit\u00e9 pendant le transport, le stockage et l'exposition. Vous pouvez personnaliser l'\u00e9paisseur de la bo\u00eete en fonction de la d\u00e9licatesse de vos produits de valeur. Un tel aspect exub\u00e9rant des bo\u00eetes de cigarettes \u00e9lectroniques personnalis\u00e9es en gros fait ressortir vos produits sur les \u00e9tag\u00e8res de vente au d\u00e9tail.<\/p>\n<p>N'est-il pas \u00e9tonnant que vous obteniez une excellente qualit\u00e9 et des prix minimaux sous un m\u00eame toit ? Oui, vous avez raison, nous vous proposons une combinaison parfaite de qualit\u00e9 et de prix, afin de d\u00e9passer les attentes de nos clients. Nous proposons des produits de bonne qualit\u00e9<strong>\u00a0<\/strong><strong>bo\u00eetes de e-cigarettes imprim\u00e9es sur mesure<\/strong>\u00a0\u00e0 des prix avantageux. Nos prix sont tr\u00e8s comp\u00e9titifs par rapport au march\u00e9.<\/p>\n<h3><strong>Impression de premi\u00e8re qualit\u00e9<\/strong><\/h3>\n<p>Nous sommes le premier choix des consommateurs parce que nous fournissons des services d'impression de premi\u00e8re qualit\u00e9 \u00e0 nos clients v\u00e9n\u00e9r\u00e9s. Nous avons mis en place de grandes presses num\u00e9riques, s\u00e9rigraphiques et offset utilisant des techniques de pointe. Des encres et des machines d'impression d'excellente qualit\u00e9 font de nos services d'impression les plus r\u00e9put\u00e9s.<strong>\u00a0<\/strong>bo\u00eetes de e-cigarettes en papier imprim\u00e9es sur mesure. Un pelliculage et une finition sp\u00e9ciaux sont appliqu\u00e9s \u00e0 la fin pour en rehausser l'\u00e9l\u00e9gance. Nous proposons 100% pratiques \u00e9cologiques pour\u00a0<strong>Impression du design de l'e-cigarette<\/strong>. Cela garantit la livraison d'un produit de grande valeur \u00e0 la porte du client. L'utilisation d'une impression de haute qualit\u00e9 et de styles attrayants donne un aspect extraordinaire \u00e0 vos produits.<\/p>\n<p>De plus, aucun frais de d\u00e9coupe ou de placage n'est appliqu\u00e9 \u00e0 nos produits.<strong>\u00a0<\/strong>Nous offrons une solution de personnalisation compl\u00e8te en ce qui concerne la mise en page et la conception. Les clients sont libres de choisir les sp\u00e9cifications de<strong>\u00a0<\/strong><strong>bo\u00eetes d'emballage personnalis\u00e9es pour e-cigarettes\u00a0<\/strong>en fonction de leurs besoins. Notre priorit\u00e9 absolue est de fournir \u00e0 nos clients les bo\u00eetes d'emballage de leurs r\u00eaves.<\/p>\n<h3><strong>Bo\u00eetes de cigarettes \u00e9lectroniques d\u00e9coup\u00e9es \u00e0 l'emporte-pi\u00e8ce<\/strong><\/h3>\n<p>Vous pouvez concevoir des bo\u00eetes d'e-cigarettes d\u00e9coup\u00e9es \u00e0 l'emporte-pi\u00e8ce dans de nombreuses combinaisons de formes et de styles, en fonction de vos exigences en mati\u00e8re de strat\u00e9gie de marque. Une solution d'emballage innovante est n\u00e9cessaire pour accro\u00eetre la visibilit\u00e9 de votre produit. Les bo\u00eetes de pr\u00e9sentation d'e-cigarettes personnalis\u00e9es sont parfaites pour permettre \u00e0 votre marque de se d\u00e9marquer de la concurrence. Imprimez ces bo\u00eetes avec des motifs attrayants ou des illustrations personnalis\u00e9es pour les rendre plus attrayantes. C'est une bonne option pour les entreprises qui souhaitent cr\u00e9er une identit\u00e9 de marque distincte. Nos bo\u00eetes \u00e0 d\u00e9coupes les mieux not\u00e9es permettent aux clients de voir le produit r\u00e9el avant de l'acheter. Cela augmente la satisfaction des clients et permet aux fabricants de pr\u00e9senter leurs produits de mani\u00e8re attrayante. Des inserts sp\u00e9ciaux sont \u00e9galement con\u00e7us pour les bo\u00eetes afin de fournir un rembourrage suppl\u00e9mentaire et d'\u00e9viter la casse pendant l'exp\u00e9dition et le transport.<\/p>\n<h3><strong>Exp\u00e9dition gratuite et assistance gratuite \u00e0 la conception<\/strong><\/h3>\n<p>La livraison gratuite et l'assistance \u00e0 la conception font partie des pratiques fondamentales de notre entreprise. Nous disposons d'une \u00e9quipe de concepteurs professionnels et d'experts techniques pour vous aider \u00e0 concevoir des produits de qualit\u00e9.\u00a0<strong>Bo\u00eetes de cigarettes \u00e9lectroniques personnalis\u00e9es avec logos.<\/strong>\u00a0Ils informent les clients des sp\u00e9cifications, des caract\u00e9ristiques et des illustrations correspondantes. Les concepteurs pr\u00e9parent un mod\u00e8le en fonction des dispositions que vous avez indiqu\u00e9es. L'ensemble du processus est r\u00e9alis\u00e9 gratuitement. De plus, nous offrons une livraison gratuite aux \u00c9tats-Unis et au Canada. Toutefois, pour les clients r\u00e9sidant en dehors de ces pays, nos frais d'exp\u00e9dition sont minimes par rapport \u00e0 ceux de nos concurrents.<\/p>\n<p>En outre, par rapport \u00e0 d'autres fabricants d'emballages personnalis\u00e9s, nous avons un d\u00e9lai d'ex\u00e9cution rapide. Nos experts en emballage veillent toujours \u00e0 ce que tous les d\u00e9lais soient respect\u00e9s. En outre, vous pouvez \u00e9galement contacter notre service client\u00e8le, disponible 24 heures sur 24 et 7 jours sur 7. Nous disposons de plusieurs repr\u00e9sentants commerciaux comp\u00e9tents. Ils sont \u00e0 votre service 24 heures sur 24 pour r\u00e9pondre \u00e0 vos questions et \u00e0 vos pr\u00e9occupations sur les sujets suivants\u00a0<strong>bo\u00eetes de e-cigarettes personnalis\u00e9es\u00a0<\/strong>rapidement et efficacement.<\/p>\n<p>La durabilit\u00e9 environnementale est devenue une question importante sur laquelle il faut travailler. Nous avons commenc\u00e9 \u00e0 mettre en \u0153uvre des pratiques \u00e9cologiques pour concevoir des bo\u00eetes imprim\u00e9es de cigarettes \u00e9lectroniques Kraft. Tous les produits, y compris les bo\u00eetes de cigarettes \u00e9lectroniques personnalis\u00e9es, sont fabriqu\u00e9s \u00e0 partir de mat\u00e9riaux recyclables 100%. Ceci est b\u00e9n\u00e9fique pour la plan\u00e8te et pour la r\u00e9putation de votre marque. Ne manquez pas cette opportunit\u00e9 et obtenez votre devis gratuit d\u00e8s maintenant !<\/p>\n<h1><strong>Sp\u00e9cifications<\/strong><\/h1>\n<table style=\"height: 456px;\" width=\"1153\">\n<tbody>\n<tr>\n<td width=\"373\">Dimensions<\/td>\n<td width=\"373\">Toutes les tailles et formes personnalis\u00e9es<\/td>\n<\/tr>\n<tr>\n<td width=\"373\">Impression<\/td>\n<td width=\"373\">CMYK, PMS, pas d'impression<\/td>\n<\/tr>\n<tr>\n<td width=\"373\">Stock de papier<\/td>\n<td width=\"373\">10pt \u00e0 28pt (60lb \u00e0 400lb) Kraft \u00e9cologique, carton ondul\u00e9 \u00e0 cannelure E, carton Bux, papier cartonn\u00e9<\/td>\n<\/tr>\n<tr>\n<td width=\"373\">Quantit\u00e9s<\/td>\n<td width=\"373\">500- 500,000<\/td>\n<\/tr>\n<tr>\n<td width=\"373\">Rev\u00eatement<\/td>\n<td width=\"373\">Brillant, mat, spot UV<\/td>\n<\/tr>\n<tr>\n<td width=\"373\">Processus par d\u00e9faut<\/td>\n<td width=\"373\">D\u00e9coupage, collage, rainurage, perforation<\/td>\n<\/tr>\n<tr>\n<td width=\"373\">Options<\/td>\n<td width=\"373\">D\u00e9coupe de fen\u00eatres sur mesure, dorure\/argent, gaufrage, encre en relief, feuilles de PVC.<\/td>\n<\/tr>\n<tr>\n<td width=\"373\">Preuve<\/td>\n<td width=\"373\">Vue \u00e0 plat, maquette 3D, \u00e9chantillonnage physique (sur demande)<\/td>\n<\/tr>\n<tr>\n<td width=\"373\">D\u00e9lai d'ex\u00e9cution<\/td>\n<td width=\"373\">7-14 jours ouvrables , Rush<\/td>\n<\/tr>\n<tr>\n<td width=\"373\">MOQ<\/td>\n<td width=\"373\">500<\/td>\n<\/tr>\n<tr>\n<td width=\"373\">Temps d'\u00e9chantillonnage<\/td>\n<td width=\"373\">\u00a05 jours<\/td>\n<\/tr>\n<tr>\n<td width=\"373\">D\u00e9lai de paiement<\/td>\n<td width=\"373\">T\/T, Western Union, Paypal, d\u00e9p\u00f4t de 30% et solde de 70% avant l'exp\u00e9dition.<\/td>\n<\/tr>\n<\/tbody>\n<\/table>\n<div class=\"widget block block-static-block\">\n<div class=\"landing-page-section option-bottom\">\n<div class=\"custom-materials-tabs-content container container-adjustment\">\n<div class=\"custom-materials-tab-content active\">\n<div class=\"widget block block-static-block\">\n<div class=\"options-items\">\n<div class=\"flex-grid-row-option\">\n<div class=\"flex-grid-item-option\">\n<div class=\"material-box\">\n<div class=\"material-des\">\n<p>&nbsp;<\/p>\n<\/div>\n<p>&nbsp;<\/p>\n<\/div>\n<\/div>\n<\/div>\n<\/div>\n<p><!---end of option item--><\/p>\n<\/div>\n<\/div>\n<\/div>\n<\/div>\n<\/div>","protected":false},"excerpt":{"rendered":"<p>1. La conception de la bo\u00eete \u00e0 papier \u00e0 tiroir et l'ouverture coulissante facilitent l'ouverture et la fermeture, am\u00e9liorant ainsi l'exp\u00e9rience de d\u00e9ballage.<br \/>\n2. Diff\u00e9rentes tailles peuvent \u00eatre personnalis\u00e9es en fonction de vos produits, convenant \u00e0 l'emballage de divers chocolats au chanvre et au CBD.<br \/>\n3. L'impression sur la surface de la bo\u00eete est claire et ne pr\u00e9sente aucune diff\u00e9rence de couleur, ce qui am\u00e9liore l'exp\u00e9rience de l'utilisateur.<\/p>","protected":false},"featured_media":2627,"template":"","meta":[],"product_brand":[],"product_cat":[30,418,31,426],"product_tag":[832,833,834],"class_list":{"0":"post-2624","1":"product","2":"type-product","3":"status-publish","4":"has-post-thumbnail","6":"product_cat-by-industry","7":"product_cat-custom-cbd-boxes","8":"product_cat-paper-box-style","9":"product_cat-paper-drawer-boxes","10":"product_tag-cbd-chocolate-box-wholesale","11":"product_tag-custom-cannabis-box","12":"product_tag-hemp-oil-box-wholesale","14":"first","15":"instock","16":"shipping-taxable","17":"product-type-grouped"},"_links":{"self":[{"href":"https:\/\/zojopackaging.com\/fr\/wp-json\/wp\/v2\/product\/2624","targetHints":{"allow":["GET"]}}],"collection":[{"href":"https:\/\/zojopackaging.com\/fr\/wp-json\/wp\/v2\/product"}],"about":[{"href":"https:\/\/zojopackaging.com\/fr\/wp-json\/wp\/v2\/types\/product"}],"version-history":[{"count":2,"href":"https:\/\/zojopackaging.com\/fr\/wp-json\/wp\/v2\/product\/2624\/revisions"}],"predecessor-version":[{"id":8474,"href":"https:\/\/zojopackaging.com\/fr\/wp-json\/wp\/v2\/product\/2624\/revisions\/8474"}],"wp:featuredmedia":[{"embeddable":true,"href":"https:\/\/zojopackaging.com\/fr\/wp-json\/wp\/v2\/media\/2627"}],"wp:attachment":[{"href":"https:\/\/zojopackaging.com\/fr\/wp-json\/wp\/v2\/media?parent=2624"}],"wp:term":[{"taxonomy":"product_brand","embeddable":true,"href":"https:\/\/zojopackaging.com\/fr\/wp-json\/wp\/v2\/product_brand?post=2624"},{"taxonomy":"product_cat","embeddable":true,"href":"https:\/\/zojopackaging.com\/fr\/wp-json\/wp\/v2\/product_cat?post=2624"},{"taxonomy":"product_tag","embeddable":true,"href":"https:\/\/zojopackaging.com\/fr\/wp-json\/wp\/v2\/product_tag?post=2624"}],"curies":[{"name":"wp","href":"https:\/\/api.w.org\/{rel}","templated":true}]}}