{"id":2645,"date":"2024-03-12T15:16:34","date_gmt":"2024-03-12T07:16:34","guid":{"rendered":"https:\/\/zojopackaging.com\/?post_type=product&#038;p=2645"},"modified":"2025-03-28T15:15:39","modified_gmt":"2025-03-28T07:15:39","slug":"customization-e-cigarette-packaging-box","status":"publish","type":"product","link":"https:\/\/zojopackaging.com\/fr\/product\/customization-e-cigarette-packaging-box\/","title":{"rendered":"CBD Dissolvable Sleep Tablets Boxes Wholesale"},"content":{"rendered":"<h1>CBD Dissolvable Sleep Tablets Boxes Wholesale<\/h1>\n<p>Les bo\u00eetes personnalis\u00e9es de comprim\u00e9s de sommeil dissolvables au cbd sont une solution d'emballage polyvalente et personnalis\u00e9e qui permet aux marques de cr\u00e9er une pr\u00e9sentation unique et sur mesure pour leurs comprim\u00e9s de sommeil dissolvables au cbd. Cette bo\u00eete d'emballage offre un large \u00e9ventail d'options de personnalisation, y compris le design, la taille, la forme, la couleur et les finitions, afin de r\u00e9pondre aux besoins sp\u00e9cifiques de chaque entreprise en mati\u00e8re d'image de marque et de marketing.<\/p>\n<p>Les marques peuvent choisir d'incorporer leur logo, leurs couleurs et leurs messages sur la bo\u00eete d'emballage afin de cr\u00e9er un aspect coh\u00e9rent et de marque qui r\u00e9sonne avec leur public cible. Les possibilit\u00e9s de conception sont infinies, ce qui permet aux marques de mettre en avant leur cr\u00e9ativit\u00e9 et leur individualit\u00e9 \u00e0 travers la bo\u00eete d'emballage.<\/p>\n<p>Outre la personnalisation du design, les marques peuvent \u00e9galement choisir la taille et la forme de la bo\u00eete d'emballage afin qu'elle corresponde le mieux possible \u00e0 leurs produits. Qu'elles pr\u00e9f\u00e8rent une bo\u00eete compacte et minimaliste ou un design plus grand et plus \u00e9labor\u00e9, les options de personnalisation permettent aux marques d'adapter l'emballage aux sp\u00e9cifications de leurs produits.<\/p>\n<p>En outre, les marques peuvent choisir parmi une vari\u00e9t\u00e9 d'options de finition, telles que les finitions mates ou brillantes, le gaufrage, le pelliculage ou le vernissage UV par points, afin d'ajouter une touche luxueuse et de qualit\u00e9 sup\u00e9rieure \u00e0 la bo\u00eete d'emballage. Ces finitions rehaussent l'aspect g\u00e9n\u00e9ral et la sensation de l'emballage, am\u00e9liorant ainsi la valeur per\u00e7ue des comprim\u00e9s de sommeil dissolvables au cbd.<\/p>\n<h1><strong>Sp\u00e9cifications<\/strong><\/h1>\n<table style=\"height: 456px;\" width=\"1153\">\n<tbody>\n<tr>\n<td width=\"373\">Dimensions<\/td>\n<td width=\"373\">Toutes les tailles et formes personnalis\u00e9es<\/td>\n<\/tr>\n<tr>\n<td width=\"373\">Impression<\/td>\n<td width=\"373\">CMYK, PMS, pas d'impression<\/td>\n<\/tr>\n<tr>\n<td width=\"373\">Stock de papier<\/td>\n<td width=\"373\">10pt \u00e0 28pt (60lb \u00e0 400lb) Kraft \u00e9cologique, carton ondul\u00e9 \u00e0 cannelure E, carton Bux, papier cartonn\u00e9<\/td>\n<\/tr>\n<tr>\n<td width=\"373\">Quantit\u00e9s<\/td>\n<td width=\"373\">500- 500,000<\/td>\n<\/tr>\n<tr>\n<td width=\"373\">Rev\u00eatement<\/td>\n<td width=\"373\">Brillant, mat, spot UV<\/td>\n<\/tr>\n<tr>\n<td width=\"373\">Processus par d\u00e9faut<\/td>\n<td width=\"373\">D\u00e9coupage, collage, rainurage, perforation<\/td>\n<\/tr>\n<tr>\n<td width=\"373\">Options<\/td>\n<td width=\"373\">D\u00e9coupe de fen\u00eatres sur mesure, dorure\/argent, gaufrage, encre en relief, feuilles de PVC.<\/td>\n<\/tr>\n<tr>\n<td width=\"373\">Preuve<\/td>\n<td width=\"373\">Vue \u00e0 plat, maquette 3D, \u00e9chantillonnage physique (sur demande)<\/td>\n<\/tr>\n<tr>\n<td width=\"373\">D\u00e9lai d'ex\u00e9cution<\/td>\n<td width=\"373\">7-14 jours ouvrables , Rush<\/td>\n<\/tr>\n<tr>\n<td width=\"373\">MOQ<\/td>\n<td width=\"373\">500<\/td>\n<\/tr>\n<tr>\n<td width=\"373\">Temps d'\u00e9chantillonnage<\/td>\n<td width=\"373\">3-5 jours<\/td>\n<\/tr>\n<tr>\n<td width=\"373\">D\u00e9lai de paiement<\/td>\n<td width=\"373\">T\/T, Western Union, Paypal, d\u00e9p\u00f4t de 30% et solde de 70% avant l'exp\u00e9dition.<\/td>\n<\/tr>\n<\/tbody>\n<\/table>\n<div class=\"widget block block-static-block\">\n<div class=\"landing-page-section option-bottom\">\n<div class=\"custom-materials-tabs-content container container-adjustment\">\n<div class=\"custom-materials-tab-content active\">\n<div class=\"widget block block-static-block\">\n<div class=\"options-items\">\n<div class=\"flex-grid-row-option\">\n<div class=\"flex-grid-item-option\">\n<div class=\"material-box\">\n<p>&nbsp;<\/p>\n<\/div>\n<\/div>\n<\/div>\n<\/div>\n<p><!---end of option item--><\/p>\n<\/div>\n<\/div>\n<\/div>\n<\/div>\n<\/div>","protected":false},"excerpt":{"rendered":"<p>1. Diff\u00e9rentes tailles peuvent \u00eatre personnalis\u00e9es en fonction de votre produit, convenant \u00e0 toutes sortes d'emballages de somnif\u00e8res solubles dans la CBD.<br \/>\n2. Les cartons pliants peuvent \u00eatre aplatis pour le stockage, ce qui r\u00e9duit l'espace de stockage ; l'efficacit\u00e9 de l'empilage pendant le transport est \u00e9lev\u00e9e, ce qui r\u00e9duit les co\u00fbts logistiques.<br \/>\n3. Mat\u00e9riau en carton blanc, surface lisse et d\u00e9licate, impression respectueuse de l'environnement<\/p>","protected":false},"featured_media":6424,"template":"","meta":[],"product_brand":[],"product_cat":[30,418,430,31],"product_tag":[808,807,356],"class_list":{"0":"post-2645","1":"product","2":"type-product","3":"status-publish","4":"has-post-thumbnail","6":"product_cat-by-industry","7":"product_cat-custom-cbd-boxes","8":"product_cat-folding-cartons","9":"product_cat-paper-box-style","10":"product_tag-cbd-boxes-wholesale","11":"product_tag-cbd-dissolvable-sleep-tablets-boxes","12":"product_tag-custom-cbd-boxes","14":"first","15":"instock","16":"shipping-taxable","17":"product-type-grouped"},"_links":{"self":[{"href":"https:\/\/zojopackaging.com\/fr\/wp-json\/wp\/v2\/product\/2645","targetHints":{"allow":["GET"]}}],"collection":[{"href":"https:\/\/zojopackaging.com\/fr\/wp-json\/wp\/v2\/product"}],"about":[{"href":"https:\/\/zojopackaging.com\/fr\/wp-json\/wp\/v2\/types\/product"}],"version-history":[{"count":2,"href":"https:\/\/zojopackaging.com\/fr\/wp-json\/wp\/v2\/product\/2645\/revisions"}],"predecessor-version":[{"id":8464,"href":"https:\/\/zojopackaging.com\/fr\/wp-json\/wp\/v2\/product\/2645\/revisions\/8464"}],"wp:featuredmedia":[{"embeddable":true,"href":"https:\/\/zojopackaging.com\/fr\/wp-json\/wp\/v2\/media\/6424"}],"wp:attachment":[{"href":"https:\/\/zojopackaging.com\/fr\/wp-json\/wp\/v2\/media?parent=2645"}],"wp:term":[{"taxonomy":"product_brand","embeddable":true,"href":"https:\/\/zojopackaging.com\/fr\/wp-json\/wp\/v2\/product_brand?post=2645"},{"taxonomy":"product_cat","embeddable":true,"href":"https:\/\/zojopackaging.com\/fr\/wp-json\/wp\/v2\/product_cat?post=2645"},{"taxonomy":"product_tag","embeddable":true,"href":"https:\/\/zojopackaging.com\/fr\/wp-json\/wp\/v2\/product_tag?post=2645"}],"curies":[{"name":"wp","href":"https:\/\/api.w.org\/{rel}","templated":true}]}}