{"id":2659,"date":"2024-03-12T16:01:36","date_gmt":"2024-03-12T08:01:36","guid":{"rendered":"https:\/\/zojopackaging.com\/?post_type=product&#038;p=2659"},"modified":"2025-03-28T17:13:57","modified_gmt":"2025-03-28T09:13:57","slug":"printed-e-cigarette-packaging-boxes","status":"publish","type":"product","link":"https:\/\/zojopackaging.com\/fr\/product\/printed-e-cigarette-packaging-boxes\/","title":{"rendered":"Bo\u00eetes \u00e0 tiroirs \u00e0 l'\u00e9preuve des enfants pour l'huile de cannabis"},"content":{"rendered":"<h1 class=\"indIKd q23Yce fA1vYb cS4Vcb-pGL6qe-fwJd0c\">Bo\u00eetes \u00e0 tiroirs \u00e0 l'\u00e9preuve des enfants pour l'huile de cannabis<\/h1>\n<p>Vous \u00eates \u00e0 la recherche de bo\u00eetes \u00e0 tiroirs en papier \u00e0 l'\u00e9preuve des enfants pour l'huile de cannabis ? Voulez-vous un emballage personnalis\u00e9 pour votre vape ? L'emballage personnalis\u00e9 peut \u00eatre le bon choix ; vous aurez beaucoup d'options ici pour d\u00e9corer vos bo\u00eetes \u00e0 tiroirs en papier \u00e0 l'\u00e9preuve des enfants pour l'huile de cannabis. Ici, vous n'obtiendrez pas seulement des emballages personnalis\u00e9s en fonction de vos besoins, mais aussi des offres et des r\u00e9ductions incroyables.<\/p>\n<p>Les bo\u00eetes sont disponibles dans une vari\u00e9t\u00e9 de tailles et de styles pour s'adapter aux diff\u00e9rents mod\u00e8les et accessoires d'huile de cannabis. Vous pouvez choisir parmi une gamme de finitions, telles que brillante, mate ou textur\u00e9e, pour donner \u00e0 votre emballage une touche suppl\u00e9mentaire de sophistication.<\/p>\n<p>La personnalisation est au c\u0153ur de notre offre. Adaptez la bo\u00eete \u00e0 vos sp\u00e9cifications exactes - s\u00e9lectionnez les couleurs qui repr\u00e9sentent votre marque, incorporez des \u00e9l\u00e9ments de conception sp\u00e9ciaux et ajoutez des informations essentielles sur le produit. Ce niveau de personnalisation permet \u00e0 votre cannabis de se d\u00e9marquer dans les rayons et de laisser une impression durable sur les consommateurs.<\/p>\n<h1><strong>Sp\u00e9cifications<\/strong><\/h1>\n<table style=\"height: 456px;\" width=\"1153\">\n<tbody>\n<tr>\n<td width=\"373\">Dimensions<\/td>\n<td width=\"373\">Toutes les tailles et formes personnalis\u00e9es<\/td>\n<\/tr>\n<tr>\n<td width=\"373\">Impression<\/td>\n<td width=\"373\">CMYK, PMS, pas d'impression<\/td>\n<\/tr>\n<tr>\n<td width=\"373\">Stock de papier<\/td>\n<td width=\"373\">10pt \u00e0 28pt (60lb \u00e0 400lb) Kraft \u00e9cologique, carton ondul\u00e9 \u00e0 cannelure E, carton Bux, papier cartonn\u00e9<\/td>\n<\/tr>\n<tr>\n<td width=\"373\">Quantit\u00e9s<\/td>\n<td width=\"373\">500- 500,000<\/td>\n<\/tr>\n<tr>\n<td width=\"373\">Rev\u00eatement<\/td>\n<td width=\"373\">Brillant, mat, spot UV<\/td>\n<\/tr>\n<tr>\n<td width=\"373\">Processus par d\u00e9faut<\/td>\n<td width=\"373\">D\u00e9coupage, collage, rainurage, perforation<\/td>\n<\/tr>\n<tr>\n<td width=\"373\">Options<\/td>\n<td width=\"373\">D\u00e9coupe de fen\u00eatres sur mesure, dorure\/argent, gaufrage, encre en relief, feuilles de PVC.<\/td>\n<\/tr>\n<tr>\n<td width=\"373\">Preuve<\/td>\n<td width=\"373\">Vue \u00e0 plat, maquette 3D, \u00e9chantillonnage physique (sur demande)<\/td>\n<\/tr>\n<tr>\n<td width=\"373\">D\u00e9lai d'ex\u00e9cution<\/td>\n<td width=\"373\">7-14 jours ouvrables , Rush<\/td>\n<\/tr>\n<tr>\n<td width=\"373\">MOQ<\/td>\n<td width=\"373\">500<\/td>\n<\/tr>\n<tr>\n<td width=\"373\">Temps d'\u00e9chantillonnage<\/td>\n<td width=\"373\">3-5 jours<\/td>\n<\/tr>\n<tr>\n<td width=\"373\">D\u00e9lai de paiement<\/td>\n<td width=\"373\">T\/T, Western Union, Paypal, d\u00e9p\u00f4t de 30% et solde de 70% avant l'exp\u00e9dition.<\/td>\n<\/tr>\n<\/tbody>\n<\/table>\n<p>&nbsp;<\/p>\n<div class=\"widget block block-static-block\">\n<div class=\"landing-page-section option-bottom\">\n<div class=\"custom-materials-tabs-content container container-adjustment\">\n<div class=\"custom-materials-tab-content active\">\n<div class=\"widget block block-static-block\">\n<div class=\"options-items\">\n<div class=\"flex-grid-row-option\">\n<div class=\"flex-grid-item-option\">\n<div class=\"material-box\">\n<p>&nbsp;<\/p>\n<\/div>\n<\/div>\n<\/div>\n<\/div>\n<p><!---end of option item--><\/p>\n<\/div>\n<\/div>\n<\/div>\n<\/div>\n<\/div>","protected":false},"excerpt":{"rendered":"<p>1. Bo\u00eete \u00e0 papier \u00e0 tiroir, coulissante, facile \u00e0 ouvrir et \u00e0 fermer pour les utilisateurs, am\u00e9liorant ainsi l'exp\u00e9rience de d\u00e9ballage.<br \/>\n2. Diff\u00e9rentes tailles peuvent \u00eatre personnalis\u00e9es en fonction de vos produits, convenant \u00e0 l'emballage de diverses huiles de cannabis.<br \/>\n3. L'impression sur la surface de la bo\u00eete est claire et ne pr\u00e9sente aucune diff\u00e9rence de couleur, ce qui am\u00e9liore l'exp\u00e9rience de l'utilisateur.<br \/>\n4. La s\u00e9curit\u00e9 enfant lat\u00e9rale emp\u00eache les enfants de l'ing\u00e9rer accidentellement, mais les adultes peuvent l'ouvrir facilement.<\/p>","protected":false},"featured_media":6455,"template":"","meta":[],"product_brand":[],"product_cat":[30,431,420,31],"product_tag":[835,836,794],"class_list":{"0":"post-2659","1":"product","2":"type-product","3":"status-publish","4":"has-post-thumbnail","6":"product_cat-by-industry","7":"product_cat-child-resistant-packaging","8":"product_cat-custom-cannabis-boxes","9":"product_cat-paper-box-style","10":"product_tag-cannabis-oil-boxes","11":"product_tag-child-proof-cannabis-boxes","12":"product_tag-child-resistant-cannabis-boxes","14":"first","15":"instock","16":"shipping-taxable","17":"product-type-grouped"},"_links":{"self":[{"href":"https:\/\/zojopackaging.com\/fr\/wp-json\/wp\/v2\/product\/2659","targetHints":{"allow":["GET"]}}],"collection":[{"href":"https:\/\/zojopackaging.com\/fr\/wp-json\/wp\/v2\/product"}],"about":[{"href":"https:\/\/zojopackaging.com\/fr\/wp-json\/wp\/v2\/types\/product"}],"version-history":[{"count":2,"href":"https:\/\/zojopackaging.com\/fr\/wp-json\/wp\/v2\/product\/2659\/revisions"}],"predecessor-version":[{"id":8475,"href":"https:\/\/zojopackaging.com\/fr\/wp-json\/wp\/v2\/product\/2659\/revisions\/8475"}],"wp:featuredmedia":[{"embeddable":true,"href":"https:\/\/zojopackaging.com\/fr\/wp-json\/wp\/v2\/media\/6455"}],"wp:attachment":[{"href":"https:\/\/zojopackaging.com\/fr\/wp-json\/wp\/v2\/media?parent=2659"}],"wp:term":[{"taxonomy":"product_brand","embeddable":true,"href":"https:\/\/zojopackaging.com\/fr\/wp-json\/wp\/v2\/product_brand?post=2659"},{"taxonomy":"product_cat","embeddable":true,"href":"https:\/\/zojopackaging.com\/fr\/wp-json\/wp\/v2\/product_cat?post=2659"},{"taxonomy":"product_tag","embeddable":true,"href":"https:\/\/zojopackaging.com\/fr\/wp-json\/wp\/v2\/product_tag?post=2659"}],"curies":[{"name":"wp","href":"https:\/\/api.w.org\/{rel}","templated":true}]}}