{"id":2687,"date":"2024-03-12T17:01:17","date_gmt":"2024-03-12T09:01:17","guid":{"rendered":"https:\/\/zojopackaging.com\/?post_type=product&#038;p=2687"},"modified":"2025-03-28T19:30:44","modified_gmt":"2025-03-28T11:30:44","slug":"custom-vape-pen-packaging-box","status":"publish","type":"product","link":"https:\/\/zojopackaging.com\/fr\/product\/custom-vape-pen-packaging-box\/","title":{"rendered":"Carton pliant pour stylo \u00e0 vapeur avec bo\u00eete de suspension Fabricant de stylo \u00e0 vapeur"},"content":{"rendered":"<h1>Carton pliant pour stylo \u00e0 vapeur avec bo\u00eete de suspension Fabricant de stylo \u00e0 vapeur<\/h1>\n<div class=\"auto-hide-last-sibling-br paragraph-ae1685 br-paragraph-space\">\n<p>Bo\u00eete d'emballage personnalis\u00e9e pour stylo \u00e0 vape - la solution parfaite pour pr\u00e9senter et prot\u00e9ger vos produits de stylo \u00e0 vape !<\/p>\n<p>Con\u00e7ues dans un souci de style et de fonctionnalit\u00e9, nos bo\u00eetes d'emballage personnalis\u00e9es sont adapt\u00e9es \u00e0 vos besoins sp\u00e9cifiques et \u00e0 l'identit\u00e9 de votre marque.<\/p>\n<p>Ce qui distingue vraiment notre bo\u00eete d'emballage de stylo \u00e0 vapeur personnalis\u00e9e, ce sont les options de personnalisation. Vous avez la libert\u00e9 de choisir la taille, la forme, la couleur et l'impression qui correspondent \u00e0 l'esth\u00e9tique de votre marque. Que vous pr\u00e9f\u00e9riez un design audacieux et moderne ou un look plus classique et sophistiqu\u00e9, nous pouvons donner vie \u00e0 votre vision.<\/p>\n<p>Non seulement l'emballage personnalis\u00e9 am\u00e9liore l'attrait visuel de vos stylos \u00e0 vape, mais il constitue \u00e9galement un puissant outil de marketing. Avec le logo de votre marque et votre message unique mis en \u00e9vidence, il contribue \u00e0 accro\u00eetre la reconnaissance de la marque et la fid\u00e9lit\u00e9 des clients.<\/p>\n<h1><strong>Sp\u00e9cifications<\/strong><\/h1>\n<table width=\"1153\">\n<tbody>\n<tr>\n<td width=\"373\">Dimensions<\/td>\n<td width=\"373\">Toutes les tailles et formes personnalis\u00e9es<\/td>\n<\/tr>\n<tr>\n<td width=\"373\">Impression<\/td>\n<td width=\"373\">CMYK, PMS, pas d'impression<\/td>\n<\/tr>\n<tr>\n<td width=\"373\">Stock de papier<\/td>\n<td width=\"373\">10pt \u00e0 28pt (60lb \u00e0 400lb) Kraft \u00e9cologique, carton ondul\u00e9 \u00e0 cannelure E, carton Bux, papier cartonn\u00e9<\/td>\n<\/tr>\n<tr>\n<td width=\"373\">Quantit\u00e9s<\/td>\n<td width=\"373\">500- 500,000<\/td>\n<\/tr>\n<tr>\n<td width=\"373\">Rev\u00eatement<\/td>\n<td width=\"373\">Brillant, mat, spot UV<\/td>\n<\/tr>\n<tr>\n<td width=\"373\">Processus par d\u00e9faut<\/td>\n<td width=\"373\">D\u00e9coupage, collage, rainurage, perforation<\/td>\n<\/tr>\n<tr>\n<td width=\"373\">Options<\/td>\n<td width=\"373\">D\u00e9coupe de fen\u00eatres sur mesure, dorure\/argent, gaufrage, encre en relief, feuilles de PVC.<\/td>\n<\/tr>\n<tr>\n<td width=\"373\">Preuve<\/td>\n<td width=\"373\">Vue \u00e0 plat, maquette 3D, \u00e9chantillonnage physique (sur demande)<\/td>\n<\/tr>\n<tr>\n<td width=\"373\">D\u00e9lai d'ex\u00e9cution<\/td>\n<td width=\"373\">7-14 jours ouvrables , Rush<\/td>\n<\/tr>\n<tr>\n<td width=\"373\">MOQ<\/td>\n<td width=\"373\">500<\/td>\n<\/tr>\n<tr>\n<td width=\"373\">Temps d'\u00e9chantillonnage<\/td>\n<td width=\"373\">3-5 jours<\/td>\n<\/tr>\n<tr>\n<td width=\"373\">D\u00e9lai de paiement<\/td>\n<td width=\"373\">T\/T, Western Union, Paypal, d\u00e9p\u00f4t de 30% et solde de 70% avant l'exp\u00e9dition.<\/td>\n<\/tr>\n<\/tbody>\n<\/table>\n<\/div>\n<h1 class=\"auto-hide-last-sibling-br paragraph-ae1685 br-paragraph-space\">Ce que nous offrons dans le domaine de l'emballage de stylos \u00e0 vapeur en gros<\/h1>\n<div class=\"auto-hide-last-sibling-br paragraph-ae1685 br-paragraph-space\">Nous sommes une \u00e9quipe de professionnels et avons d\u00e9j\u00e0 travaill\u00e9 sur de nombreux produits imprim\u00e9s personnalis\u00e9s au niveau de la vente en gros, tels que des bo\u00eetes de cartouches de vape et des emballages de vape. Nous avons t\u00e9l\u00e9charg\u00e9 les mod\u00e8les sur notre site Web et nous vous offrons une assistance gratuite en mati\u00e8re de conception. Vous n'avez qu'\u00e0 nous pr\u00e9senter votre id\u00e9e et nous nous occuperons de toutes les questions de dimensions et de taille, pour vous pr\u00e9senter un produit final de la plus haute qualit\u00e9.<\/div>\n<div><\/div>\n<h1 class=\"auto-hide-last-sibling-br paragraph-ae1685 br-paragraph-space\">Que recherchez-vous dans votre emballage de vaporisation ?<\/h1>\n<div class=\"auto-hide-last-sibling-br paragraph-ae1685 br-paragraph-space\">Si vous \u00eates un homme d'affaires, vous recherchez sans aucun doute deux choses : la qualit\u00e9 et le faible co\u00fbt. Cependant, il est difficile d'identifier l'entreprise qui propose des bo\u00eetes de qualit\u00e9 \u00e0 bas prix, malgr\u00e9 de nombreuses affirmations. En r\u00e9alit\u00e9, chaque entreprise d'emballage a pour objectif d'accro\u00eetre son chiffre d'affaires. Mais lorsqu'il s'agit de qualit\u00e9 et de co\u00fbt, We Custom Boxes est extr\u00eamement honn\u00eate. Notre objectif est de faciliter la t\u00e2che du client dans tous les domaines. Nous d\u00e9veloppons des bo\u00eetes \u00e0 vape pour r\u00e9pondre \u00e0 toutes vos exigences.<\/div>\n<div><\/div>\n<div class=\"auto-hide-last-sibling-br paragraph-ae1685 br-paragraph-space\">Une grande vari\u00e9t\u00e9 de bo\u00eetes \u00e0 vape est disponible \u00e0 la vente sur notre site web. Vous pouvez confirmer leur prix et leur qualit\u00e9 en demandant un \u00e9chantillon, qui peut \u00eatre livr\u00e9 \u00e0 votre porte dans un d\u00e9lai limit\u00e9. Si vous \u00eates satisfait du prix et de la qualit\u00e9, vous pouvez passer une commande plus importante.<\/div>\n<h1 class=\"auto-hide-last-sibling-br paragraph-ae1685 br-paragraph-space\">Comment nos bo\u00eetes personnalis\u00e9es vous offrent plus de choix<\/h1>\n<div class=\"auto-hide-last-sibling-br paragraph-ae1685 br-paragraph-space\">We Custom Boxes vous permet de choisir parmi une gamme de styles, de formes, de dessins et de couleurs pour les bo\u00eetes. Vous pouvez proc\u00e9der de deux mani\u00e8res. Vous pouvez nous faire part de vos souhaits sp\u00e9cifiques, par exemple en \u00e9tudiant les produits de votre marque et en nous demandant de d\u00e9velopper des bo\u00eetes d'une couleur, d'un design ou d'une forme particuli\u00e8re. Vous pouvez \u00e9galement demander \u00e0 nos experts de vous conseiller sur ce qui convient le mieux.<\/div>\n<h1 class=\"auto-hide-last-sibling-br paragraph-ae1685 br-paragraph-space\">Demande de devis<\/h1>\n<div class=\"auto-hide-last-sibling-br paragraph-ae1685 br-paragraph-space\">Maintenant, contactez-nous par e-mail \u00e0 l'adresse suivante <span style=\"color: #ff0000;\"><strong>info@zojoprint.com <\/strong><span style=\"color: #000000;\">ou<\/span><strong> vickio@zojopackaging.com<\/strong><\/span>. Vous pouvez \u00e9galement nous appeler au num\u00e9ro de t\u00e9l\u00e9phone fourni \u00e0 tout moment. Notre service client\u00e8le est disponible 24 heures sur 24. En outre, vous pouvez obtenir une r\u00e9ponse instantan\u00e9e \u00e0 votre question par le biais de notre service de chat en direct.<\/div>\n<div class=\"widget block block-static-block\">\n<div class=\"landing-page-section option-bottom\">\n<div class=\"custom-materials-tabs-content container container-adjustment\">\n<div class=\"custom-materials-tab-content active\">\n<div class=\"widget block block-static-block\">\n<p><!---end of option item--><\/p>\n<\/div>\n<\/div>\n<\/div>\n<\/div>\n<\/div>","protected":false},"excerpt":{"rendered":"<p>Les bo\u00eetes de stylos \u00e0 vape personnalis\u00e9es sont le meilleur moyen de pr\u00e9senter vos stylos \u00e0 vape de mani\u00e8re \u00e9l\u00e9gante. Achetez des bo\u00eetes d'emballage pour stylos \u00e0 vape au prix de gros. Support de conception gratuit\uff01<\/p>\n<p>Personnalisation : Possibilit\u00e9 de personnaliser la taille, l'impression, le mat\u00e9riau, la finition, la forme, etc.<br \/>\nType de mat\u00e9riau : Respectueux de l'environnement, certifi\u00e9 FSC\/ISO\/BSCI<br \/>\nD\u00e9lai de production : \u00c9chantillon 1-3 jours ; Vrac 7-9 jours<br \/>\nD\u00e9lai d'exp\u00e9dition : Express 3-7 jours ; Air 12-16 jours ; Bateau 25-30 jours\uff08Diff\u00e9rents pays ont des d\u00e9lais diff\u00e9rents)<\/p>\n<p>Prix:Contactez-nous pour envoyer une demande de renseignements !<\/p>\n<p>&nbsp;<\/p>","protected":false},"featured_media":2692,"template":"","meta":[],"product_brand":[],"product_cat":[30,418,430,31],"product_tag":[817,849,848],"class_list":{"0":"post-2687","1":"product","2":"type-product","3":"status-publish","4":"has-post-thumbnail","6":"product_cat-by-industry","7":"product_cat-custom-cbd-boxes","8":"product_cat-folding-cartons","9":"product_cat-paper-box-style","10":"product_tag-custom-box","11":"product_tag-hanger-box-manufacturer","12":"product_tag-vape-pen-folding-carton","14":"first","15":"instock","16":"shipping-taxable","17":"product-type-grouped"},"_links":{"self":[{"href":"https:\/\/zojopackaging.com\/fr\/wp-json\/wp\/v2\/product\/2687","targetHints":{"allow":["GET"]}}],"collection":[{"href":"https:\/\/zojopackaging.com\/fr\/wp-json\/wp\/v2\/product"}],"about":[{"href":"https:\/\/zojopackaging.com\/fr\/wp-json\/wp\/v2\/types\/product"}],"version-history":[{"count":2,"href":"https:\/\/zojopackaging.com\/fr\/wp-json\/wp\/v2\/product\/2687\/revisions"}],"predecessor-version":[{"id":8504,"href":"https:\/\/zojopackaging.com\/fr\/wp-json\/wp\/v2\/product\/2687\/revisions\/8504"}],"wp:featuredmedia":[{"embeddable":true,"href":"https:\/\/zojopackaging.com\/fr\/wp-json\/wp\/v2\/media\/2692"}],"wp:attachment":[{"href":"https:\/\/zojopackaging.com\/fr\/wp-json\/wp\/v2\/media?parent=2687"}],"wp:term":[{"taxonomy":"product_brand","embeddable":true,"href":"https:\/\/zojopackaging.com\/fr\/wp-json\/wp\/v2\/product_brand?post=2687"},{"taxonomy":"product_cat","embeddable":true,"href":"https:\/\/zojopackaging.com\/fr\/wp-json\/wp\/v2\/product_cat?post=2687"},{"taxonomy":"product_tag","embeddable":true,"href":"https:\/\/zojopackaging.com\/fr\/wp-json\/wp\/v2\/product_tag?post=2687"}],"curies":[{"name":"wp","href":"https:\/\/api.w.org\/{rel}","templated":true}]}}