{"id":2694,"date":"2024-03-12T17:05:03","date_gmt":"2024-03-12T09:05:03","guid":{"rendered":"https:\/\/zojopackaging.com\/?post_type=product&#038;p=2694"},"modified":"2025-03-28T19:44:03","modified_gmt":"2025-03-28T11:44:03","slug":"wholesale-e-cigarette-boxes","status":"publish","type":"product","link":"https:\/\/zojopackaging.com\/fr\/product\/wholesale-e-cigarette-boxes\/","title":{"rendered":"Bo\u00eete en carton pour vaporisateur fabriqu\u00e9e en gros et sur mesure"},"content":{"rendered":"<h1 class=\"LC20lb MBeuO DKV0Md\">Bo\u00eetes de cigarettes \u00e9lectroniques en gros<\/h1>\n<p>Nos bo\u00eetes pour e-cigarettes en gros - la solution d'emballage ultime pour votre entreprise d'e-cigarettes !<\/p>\n<p>Nos bo\u00eetes pour e-cigarettes en gros sont con\u00e7ues pour r\u00e9pondre aux divers besoins du march\u00e9 de l'e-cigarette. Fabriqu\u00e9es avec pr\u00e9cision et utilisant des mat\u00e9riaux de haute qualit\u00e9, ces bo\u00eetes offrent une protection sup\u00e9rieure \u00e0 vos produits de valeur.<\/p>\n<h2><strong>Pourquoi choisir notre option de vente en gros ?<\/strong><\/h2>\n<p>L'achat en gros vous permet de r\u00e9aliser d'importantes \u00e9conomies sans compromettre la qualit\u00e9. C'est donc un choix id\u00e9al pour les entreprises de toutes tailles, qu'il s'agisse d'une start-up ou d'une entreprise bien \u00e9tablie.<\/p>\n<p>Nous comprenons l'importance de l'image de marque. C'est pourquoi nos bo\u00eetes d'e-cigarettes en gros peuvent \u00eatre personnalis\u00e9es avec votre logo, les couleurs de votre marque et des graphiques uniques. Cela permet de cr\u00e9er une image de marque coh\u00e9rente et reconnaissable, ce qui renforce la fid\u00e9lit\u00e9 des clients et la notori\u00e9t\u00e9 de la marque.<\/p>\n<p>Notre engagement en mati\u00e8re de qualit\u00e9 garantit que chaque bo\u00eete est durable et fiable, offrant une solution d'emballage s\u00e9curis\u00e9e qui prot\u00e8ge vos e-cigarettes contre les dommages pendant le stockage et le transport.<\/p>\n<h1><strong>Sp\u00e9cifications<\/strong><\/h1>\n<table style=\"height: 456px;\" width=\"1153\">\n<tbody>\n<tr>\n<td width=\"373\">Dimensions<\/td>\n<td width=\"373\">Toutes les tailles et formes personnalis\u00e9es<\/td>\n<\/tr>\n<tr>\n<td width=\"373\">Impression<\/td>\n<td width=\"373\">CMYK, PMS, pas d'impression<\/td>\n<\/tr>\n<tr>\n<td width=\"373\">Stock de papier<\/td>\n<td width=\"373\">10pt \u00e0 28pt (60lb \u00e0 400lb) Kraft \u00e9cologique, carton ondul\u00e9 \u00e0 cannelure E, carton Bux, papier cartonn\u00e9<\/td>\n<\/tr>\n<tr>\n<td width=\"373\">Quantit\u00e9s<\/td>\n<td width=\"373\">500- 500,000<\/td>\n<\/tr>\n<tr>\n<td width=\"373\">Rev\u00eatement<\/td>\n<td width=\"373\">Brillant, mat, spot UV<\/td>\n<\/tr>\n<tr>\n<td width=\"373\">Processus par d\u00e9faut<\/td>\n<td width=\"373\">D\u00e9coupage, collage, rainurage, perforation<\/td>\n<\/tr>\n<tr>\n<td width=\"373\">Options<\/td>\n<td width=\"373\">D\u00e9coupe de fen\u00eatres sur mesure, dorure\/argent, gaufrage, encre en relief, feuilles de PVC.<\/td>\n<\/tr>\n<tr>\n<td width=\"373\">Preuve<\/td>\n<td width=\"373\">Vue \u00e0 plat, maquette 3D, \u00e9chantillonnage physique (sur demande)<\/td>\n<\/tr>\n<tr>\n<td width=\"373\">D\u00e9lai d'ex\u00e9cution<\/td>\n<td width=\"373\">7-14 jours ouvrables , Rush<\/td>\n<\/tr>\n<tr>\n<td width=\"373\">MOQ<\/td>\n<td width=\"373\">500<\/td>\n<\/tr>\n<tr>\n<td width=\"373\">Temps d'\u00e9chantillonnage<\/td>\n<td width=\"373\">3-5 jours<\/td>\n<\/tr>\n<tr>\n<td width=\"373\">D\u00e9lai de paiement<\/td>\n<td width=\"373\">T\/T, Western Union, Paypal, d\u00e9p\u00f4t de 30% et solde de 70% avant l'exp\u00e9dition.<\/td>\n<\/tr>\n<\/tbody>\n<\/table>\n<div class=\"widget block block-static-block\">\n<div class=\"landing-page-section option-bottom\">\n<div class=\"custom-materials-tabs-content container container-adjustment\">\n<div class=\"custom-materials-tab-content active\">\n<div class=\"widget block block-static-block\">\n<div class=\"options-items\">\n<div class=\"flex-grid-row-option\">\n<div class=\"flex-grid-item-option\">\n<div class=\"material-box\">\n<div class=\"material-des\">\n<p>&nbsp;<\/p>\n<\/div>\n<p>&nbsp;<\/p>\n<\/div>\n<\/div>\n<\/div>\n<\/div>\n<p><!---end of option item--><\/p>\n<\/div>\n<\/div>\n<\/div>\n<\/div>\n<\/div>","protected":false},"excerpt":{"rendered":"<p>Obtenez des bo\u00eetes de vape personnalis\u00e9es \u00e0 des prix de gros. Concevez vos propres bo\u00eetes d'emballage de vape \u00e0 partir d'un fournisseur de bo\u00eetes fiable maintenant !<\/p>\n<p>Personnalisation : Possibilit\u00e9 de personnaliser la taille, l'impression, le mat\u00e9riau, la finition, la forme, etc.<br \/>\nType de mat\u00e9riau : Respectueux de l'environnement, certifi\u00e9 FSC\/ISO\/BSCI<br \/>\nD\u00e9lai de production : \u00c9chantillon 1-3 jours ; Vrac 7-9 jours<br \/>\nD\u00e9lai d'exp\u00e9dition : Express 3-7 jours ; Air 12-16 jours ; Bateau 25-30 jours\uff08Diff\u00e9rents pays ont des d\u00e9lais diff\u00e9rents)<\/p>\n<p>Prix:Contactez-nous pour envoyer une demande de renseignements !<\/p>","protected":false},"featured_media":2700,"template":"","meta":[],"product_brand":[],"product_cat":[30,418,430,31],"product_tag":[852,850,851],"class_list":{"0":"post-2694","1":"product","2":"type-product","3":"status-publish","4":"has-post-thumbnail","6":"product_cat-by-industry","7":"product_cat-custom-cbd-boxes","8":"product_cat-folding-cartons","9":"product_cat-paper-box-style","10":"product_tag-custom-wholesale-box","11":"product_tag-custom-wholesale-vape-cardboard-box","12":"product_tag-vape-cardboard-box","14":"first","15":"instock","16":"shipping-taxable","17":"product-type-grouped"},"_links":{"self":[{"href":"https:\/\/zojopackaging.com\/fr\/wp-json\/wp\/v2\/product\/2694","targetHints":{"allow":["GET"]}}],"collection":[{"href":"https:\/\/zojopackaging.com\/fr\/wp-json\/wp\/v2\/product"}],"about":[{"href":"https:\/\/zojopackaging.com\/fr\/wp-json\/wp\/v2\/types\/product"}],"version-history":[{"count":2,"href":"https:\/\/zojopackaging.com\/fr\/wp-json\/wp\/v2\/product\/2694\/revisions"}],"predecessor-version":[{"id":5959,"href":"https:\/\/zojopackaging.com\/fr\/wp-json\/wp\/v2\/product\/2694\/revisions\/5959"}],"wp:featuredmedia":[{"embeddable":true,"href":"https:\/\/zojopackaging.com\/fr\/wp-json\/wp\/v2\/media\/2700"}],"wp:attachment":[{"href":"https:\/\/zojopackaging.com\/fr\/wp-json\/wp\/v2\/media?parent=2694"}],"wp:term":[{"taxonomy":"product_brand","embeddable":true,"href":"https:\/\/zojopackaging.com\/fr\/wp-json\/wp\/v2\/product_brand?post=2694"},{"taxonomy":"product_cat","embeddable":true,"href":"https:\/\/zojopackaging.com\/fr\/wp-json\/wp\/v2\/product_cat?post=2694"},{"taxonomy":"product_tag","embeddable":true,"href":"https:\/\/zojopackaging.com\/fr\/wp-json\/wp\/v2\/product_tag?post=2694"}],"curies":[{"name":"wp","href":"https:\/\/api.w.org\/{rel}","templated":true}]}}