{"id":2703,"date":"2024-03-12T17:08:41","date_gmt":"2024-03-12T09:08:41","guid":{"rendered":"https:\/\/zojopackaging.com\/?post_type=product&#038;p=2703"},"modified":"2025-03-28T20:06:21","modified_gmt":"2025-03-28T12:06:21","slug":"custom-e-cigarette-cardboard-box","status":"publish","type":"product","link":"https:\/\/zojopackaging.com\/fr\/product\/custom-e-cigarette-cardboard-box\/","title":{"rendered":"Fabricants de bo\u00eetes en carton pour e-cigarettes sur mesure"},"content":{"rendered":"<h1>Fabricants de bo\u00eetes en carton pour e-cigarettes sur mesure<\/h1>\n<p>Nous vous pr\u00e9sentons notre bo\u00eete en carton personnalis\u00e9e pour e-cigarettes - la solution d'emballage parfaite pour mettre en valeur votre marque d'e-cigarettes.<\/p>\n<p>Le mat\u00e9riau en carton de haute qualit\u00e9 garantit la durabilit\u00e9, prot\u00e9geant vos e-cigarettes de tout dommage potentiel pendant le transport et le stockage. La personnalisation de ces bo\u00eetes est ce qui les distingue des autres. Vous pouvez choisir parmi une large gamme de couleurs, de finitions et d'options d'impression pour cr\u00e9er une bo\u00eete qui s'aligne sur l'identit\u00e9 unique de votre marque.<br \/>\nQue vous pr\u00e9f\u00e9riez un look \u00e9pur\u00e9 et moderne ou un design plus \u00e9labor\u00e9, notre \u00e9quipe d'experts travaillera en \u00e9troite collaboration avec vous pour donner vie \u00e0 votre vision. Ajoutez le logo de votre marque, des informations sur vos produits et des graphiques attrayants pour que vos e-cigarettes se distinguent dans les rayons.<\/p>\n<p>La bo\u00eete en carton personnalis\u00e9e pour e-cigarettes ne se contente pas de prot\u00e9ger votre produit, elle sert \u00e9galement d'outil de marketing. Son design attrayant attire l'attention des consommateurs, ce qui accro\u00eet la notori\u00e9t\u00e9 de la marque et stimule les ventes.<\/p>\n<p>Nous comprenons l'importance de la qualit\u00e9 et de l'attention port\u00e9e aux d\u00e9tails. Chaque bo\u00eete est fabriqu\u00e9e avec pr\u00e9cision pour assurer un ajustement parfait \u00e0 vos appareils et accessoires d'e-cigarette.<\/p>\n<h1><strong>Sp\u00e9cifications<\/strong><\/h1>\n<table style=\"height: 456px;\" width=\"1153\">\n<tbody>\n<tr>\n<td width=\"373\">Dimensions<\/td>\n<td width=\"373\">Toutes les tailles et formes personnalis\u00e9es<\/td>\n<\/tr>\n<tr>\n<td width=\"373\">Impression<\/td>\n<td width=\"373\">CMYK, PMS, pas d'impression<\/td>\n<\/tr>\n<tr>\n<td width=\"373\">Stock de papier<\/td>\n<td width=\"373\">10pt \u00e0 28pt (60lb \u00e0 400lb) Kraft \u00e9cologique, carton ondul\u00e9 \u00e0 cannelure E, carton Bux, papier cartonn\u00e9<\/td>\n<\/tr>\n<tr>\n<td width=\"373\">Quantit\u00e9s<\/td>\n<td width=\"373\">500- 500,000<\/td>\n<\/tr>\n<tr>\n<td width=\"373\">Rev\u00eatement<\/td>\n<td width=\"373\">Brillant, mat, spot UV<\/td>\n<\/tr>\n<tr>\n<td width=\"373\">Processus par d\u00e9faut<\/td>\n<td width=\"373\">D\u00e9coupage, collage, rainurage, perforation<\/td>\n<\/tr>\n<tr>\n<td width=\"373\">Options<\/td>\n<td width=\"373\">D\u00e9coupe de fen\u00eatres sur mesure, dorure\/argent, gaufrage, encre en relief, feuilles de PVC.<\/td>\n<\/tr>\n<tr>\n<td width=\"373\">Preuve<\/td>\n<td width=\"373\">Vue \u00e0 plat, maquette 3D, \u00e9chantillonnage physique (sur demande)<\/td>\n<\/tr>\n<tr>\n<td width=\"373\">D\u00e9lai d'ex\u00e9cution<\/td>\n<td width=\"373\">7-14 jours ouvrables , Rush<\/td>\n<\/tr>\n<tr>\n<td width=\"373\">MOQ<\/td>\n<td width=\"373\">500<\/td>\n<\/tr>\n<tr>\n<td width=\"373\">Temps d'\u00e9chantillonnage<\/td>\n<td width=\"373\">3-5 jours<\/td>\n<\/tr>\n<tr>\n<td width=\"373\">D\u00e9lai de paiement<\/td>\n<td width=\"373\">T\/T, Western Union, Paypal, d\u00e9p\u00f4t de 30% et solde de 70% avant l'exp\u00e9dition.<\/td>\n<\/tr>\n<\/tbody>\n<\/table>\n<div class=\"widget block block-static-block\">\n<div class=\"landing-page-section option-bottom\">\n<div class=\"custom-materials-tabs-content container container-adjustment\">\n<div class=\"custom-materials-tab-content active\">\n<div class=\"widget block block-static-block\">\n<div class=\"options-items\">\n<div class=\"flex-grid-row-option\">\n<div class=\"flex-grid-item-option\">\n<div class=\"material-box\">\n<div class=\"material-des\">\n<p>&nbsp;<\/p>\n<\/div>\n<p>&nbsp;<\/p>\n<\/div>\n<\/div>\n<\/div>\n<\/div>\n<p><!---end of option item--><\/p>\n<\/div>\n<\/div>\n<\/div>\n<\/div>\n<\/div>","protected":false},"excerpt":{"rendered":"<p>Que vous emballiez des stylos de vape, des e-cigarettes jetables ou des dispositifs rechargeables, nos bo\u00eetes offrent un stockage s\u00e9curis\u00e9 et un emballage durable pour que vos produits restent en forme.<\/p>\n<p>Type de mat\u00e9riau : Respectueux de l'environnement, certifi\u00e9 FSC\/ISO\/BSCI<br \/>\nD\u00e9lai de production : \u00c9chantillon 1-3 jours ; Vrac 7-9 jours<br \/>\nD\u00e9lai d'exp\u00e9dition : Express 3-7 jours ; Air 12-16 jours ; Bateau 25-30 jours\uff08Diff\u00e9rents pays ont des d\u00e9lais diff\u00e9rents)<\/p>\n<p>Prix:Contactez-nous pour envoyer une demande de renseignements !<\/p>","protected":false},"featured_media":2709,"template":"","meta":[],"product_brand":[],"product_cat":[30,420,430],"product_tag":[853,817,332],"class_list":{"0":"post-2703","1":"product","2":"type-product","3":"status-publish","4":"has-post-thumbnail","6":"product_cat-by-industry","7":"product_cat-custom-cannabis-boxes","8":"product_cat-folding-cartons","9":"product_tag-box-supplier","10":"product_tag-custom-box","11":"product_tag-e-cigarette-cardboard-box","13":"first","14":"instock","15":"shipping-taxable","16":"product-type-grouped"},"_links":{"self":[{"href":"https:\/\/zojopackaging.com\/fr\/wp-json\/wp\/v2\/product\/2703","targetHints":{"allow":["GET"]}}],"collection":[{"href":"https:\/\/zojopackaging.com\/fr\/wp-json\/wp\/v2\/product"}],"about":[{"href":"https:\/\/zojopackaging.com\/fr\/wp-json\/wp\/v2\/types\/product"}],"version-history":[{"count":2,"href":"https:\/\/zojopackaging.com\/fr\/wp-json\/wp\/v2\/product\/2703\/revisions"}],"predecessor-version":[{"id":8506,"href":"https:\/\/zojopackaging.com\/fr\/wp-json\/wp\/v2\/product\/2703\/revisions\/8506"}],"wp:featuredmedia":[{"embeddable":true,"href":"https:\/\/zojopackaging.com\/fr\/wp-json\/wp\/v2\/media\/2709"}],"wp:attachment":[{"href":"https:\/\/zojopackaging.com\/fr\/wp-json\/wp\/v2\/media?parent=2703"}],"wp:term":[{"taxonomy":"product_brand","embeddable":true,"href":"https:\/\/zojopackaging.com\/fr\/wp-json\/wp\/v2\/product_brand?post=2703"},{"taxonomy":"product_cat","embeddable":true,"href":"https:\/\/zojopackaging.com\/fr\/wp-json\/wp\/v2\/product_cat?post=2703"},{"taxonomy":"product_tag","embeddable":true,"href":"https:\/\/zojopackaging.com\/fr\/wp-json\/wp\/v2\/product_tag?post=2703"}],"curies":[{"name":"wp","href":"https:\/\/api.w.org\/{rel}","templated":true}]}}