{"id":2710,"date":"2024-03-12T17:11:58","date_gmt":"2024-03-12T09:11:58","guid":{"rendered":"https:\/\/zojopackaging.com\/?post_type=product&#038;p=2710"},"modified":"2025-03-28T20:28:40","modified_gmt":"2025-03-28T12:28:40","slug":"e-cigarette-buckle-bottom-cardboard-box","status":"publish","type":"product","link":"https:\/\/zojopackaging.com\/fr\/product\/e-cigarette-buckle-bottom-cardboard-box\/","title":{"rendered":"Bo\u00eete en carton pliante pour e-liquide Fournisseur grossiste"},"content":{"rendered":"<h1>Bo\u00eete en carton pliante pour e-liquide Fournisseur grossiste<\/h1>\n<p>Cette bo\u00eete en carton personnalis\u00e9e est con\u00e7ue avec pr\u00e9cision et souci du d\u00e9tail. La conception du fond \u00e0 boucle assure la stabilit\u00e9 et la solidit\u00e9, fournissant un contenant fiable pour vos e-cigarettes de valeur.<\/p>\n<p>Notre bo\u00eete en carton \u00e0 boucles pour e-cigarettes offre un haut niveau de personnalisation. Vous avez la libert\u00e9 de s\u00e9lectionner la taille, la couleur et les options d'impression qui correspondent parfaitement \u00e0 l'identit\u00e9 de votre marque. Que vous pr\u00e9f\u00e9riez un look audacieux et vibrant ou un style sophistiqu\u00e9 et \u00e9l\u00e9gant, nous pouvons cr\u00e9er une bo\u00eete qui mettra en valeur votre marque d'e-cigarette.<\/p>\n<p>L'utilisation d'un carton de haute qualit\u00e9 garantit la durabilit\u00e9 et la protection. Il prot\u00e8ge vos e-cigarettes des dommages ext\u00e9rieurs pendant le stockage, le transport et la pr\u00e9sentation.<\/p>\n<p>Que vous soyez une start-up ou une marque \u00e9tablie d'e-cigarettes, notre bo\u00eete en carton personnalis\u00e9e pour e-cigarettes est le choix id\u00e9al pour \u00e9lever votre niveau d'emballage et laisser une impression durable \u00e0 vos clients.<\/p>\n<h1><strong>Sp\u00e9cifications<\/strong><\/h1>\n<table style=\"height: 456px;\" width=\"1153\">\n<tbody>\n<tr>\n<td width=\"373\">Dimensions<\/td>\n<td width=\"373\">Toutes les tailles et formes personnalis\u00e9es<\/td>\n<\/tr>\n<tr>\n<td width=\"373\">Impression<\/td>\n<td width=\"373\">CMYK, PMS, pas d'impression<\/td>\n<\/tr>\n<tr>\n<td width=\"373\">Stock de papier<\/td>\n<td width=\"373\">10pt \u00e0 28pt (60lb \u00e0 400lb) Kraft \u00e9cologique, carton ondul\u00e9 \u00e0 cannelure E, carton Bux, papier cartonn\u00e9<\/td>\n<\/tr>\n<tr>\n<td width=\"373\">Quantit\u00e9s<\/td>\n<td width=\"373\">500- 500,000<\/td>\n<\/tr>\n<tr>\n<td width=\"373\">Rev\u00eatement<\/td>\n<td width=\"373\">Brillant, mat, spot UV<\/td>\n<\/tr>\n<tr>\n<td width=\"373\">Processus par d\u00e9faut<\/td>\n<td width=\"373\">D\u00e9coupage, collage, rainurage, perforation<\/td>\n<\/tr>\n<tr>\n<td width=\"373\">Options<\/td>\n<td width=\"373\">D\u00e9coupe de fen\u00eatres sur mesure, dorure\/argent, gaufrage, encre en relief, feuilles de PVC.<\/td>\n<\/tr>\n<tr>\n<td width=\"373\">Preuve<\/td>\n<td width=\"373\">Vue \u00e0 plat, maquette 3D, \u00e9chantillonnage physique (sur demande)<\/td>\n<\/tr>\n<tr>\n<td width=\"373\">D\u00e9lai d'ex\u00e9cution<\/td>\n<td width=\"373\">7-14 jours ouvrables , Rush<\/td>\n<\/tr>\n<tr>\n<td width=\"373\">MOQ<\/td>\n<td width=\"373\">500<\/td>\n<\/tr>\n<tr>\n<td width=\"373\">Temps d'\u00e9chantillonnage<\/td>\n<td width=\"373\">3-5 jours<\/td>\n<\/tr>\n<tr>\n<td width=\"373\">D\u00e9lai de paiement<\/td>\n<td width=\"373\">T\/T, Western Union, Paypal, d\u00e9p\u00f4t de 30% et solde de 70% avant l'exp\u00e9dition.<\/td>\n<\/tr>\n<\/tbody>\n<\/table>\n<p>&nbsp;<\/p>\n<div class=\"widget block block-static-block\">\n<div class=\"landing-page-section option-bottom\">\n<div class=\"custom-materials-tabs-content container container-adjustment\">\n<div class=\"custom-materials-tab-content active\">\n<div class=\"widget block block-static-block\">\n<div class=\"options-items\">\n<div class=\"flex-grid-row-option\">\n<div class=\"flex-grid-item-option\">\n<div class=\"material-box\">\n<div class=\"material-des\">\n<p>&nbsp;<\/p>\n<\/div>\n<p>&nbsp;<\/p>\n<\/div>\n<\/div>\n<\/div>\n<\/div>\n<p><!---end of option item--><\/p>\n<\/div>\n<\/div>\n<\/div>\n<\/div>\n<\/div>","protected":false},"excerpt":{"rendered":"<p>En tant que fabricant de bo\u00eetes d'e-liquide, Ideal Custom Boxes fournit des solutions de haute qualit\u00e9 avec les caract\u00e9ristiques requises d'un emballage moderne.<\/p>\n<p>Type de mat\u00e9riau : Respectueux de l'environnement, certifi\u00e9 FSC\/ISO\/BSCI<br \/>\nD\u00e9lai de production : \u00c9chantillon 1-3 jours ; Vrac 7-9 jours<br \/>\nD\u00e9lai d'exp\u00e9dition : Express 3-7 jours ; Air 12-16 jours ; Bateau 25-30 jours\uff08Diff\u00e9rents pays ont des d\u00e9lais diff\u00e9rents)<\/p>\n<p>Prix:Contactez-nous pour envoyer une demande de renseignements !<\/p>","protected":false},"featured_media":2711,"template":"","meta":[],"product_brand":[],"product_cat":[30,418,430,31],"product_tag":[854,855,856],"class_list":{"0":"post-2710","1":"product","2":"type-product","3":"status-publish","4":"has-post-thumbnail","6":"product_cat-by-industry","7":"product_cat-custom-cbd-boxes","8":"product_cat-folding-cartons","9":"product_cat-paper-box-style","10":"product_tag-bespoke-box","11":"product_tag-box-wholesale-supplier","12":"product_tag-e-liquid-folding-cardboard-box","14":"first","15":"instock","16":"shipping-taxable","17":"product-type-grouped"},"_links":{"self":[{"href":"https:\/\/zojopackaging.com\/fr\/wp-json\/wp\/v2\/product\/2710","targetHints":{"allow":["GET"]}}],"collection":[{"href":"https:\/\/zojopackaging.com\/fr\/wp-json\/wp\/v2\/product"}],"about":[{"href":"https:\/\/zojopackaging.com\/fr\/wp-json\/wp\/v2\/types\/product"}],"version-history":[{"count":2,"href":"https:\/\/zojopackaging.com\/fr\/wp-json\/wp\/v2\/product\/2710\/revisions"}],"predecessor-version":[{"id":8507,"href":"https:\/\/zojopackaging.com\/fr\/wp-json\/wp\/v2\/product\/2710\/revisions\/8507"}],"wp:featuredmedia":[{"embeddable":true,"href":"https:\/\/zojopackaging.com\/fr\/wp-json\/wp\/v2\/media\/2711"}],"wp:attachment":[{"href":"https:\/\/zojopackaging.com\/fr\/wp-json\/wp\/v2\/media?parent=2710"}],"wp:term":[{"taxonomy":"product_brand","embeddable":true,"href":"https:\/\/zojopackaging.com\/fr\/wp-json\/wp\/v2\/product_brand?post=2710"},{"taxonomy":"product_cat","embeddable":true,"href":"https:\/\/zojopackaging.com\/fr\/wp-json\/wp\/v2\/product_cat?post=2710"},{"taxonomy":"product_tag","embeddable":true,"href":"https:\/\/zojopackaging.com\/fr\/wp-json\/wp\/v2\/product_tag?post=2710"}],"curies":[{"name":"wp","href":"https:\/\/api.w.org\/{rel}","templated":true}]}}