{"id":2717,"date":"2024-03-12T17:14:33","date_gmt":"2024-03-12T09:14:33","guid":{"rendered":"https:\/\/zojopackaging.com\/?post_type=product&#038;p=2717"},"modified":"2025-03-28T14:27:07","modified_gmt":"2025-03-28T06:27:07","slug":"custom-electronic-cigarette-packaging-box","status":"publish","type":"product","link":"https:\/\/zojopackaging.com\/fr\/product\/custom-electronic-cigarette-packaging-box\/","title":{"rendered":"Bo\u00eetes \u00e0 marijuana et \u00e0 cannabis personnalis\u00e9es et r\u00e9sistantes aux enfants"},"content":{"rendered":"<h1>Bo\u00eetes \u00e0 marijuana et \u00e0 cannabis personnalis\u00e9es et r\u00e9sistantes aux enfants<\/h1>\n<p>Vous cherchez une solution d'emballage unique et attrayante pour vos produits de cannabis ? Notre bo\u00eete d'emballage de vape personnalis\u00e9e est le choix parfait !<br \/>\nCon\u00e7ues avec pr\u00e9cision et cr\u00e9ativit\u00e9, nos bo\u00eetes d'emballage ne prot\u00e8gent pas seulement votre vape, mais am\u00e9liorent \u00e9galement leur attrait visuel. Nous comprenons l'importance de l'image de marque sur le march\u00e9 concurrentiel, et nos bo\u00eetes personnalis\u00e9es vous permettent de mettre en valeur votre logo, les couleurs de votre marque et des \u00e9l\u00e9ments de conception uniques.<\/p>\n<h1><strong>Sp\u00e9cifications<\/strong><\/h1>\n<table style=\"height: 456px;\" width=\"1153\">\n<tbody>\n<tr>\n<td width=\"373\">Dimensions<\/td>\n<td width=\"373\">Toutes les tailles et formes personnalis\u00e9es<\/td>\n<\/tr>\n<tr>\n<td width=\"373\">Impression<\/td>\n<td width=\"373\">CMYK, PMS, pas d'impression<\/td>\n<\/tr>\n<tr>\n<td width=\"373\">Stock de papier<\/td>\n<td width=\"373\">10pt \u00e0 28pt (60lb \u00e0 400lb) Kraft \u00e9cologique, carton ondul\u00e9 \u00e0 cannelure E, carton Bux, papier cartonn\u00e9<\/td>\n<\/tr>\n<tr>\n<td width=\"373\">Quantit\u00e9s<\/td>\n<td width=\"373\">500- 500,000<\/td>\n<\/tr>\n<tr>\n<td width=\"373\">Rev\u00eatement<\/td>\n<td width=\"373\">Brillant, mat, spot UV<\/td>\n<\/tr>\n<tr>\n<td width=\"373\">Processus par d\u00e9faut<\/td>\n<td width=\"373\">D\u00e9coupage, collage, rainurage, perforation<\/td>\n<\/tr>\n<tr>\n<td width=\"373\">Options<\/td>\n<td width=\"373\">D\u00e9coupe de fen\u00eatres sur mesure, dorure\/argent, gaufrage, encre en relief, feuilles de PVC.<\/td>\n<\/tr>\n<tr>\n<td width=\"373\">Preuve<\/td>\n<td width=\"373\">Vue \u00e0 plat, maquette 3D, \u00e9chantillonnage physique (sur demande)<\/td>\n<\/tr>\n<tr>\n<td width=\"373\">D\u00e9lai d'ex\u00e9cution<\/td>\n<td width=\"373\">7-14 jours ouvrables , Rush<\/td>\n<\/tr>\n<tr>\n<td width=\"373\">MOQ<\/td>\n<td width=\"373\">500<\/td>\n<\/tr>\n<tr>\n<td width=\"373\">Temps d'\u00e9chantillonnage<\/td>\n<td width=\"373\">\u00a05 jours<\/td>\n<\/tr>\n<tr>\n<td width=\"373\">D\u00e9lai de paiement<\/td>\n<td width=\"373\">T\/T, Western Union, Paypal, d\u00e9p\u00f4t de 30% et solde de 70% avant l'exp\u00e9dition.<\/td>\n<\/tr>\n<\/tbody>\n<\/table>\n<p>Notre \u00e9quipe d'experts travaille en \u00e9troite collaboration avec vous pour s'assurer que chaque aspect de l'emballage r\u00e9pond \u00e0 vos exigences sp\u00e9cifiques. De la taille et de la forme au mat\u00e9riau et \u00e0 la finition, nous offrons un large \u00e9ventail d'options pour cr\u00e9er une bo\u00eete d'emballage qui se d\u00e9marque dans les rayons.<\/p>\n<p>Choisissez parmi des mat\u00e9riaux de haute qualit\u00e9 tels que le carton, le papier ou le plastique, et s\u00e9lectionnez diff\u00e9rentes finitions comme le mat, le brillant ou le gaufr\u00e9 pour ajouter une touche de luxe et de sophistication.<br \/>\nLa bo\u00eete d'emballage personnalis\u00e9e pour cigarettes \u00e9lectroniques offre \u00e9galement un large espace pour les informations sur le produit, les instructions et les avertissements de s\u00e9curit\u00e9, garantissant ainsi la conformit\u00e9 avec les r\u00e9glementations et fournissant aux consommateurs tous les d\u00e9tails n\u00e9cessaires.<\/p>\n<p><strong><a href=\"https:\/\/zojopackaging.com\/fr\/contact-us\/\">Contactez nous<\/a><\/strong> d\u00e8s aujourd'hui pour commencer \u00e0 cr\u00e9er votre solution d'emballage id\u00e9ale !<\/p>\n<h1>Ce que nous offrons en mati\u00e8re d'emballage de cartouches de vaporisation personnalis\u00e9es :<\/h1>\n<p>Nous fournissons nos services \u00e0 nos chers clients depuis des ann\u00e9es maintenant et nous avons d\u00e9j\u00e0 travaill\u00e9 sur de nombreux emballages personnalis\u00e9s comme l'emballage en carton pour les cartouches de vape, les cartouches de vape imprim\u00e9es personnalis\u00e9es, l'emballage d'huile de vape et l'emballage de vape. Cela ne s'arr\u00eate pas l\u00e0, nous continuons \u00e0 fournir des services \u00e0 beaucoup de nos clients. Nous offrons \u00e9galement un support de conception gratuit \u00e0 tous nos clients. Nous sommes tr\u00e8s exp\u00e9riment\u00e9s dans notre domaine, il suffit de nous pr\u00e9senter votre id\u00e9e et nous nous occuperons des dimensions et des probl\u00e8mes de taille pour vous.<\/p>\n<h1>Bo\u00eete d'emballage de vape personnalis\u00e9e<\/h1>\n<p>Dans le monde de la vape, il existe de nombreuses marques sur le march\u00e9 avec lesquelles il faut rivaliser. C'est pourquoi un look \u00e9l\u00e9gant est devenu obligatoire pour survivre \u00e0 la concurrence. Les solutions d'emballage personnalis\u00e9es pour la vape jouent un r\u00f4le important \u00e0 cet \u00e9gard. Ces bo\u00eetes am\u00e9liorent la visibilit\u00e9 des produits en mettant en valeur votre marque sur le march\u00e9. Les bo\u00eetes \u00e0 vape personnalis\u00e9es en carton sont le meilleur moyen de pr\u00e9server leur qualit\u00e9. Elles sont con\u00e7ues pour r\u00e9pondre aux attentes des clients et aux tendances actuelles du march\u00e9. The Custom Boxes est l'un des plus grands fabricants en gros \u00e0 vous fournir des bo\u00eetes haut de gamme \u00e0 des prix rentables.<\/p>\n<h1>Mat\u00e9riau durable pour la protection du 100%<\/h1>\n<p>Nous fabriquons des bo\u00eetes de rangement pour vape \u00e0 partir d'un stock de bo\u00eetes en carton ou de bo\u00eetes Kraft de la meilleure qualit\u00e9. Le mat\u00e9riau est durable et suffisamment robuste pour assurer une protection maximale des produits. Il les garde en s\u00e9curit\u00e9 pendant la transition, le stockage et l'exposition. Vous pouvez personnaliser l'\u00e9paisseur de la bo\u00eete en fonction de la d\u00e9licatesse de vos produits de valeur. Un tel aspect exub\u00e9rant des bo\u00eetes de cigarettes \u00e9lectroniques personnalis\u00e9es en gros fait ressortir vos produits sur les \u00e9tag\u00e8res de vente au d\u00e9tail.<\/p>\n<div class=\"widget block block-static-block\">\n<div class=\"landing-page-section option-bottom\">\n<div class=\"custom-materials-tabs-content container container-adjustment\">\n<div class=\"custom-materials-tab-content active\">\n<div class=\"widget block block-static-block\">\n<div class=\"options-items\">\n<div class=\"flex-grid-row-option\">\n<div class=\"flex-grid-item-option\">\n<div class=\"material-box\">\n<p>&nbsp;<\/p>\n<\/div>\n<\/div>\n<\/div>\n<\/div>\n<p><!---end of option item--><\/p>\n<\/div>\n<\/div>\n<\/div>\n<\/div>\n<\/div>","protected":false},"excerpt":{"rendered":"<p>1. La s\u00e9curit\u00e9 enfant sur le c\u00f4t\u00e9 emp\u00eache les enfants d'ing\u00e9rer accidentellement le produit, mais les adultes peuvent l'ouvrir facilement.<br \/>\n2. La technologie de gaufrage conf\u00e8re \u00e0 l'emballage une impression de luxe et une pr\u00e9sentation visuelle de haute qualit\u00e9.<br \/>\n3. Diff\u00e9rentes tailles peuvent \u00eatre personnalis\u00e9es en fonction de votre produit, convenant \u00e0 tous les types d'emballages de vape de cannabis.<\/p>","protected":false},"featured_media":2718,"template":"","meta":[],"product_brand":[],"product_cat":[30,431,420,31],"product_tag":[794,795,796],"class_list":{"0":"post-2717","1":"product","2":"type-product","3":"status-publish","4":"has-post-thumbnail","6":"product_cat-by-industry","7":"product_cat-child-resistant-packaging","8":"product_cat-custom-cannabis-boxes","9":"product_cat-paper-box-style","10":"product_tag-child-resistant-cannabis-boxes","11":"product_tag-custom-cannabis-boxes","12":"product_tag-marijuana-cannabis-boxes","14":"first","15":"instock","16":"shipping-taxable","17":"product-type-grouped"},"_links":{"self":[{"href":"https:\/\/zojopackaging.com\/fr\/wp-json\/wp\/v2\/product\/2717","targetHints":{"allow":["GET"]}}],"collection":[{"href":"https:\/\/zojopackaging.com\/fr\/wp-json\/wp\/v2\/product"}],"about":[{"href":"https:\/\/zojopackaging.com\/fr\/wp-json\/wp\/v2\/types\/product"}],"version-history":[{"count":2,"href":"https:\/\/zojopackaging.com\/fr\/wp-json\/wp\/v2\/product\/2717\/revisions"}],"predecessor-version":[{"id":8459,"href":"https:\/\/zojopackaging.com\/fr\/wp-json\/wp\/v2\/product\/2717\/revisions\/8459"}],"wp:featuredmedia":[{"embeddable":true,"href":"https:\/\/zojopackaging.com\/fr\/wp-json\/wp\/v2\/media\/2718"}],"wp:attachment":[{"href":"https:\/\/zojopackaging.com\/fr\/wp-json\/wp\/v2\/media?parent=2717"}],"wp:term":[{"taxonomy":"product_brand","embeddable":true,"href":"https:\/\/zojopackaging.com\/fr\/wp-json\/wp\/v2\/product_brand?post=2717"},{"taxonomy":"product_cat","embeddable":true,"href":"https:\/\/zojopackaging.com\/fr\/wp-json\/wp\/v2\/product_cat?post=2717"},{"taxonomy":"product_tag","embeddable":true,"href":"https:\/\/zojopackaging.com\/fr\/wp-json\/wp\/v2\/product_tag?post=2717"}],"curies":[{"name":"wp","href":"https:\/\/api.w.org\/{rel}","templated":true}]}}