{"id":2724,"date":"2024-03-12T17:21:09","date_gmt":"2024-03-12T09:21:09","guid":{"rendered":"https:\/\/zojopackaging.com\/?post_type=product&#038;p=2724"},"modified":"2025-03-29T16:56:57","modified_gmt":"2025-03-29T08:56:57","slug":"wholesale-custom-packaging-box","status":"publish","type":"product","link":"https:\/\/zojopackaging.com\/fr\/product\/wholesale-custom-packaging-box\/","title":{"rendered":"Bo\u00eete d'emballage en carton pour stylos \u00e0 vaporette"},"content":{"rendered":"<h1>Bo\u00eete d'emballage Factory Wholesale Custom<\/h1>\n<div class=\"auto-hide-last-sibling-br paragraph-ae1685 br-paragraph-space\">\n<p>Notre bo\u00eete d'emballage Factory Wholesale Custom Packaging Box - la solution ultime pour tous vos besoins d'emballage !<\/p>\n<p>Gr\u00e2ce \u00e0 notre vaste gamme d'options de personnalisation, vous avez la libert\u00e9 de concevoir une bo\u00eete d'emballage qui sort du lot. Choisissez parmi une vari\u00e9t\u00e9 de mat\u00e9riaux, de couleurs, de formes et de tailles pour cr\u00e9er un emballage unique et accrocheur qui attirera l'attention de vos clients.<\/p>\n<p>Non seulement nos bo\u00eetes d'emballage personnalis\u00e9es rehaussent l'attrait esth\u00e9tique de vos produits, mais elles offrent \u00e9galement une excellente protection pendant l'exp\u00e9dition et le stockage. Nous comprenons l'importance de garder vos marchandises intactes et en s\u00e9curit\u00e9, et nos bo\u00eetes sont con\u00e7ues pour r\u00e9sister aux rigueurs de la cha\u00eene d'approvisionnement.<\/p>\n<p>Que vous soyez dans le secteur de la vente au d\u00e9tail, de l'alimentation et des boissons, des cosm\u00e9tiques ou de tout autre secteur, notre bo\u00eete d'emballage Factory Wholesale Custom Packaging Box est le choix id\u00e9al pour les entreprises qui cherchent \u00e0 faire une impression durable et \u00e0 accro\u00eetre la reconnaissance de leur marque. En vous associant \u00e0 nous, vous b\u00e9n\u00e9ficierez d'un service sans faille, de prix comp\u00e9titifs et d'un emballage qui distinguera vos produits.<\/p>\n<h1><strong>Sp\u00e9cifications<\/strong><\/h1>\n<table width=\"1153\">\n<tbody>\n<tr>\n<td width=\"373\">Dimensions<\/td>\n<td width=\"373\">Toutes les tailles et formes personnalis\u00e9es<\/td>\n<\/tr>\n<tr>\n<td width=\"373\">Impression<\/td>\n<td width=\"373\">CMYK, PMS, pas d'impression<\/td>\n<\/tr>\n<tr>\n<td width=\"373\">Stock de papier<\/td>\n<td width=\"373\">10pt \u00e0 28pt (60lb \u00e0 400lb) Kraft \u00e9cologique, carton ondul\u00e9 \u00e0 cannelure E, carton Bux, papier cartonn\u00e9<\/td>\n<\/tr>\n<tr>\n<td width=\"373\">Quantit\u00e9s<\/td>\n<td width=\"373\">500- 500,000<\/td>\n<\/tr>\n<tr>\n<td width=\"373\">Rev\u00eatement<\/td>\n<td width=\"373\">Brillant, mat, spot UV<\/td>\n<\/tr>\n<tr>\n<td width=\"373\">Processus par d\u00e9faut<\/td>\n<td width=\"373\">D\u00e9coupage, collage, rainurage, perforation<\/td>\n<\/tr>\n<tr>\n<td width=\"373\">Options<\/td>\n<td width=\"373\">D\u00e9coupe de fen\u00eatres sur mesure, dorure\/argent, gaufrage, encre en relief, feuilles de PVC.<\/td>\n<\/tr>\n<tr>\n<td width=\"373\">Preuve<\/td>\n<td width=\"373\">Vue \u00e0 plat, maquette 3D, \u00e9chantillonnage physique (sur demande)<\/td>\n<\/tr>\n<tr>\n<td width=\"373\">D\u00e9lai d'ex\u00e9cution<\/td>\n<td width=\"373\">7-14 jours ouvrables , Rush<\/td>\n<\/tr>\n<tr>\n<td width=\"373\">MOQ<\/td>\n<td width=\"373\">500<\/td>\n<\/tr>\n<tr>\n<td width=\"373\">Temps d'\u00e9chantillonnage<\/td>\n<td width=\"373\">3-5 jours<\/td>\n<\/tr>\n<tr>\n<td width=\"373\">D\u00e9lai de paiement<\/td>\n<td width=\"373\">T\/T, Western Union, Paypal, d\u00e9p\u00f4t de 30% et solde de 70% avant l'exp\u00e9dition.<\/td>\n<\/tr>\n<\/tbody>\n<\/table>\n<\/div>\n<h1 class=\"auto-hide-last-sibling-br paragraph-ae1685 br-paragraph-space\">Pourquoi choisir notre usine de bo\u00eetes d'emballage personnalis\u00e9es en gros ?<\/h1>\n<ul>\n<li class=\"auto-hide-last-sibling-br paragraph-ae1685 br-paragraph-space\"><strong>Une personnalisation in\u00e9gal\u00e9e<\/strong>: Nous comprenons que votre marque est unique. C'est pourquoi nous offrons des options de personnalisation illimit\u00e9es. De la taille et de la forme \u00e0 la couleur et \u00e0 l'impression, vous avez un contr\u00f4le total sur la conception pour cr\u00e9er un emballage qui refl\u00e8te l'identit\u00e9 de votre marque et qui se d\u00e9marque dans les rayons.<\/li>\n<li class=\"auto-hide-last-sibling-br paragraph-ae1685 br-paragraph-space\"><strong>Des solutions rentables<\/strong>: En choisissant notre option de vente en gros, vous pouvez b\u00e9n\u00e9ficier d'\u00e9conomies significatives sans compromettre la qualit\u00e9. Nos processus de fabrication efficaces et notre pouvoir d'achat en gros nous permettent d'offrir des prix comp\u00e9titifs qui vous aident \u00e0 maximiser vos profits.<\/li>\n<li class=\"auto-hide-last-sibling-br paragraph-ae1685 br-paragraph-space\"><strong>Qualit\u00e9 sup\u00e9rieure<\/strong>: Nos installations de fabrication ultramodernes et notre \u00e9quipe exp\u00e9riment\u00e9e garantissent que chaque bo\u00eete est produite selon les normes les plus strictes. Nous effectuons des contr\u00f4les de qualit\u00e9 rigoureux pour garantir que votre emballage est impeccable et pr\u00eat \u00e0 accro\u00eetre la valeur de vos produits.<\/li>\n<li class=\"auto-hide-last-sibling-br paragraph-ae1685 br-paragraph-space\"><strong>D\u00e9lai d'ex\u00e9cution rapide\u00a0<a href=\"\/\/sendMessage?ext=%7B%22s%24wiki_link%22%3A%22https%3A%2F%2Fm.baike.com%2Fwikiid%2F7246958217627762740%22%7D&amp;msg=Time\" target=\"_blank\" rel=\"noopener\">L'heure<\/a><\/strong>: Nous savons que le temps est un facteur essentiel dans le monde des affaires. Notre processus de production rationalis\u00e9 nous permet de livrer rapidement vos bo\u00eetes d'emballage personnalis\u00e9es, ce qui vous permet de respecter vos d\u00e9lais et de poursuivre vos activit\u00e9s en toute s\u00e9r\u00e9nit\u00e9.<\/li>\n<li class=\"auto-hide-last-sibling-br paragraph-ae1685 br-paragraph-space\"><strong>Un service \u00e0 la client\u00e8le exceptionnel<\/strong>: Notre \u00e9quipe d\u00e9vou\u00e9e s'engage \u00e0 vous fournir un service client\u00e8le exceptionnel tout au long du processus. De la consultation initiale \u00e0 l'assistance apr\u00e8s-vente, nous sommes l\u00e0 pour r\u00e9pondre \u00e0 vos questions et garantir votre satisfaction.<\/li>\n<\/ul>\n<h1 class=\"auto-hide-last-sibling-br paragraph-ae1685 br-paragraph-space\"><strong>Contact pour plus de d\u00e9tails<\/strong><\/h1>\n<div class=\"auto-hide-last-sibling-br paragraph-ae1685 br-paragraph-space\">Pour votre satisfaction, disposez de coordonn\u00e9es pr\u00e9cises pour poser toutes les questions qui vous viennent \u00e0 l'esprit en nous envoyant directement un courrier \u00e9lectronique \u00e0 l'adresse suivante<span style=\"color: #ff0000;\">\u00a0<strong>info@zojoprint.com<\/strong><\/span>\u00a0ou en nous appelant au +<span style=\"color: #ff0000;\"><strong>86 15017910372<\/strong><\/span>. Vous recevrez votre commande dans un d\u00e9lai de 8 \u00e0 10 jours ouvrables. Tout retard ou dommage rel\u00e8ve de notre responsabilit\u00e9, pour laquelle nous avons mis en place des politiques appropri\u00e9es, afin de ne pas vous d\u00e9cevoir tout au long du processus de fabrication. Notre \u00e9quipe d'assistance \u00e0 la client\u00e8le est disponible 24 heures sur 24 et 7 jours sur 7 pour r\u00e9pondre aux questions relatives \u00e0 l'emballage. En savoir plus.<\/div>\n<div class=\"widget block block-static-block\">\n<div class=\"landing-page-section option-bottom\">\n<div class=\"custom-materials-tabs-content container container-adjustment\">\n<div class=\"custom-materials-tab-content active\">\n<div class=\"widget block block-static-block\">\n<p><!---end of option item--><\/p>\n<\/div>\n<\/div>\n<\/div>\n<\/div>\n<\/div>","protected":false},"excerpt":{"rendered":"<p>La bo\u00eete principale est con\u00e7ue pour s'adapter parfaitement \u00e0 vos bo\u00eetes de cartouches de vape. De plus, la partie sup\u00e9rieure de la bo\u00eete peut \u00eatre pli\u00e9e pour l'exposer ou la transporter.<\/p>\n<p>Personnalisation : Possibilit\u00e9 de personnaliser la taille, l'impression, le mat\u00e9riau, la finition, la forme, etc.<br \/>\nType de mat\u00e9riau : Respectueux de l'environnement, certifi\u00e9 FSC\/ISO\/BSCI<br \/>\nD\u00e9lai de production : \u00c9chantillon 1-3 jours ; Vrac 7-9 jours<br \/>\nD\u00e9lai d'exp\u00e9dition : Express 3-7 jours ; Air 12-16 jours ; Bateau 25-30 jours\uff08Diff\u00e9rents pays ont des d\u00e9lais diff\u00e9rents)<\/p>\n<p>Prix:Contactez-nous pour envoyer une demande de renseignements !<\/p>","protected":false},"featured_media":6417,"template":"","meta":[],"product_brand":[],"product_cat":[30,418,430,31],"product_tag":[909,908,907],"class_list":{"0":"post-2724","1":"product","2":"type-product","3":"status-publish","4":"has-post-thumbnail","6":"product_cat-by-industry","7":"product_cat-custom-cbd-boxes","8":"product_cat-folding-cartons","9":"product_cat-paper-box-style","10":"product_tag-vape-master-box","11":"product_tag-vape-pen-cardboard-box","12":"product_tag-wholesale-custom-box","14":"first","15":"instock","16":"shipping-taxable","17":"product-type-grouped"},"_links":{"self":[{"href":"https:\/\/zojopackaging.com\/fr\/wp-json\/wp\/v2\/product\/2724","targetHints":{"allow":["GET"]}}],"collection":[{"href":"https:\/\/zojopackaging.com\/fr\/wp-json\/wp\/v2\/product"}],"about":[{"href":"https:\/\/zojopackaging.com\/fr\/wp-json\/wp\/v2\/types\/product"}],"version-history":[{"count":2,"href":"https:\/\/zojopackaging.com\/fr\/wp-json\/wp\/v2\/product\/2724\/revisions"}],"predecessor-version":[{"id":8633,"href":"https:\/\/zojopackaging.com\/fr\/wp-json\/wp\/v2\/product\/2724\/revisions\/8633"}],"wp:featuredmedia":[{"embeddable":true,"href":"https:\/\/zojopackaging.com\/fr\/wp-json\/wp\/v2\/media\/6417"}],"wp:attachment":[{"href":"https:\/\/zojopackaging.com\/fr\/wp-json\/wp\/v2\/media?parent=2724"}],"wp:term":[{"taxonomy":"product_brand","embeddable":true,"href":"https:\/\/zojopackaging.com\/fr\/wp-json\/wp\/v2\/product_brand?post=2724"},{"taxonomy":"product_cat","embeddable":true,"href":"https:\/\/zojopackaging.com\/fr\/wp-json\/wp\/v2\/product_cat?post=2724"},{"taxonomy":"product_tag","embeddable":true,"href":"https:\/\/zojopackaging.com\/fr\/wp-json\/wp\/v2\/product_tag?post=2724"}],"curies":[{"name":"wp","href":"https:\/\/api.w.org\/{rel}","templated":true}]}}