{"id":2794,"date":"2024-03-13T13:45:24","date_gmt":"2024-03-13T05:45:24","guid":{"rendered":"https:\/\/zojopackaging.com\/?post_type=product&#038;p=2794"},"modified":"2025-03-28T10:49:06","modified_gmt":"2025-03-28T02:49:06","slug":"custom-printed-e-cigarette-packaging-boxes","status":"publish","type":"product","link":"https:\/\/zojopackaging.com\/fr\/product\/custom-printed-e-cigarette-packaging-boxes\/","title":{"rendered":"Bo\u00eete d'emballage de concentr\u00e9 de cannabis personnalis\u00e9e Wholesale"},"content":{"rendered":"<h1 class=\"LC20lb MBeuO DKV0Md\">Bo\u00eete d'emballage de concentr\u00e9 de cannabis personnalis\u00e9e Wholesale<\/h1>\n<p>La bo\u00eete d'emballage de concentr\u00e9 de cannabis personnalis\u00e9e en gros \u00e0 des prix abordables. Obtenez vos bo\u00eetes d'e-cigarette imprim\u00e9es avec une livraison gratuite \u00e0 travers les \u00c9tats-Unis.<\/p>\n<p><strong>Du sur-mesure pour la perfection<\/strong><br \/>\nNos emballages sont enti\u00e8rement personnalisables pour r\u00e9pondre aux exigences uniques de votre marque. Vous avez la libert\u00e9 de choisir parmi un large \u00e9ventail de couleurs, de motifs et de finitions pour cr\u00e9er un emballage qui refl\u00e8te v\u00e9ritablement l'identit\u00e9 de votre marque et attire l'attention des consommateurs.<br \/>\n<strong>Protection sup\u00e9rieure<\/strong><br \/>\nFabriqu\u00e9 avec des mat\u00e9riaux de haute qualit\u00e9, l'emballage des tubes de vape garantit la s\u00e9curit\u00e9 de vos e-cigarettes. Il prot\u00e8ge vos produits contre les dommages, l'humidit\u00e9 et les \u00e9l\u00e9ments ext\u00e9rieurs, et les maintient dans un \u00e9tat impeccable jusqu'\u00e0 ce qu'ils arrivent entre les mains de vos clients.<br \/>\n<strong>Compact et portable<\/strong><br \/>\nLe design \u00e9l\u00e9gant et tubulaire de l'emballage le rend tr\u00e8s pratique et portable. Il se glisse facilement dans une poche, un sac ou un sac \u00e0 main, ce qui permet aux vapoteurs d'emporter leurs e-cigarettes pr\u00e9f\u00e9r\u00e9es partout o\u00f9 ils vont.<br \/>\n<strong>Une exp\u00e9rience utilisateur am\u00e9lior\u00e9e<\/strong><br \/>\nLe m\u00e9canisme d'ouverture et de fermeture du tube facilite l'acc\u00e8s \u00e0 votre dispositif de vapotage. Il ne s'agit pas seulement d'un emballage, mais d'une valeur ajout\u00e9e \u00e0 l'exp\u00e9rience globale de l'utilisateur.<br \/>\n<strong>Options polyvalentes<\/strong><br \/>\nQue vous ayez une seule e-cigarette ou un kit complet \u00e0 emballer, nos emballages de tubes \u00e0 vape personnalis\u00e9s offrent des solutions polyvalentes pour s'adapter \u00e0 votre gamme de produits diversifi\u00e9e.<\/p>\n<h1><strong>Sp\u00e9cifications<\/strong><\/h1>\n<div class=\"widget block block-static-block\">\n<div class=\"landing-page-section option-bottom\">\n<div class=\"custom-materials-tabs-content container container-adjustment\">\n<div class=\"custom-materials-tab-content active\">\n<div class=\"widget block block-static-block\">\n<div class=\"options-items\">\n<div class=\"flex-grid-row-option\">\n<div class=\"flex-grid-item-option\">\n<div class=\"material-box\">\n<div class=\"material-des\">\n<table class=\"table table-striped\" width=\"1140\">\n<tbody>\n<tr class=\"firstRow\">\n<td>Dimensions<\/td>\n<td>Toutes les tailles et formes personnalis\u00e9es<\/td>\n<\/tr>\n<tr>\n<td>Impression<\/td>\n<td>CMYK, PMS, pas d'impression<\/td>\n<\/tr>\n<tr>\n<td>Stock de papier<\/td>\n<td>10pt \u00e0 28pt (60lb \u00e0 400lb) Kraft \u00e9cologique, carton ondul\u00e9 \u00e0 cannelure E, carton Bux, papier cartonn\u00e9<\/td>\n<\/tr>\n<tr>\n<td>Quantit\u00e9s<\/td>\n<td>500 - 500,000<\/td>\n<\/tr>\n<tr>\n<td>Rev\u00eatement<\/td>\n<td>Brillant, mat, spot UV<\/td>\n<\/tr>\n<tr>\n<td>Processus par d\u00e9faut<\/td>\n<td>D\u00e9coupage, collage, rainurage, perforation<\/td>\n<\/tr>\n<tr>\n<td>Options<\/td>\n<td>D\u00e9coupe de fen\u00eatres sur mesure, dorure\/argent, gaufrage, encre en relief, feuilles de PVC.<\/td>\n<\/tr>\n<tr>\n<td>Preuve<\/td>\n<td>Vue \u00e0 plat, maquette 3D, \u00e9chantillonnage physique (sur demande)<\/td>\n<\/tr>\n<tr>\n<td>D\u00e9lai d'ex\u00e9cution<\/td>\n<td>7-14 jours ouvrables , Rush<\/td>\n<\/tr>\n<tr>\n<td>MOQ<\/td>\n<td>500<\/td>\n<\/tr>\n<\/tbody>\n<\/table>\n<\/div>\n<p>&nbsp;<\/p>\n<\/div>\n<\/div>\n<\/div>\n<\/div>\n<\/div>\n<\/div>\n<\/div>\n<\/div>\n<\/div>","protected":false},"excerpt":{"rendered":"<p>1. Bo\u00eete \u00e0 fermeture magn\u00e9tique, conception int\u00e9gr\u00e9e \u00e0 l'aimant pour \u00e9viter l'usure externe, visuellement plus simple, peut mettre en \u00e9vidence les caract\u00e9ristiques du produit dans une plus large mesure.<br \/>\n2. Diff\u00e9rentes tailles peuvent \u00eatre personnalis\u00e9es en fonction de votre produit, convenant \u00e0 l'emballage de divers concentr\u00e9s de cannabis.<br \/>\n3. la technologie de la feuille d'or \u00e0 chaud, qui conf\u00e8re \u00e0 l'emballage un aspect luxueux et une pr\u00e9sentation visuelle de haute qualit\u00e9.<\/p>","protected":false},"featured_media":6397,"template":"","meta":[],"product_brand":[],"product_cat":[30,420,424,31],"product_tag":[750,751,752],"class_list":{"0":"post-2794","1":"product","2":"type-product","3":"status-publish","4":"has-post-thumbnail","6":"product_cat-by-industry","7":"product_cat-custom-cannabis-boxes","8":"product_cat-magnetic-closure-boxes","9":"product_cat-paper-box-style","10":"product_tag-concentrate-packaging","11":"product_tag-concentrate-packaging-box","12":"product_tag-concentrate-packaging-box-wholesale","14":"first","15":"instock","16":"shipping-taxable","17":"product-type-grouped"},"_links":{"self":[{"href":"https:\/\/zojopackaging.com\/fr\/wp-json\/wp\/v2\/product\/2794","targetHints":{"allow":["GET"]}}],"collection":[{"href":"https:\/\/zojopackaging.com\/fr\/wp-json\/wp\/v2\/product"}],"about":[{"href":"https:\/\/zojopackaging.com\/fr\/wp-json\/wp\/v2\/types\/product"}],"version-history":[{"count":2,"href":"https:\/\/zojopackaging.com\/fr\/wp-json\/wp\/v2\/product\/2794\/revisions"}],"predecessor-version":[{"id":8438,"href":"https:\/\/zojopackaging.com\/fr\/wp-json\/wp\/v2\/product\/2794\/revisions\/8438"}],"wp:featuredmedia":[{"embeddable":true,"href":"https:\/\/zojopackaging.com\/fr\/wp-json\/wp\/v2\/media\/6397"}],"wp:attachment":[{"href":"https:\/\/zojopackaging.com\/fr\/wp-json\/wp\/v2\/media?parent=2794"}],"wp:term":[{"taxonomy":"product_brand","embeddable":true,"href":"https:\/\/zojopackaging.com\/fr\/wp-json\/wp\/v2\/product_brand?post=2794"},{"taxonomy":"product_cat","embeddable":true,"href":"https:\/\/zojopackaging.com\/fr\/wp-json\/wp\/v2\/product_cat?post=2794"},{"taxonomy":"product_tag","embeddable":true,"href":"https:\/\/zojopackaging.com\/fr\/wp-json\/wp\/v2\/product_tag?post=2794"}],"curies":[{"name":"wp","href":"https:\/\/api.w.org\/{rel}","templated":true}]}}