{"id":2804,"date":"2024-03-13T13:50:29","date_gmt":"2024-03-13T05:50:29","guid":{"rendered":"https:\/\/zojopackaging.com\/?post_type=product&#038;p=2804"},"modified":"2025-03-24T19:11:58","modified_gmt":"2025-03-24T11:11:58","slug":"custom-vape-cartridge-packaging","status":"publish","type":"product","link":"https:\/\/zojopackaging.com\/fr\/product\/custom-vape-cartridge-packaging\/","title":{"rendered":"Premium Custom Vape Vaporizer Cartridge Packaging Wholesale"},"content":{"rendered":"<h1>Emballage personnalis\u00e9 des cartouches de vaporisation<\/h1>\n<p>Avec les besoins croissants de la population mondiale, de nombreuses entreprises sont cr\u00e9\u00e9es pour r\u00e9pondre \u00e0 la demande, parmi lesquelles la fabrication de vape est un grand nom. Avec autant d'entreprises fabriquant le m\u00eame produit, il devient difficile d'attirer l'attention et de rivaliser avec les concurrents. Rassurez-vous, avec nous \u00e0 vos c\u00f4t\u00e9s, vous n'avez plus \u00e0 vous soucier de ce probl\u00e8me. Nous sommes une entreprise compos\u00e9e d'employ\u00e9s qualifi\u00e9s et nous sommes sp\u00e9cialis\u00e9s dans la fabrication d'emballages sur mesure. Tout ce que vous avez \u00e0 faire est de nous pr\u00e9senter votre id\u00e9e et nous nous occuperons du reste.<\/p>\n<h1>Ce que nous offrons en mati\u00e8re d'emballage de cartouches de vaporisation personnalis\u00e9es :<\/h1>\n<p>Nous fournissons nos services \u00e0 nos chers clients depuis des ann\u00e9es maintenant et nous avons d\u00e9j\u00e0 travaill\u00e9 sur de nombreux emballages personnalis\u00e9s comme l'emballage en carton pour les cartouches de vape, les cartouches de vape imprim\u00e9es personnalis\u00e9es, l'emballage d'huile de vape et l'emballage de vape. Cela ne s'arr\u00eate pas l\u00e0, nous continuons \u00e0 fournir des services \u00e0 beaucoup de nos clients. Nous offrons \u00e9galement un support de conception gratuit \u00e0 tous nos clients. Nous sommes tr\u00e8s exp\u00e9riment\u00e9s dans notre domaine, il suffit de nous pr\u00e9senter votre id\u00e9e et nous nous occuperons des dimensions et des probl\u00e8mes de taille pour vous.<\/p>\n<h1>Bo\u00eete d'emballage de cigarettes \u00e9lectroniques personnalis\u00e9e<\/h1>\n<p>Dans le monde des e-cigarettes, il existe de nombreuses marques sur le march\u00e9 avec lesquelles il faut rivaliser. C'est pourquoi un look \u00e9l\u00e9gant est devenu obligatoire pour survivre \u00e0 la concurrence. Les solutions d'emballage de cigarettes \u00e9lectroniques personnalis\u00e9es jouent un r\u00f4le important \u00e0 cet \u00e9gard. Ces bo\u00eetes am\u00e9liorent la visibilit\u00e9 des produits en mettant en valeur votre marque sur le march\u00e9. Les bo\u00eetes de cigarettes \u00e9lectroniques personnalis\u00e9es en carton sont le meilleur moyen de pr\u00e9server leur qualit\u00e9. Elles sont con\u00e7ues pour r\u00e9pondre aux attentes des clients et aux tendances actuelles du march\u00e9. The Custom Boxes est l'un des plus grands fabricants en gros \u00e0 vous fournir des bo\u00eetes haut de gamme \u00e0 des prix rentables.<\/p>\n<h1>Mat\u00e9riau durable pour la protection du 100%<\/h1>\n<p>Nous fabriquons des bo\u00eetes de rangement pour e-cigarettes \u00e0 partir d'un stock de bo\u00eetes en carton ou de bo\u00eetes Kraft de la meilleure qualit\u00e9. Le mat\u00e9riau est durable et suffisamment robuste pour assurer une protection maximale du produit. Il les garde en s\u00e9curit\u00e9 pendant la transition, le stockage et l'exposition. Vous pouvez personnaliser l'\u00e9paisseur de la bo\u00eete en fonction de la d\u00e9licatesse de vos produits de valeur. Un tel aspect exub\u00e9rant des bo\u00eetes de cigarettes \u00e9lectroniques personnalis\u00e9es en gros fait ressortir vos produits sur les \u00e9tag\u00e8res de vente au d\u00e9tail.<\/p>\n<h1>Les mat\u00e9riaux utilis\u00e9s pour l'emballage<\/h1>\n<p>Le choix du mat\u00e9riau que nous utilisons pour nos emballages personnalis\u00e9s est enti\u00e8rement laiss\u00e9 \u00e0 votre appr\u00e9ciation, que vous souhaitiez utiliser du papier \u00e9pais ou du carton simple. Notre objectif est de vous pr\u00e9senter un produit final de la meilleure qualit\u00e9 possible.<\/p>\n<h1><strong>Sp\u00e9cifications<\/strong><\/h1>\n<table style=\"height: 456px;\" width=\"1153\">\n<tbody>\n<tr>\n<td width=\"373\">Dimensions<\/td>\n<td width=\"373\">Toutes les tailles et formes personnalis\u00e9es<\/td>\n<\/tr>\n<tr>\n<td width=\"373\">Impression<\/td>\n<td width=\"373\">CMYK, PMS, pas d'impression<\/td>\n<\/tr>\n<tr>\n<td width=\"373\">Stock de papier<\/td>\n<td width=\"373\">10pt \u00e0 28pt (60lb \u00e0 400lb) Kraft \u00e9cologique, carton ondul\u00e9 \u00e0 cannelure E, carton Bux, papier cartonn\u00e9<\/td>\n<\/tr>\n<tr>\n<td width=\"373\">Quantit\u00e9s<\/td>\n<td width=\"373\">500- 500,000<\/td>\n<\/tr>\n<tr>\n<td width=\"373\">Rev\u00eatement<\/td>\n<td width=\"373\">Brillant, mat, spot UV<\/td>\n<\/tr>\n<tr>\n<td width=\"373\">Processus par d\u00e9faut<\/td>\n<td width=\"373\">D\u00e9coupage, collage, rainurage, perforation<\/td>\n<\/tr>\n<tr>\n<td width=\"373\">Options<\/td>\n<td width=\"373\">D\u00e9coupe de fen\u00eatres sur mesure, dorure\/argent, gaufrage, encre en relief, feuilles de PVC.<\/td>\n<\/tr>\n<tr>\n<td width=\"373\">Preuve<\/td>\n<td width=\"373\">Vue \u00e0 plat, maquette 3D, \u00e9chantillonnage physique (sur demande)<\/td>\n<\/tr>\n<tr>\n<td width=\"373\">D\u00e9lai d'ex\u00e9cution<\/td>\n<td width=\"373\">7-14 jours ouvrables , Rush<\/td>\n<\/tr>\n<tr>\n<td width=\"373\">MOQ<\/td>\n<td width=\"373\">500<\/td>\n<\/tr>\n<tr>\n<td width=\"373\">Temps d'\u00e9chantillonnage<\/td>\n<td width=\"373\">\u00a05 jours<\/td>\n<\/tr>\n<tr>\n<td width=\"373\">D\u00e9lai de paiement<\/td>\n<td width=\"373\">T\/T, Western Union, Paypal, d\u00e9p\u00f4t de 30% et solde de 70% avant l'exp\u00e9dition.<\/td>\n<\/tr>\n<\/tbody>\n<\/table>\n<div class=\"widget block block-static-block\">\n<div class=\"landing-page-section option-bottom\">\n<div class=\"custom-materials-tabs-content container container-adjustment\">\n<div class=\"custom-materials-tab-content active\">\n<div class=\"widget block block-static-block\">\n<p><!---end of option item--><\/p>\n<\/div>\n<\/div>\n<\/div>\n<\/div>\n<\/div>","protected":false},"excerpt":{"rendered":"<ul>\n<li>MOQ : 500 pi\u00e8ces<\/li>\n<li>D\u00e9lai de livraison : 7-14 jours ouvrables, urgent<\/li>\n<li>Dimensions sur mesure (diam\u00e8tre x hauteur)<\/li>\n<li>Impression personnalis\u00e9e<\/li>\n<li>Respectueux de l'environnement, recyclable et sans plastique<\/li>\n<li>Prix\uff1aLe prix final sera adapt\u00e9 \u00e0 votre produit et \u00e0 la quantit\u00e9 souhait\u00e9e.<\/li>\n<\/ul>","protected":false},"featured_media":2814,"template":"","meta":[],"product_brand":[],"product_cat":[30,431,420,31],"product_tag":[594,593,595],"class_list":{"0":"post-2804","1":"product","2":"type-product","3":"status-publish","4":"has-post-thumbnail","6":"product_cat-by-industry","7":"product_cat-child-resistant-packaging","8":"product_cat-custom-cannabis-boxes","9":"product_cat-paper-box-style","10":"product_tag-custom-vape-packaging","11":"product_tag-vape-cartridge-packaging","12":"product_tag-vape-packaging-wholesale","14":"first","15":"instock","16":"shipping-taxable","17":"product-type-grouped"},"_links":{"self":[{"href":"https:\/\/zojopackaging.com\/fr\/wp-json\/wp\/v2\/product\/2804","targetHints":{"allow":["GET"]}}],"collection":[{"href":"https:\/\/zojopackaging.com\/fr\/wp-json\/wp\/v2\/product"}],"about":[{"href":"https:\/\/zojopackaging.com\/fr\/wp-json\/wp\/v2\/types\/product"}],"version-history":[{"count":2,"href":"https:\/\/zojopackaging.com\/fr\/wp-json\/wp\/v2\/product\/2804\/revisions"}],"predecessor-version":[{"id":8119,"href":"https:\/\/zojopackaging.com\/fr\/wp-json\/wp\/v2\/product\/2804\/revisions\/8119"}],"wp:featuredmedia":[{"embeddable":true,"href":"https:\/\/zojopackaging.com\/fr\/wp-json\/wp\/v2\/media\/2814"}],"wp:attachment":[{"href":"https:\/\/zojopackaging.com\/fr\/wp-json\/wp\/v2\/media?parent=2804"}],"wp:term":[{"taxonomy":"product_brand","embeddable":true,"href":"https:\/\/zojopackaging.com\/fr\/wp-json\/wp\/v2\/product_brand?post=2804"},{"taxonomy":"product_cat","embeddable":true,"href":"https:\/\/zojopackaging.com\/fr\/wp-json\/wp\/v2\/product_cat?post=2804"},{"taxonomy":"product_tag","embeddable":true,"href":"https:\/\/zojopackaging.com\/fr\/wp-json\/wp\/v2\/product_tag?post=2804"}],"curies":[{"name":"wp","href":"https:\/\/api.w.org\/{rel}","templated":true}]}}