{"id":3019,"date":"2024-03-14T11:43:07","date_gmt":"2024-03-14T03:43:07","guid":{"rendered":"https:\/\/zojopackaging.com\/?post_type=product&#038;p=3019"},"modified":"2025-03-29T19:08:43","modified_gmt":"2025-03-29T11:08:43","slug":"perfume-cosmetic-packaging-box","status":"publish","type":"product","link":"https:\/\/zojopackaging.com\/fr\/product\/perfume-cosmetic-packaging-box\/","title":{"rendered":"Bo\u00eete en carton argent\u00e9e pour parfum fabriqu\u00e9e sur mesure"},"content":{"rendered":"<h1>Bo\u00eete d'emballage pour parfums et cosm\u00e9tiques<\/h1>\n<p>La bo\u00eete d'emballage pour parfums et cosm\u00e9tiques est une solution d'emballage luxueuse et \u00e9l\u00e9gante con\u00e7ue pour am\u00e9liorer la pr\u00e9sentation des parfums et des cosm\u00e9tiques. La bo\u00eete pr\u00e9sente un design \u00e9l\u00e9gant et robuste, avec un ruban pour faciliter l'ouverture et la fermeture. Elle est parfaite pour offrir ou pr\u00e9senter des parfums et des produits cosm\u00e9tiques haut de gamme. Les mat\u00e9riaux de haute qualit\u00e9 utilis\u00e9s dans la bo\u00eete d'emballage assurent la protection et la s\u00e9curit\u00e9 des produits qu'elle contient. Am\u00e9liorez la pr\u00e9sentation de vos produits avec la bo\u00eete d'emballage pour parfums et cosm\u00e9tiques avec ruban.<\/p>\n<h1><strong>Sp\u00e9cifications<\/strong><\/h1>\n<div class=\"widget block block-static-block\">\n<div class=\"landing-page-section option-bottom\">\n<div class=\"custom-materials-tabs-content container container-adjustment\">\n<div class=\"custom-materials-tab-content active\">\n<div class=\"widget block block-static-block\">\n<div class=\"options-items\">\n<div class=\"flex-grid-row-option\">\n<div class=\"flex-grid-item-option\">\n<div class=\"material-box\">\n<div class=\"material-des\">\n<table width=\"1070\">\n<tbody>\n<tr>\n<td width=\"373\">Dimensions<\/td>\n<td width=\"373\">Toutes les tailles et formes personnalis\u00e9es<\/td>\n<\/tr>\n<tr>\n<td width=\"373\">MOQ<\/td>\n<td width=\"373\">500pcs<\/td>\n<\/tr>\n<tr>\n<td width=\"373\">Temps d'\u00e9chantillonnage<\/td>\n<td width=\"373\">3-5 jours<\/td>\n<\/tr>\n<tr>\n<td width=\"373\">Processus par d\u00e9faut<\/td>\n<td width=\"373\">D\u00e9coupage, collage, rainurage, perforation<\/td>\n<\/tr>\n<tr>\n<td width=\"373\">Impression<\/td>\n<td width=\"373\">Cmyk, pms, pas d'impression<\/td>\n<\/tr>\n<tr>\n<td width=\"373\">Option mat\u00e9riau<\/td>\n<td width=\"373\">Papier cartonn\u00e9 blanc, papier couch\u00e9, papier d'art, papier kraft, carton ivoire, carton recto-verso, papier sp\u00e9cial, etc.<\/td>\n<\/tr>\n<tr>\n<td width=\"373\">Finition de surface<\/td>\n<td width=\"373\">Pelliculage mat\/brillant, gaufrage par points, gaufrage, dorure, etc.<\/td>\n<\/tr>\n<tr>\n<td width=\"373\">Utilisation dans l'industrie<\/td>\n<td width=\"373\">cosm\u00e9tiques, parfums, v\u00eatements, bijoux, tabac, produits alimentaires, cadeaux et produits de consommation courante,<\/td>\n<\/tr>\n<tr>\n<td width=\"373\">Contr\u00f4le de la qualit\u00e9<\/td>\n<td width=\"373\">Des \u00e9quipements de pointe et une \u00e9quipe de contr\u00f4le qualit\u00e9 exp\u00e9riment\u00e9e v\u00e9rifient rigoureusement les mat\u00e9riaux, les produits semi-finis et les produits finis \u00e0 chaque \u00e9tape avant la mise sur le march\u00e9.<\/td>\n<\/tr>\n<tr>\n<td width=\"373\">Prix<\/td>\n<td width=\"373\">Le prix final sera adapt\u00e9 \u00e0 votre produit et \u00e0 la quantit\u00e9 souhait\u00e9e.<\/td>\n<\/tr>\n<tr>\n<td width=\"373\">D\u00e9lai d'ex\u00e9cution<\/td>\n<td width=\"373\">7-14 jours ouvrables, urgent<\/td>\n<\/tr>\n<tr>\n<td width=\"373\">Papier de base<\/td>\n<td width=\"373\">10pt \u00e0 28pt (60lb \u00e0 400lb) Kraft \u00e9cologique, carton ondul\u00e9 e-flute, carton bux, papier cartonn\u00e9<\/td>\n<\/tr>\n<tr>\n<td width=\"373\">Format de l'\u0153uvre d'art<\/td>\n<td width=\"373\">JPG, PDF, AI, CDR, EPS, GIF....<\/td>\n<\/tr>\n<tr>\n<td width=\"373\">Accessoires<\/td>\n<td width=\"373\">Aimant, ruban, forme EVA, plateau en plastique, \u00e9ponge, fen\u00eatre en PVC\/PET\/PP,...<\/td>\n<\/tr>\n<tr>\n<td width=\"373\">D\u00e9lai de paiement<\/td>\n<td width=\"373\">T\/T, Western Union, Paypal, d\u00e9p\u00f4t de 30% et solde de 70% avant l'exp\u00e9dition.<\/td>\n<\/tr>\n<\/tbody>\n<\/table>\n<\/div>\n<\/div>\n<\/div>\n<\/div>\n<\/div>\n<\/div>\n<\/div>\n<\/div>\n<\/div>\n<\/div>\n<div class=\"widget block block-static-block\">\n<div class=\"landing-page-section option-bottom\">\n<div class=\"custom-materials-tabs-content container container-adjustment\">\n<div class=\"custom-materials-tab-content active\">\n<div class=\"widget block block-static-block\">\n<div class=\"options-items\">\n<div class=\"flex-grid-row-option\">\n<div class=\"flex-grid-item-option\">\n<div class=\"material-box\">\n<p>&nbsp;<\/p>\n<\/div>\n<\/div>\n<\/div>\n<\/div>\n<p><!---end of option item--><\/p>\n<\/div>\n<\/div>\n<\/div>\n<\/div>\n<\/div>","protected":false},"excerpt":{"rendered":"<p>Nous sommes le principal fabricant de bo\u00eetes \u00e0 parfum sp\u00e9ciales. Ces bo\u00eetes sont de dimensions personnalis\u00e9es. Nous fournissons ces bo\u00eetes \u00e0 nos clients de l'UE, des \u00c9tats-Unis, de l'AE, etc.<\/p>\n<p>Personnalisation : Possibilit\u00e9 de personnaliser la taille, l'impression, le mat\u00e9riau, la finition, la forme, etc.<br \/>\nType de mat\u00e9riau : Respectueux de l'environnement, certifi\u00e9 FSC\/ISO\/BSCI<br \/>\nD\u00e9lai de production : \u00c9chantillon 1-3 jours ; Vrac 7-9 jours<br \/>\nD\u00e9lai d'exp\u00e9dition : Express 3-7 jours ; Air 12-16 jours ; Bateau 25-30 jours\uff08Diff\u00e9rents pays ont des d\u00e9lais diff\u00e9rents)<\/p>\n<p>Prix:Contactez-nous pour envoyer une demande de renseignements !<\/p>","protected":false},"featured_media":3026,"template":"","meta":[],"product_brand":[],"product_cat":[30,417,430,31],"product_tag":[934,337,942],"class_list":{"0":"post-3019","1":"product","2":"type-product","3":"status-publish","4":"has-post-thumbnail","6":"product_cat-by-industry","7":"product_cat-custom-perfume-boxes-by-industry","8":"product_cat-folding-cartons","9":"product_cat-paper-box-style","10":"product_tag-box-manufacturer","11":"product_tag-perfume-box","12":"product_tag-silver-cardboard-box-manufacturer","14":"first","15":"instock","16":"shipping-taxable","17":"product-type-grouped"},"_links":{"self":[{"href":"https:\/\/zojopackaging.com\/fr\/wp-json\/wp\/v2\/product\/3019","targetHints":{"allow":["GET"]}}],"collection":[{"href":"https:\/\/zojopackaging.com\/fr\/wp-json\/wp\/v2\/product"}],"about":[{"href":"https:\/\/zojopackaging.com\/fr\/wp-json\/wp\/v2\/types\/product"}],"version-history":[{"count":2,"href":"https:\/\/zojopackaging.com\/fr\/wp-json\/wp\/v2\/product\/3019\/revisions"}],"predecessor-version":[{"id":8674,"href":"https:\/\/zojopackaging.com\/fr\/wp-json\/wp\/v2\/product\/3019\/revisions\/8674"}],"wp:featuredmedia":[{"embeddable":true,"href":"https:\/\/zojopackaging.com\/fr\/wp-json\/wp\/v2\/media\/3026"}],"wp:attachment":[{"href":"https:\/\/zojopackaging.com\/fr\/wp-json\/wp\/v2\/media?parent=3019"}],"wp:term":[{"taxonomy":"product_brand","embeddable":true,"href":"https:\/\/zojopackaging.com\/fr\/wp-json\/wp\/v2\/product_brand?post=3019"},{"taxonomy":"product_cat","embeddable":true,"href":"https:\/\/zojopackaging.com\/fr\/wp-json\/wp\/v2\/product_cat?post=3019"},{"taxonomy":"product_tag","embeddable":true,"href":"https:\/\/zojopackaging.com\/fr\/wp-json\/wp\/v2\/product_tag?post=3019"}],"curies":[{"name":"wp","href":"https:\/\/api.w.org\/{rel}","templated":true}]}}