{"id":3045,"date":"2024-03-14T13:37:02","date_gmt":"2024-03-14T05:37:02","guid":{"rendered":"https:\/\/zojopackaging.com\/?post_type=product&#038;p=3045"},"modified":"2025-03-29T18:57:50","modified_gmt":"2025-03-29T10:57:50","slug":"custom-eco-friendly-cosmetics-box","status":"publish","type":"product","link":"https:\/\/zojopackaging.com\/fr\/product\/custom-eco-friendly-cosmetics-box\/","title":{"rendered":"Bo\u00eete UV Spot personnalis\u00e9e Bo\u00eete pliante avec logo brillant Fournisseur de bo\u00eetes pliantes"},"content":{"rendered":"<h1>Bo\u00eete UV Spot personnalis\u00e9e Bo\u00eete pliante avec logo brillant Fournisseur de bo\u00eetes pliantes<\/h1>\n<p>L'un des secteurs \u00e9mergents de nos jours est celui des cosm\u00e9tiques, gr\u00e2ce aux milliers de marques qui s'y sont lanc\u00e9es. Comme il existe de nombreuses offres de produits similaires, il est possible de diff\u00e9rencier vos produits gr\u00e2ce \u00e0 un emballage cosm\u00e9tique personnalis\u00e9. Un emballage attrayant et de qualit\u00e9 met en valeur votre marque sur le march\u00e9 et donne une identit\u00e9 unique \u00e0 vos produits. Chez Instant Custom Boxes, nous sommes l'un des principaux fournisseurs de bo\u00eetes de cosm\u00e9tiques personnalis\u00e9es en gros avec des designs attrayants pour attirer l'attention de vos clients. Vous \u00eates \u00e0 la recherche d'une personnalisation int\u00e9ressante pour vos emballages de produits cosm\u00e9tiques ? Contactez-nous d\u00e8s maintenant pour obtenir des emballages attrayants de toutes tailles, formes et couleurs !<\/p>\n<h1>Une vari\u00e9t\u00e9 \u00e9tonnante de bo\u00eetes \u00e0 cosm\u00e9tiques personnalis\u00e9es avec une personnalisation cr\u00e9ative<\/h1>\n<p>Vous trouverez dans notre s\u00e9lection une vari\u00e9t\u00e9 \u00e9tonnante de bo\u00eetes d'emballage pour cosm\u00e9tiques !<\/p>\n<ul>\n<li>bo\u00eetes d'huile \u00e0 barbe<\/li>\n<li><strong>bo\u00eetes d'ombres \u00e0 paupi\u00e8res<\/strong><\/li>\n<li>emballage d'eyeliner<\/li>\n<li><strong>bo\u00eetes de gloss<\/strong><\/li>\n<li>bo\u00eetes de crayons \u00e0 l\u00e8vres<\/li>\n<li><strong>emballage de vernis \u00e0 ongles<\/strong><\/li>\n<li>bo\u00eetes de laque pour cheveux<\/li>\n<li><strong>bo\u00eetes \u00e0 cils<\/strong><\/li>\n<li>bo\u00eetes de mascara<\/li>\n<li><strong>bo\u00eetes \u00e0 lotion<\/strong><\/li>\n<li>bo\u00eetes de fondation<\/li>\n<li><strong>bo\u00eetes de produits nettoyants<\/strong><\/li>\n<\/ul>\n<p>En ce qui concerne la personnalisation, nous vous permettons de cr\u00e9er vos propres emballages cosm\u00e9tiques personnalis\u00e9s. Nous pouvons r\u00e9aliser parfaitement les bo\u00eetes que vous avez imagin\u00e9es et r\u00e9pondre \u00e0 vos besoins. Nous fabriquons\u00a0<strong>bo\u00eetes \u00e0 cosm\u00e9tiques imprim\u00e9es sur mesure<\/strong>\u00a0selon les sp\u00e9cifications de votre produit. De plus, nous vous fournissons les bonnes id\u00e9es d'emballage. En tant que professionnels exp\u00e9riment\u00e9s, nous savons ce qui convient le mieux \u00e0 vos produits ! Vous souhaitez nous contacter ? Appelez-nous ou envoyez-nous un courriel pour parler \u00e0 nos experts !<\/p>\n<h2>Bo\u00eetes de cosm\u00e9tiques imprim\u00e9es sur mesure - Ajoutez de l'attrait \u00e0 vos cosm\u00e9tiques et stimulez vos ventes<\/h2>\n<p>Chez Instant Custom Boxes, nous avons tendance \u00e0 utiliser des bo\u00eetes \u00e0 cosm\u00e9tiques personnalis\u00e9es de qualit\u00e9 exceptionnelle avec une pr\u00e9sentation adorable de vos produits. L'id\u00e9e est de mettre en valeur l'identit\u00e9 de votre marque et de rendre vos offres m\u00e9morables aupr\u00e8s de vos clients cibles. Nous utilisons des effets de finition sp\u00e9cialis\u00e9s et des techniques d'impression de pointe pour concevoir vos bo\u00eetes de cosm\u00e9tiques personnalis\u00e9es.\u00a0<strong>bo\u00eetes \u00e0 cosm\u00e9tiques en vrac<\/strong>. Nous utilisons le d\u00e9bossage, le gaufrage, l'UV ponctuel et l'estampage de feuilles pour renforcer la beaut\u00e9 et l'attrait de l'emballage. N'h\u00e9sitez pas \u00e0 nous contacter pour obtenir des bo\u00eetes de maquillage, des bo\u00eetes de cosm\u00e9tiques, des bo\u00eetes de produits de beaut\u00e9 et des bo\u00eetes d'emballage.\u00a0<a href=\"https:\/\/zojopackaging.com\/fr\/categorie-produit\/custom-jewelry-boxes\/\" rel=\"noopener\"><strong>bo\u00eetes \u00e0 bijoux personnalis\u00e9es<\/strong><\/a>!<\/p>\n<p>L'un des principaux objectifs de nos emballages cosm\u00e9tiques personnalis\u00e9s est de renforcer la notori\u00e9t\u00e9 de votre marque et, en fin de compte, d'augmenter vos ventes. Nos bo\u00eetes uniques, innovantes et accrocheuses attirent l'attention de vos clients cibles et entra\u00eenent une augmentation massive des ventes. Nous proposons une conception graphique gratuite et garantissons une impression de haute technologie sur les bo\u00eetes d'emballage imprim\u00e9es. En cons\u00e9quence, vous constaterez une augmentation massive de la reconnaissance de votre marque et de vos ventes !<\/p>\n<h2>Dimensions des bo\u00eetes \u00e0 cosm\u00e9tiques personnalis\u00e9es<\/h2>\n<table>\n<tbody>\n<tr>\n<td><b>Type de bo\u00eete<\/b><\/td>\n<td><b>Longueur (pouces)<\/b><\/td>\n<td><b>Largeur (pouces)<\/b><\/td>\n<td><b>Hauteur (pouces)<\/b><\/td>\n<\/tr>\n<tr>\n<td>Coffret de brosses<\/td>\n<td>8.0<\/td>\n<td>3.0<\/td>\n<td>2.0<\/td>\n<\/tr>\n<tr>\n<td>Bo\u00eete \u00e0 cr\u00e8me<\/td>\n<td>3.5<\/td>\n<td>3.5<\/td>\n<td>2.5<\/td>\n<\/tr>\n<tr>\n<td>Bo\u00eete compacte<\/td>\n<td>3.0<\/td>\n<td>3.0<\/td>\n<td>1.0<\/td>\n<\/tr>\n<tr>\n<td>Bo\u00eete d'Eyeliner<\/td>\n<td>6.0<\/td>\n<td>1.0<\/td>\n<td>1.0<\/td>\n<\/tr>\n<tr>\n<td>Bo\u00eete de fondation<\/td>\n<td>4.5<\/td>\n<td>1.5<\/td>\n<td>1.5<\/td>\n<\/tr>\n<tr>\n<td>Bo\u00eete de rouge \u00e0 l\u00e8vres<\/td>\n<td>3.5<\/td>\n<td>0.8<\/td>\n<td>0.8<\/td>\n<\/tr>\n<tr>\n<td>Bo\u00eete \u00e0 mascara<\/td>\n<td>5.5<\/td>\n<td>1.0<\/td>\n<td>1.0<\/td>\n<\/tr>\n<tr>\n<td>Bo\u00eete \u00e0 palettes<\/td>\n<td>6.5<\/td>\n<td>4.0<\/td>\n<td>0.5<\/td>\n<\/tr>\n<tr>\n<td>Bo\u00eete \u00e0 parfum<\/td>\n<td>5.0<\/td>\n<td>2.0<\/td>\n<td>2.0<\/td>\n<\/tr>\n<\/tbody>\n<\/table>\n<p>Ce tableau des dimensions des diff\u00e9rents produits cosm\u00e9tiques indique les dimensions standard des bo\u00eetes afin de garantir des solutions d'emballage optimales. En outre, vous pouvez nous contacter pour personnaliser les formes et les tailles des bo\u00eetes de produits cosm\u00e9tiques.<\/p>\n<h2><b>Utilisation de mat\u00e9riaux de qualit\u00e9 sup\u00e9rieure pour les bo\u00eetes de cosm\u00e9tiques<\/b><\/h2>\n<p>Chez Instant Custom Boxes, nous concevons toujours des strat\u00e9gies efficaces pour faciliter les diff\u00e9rentes entreprises. Notre \u00e9quipe de professionnels privil\u00e9gie les mat\u00e9riaux de premi\u00e8re qualit\u00e9 et durables tels que le papier cartonn\u00e9, le papier ondul\u00e9 et le papier rigide pour cr\u00e9er des bo\u00eetes personnalis\u00e9es.\u00a0<strong>Emballage cosm\u00e9tique durable<\/strong>. Ce mat\u00e9riau garantit une longue dur\u00e9e de vie aux produits dans les rayons des magasins et les prot\u00e8ge contre les dommages. L'\u00e9quipe de professionnels de l'emballage utilise \u00e9galement des mat\u00e9riaux \u00e9cologiques et recyclables tels que le papier kraft et le carton SBS pour fabriquer ces bo\u00eetes.<\/p>\n<h2>Prot\u00e9gez vos produits contre les dommages gr\u00e2ce \u00e0 nos bo\u00eetes cosm\u00e9tiques personnalis\u00e9es de haute qualit\u00e9<\/h2>\n<p>Chez Instant Custom Boxes, notre objectif est de vous offrir la meilleure exp\u00e9rience en mati\u00e8re d'emballage. Nous nous effor\u00e7ons de r\u00e9pondre \u00e0 vos besoins en mati\u00e8re d'emballage, et c'est pourquoi notre service de personnalisation m\u00e9rite d'\u00eatre mentionn\u00e9. Vous pouvez d\u00e9terminer votre propre emballage cosm\u00e9tique personnalis\u00e9 et nous laisser le transformer en une chose r\u00e9elle ! Nous fabriquons des\u00a0<strong>bo\u00eetes \u00e0 cosm\u00e9tiques avec logo<\/strong>\u00a0de votre entreprise et toutes les informations que vous souhaitez voir imprim\u00e9es sur votre\u00a0<a href=\"https:\/\/zojopackaging.com\/fr\/custom-packaging-boxes\/\"><strong>bo\u00eetes imprim\u00e9es personnalis\u00e9es<\/strong><\/a>! La s\u00e9curit\u00e9 de vos produits cosm\u00e9tiques est la premi\u00e8re chose sur laquelle vous devez vous concentrer. C'est pourquoi nous assemblons vos emballages cosm\u00e9tiques personnalis\u00e9s avec des mat\u00e9riaux de haute qualit\u00e9 qui garantissent la s\u00e9curit\u00e9 ultime de vos produits cosm\u00e9tiques.<\/p>\n<p>Un autre objectif principal des bo\u00eetes personnalis\u00e9es instantan\u00e9es est de prot\u00e9ger vos produits contre tout dommage. Les produits cosm\u00e9tiques sont souvent trop sensibles, et un petit dommage peut ruiner la r\u00e9putation de votre marque. Nous cr\u00e9ons des bo\u00eetes cosm\u00e9tiques de haute qualit\u00e9 et respectueuses de l'environnement pour am\u00e9liorer l'impression de votre marque sur le march\u00e9. Nos bo\u00eetes en carton et nos bo\u00eetes kraft personnalis\u00e9es offrent une immense durabilit\u00e9 et prot\u00e8gent vos produits cosm\u00e9tiques de tout dommage potentiel. L'int\u00e9rieur et l'ext\u00e9rieur sont fabriqu\u00e9s avec des mat\u00e9riaux de premi\u00e8re qualit\u00e9. Pourquoi des bo\u00eetes personnalis\u00e9es instantan\u00e9es ? Voici les raisons, sans oublier le prix abordable de nos bo\u00eetes !<\/p>\n<h2>Vente en gros de bo\u00eetes \u00e0 cosm\u00e9tiques personnalis\u00e9es \u00e0 50% Discount<\/h2>\n<p>Vous cherchez des bo\u00eetes \u00e0 cosm\u00e9tiques personnalis\u00e9es en gros ? Passez votre commande maintenant et obtenez les bo\u00eetes de cosm\u00e9tiques en gros les moins ch\u00e8res. Nous sommes le fournisseur le plus abordable de bo\u00eetes de beaut\u00e9 personnalis\u00e9es,\u00a0<a href=\"https:\/\/zojopackaging.com\/fr\/categorie-produit\/custom-perfume-boxes\/\" target=\"_blank\" rel=\"noopener\"><strong>bo\u00eetes \u00e0 parfum personnalis\u00e9es<\/strong><\/a>des bo\u00eetes de sant\u00e9, et\u00a0<a href=\"https:\/\/zojopackaging.com\/fr\/categorie-produit\/custom-e-cigarette-box\/\" target=\"_blank\" rel=\"noopener\"><strong>Bo\u00eete personnalis\u00e9e pour e-cigarette <\/strong><\/a>. Visitez notre s\u00e9lection de bo\u00eetes d'emballage d\u00e8s maintenant et trouvez les styles d'emballage qui vous conviennent. Passez votre commande et laissez-nous l'exp\u00e9dier \u00e0 votre porte ! Malgr\u00e9 la disponibilit\u00e9 d'emballages \u00e0 bas prix, vous verrez la meilleure qualit\u00e9 dans les bo\u00eetes. C'est ainsi que nous aidons nos clients bien-aim\u00e9s avec notre offre d'emballage supr\u00eame et rentable.<\/p>\n<h2>Une solution d'emballage pour tous les produits cosm\u00e9tiques<\/h2>\n<p>Ainsi, nos bo\u00eetes \u00e0 cosm\u00e9tiques personnalis\u00e9es deviennent une solution d'emballage unique pour tous vos produits cosm\u00e9tiques. Comme vous l'avez vu ci-dessus, nous avons de nombreuses offres pour vous, mais ce n'est pas une liste exhaustive. Vous pouvez plut\u00f4t nous contacter pour pr\u00e9parer des bo\u00eetes de haute qualit\u00e9 qui r\u00e9pondent parfaitement aux besoins de vos articles de marque. Nous pouvons imprimer votre logo, votre description et bien d'autres sp\u00e9cifications qui peuvent vous aider \u00e0 attirer vos clients. Cette strat\u00e9gie permet d'augmenter vos ventes et d'am\u00e9liorer les conversions sans d\u00e9penser d'argent en publicit\u00e9.<\/p>\n<h2>Comment concevoir des bo\u00eetes d'emballage pour cosm\u00e9tiques ?<b><\/b><\/h2>\n<ul>\n<li><b>S\u00e9lectionner la palette de couleurs<\/b><\/li>\n<\/ul>\n<p>Vous devez choisir une palette de couleurs qui correspond aux sentiments des consommateurs potentiels.<b><\/b><\/p>\n<ul>\n<li><b>Choisir la taille de la police<\/b><\/li>\n<\/ul>\n<p>Il est important de choisir la taille de police id\u00e9ale pour la typographie sur la surface de l'emballage.<b><\/b><\/p>\n<ul>\n<li><b>Mod\u00e8les d'utilisation<\/b><\/li>\n<\/ul>\n<p>Vous devez choisir des motifs qui rehaussent l'aspect visuel de votre emballage.<b><\/b><\/p>\n<ul>\n<li><b>Utiliser des m\u00e9taux<\/b><\/li>\n<\/ul>\n<p>Il est conseill\u00e9 d'utiliser des feuilles d'argent ou d'or pour garantir un aspect luxueux.<b><\/b><\/p>\n<ul>\n<li><b>Jeu de textures<\/b><\/li>\n<\/ul>\n<p>Vous pouvez utiliser des finitions brillantes, mates ou gaufr\u00e9es pour donner de la profondeur \u00e0 votre conception d'emballage.<\/p>\n<h2><b>Pourquoi la fonctionnalit\u00e9 d'un emballage de maquillage est-elle importante ?<\/b><\/h2>\n<p>La fonctionnalit\u00e9 des emballages de maquillage est essentielle pour plusieurs raisons :<\/p>\n<ul>\n<li>Protection de l'environnement<\/li>\n<\/ul>\n<ul>\n<li>Utilisation facile<\/li>\n<\/ul>\n<ul>\n<li>Portabilit\u00e9<\/li>\n<\/ul>\n<ul>\n<li>Personnalisation<\/li>\n<\/ul>\n<ul>\n<li>Durabilit\u00e9<\/li>\n<\/ul>\n<h2>Pourquoi choisir Instant Custom Boxes pour des bo\u00eetes \u00e0 cosm\u00e9tiques personnalis\u00e9es ?<\/h2>\n<ul>\n<li>Expertise et exp\u00e9rience en mati\u00e8re d'emballage cosm\u00e9tique<\/li>\n<\/ul>\n<ul>\n<li>Une large gamme de bo\u00eetes \u00e0 cosm\u00e9tiques<\/li>\n<\/ul>\n<ul>\n<li>Options d'impression personnalis\u00e9e<\/li>\n<\/ul>\n<ul>\n<li>Options de finition haut de gamme<\/li>\n<\/ul>\n<ul>\n<li>Des emballages durables pour les marques de cosm\u00e9tiques<\/li>\n<\/ul>\n<h2>Livraison gratuite \u00e0 un rythme rapide<\/h2>\n<p>Chez Instant Custom Boxes, nous offrons une livraison gratuite \u00e0 nos clients dans le monde entier. Si vous passez votre commande maintenant, nous l'exp\u00e9dierons directement sans d\u00e9lai. Qu'attendez-vous ? Passez votre commande maintenant et obtenez votre\u00a0<strong>bo\u00eetes \u00e0 cosm\u00e9tiques personnalis\u00e9es en gros<\/strong>\u00a0exp\u00e9di\u00e9 gratuitement \u00e0 votre porte. Vous pouvez nous appeler ou nous envoyer un courriel pour entrer en contact avec nos experts en emballage professionnel !<\/p>\n<p>Si vous \u00eates \u00e0 la recherche de ces bo\u00eetes de haute qualit\u00e9, il n'y a aucune raison de retarder la commande ! Appelez-nous et profitez de l'aide \u00e0 la conception gratuite et des avis de nos professionnels. Parlez \u00e0 nos experts professionnels, appelez-nous au +86 <a href=\"tel:+86%200755%2027398291\"><span class=\"elementor-icon-list-text\">15017910372<\/span><\/a>ou envoyez-nous un courriel \u00e0 l'adresse suivante <a href=\"mailto:info@zojoprint.com\"><span class=\"elementor-icon-list-text\">info@zojoprint.com<\/span><\/a><\/p>\n<p>&nbsp;<\/p>\n<div class=\"widget block block-static-block\">\n<div class=\"landing-page-section option-bottom\">\n<div class=\"custom-materials-tabs-content container container-adjustment\">\n<div class=\"custom-materials-tab-content active\">\n<div class=\"widget block block-static-block\">\n<div class=\"options-items\">\n<div class=\"flex-grid-row-option\">\n<div class=\"flex-grid-item-option\">\n<div class=\"material-box\">\n<p>&nbsp;<\/p>\n<\/div>\n<\/div>\n<\/div>\n<\/div>\n<p><!---end of option item--><\/p>\n<\/div>\n<\/div>\n<\/div>\n<\/div>\n<\/div>","protected":false},"excerpt":{"rendered":"<p>Cr\u00e9ez de superbes emballages personnalis\u00e9s Spot UV avec une finition brillante qui met en valeur les logos et le design, donnant \u00e0 votre marque un attrait sophistiqu\u00e9 et haut de gamme.<\/p>\n<p>Personnalisation : Possibilit\u00e9 de personnaliser la taille, l'impression, le mat\u00e9riau, la finition, la forme, etc.<br \/>\nType de mat\u00e9riau : Respectueux de l'environnement, certifi\u00e9 FSC\/ISO\/BSCI<br \/>\nD\u00e9lai de production : \u00c9chantillon 1-3 jours ; Vrac 7-9 jours<br \/>\nD\u00e9lai d'exp\u00e9dition : Express 3-7 jours ; Air 12-16 jours ; Bateau 25-30 jours\uff08Diff\u00e9rents pays ont des d\u00e9lais diff\u00e9rents)<\/p>\n<p>Prix:Contactez-nous pour envoyer une demande de renseignements !<\/p>","protected":false},"featured_media":3050,"template":"","meta":[],"product_brand":[],"product_cat":[30,417,430,31],"product_tag":[935,937,936],"class_list":{"0":"post-3045","1":"product","2":"type-product","3":"status-publish","4":"has-post-thumbnail","6":"product_cat-by-industry","7":"product_cat-custom-perfume-boxes-by-industry","8":"product_cat-folding-cartons","9":"product_cat-paper-box-style","10":"product_tag-custom-logo-box","11":"product_tag-folding-carton-supplier","12":"product_tag-glossy-logo-box","14":"first","15":"instock","16":"shipping-taxable","17":"product-type-grouped"},"_links":{"self":[{"href":"https:\/\/zojopackaging.com\/fr\/wp-json\/wp\/v2\/product\/3045","targetHints":{"allow":["GET"]}}],"collection":[{"href":"https:\/\/zojopackaging.com\/fr\/wp-json\/wp\/v2\/product"}],"about":[{"href":"https:\/\/zojopackaging.com\/fr\/wp-json\/wp\/v2\/types\/product"}],"version-history":[{"count":2,"href":"https:\/\/zojopackaging.com\/fr\/wp-json\/wp\/v2\/product\/3045\/revisions"}],"predecessor-version":[{"id":8670,"href":"https:\/\/zojopackaging.com\/fr\/wp-json\/wp\/v2\/product\/3045\/revisions\/8670"}],"wp:featuredmedia":[{"embeddable":true,"href":"https:\/\/zojopackaging.com\/fr\/wp-json\/wp\/v2\/media\/3050"}],"wp:attachment":[{"href":"https:\/\/zojopackaging.com\/fr\/wp-json\/wp\/v2\/media?parent=3045"}],"wp:term":[{"taxonomy":"product_brand","embeddable":true,"href":"https:\/\/zojopackaging.com\/fr\/wp-json\/wp\/v2\/product_brand?post=3045"},{"taxonomy":"product_cat","embeddable":true,"href":"https:\/\/zojopackaging.com\/fr\/wp-json\/wp\/v2\/product_cat?post=3045"},{"taxonomy":"product_tag","embeddable":true,"href":"https:\/\/zojopackaging.com\/fr\/wp-json\/wp\/v2\/product_tag?post=3045"}],"curies":[{"name":"wp","href":"https:\/\/api.w.org\/{rel}","templated":true}]}}