{"id":3091,"date":"2024-03-14T14:05:05","date_gmt":"2024-03-14T06:05:05","guid":{"rendered":"https:\/\/zojopackaging.com\/?post_type=product&#038;p=3091"},"modified":"2025-03-29T00:06:38","modified_gmt":"2025-03-28T16:06:38","slug":"custom-silver-perfume-boxes","status":"publish","type":"product","link":"https:\/\/zojopackaging.com\/fr\/product\/custom-silver-perfume-boxes\/","title":{"rendered":"Bo\u00eetes cadeaux en papier de luxe pour parfum en argent fabriqu\u00e9es sur mesure"},"content":{"rendered":"<h1>Bo\u00eetes cadeaux en papier de luxe pour parfum en argent fabriqu\u00e9es sur mesure<\/h1>\n<p>Les bo\u00eetes \u00e0 parfum personnalis\u00e9es en feuille d'or ou d'argent pr\u00e9sentent votre parfum ou votre eau de Cologne. Ces bo\u00eetes donneront \u00e0 votre parfum un aspect plus \u00e9l\u00e9gant et luxueux. La feuille d'aluminium prot\u00e9gera \u00e9galement votre parfum de tout dommage pendant l'exp\u00e9dition.<\/p>\n<p>Nous pr\u00e9parons ces bo\u00eetes avec du papier \u00e0 fort grammage et une finition satin\u00e9e. Elles sont dot\u00e9es d'une fen\u00eatre sur le devant de la bo\u00eete. Vous pouvez ainsi voir ce qu'elle contient sans l'ouvrir. Il y a \u00e9galement un rabat aimant\u00e9 sur le dessus de la bo\u00eete. Lorsque vous l'ouvrez, il reste ferm\u00e9 lorsque vous ne l'utilisez pas.<\/p>\n<h1><strong>Sp\u00e9cifications<\/strong><\/h1>\n<div class=\"widget block block-static-block\">\n<div class=\"landing-page-section option-bottom\">\n<div class=\"custom-materials-tabs-content container container-adjustment\">\n<div class=\"custom-materials-tab-content active\">\n<div class=\"widget block block-static-block\">\n<div class=\"options-items\">\n<div class=\"flex-grid-row-option\">\n<div class=\"flex-grid-item-option\">\n<div class=\"material-box\">\n<div class=\"material-des\">\n<table width=\"1070\">\n<tbody>\n<tr>\n<td width=\"373\">Dimensions<\/td>\n<td width=\"373\">Toutes les tailles et formes personnalis\u00e9es<\/td>\n<\/tr>\n<tr>\n<td width=\"373\">MOQ<\/td>\n<td width=\"373\">500pcs<\/td>\n<\/tr>\n<tr>\n<td width=\"373\">Temps d'\u00e9chantillonnage<\/td>\n<td width=\"373\">3-5 jours<\/td>\n<\/tr>\n<tr>\n<td width=\"373\">Processus par d\u00e9faut<\/td>\n<td width=\"373\">D\u00e9coupage, collage, rainurage, perforation<\/td>\n<\/tr>\n<tr>\n<td width=\"373\">Impression<\/td>\n<td width=\"373\">Cmyk, pms, pas d'impression<\/td>\n<\/tr>\n<tr>\n<td width=\"373\">Option mat\u00e9riau<\/td>\n<td width=\"373\">Papier cartonn\u00e9 blanc, papier couch\u00e9, papier d'art, papier kraft, carton ivoire, carton recto-verso, papier sp\u00e9cial, etc.<\/td>\n<\/tr>\n<tr>\n<td width=\"373\">Finition de surface<\/td>\n<td width=\"373\">Pelliculage mat\/brillant, gaufrage par points, gaufrage, dorure, etc.<\/td>\n<\/tr>\n<tr>\n<td width=\"373\">Utilisation dans l'industrie<\/td>\n<td width=\"373\">cosm\u00e9tiques, parfums, v\u00eatements, bijoux, tabac, produits alimentaires, cadeaux et produits de consommation courante,<\/td>\n<\/tr>\n<tr>\n<td width=\"373\">Contr\u00f4le de la qualit\u00e9<\/td>\n<td width=\"373\">Des \u00e9quipements de pointe et une \u00e9quipe de contr\u00f4le qualit\u00e9 exp\u00e9riment\u00e9e v\u00e9rifient rigoureusement les mat\u00e9riaux, les produits semi-finis et les produits finis \u00e0 chaque \u00e9tape avant la mise sur le march\u00e9.<\/td>\n<\/tr>\n<tr>\n<td width=\"373\">Prix<\/td>\n<td width=\"373\">Le prix final sera adapt\u00e9 \u00e0 votre produit et \u00e0 la quantit\u00e9 souhait\u00e9e.<\/td>\n<\/tr>\n<tr>\n<td width=\"373\">D\u00e9lai d'ex\u00e9cution<\/td>\n<td width=\"373\">7-14 jours ouvrables, urgent<\/td>\n<\/tr>\n<tr>\n<td width=\"373\">Papier de base<\/td>\n<td width=\"373\">10pt \u00e0 28pt (60lb \u00e0 400lb) Kraft \u00e9cologique, carton ondul\u00e9 e-flute, carton bux, papier cartonn\u00e9<\/td>\n<\/tr>\n<tr>\n<td width=\"373\">Format de l'\u0153uvre d'art<\/td>\n<td width=\"373\">JPG, PDF, AI, CDR, EPS, GIF....<\/td>\n<\/tr>\n<tr>\n<td width=\"373\">Accessoires<\/td>\n<td width=\"373\">Aimant, ruban, forme EVA, plateau en plastique, \u00e9ponge, fen\u00eatre en PVC\/PET\/PP,...<\/td>\n<\/tr>\n<tr>\n<td width=\"373\">D\u00e9lai de paiement<\/td>\n<td width=\"373\">T\/T, Western Union, Paypal, d\u00e9p\u00f4t de 30% et solde de 70% avant l'exp\u00e9dition.<\/td>\n<\/tr>\n<\/tbody>\n<\/table>\n<\/div>\n<\/div>\n<\/div>\n<\/div>\n<\/div>\n<\/div>\n<\/div>\n<\/div>\n<\/div>\n<\/div>\n<h1><span style=\"font-size: 16px;\">Bo\u00eetes \u00e0 parfum personnalis\u00e9es en feuilles d'or et d'argent<\/span><\/h1>\n<p>Nous savons combien il est important pour votre entreprise de parfumerie de se d\u00e9marquer de la concurrence. C'est pourquoi nous proposons des bo\u00eetes de parfum personnalis\u00e9es en or ou en argent avec votre logo, votre nom ou tout autre \u00e9l\u00e9ment de design que vous souhaitez. Nous travaillerons avec vous pour cr\u00e9er quelque chose d'unique qui aidera votre marque \u00e0 briller dans une industrie pleine de produits similaires !<\/p>\n<p>Nos bo\u00eetes \u00e0 parfum personnalis\u00e9es en or et en argent pr\u00e9sentent votre marque de mani\u00e8re \u00e9l\u00e9gante et luxueuse.<\/p>\n<p>L'intimit\u00e9 de la bo\u00eete est entour\u00e9e d'un tissu doux. Ainsi, les parfums conserv\u00e9s \u00e0 l'int\u00e9rieur ne risquent pas d'\u00eatre endommag\u00e9s. En plus de prot\u00e9ger vos parfums, ces bo\u00eetes permettent aux consommateurs de les identifier facilement comme des produits de luxe.<\/p>\n<p>Les feuilles d'or et d'argent de ces bo\u00eetes de parfum donnent l'impression qu'elles valent plus cher. C'est en effet le cas ! Ces belles options d'emballage vous aideront \u00e0 impressionner les consommateurs qui veulent un peu plus qu'un simple flacon en plastique lorsqu'ils ach\u00e8tent leurs parfums pr\u00e9f\u00e9r\u00e9s.<\/p>\n<h1>Utilisation de la feuille d'aluminium dans les bo\u00eetes d'emballage de parfums<\/h1>\n<p>L'utilisation de feuilles dans l'industrie de l'impression n'est pas un concept nouveau. L'objectif principal de l'utilisation de feuilles d'or et d'argent est d'augmenter l'attrait visuel du produit et de le rendre plus attrayant. C'est particuli\u00e8rement vrai lorsque vous utilisez des bo\u00eetes de parfum pour la conception de l'emballage de votre produit.<\/p>\n<p>Lorsque vous concevez des bo\u00eetes de parfum personnalis\u00e9es, n'oubliez pas que l'emballage doit attirer les clients et leur donner envie d'acheter votre produit. La feuille d'aluminium est l'un des moyens d'atteindre cet objectif.<\/p>\n<p>Ces bo\u00eetes \u00e0 parfum personnalis\u00e9es en feuilles d'or et d'argent peuvent \u00eatre utilis\u00e9es \u00e0 diverses fins, telles que les cadeaux, le stockage de vos produits, ou m\u00eame comme bo\u00eete \u00e0 cadeaux.<\/p>\n<p>De nombreuses options sont disponibles lors de l'achat de bo\u00eetes \u00e0 parfum en gros, telles que le choix de diff\u00e9rentes tailles, formes, \u00e9paisseurs, etc.<\/p>\n<h1>Obtenez des bo\u00eetes \u00e0 parfum en aluminium personnalis\u00e9es au prix de gros<\/h1>\n<p>Nous offrons une livraison gratuite, une assistance \u00e0 la conception, un d\u00e9lai d'ex\u00e9cution rapide, une r\u00e9duction 50% et aucun frais de plaque d'impression. Gr\u00e2ce \u00e0 notre service, vous obtiendrez les bo\u00eetes \u00e0 parfum dor\u00e9es et argent\u00e9es de haute qualit\u00e9 dont vous avez besoin \u00e0 un prix abordable. C'est pourquoi nous avons des bo\u00eetes \u00e0 parfum que vous pouvez concevoir vous-m\u00eame, avec une aide \u00e0 la conception gratuite et un d\u00e9lai d'ex\u00e9cution rapide.<\/p>\n<div class=\"widget block block-static-block\">\n<div class=\"landing-page-section option-bottom\">\n<div class=\"custom-materials-tabs-content container container-adjustment\">\n<div class=\"custom-materials-tab-content active\">\n<div class=\"widget block block-static-block\">\n<div class=\"options-items\">\n<div class=\"flex-grid-row-option\">\n<div class=\"flex-grid-item-option\">\n<div class=\"material-box\">\n<p>&nbsp;<\/p>\n<\/div>\n<\/div>\n<\/div>\n<\/div>\n<p><!---end of option item--><\/p>\n<\/div>\n<\/div>\n<\/div>\n<\/div>\n<\/div>","protected":false},"excerpt":{"rendered":"<p>Bo\u00eetes en papier personnalis\u00e9es de haute qualit\u00e9 pour l'exp\u00e9dition de parfums de luxe. Une usine de bo\u00eetes de parfum \u00e0 bas prix qui fournit des services personnalis\u00e9s d'un seul tenant, de la conception \u00e0 la production.<\/p>\n<ul>\n<li>MOQ : 500 pi\u00e8ces<\/li>\n<li>D\u00e9lai de livraison : 7-14 jours ouvrables, urgent<\/li>\n<li>Dimensions sur mesure (diam\u00e8tre x hauteur)<\/li>\n<li>Impression personnalis\u00e9e<\/li>\n<li>Respectueux de l'environnement, recyclable et sans plastique<\/li>\n<li>Prix\uff1aLe prix final sera adapt\u00e9 \u00e0 votre produit et \u00e0 la quantit\u00e9 souhait\u00e9e.<\/li>\n<\/ul>","protected":false},"featured_media":3096,"template":"","meta":[],"product_brand":[],"product_cat":[30,417,430,31],"product_tag":[869,870,868],"class_list":{"0":"post-3091","1":"product","2":"type-product","3":"status-publish","4":"has-post-thumbnail","6":"product_cat-by-industry","7":"product_cat-custom-perfume-boxes-by-industry","8":"product_cat-folding-cartons","9":"product_cat-paper-box-style","10":"product_tag-luxury-gift-boxes","11":"product_tag-paper-gift-boxes-factories","12":"product_tag-perfume-paper-gift-boxes","14":"first","15":"instock","16":"shipping-taxable","17":"product-type-grouped"},"_links":{"self":[{"href":"https:\/\/zojopackaging.com\/fr\/wp-json\/wp\/v2\/product\/3091","targetHints":{"allow":["GET"]}}],"collection":[{"href":"https:\/\/zojopackaging.com\/fr\/wp-json\/wp\/v2\/product"}],"about":[{"href":"https:\/\/zojopackaging.com\/fr\/wp-json\/wp\/v2\/types\/product"}],"version-history":[{"count":2,"href":"https:\/\/zojopackaging.com\/fr\/wp-json\/wp\/v2\/product\/3091\/revisions"}],"predecessor-version":[{"id":8522,"href":"https:\/\/zojopackaging.com\/fr\/wp-json\/wp\/v2\/product\/3091\/revisions\/8522"}],"wp:featuredmedia":[{"embeddable":true,"href":"https:\/\/zojopackaging.com\/fr\/wp-json\/wp\/v2\/media\/3096"}],"wp:attachment":[{"href":"https:\/\/zojopackaging.com\/fr\/wp-json\/wp\/v2\/media?parent=3091"}],"wp:term":[{"taxonomy":"product_brand","embeddable":true,"href":"https:\/\/zojopackaging.com\/fr\/wp-json\/wp\/v2\/product_brand?post=3091"},{"taxonomy":"product_cat","embeddable":true,"href":"https:\/\/zojopackaging.com\/fr\/wp-json\/wp\/v2\/product_cat?post=3091"},{"taxonomy":"product_tag","embeddable":true,"href":"https:\/\/zojopackaging.com\/fr\/wp-json\/wp\/v2\/product_tag?post=3091"}],"curies":[{"name":"wp","href":"https:\/\/api.w.org\/{rel}","templated":true}]}}