{"id":3119,"date":"2024-03-14T14:21:00","date_gmt":"2024-03-14T06:21:00","guid":{"rendered":"https:\/\/zojopackaging.com\/?post_type=product&#038;p=3119"},"modified":"2025-03-27T17:27:19","modified_gmt":"2025-03-27T09:27:19","slug":"custom-perfume-box","status":"publish","type":"product","link":"https:\/\/zojopackaging.com\/fr\/product\/custom-perfume-box\/","title":{"rendered":"Vente en gros de bo\u00eetes \u00e0 parfum pour l'emballage de produits cosm\u00e9tiques"},"content":{"rendered":"<h1>Vente en gros de bo\u00eetes \u00e0 parfum pour l'emballage de produits cosm\u00e9tiques<\/h1>\n<p><a href=\"https:\/\/zojopackaging.com\/fr\/categorie-produit\/custom-perfume-boxes\/\">Bo\u00eete \u00e0 parfum personnalis\u00e9e<\/a> Ils ont g\u00e9n\u00e9ralement une bonne \u00e9tanch\u00e9it\u00e9 pour emp\u00eacher la poussi\u00e8re et d'autres polluants de p\u00e9n\u00e9trer, ce qui permet de conserver la fragrance du parfum tout en pr\u00e9servant sa puret\u00e9 et sa qualit\u00e9, et d'\u00e9viter qu'elle ne se dissipe progressivement en raison d'une exposition prolong\u00e9e \u00e0 l'air.Pour un certain nombre de raisons, les emballages respectueux de l'environnement sont essentiels pour le secteur de la parfumerie, et de plus en plus de personnes utilisent des mat\u00e9riaux \u00e9cologiques afin de r\u00e9duire l'impact sur l'environnement.<\/p>\n<h3>Nous proposons des solutions de conditionnement et d'emballage de haute qualit\u00e9 pour <a href=\"https:\/\/zojoprint.en.alibaba.com\/productgrouplist-930456046\/Perfume_Box.html\" target=\"_blank\" rel=\"noopener\">emballage de parfum personnalis\u00e9<\/a><\/h3>\n<p>Des solutions d'impression et d'emballage de haute qualit\u00e9 sont essentielles pour <a href=\"https:\/\/zojopackaging.com\/fr\/categorie-produit\/custom-perfume-boxes\/\">bo\u00eete \u00e0 parfum personnalis\u00e9e<\/a> En outre, la plupart des parfumeries utilisent un design et une impression uniques pour renforcer leur image de marque et am\u00e9liorer la reconnaissance de la marque et le professionnalisme.<\/p>\n<h3><strong>Mat\u00e9riaux \u00e9cologiques utilis\u00e9s pour la fabrication\u00a0\u00a0<\/strong><\/h3>\n<p>Lors de la fabrication<a href=\"https:\/\/zojopackaging.com\/fr\/categorie-produit\/custom-perfume-boxes\/\"> bo\u00eetes \u00e0 parfum personnalis\u00e9es<\/a>Il est donc essentiel d'utiliser des mat\u00e9riaux respectueux de l'environnement, ce qui permet non seulement de r\u00e9duire l'impact sur l'environnement, mais aussi d'am\u00e9liorer l'image de la marque et d'attirer davantage de consommateurs soucieux de la durabilit\u00e9.<\/p>\n<p>Nous pouvons vous proposer les mat\u00e9riaux suivants.<\/p>\n<h4>par exemple :<\/h4>\n<p><b>papier sp\u00e9cial<\/b><\/p>\n<p><b>papier ondul\u00e9<\/b><\/p>\n<p><strong>autre papier<\/strong><\/p>\n<p><img fetchpriority=\"high\" decoding=\"async\" class=\"size-medium wp-image-7511 alignnone\" src=\"https:\/\/zojopackaging.com\/wp-content\/uploads\/2024\/03\/63ba72fb42de82bdcc1ddc218d5a80e-300x269.jpg\" alt=\"mat\u00e9riel\" width=\"300\" height=\"269\" title=\"\" srcset=\"https:\/\/zojopackaging.com\/wp-content\/uploads\/2024\/03\/63ba72fb42de82bdcc1ddc218d5a80e-300x269.jpg 300w, https:\/\/zojopackaging.com\/wp-content\/uploads\/2024\/03\/63ba72fb42de82bdcc1ddc218d5a80e-600x538.jpg 600w, https:\/\/zojopackaging.com\/wp-content\/uploads\/2024\/03\/63ba72fb42de82bdcc1ddc218d5a80e.jpg 750w\" sizes=\"(max-width: 300px) 100vw, 300px\" \/><\/p>\n<p>\uff08Les documents suivants sont destin\u00e9s \u00e0 servir de r\u00e9f\u00e9rence\uff09<\/p>\n<h3>L'emballage du parfum est le meilleur pour votre <a href=\"https:\/\/zojoprint.en.alibaba.com\/index.html?spm=a2700.shop_pl.88.11.23bb7121MItxGU\" target=\"_blank\" rel=\"noopener\">Bo\u00eetes sur mesure<\/a> Besoins !<\/h3>\n<p>L'emballage d'un parfum peut \u00eatre fabriqu\u00e9 \u00e0 partir de divers mat\u00e9riaux respectueux de l'environnement.Le carton\u3001le papier d'art \u3001le papier sp\u00e9cial \u3001sont tous d'excellents choix. Vous pouvez vous assurer que l'emballage correspond \u00e0 l'identit\u00e9 de votre marque et transmet le bon message \u00e0 votre public cible en am\u00e9liorant l'attrait visuel de votre parfum, en le rendant plus attrayant pour les clients et en le faisant ressortir dans les rayons, sur la base du logo, des couleurs et des \u00e9l\u00e9ments de conception de votre marque.<\/p>\n<h3>Pourquoi nous choisir pour vos bo\u00eetes d'emballage personnalis\u00e9es ?<\/h3>\n<p>\u00c9tabli en 2009, zojopackaging fournit depuis longtemps d'excellentes solutions sp\u00e9cifiques pour les produits de parfumerie \u00e0 diverses entreprises et marques. Nous croyons en la commodit\u00e9 de nos clients de la meilleure fa\u00e7on possible, c'est pourquoi nos produits ont 100% la satisfaction du client.<\/p>\n<h1><strong>Sp\u00e9cifications<\/strong><\/h1>\n<div class=\"widget block block-static-block\">\n<div class=\"landing-page-section option-bottom\">\n<div class=\"custom-materials-tabs-content container container-adjustment\">\n<div class=\"custom-materials-tab-content active\">\n<div class=\"widget block block-static-block\">\n<div class=\"options-items\">\n<div class=\"flex-grid-row-option\">\n<div class=\"flex-grid-item-option\">\n<div class=\"material-box\">\n<div class=\"material-des\">\n<table width=\"1070\">\n<tbody>\n<tr>\n<td width=\"373\">Dimensions<\/td>\n<td width=\"373\">Toutes les tailles et formes personnalis\u00e9es<\/td>\n<\/tr>\n<tr>\n<td width=\"373\">MOQ<\/td>\n<td width=\"373\">500 pi\u00e8ces (\u00e9chantillon de soutien pour v\u00e9rifier la qualit\u00e9\uff09)<\/td>\n<\/tr>\n<tr>\n<td width=\"373\">Temps d'\u00e9chantillonnage<\/td>\n<td width=\"373\">3-5 jours ouvrables<\/td>\n<\/tr>\n<tr>\n<td width=\"373\">Processus par d\u00e9faut<\/td>\n<td width=\"373\">D\u00e9coupage, collage, rainurage, perforation<\/td>\n<\/tr>\n<tr>\n<td width=\"373\">Impression<\/td>\n<td width=\"373\">Cmyk, pms, pas d'impression<\/td>\n<\/tr>\n<tr>\n<td width=\"373\">Option mat\u00e9riau<\/td>\n<td width=\"373\">Papier cartonn\u00e9 blanc, papier couch\u00e9, papier d'art, papier kraft, carton ivoire, carton recto-verso, papier sp\u00e9cial, etc.<\/td>\n<\/tr>\n<tr>\n<td width=\"373\">Finition de surface<\/td>\n<td width=\"373\">Pelliculage mat\/brillant, gaufrage par points, gaufrage, dorure, etc.<\/td>\n<\/tr>\n<tr>\n<td width=\"373\">Utilisation dans l'industrie<\/td>\n<td width=\"373\">cosm\u00e9tiques, parfums, v\u00eatements, bijoux, tabac, produits alimentaires, cadeaux et produits de consommation courante,<\/td>\n<\/tr>\n<tr>\n<td width=\"373\">Contr\u00f4le de la qualit\u00e9<\/td>\n<td width=\"373\">Des \u00e9quipements de pointe et une \u00e9quipe de contr\u00f4le qualit\u00e9 exp\u00e9riment\u00e9e v\u00e9rifient rigoureusement les mat\u00e9riaux, les produits semi-finis et les produits finis \u00e0 chaque \u00e9tape avant la mise sur le march\u00e9.<\/td>\n<\/tr>\n<tr>\n<td width=\"373\">Prix<\/td>\n<td width=\"373\">Le prix final sera adapt\u00e9 \u00e0 votre produit et \u00e0 la quantit\u00e9 souhait\u00e9e.<\/td>\n<\/tr>\n<tr>\n<td width=\"373\">D\u00e9lai d'ex\u00e9cution<\/td>\n<td width=\"373\">7-14 jours ouvrables<\/td>\n<\/tr>\n<tr>\n<td width=\"373\">Papier de base<\/td>\n<td width=\"373\">10pt \u00e0 28pt (60lb \u00e0 400lb) Kraft \u00e9cologique, carton ondul\u00e9 e-flute, carton bux, papier cartonn\u00e9<\/td>\n<\/tr>\n<tr>\n<td width=\"373\">Format de l'\u0153uvre d'art<\/td>\n<td width=\"373\">JPG, PDF, AI, CDR, EPS, GIF....<\/td>\n<\/tr>\n<tr>\n<td width=\"373\">Accessoires<\/td>\n<td width=\"373\">Aimant, ruban, forme EVA, plateau en plastique, \u00e9ponge, fen\u00eatre en PVC\/PET\/PP,...<\/td>\n<\/tr>\n<tr>\n<td width=\"373\">D\u00e9lai de paiement<\/td>\n<td width=\"373\">T\/T, Western Union, Paypal, d\u00e9p\u00f4t de 30% et solde de 70% avant l'exp\u00e9dition.<\/td>\n<\/tr>\n<\/tbody>\n<\/table>\n<\/div>\n<\/div>\n<\/div>\n<\/div>\n<\/div>\n<\/div>\n<\/div>\n<\/div>\n<\/div>\n<\/div>\n<div class=\"widget block block-static-block\">\n<div class=\"landing-page-section option-bottom\">\n<div class=\"custom-materials-tabs-content container container-adjustment\">\n<div class=\"custom-materials-tab-content active\">\n<div class=\"widget block block-static-block\">\n<div class=\"options-items\">\n<div class=\"flex-grid-row-option\">\n<div class=\"flex-grid-item-option\">\n<div class=\"material-box\">\n<p>&nbsp;<\/p>\n<\/div>\n<\/div>\n<\/div>\n<\/div>\n<p><!---end of option item--><\/p>\n<\/div>\n<\/div>\n<\/div>\n<\/div>\n<\/div>","protected":false},"excerpt":{"rendered":"<p>1. Le type de bo\u00eete avec couvercle et base adopte la structure d'un couvercle sup\u00e9rieur et d'un couvercle inf\u00e9rieur, une protection \u00e0 double couche du produit, ce qui peut emp\u00eacher efficacement les articles dans l'emballage d'\u00eatre endommag\u00e9s.<br \/>\n2. Le papier sp\u00e9cial met en valeur la simplicit\u00e9 de la bo\u00eete, sans pour autant manquer de luxe.<br \/>\n3. Le proc\u00e9d\u00e9 de dorure \u00e0 chaud conf\u00e8re \u00e0 l'emballage un aspect luxueux et une pr\u00e9sentation visuelle de haute qualit\u00e9.<br \/>\n4. Diff\u00e9rents types de bo\u00eetes, mat\u00e9riaux, tailles, rev\u00eatements et effets d'impression de surface peuvent \u00eatre personnalis\u00e9s en fonction de vos besoins.<\/p>","protected":false},"featured_media":3125,"template":"","meta":[],"product_brand":[],"product_cat":[30,390,417,425],"product_tag":[686,336,687],"class_list":{"0":"post-3119","1":"product","2":"type-product","3":"status-publish","4":"has-post-thumbnail","6":"product_cat-by-industry","7":"product_cat-custom-cosmetics-boxes","8":"product_cat-custom-perfume-boxes-by-industry","9":"product_cat-lid-and-base-gift-box","10":"product_tag-cosmetic-packaging-supplies","11":"product_tag-perfume-boxes","12":"product_tag-wholesale-perfume-packaging","14":"first","15":"instock","16":"shipping-taxable","17":"product-type-grouped"},"_links":{"self":[{"href":"https:\/\/zojopackaging.com\/fr\/wp-json\/wp\/v2\/product\/3119","targetHints":{"allow":["GET"]}}],"collection":[{"href":"https:\/\/zojopackaging.com\/fr\/wp-json\/wp\/v2\/product"}],"about":[{"href":"https:\/\/zojopackaging.com\/fr\/wp-json\/wp\/v2\/types\/product"}],"version-history":[{"count":2,"href":"https:\/\/zojopackaging.com\/fr\/wp-json\/wp\/v2\/product\/3119\/revisions"}],"predecessor-version":[{"id":8409,"href":"https:\/\/zojopackaging.com\/fr\/wp-json\/wp\/v2\/product\/3119\/revisions\/8409"}],"wp:featuredmedia":[{"embeddable":true,"href":"https:\/\/zojopackaging.com\/fr\/wp-json\/wp\/v2\/media\/3125"}],"wp:attachment":[{"href":"https:\/\/zojopackaging.com\/fr\/wp-json\/wp\/v2\/media?parent=3119"}],"wp:term":[{"taxonomy":"product_brand","embeddable":true,"href":"https:\/\/zojopackaging.com\/fr\/wp-json\/wp\/v2\/product_brand?post=3119"},{"taxonomy":"product_cat","embeddable":true,"href":"https:\/\/zojopackaging.com\/fr\/wp-json\/wp\/v2\/product_cat?post=3119"},{"taxonomy":"product_tag","embeddable":true,"href":"https:\/\/zojopackaging.com\/fr\/wp-json\/wp\/v2\/product_tag?post=3119"}],"curies":[{"name":"wp","href":"https:\/\/api.w.org\/{rel}","templated":true}]}}