{"id":3140,"date":"2024-03-14T14:32:51","date_gmt":"2024-03-14T06:32:51","guid":{"rendered":"https:\/\/zojopackaging.com\/?post_type=product&#038;p=3140"},"modified":"2025-03-27T17:39:59","modified_gmt":"2025-03-27T09:39:59","slug":"custom-perfume-drawer-boxes","status":"publish","type":"product","link":"https:\/\/zojopackaging.com\/fr\/product\/custom-perfume-drawer-boxes\/","title":{"rendered":"Meilleures bo\u00eetes d'emballage de parfum de luxe personnalis\u00e9es Fournisseur de bo\u00eetes d'emballage de parfum de luxe personnalis\u00e9es"},"content":{"rendered":"<h1>Meilleures bo\u00eetes d'emballage de parfum de luxe personnalis\u00e9es Fournisseur de bo\u00eetes d'emballage de parfum de luxe personnalis\u00e9es<\/h1>\n<p>Les bo\u00eetes \u00e0 tiroirs pour parfums personnalis\u00e9es sont un choix \u00e9l\u00e9gant et pratique pour l'emballage des parfums, offrant une exp\u00e9rience de d\u00e9ballage sophistiqu\u00e9e qui renforce la perception de luxe et de qualit\u00e9.<\/p>\n<h2>1. Conception et finition<\/h2>\n<p>Bo\u00eetes \u00e0 tiroirs pour parfums sur mesure, la solution ultime pour vos besoins en mati\u00e8re d'emballage de produits de parfumerie.<\/p>\n<p>Nos bo\u00eetes de luxe pour cosm\u00e9tiques et parfums sont des chefs-d'\u0153uvre de design. R\u00e9alis\u00e9es avec pr\u00e9cision et souci du d\u00e9tail, elles affichent une \u00e9l\u00e9gance in\u00e9gal\u00e9e. Les lignes \u00e9pur\u00e9es et les finitions raffin\u00e9es leur conf\u00e8rent un aspect sophistiqu\u00e9 qui attire instantan\u00e9ment le regard.<\/p>\n<h2>2. Qualit\u00e9 des mat\u00e9riaux<\/h2>\n<p>Fabriqu\u00e9es \u00e0 partir des mat\u00e9riaux les plus nobles, ces bo\u00eetes garantissent la durabilit\u00e9 et un toucher luxueux. Le papier ou le tissu de haute qualit\u00e9 utilis\u00e9 ne se contente pas de rehausser l'attrait esth\u00e9tique, il offre \u00e9galement une protection \u00e0 vos pr\u00e9cieux parfums.<\/p>\n<h2>3. Personnalisation de la marque<\/h2>\n<p>Nous comprenons l'importance de l'identit\u00e9 de la marque.<\/p>\n<h2>4. Pr\u00e9sentation et recours<\/h2>\n<p>Les bo\u00eetes de luxe pour cosm\u00e9tiques et parfums ajoutent de la valeur et du prestige \u00e0 votre produit, le rendant incontournable pour les clients exigeants. <a href=\"https:\/\/zojopackaging.com\/fr\/contact-us\/\">Commander<\/a> et donnez \u00e0 votre parfum l'emballage qu'il m\u00e9rite !<\/p>\n<h1><strong>Sp\u00e9cifications<\/strong><\/h1>\n<div class=\"widget block block-static-block\">\n<div class=\"landing-page-section option-bottom\">\n<div class=\"custom-materials-tabs-content container container-adjustment\">\n<div class=\"custom-materials-tab-content active\">\n<div class=\"widget block block-static-block\">\n<div class=\"options-items\">\n<div class=\"flex-grid-row-option\">\n<div class=\"flex-grid-item-option\">\n<div class=\"material-box\">\n<div class=\"material-des\">\n<table width=\"1070\">\n<tbody>\n<tr>\n<td width=\"373\">Dimensions<\/td>\n<td width=\"373\">Toutes les tailles et formes personnalis\u00e9es<\/td>\n<\/tr>\n<tr>\n<td width=\"373\">MOQ<\/td>\n<td width=\"373\">500pcs<\/td>\n<\/tr>\n<tr>\n<td width=\"373\">Temps d'\u00e9chantillonnage<\/td>\n<td width=\"373\">3-5 jours<\/td>\n<\/tr>\n<tr>\n<td width=\"373\">Processus par d\u00e9faut<\/td>\n<td width=\"373\">D\u00e9coupage, collage, rainurage, perforation<\/td>\n<\/tr>\n<tr>\n<td width=\"373\">Impression<\/td>\n<td width=\"373\">Cmyk, pms, pas d'impression<\/td>\n<\/tr>\n<tr>\n<td width=\"373\">Option mat\u00e9riau<\/td>\n<td width=\"373\">Papier cartonn\u00e9 blanc, papier couch\u00e9, papier d'art, papier kraft, carton ivoire, carton recto-verso, papier sp\u00e9cial, etc.<\/td>\n<\/tr>\n<tr>\n<td width=\"373\">Finition de surface<\/td>\n<td width=\"373\">Pelliculage mat\/brillant, gaufrage par points, gaufrage, dorure, etc.<\/td>\n<\/tr>\n<tr>\n<td width=\"373\">Utilisation dans l'industrie<\/td>\n<td width=\"373\">cosm\u00e9tiques, parfums, v\u00eatements, bijoux, tabac, produits alimentaires, cadeaux et produits de consommation courante,<\/td>\n<\/tr>\n<tr>\n<td width=\"373\">Contr\u00f4le de la qualit\u00e9<\/td>\n<td width=\"373\">Des \u00e9quipements de pointe et une \u00e9quipe de contr\u00f4le qualit\u00e9 exp\u00e9riment\u00e9e v\u00e9rifient rigoureusement les mat\u00e9riaux, les produits semi-finis et les produits finis \u00e0 chaque \u00e9tape avant la mise sur le march\u00e9.<\/td>\n<\/tr>\n<tr>\n<td width=\"373\">Prix<\/td>\n<td width=\"373\">Le prix final sera adapt\u00e9 \u00e0 votre produit et \u00e0 la quantit\u00e9 souhait\u00e9e.<\/td>\n<\/tr>\n<tr>\n<td width=\"373\">D\u00e9lai d'ex\u00e9cution<\/td>\n<td width=\"373\">7-14 jours ouvrables, urgent<\/td>\n<\/tr>\n<tr>\n<td width=\"373\">Papier de base<\/td>\n<td width=\"373\">10pt \u00e0 28pt (60lb \u00e0 400lb) Kraft \u00e9cologique, carton ondul\u00e9 e-flute, carton bux, papier cartonn\u00e9<\/td>\n<\/tr>\n<tr>\n<td width=\"373\">Format de l'\u0153uvre d'art<\/td>\n<td width=\"373\">JPG, PDF, AI, CDR, EPS, GIF....<\/td>\n<\/tr>\n<tr>\n<td width=\"373\">Accessoires<\/td>\n<td width=\"373\">Aimant, ruban, forme EVA, plateau en plastique, \u00e9ponge, fen\u00eatre en PVC\/PET\/PP,...<\/td>\n<\/tr>\n<tr>\n<td width=\"373\">D\u00e9lai de paiement<\/td>\n<td width=\"373\">T\/T, Western Union, Paypal, d\u00e9p\u00f4t de 30% et solde de 70% avant l'exp\u00e9dition.<\/td>\n<\/tr>\n<\/tbody>\n<\/table>\n<\/div>\n<\/div>\n<\/div>\n<\/div>\n<\/div>\n<\/div>\n<\/div>\n<\/div>\n<\/div>\n<\/div>\n<div class=\"widget block block-static-block\">\n<div class=\"landing-page-section option-bottom\">\n<div class=\"custom-materials-tabs-content container container-adjustment\">\n<div class=\"custom-materials-tab-content active\">\n<div class=\"widget block block-static-block\">\n<div class=\"options-items\">\n<div class=\"flex-grid-row-option\">\n<div class=\"flex-grid-item-option\">\n<div class=\"material-box\">\n<p>&nbsp;<\/p>\n<\/div>\n<\/div>\n<\/div>\n<\/div>\n<p><!---end of option item--><\/p>\n<\/div>\n<\/div>\n<\/div>\n<\/div>\n<\/div>","protected":false},"excerpt":{"rendered":"<p>1. La bo\u00eete \u00e0 papier \u00e0 tiroir s'ouvre en coulissant, ce qui facilite l'ouverture et la fermeture et r\u00e9duit le temps de travail de l'utilisateur.<br \/>\n2. Dot\u00e9 d'un ruban accessoire, il est facile \u00e0 retirer et renforce la reconnaissance de la marque.<br \/>\n3. Le style de conception de la bo\u00eete d'emballage incorpore le design du Moyen-Orient, refl\u00e8te la culture r\u00e9gionale et se distingue par un langage visuel unique et une adaptabilit\u00e9 fonctionnelle.<br \/>\n4. Type de bo\u00eete, taille, style de conception personnalisables pour s'adapter aux diff\u00e9rents emballages de parfums.<\/p>","protected":false},"featured_media":3142,"template":"","meta":[],"product_brand":[],"product_cat":[30,417,31,426],"product_tag":[688,340,689],"class_list":{"0":"post-3140","1":"product","2":"type-product","3":"status-publish","4":"has-post-thumbnail","6":"product_cat-by-industry","7":"product_cat-custom-perfume-boxes-by-industry","8":"product_cat-paper-box-style","9":"product_cat-paper-drawer-boxes","10":"product_tag-luxury-scent-packaging","11":"product_tag-perfume-packaging-boxes","12":"product_tag-scent-packaging-supplier","14":"first","15":"instock","16":"shipping-taxable","17":"product-type-grouped"},"_links":{"self":[{"href":"https:\/\/zojopackaging.com\/fr\/wp-json\/wp\/v2\/product\/3140","targetHints":{"allow":["GET"]}}],"collection":[{"href":"https:\/\/zojopackaging.com\/fr\/wp-json\/wp\/v2\/product"}],"about":[{"href":"https:\/\/zojopackaging.com\/fr\/wp-json\/wp\/v2\/types\/product"}],"version-history":[{"count":2,"href":"https:\/\/zojopackaging.com\/fr\/wp-json\/wp\/v2\/product\/3140\/revisions"}],"predecessor-version":[{"id":8410,"href":"https:\/\/zojopackaging.com\/fr\/wp-json\/wp\/v2\/product\/3140\/revisions\/8410"}],"wp:featuredmedia":[{"embeddable":true,"href":"https:\/\/zojopackaging.com\/fr\/wp-json\/wp\/v2\/media\/3142"}],"wp:attachment":[{"href":"https:\/\/zojopackaging.com\/fr\/wp-json\/wp\/v2\/media?parent=3140"}],"wp:term":[{"taxonomy":"product_brand","embeddable":true,"href":"https:\/\/zojopackaging.com\/fr\/wp-json\/wp\/v2\/product_brand?post=3140"},{"taxonomy":"product_cat","embeddable":true,"href":"https:\/\/zojopackaging.com\/fr\/wp-json\/wp\/v2\/product_cat?post=3140"},{"taxonomy":"product_tag","embeddable":true,"href":"https:\/\/zojopackaging.com\/fr\/wp-json\/wp\/v2\/product_tag?post=3140"}],"curies":[{"name":"wp","href":"https:\/\/api.w.org\/{rel}","templated":true}]}}