{"id":3178,"date":"2024-03-14T14:59:30","date_gmt":"2024-03-14T06:59:30","guid":{"rendered":"https:\/\/zojopackaging.com\/?post_type=product&#038;p=3178"},"modified":"2025-03-27T19:46:39","modified_gmt":"2025-03-27T11:46:39","slug":"custom-flip-cover-perfume-boxes","status":"publish","type":"product","link":"https:\/\/zojopackaging.com\/fr\/product\/custom-flip-cover-perfume-boxes\/","title":{"rendered":"Bo\u00eete \u00e0 parfum de luxe personnalis\u00e9e Fabricant Fournisseurs Usine"},"content":{"rendered":"<h1>Bo\u00eete \u00e0 parfum de luxe personnalis\u00e9e Fabricant Fournisseurs Usine<\/h1>\n<p>Les bo\u00eetes de parfum de luxe personnalis\u00e9es sont une solution d'emballage \u00e9l\u00e9gante et respectueuse de l'environnement pour vos produits de parfumerie haut de gamme. Fabriqu\u00e9es \u00e0 partir de mat\u00e9riaux durables de haute qualit\u00e9, ces bo\u00eetes sont dot\u00e9es d'un couvercle \u00e0 rabat \u00e9l\u00e9gant dans une couleur verte vibrante qui respire l'\u00e9l\u00e9gance et la sophistication.<\/p>\n<p>Con\u00e7ues pour offrir \u00e0 la fois protection et attrait esth\u00e9tique, ces bo\u00eetes peuvent \u00eatre personnalis\u00e9es avec le logo de votre marque, votre message et d'autres \u00e9l\u00e9ments de conception afin de cr\u00e9er un emballage unique et accrocheur qui trouve un \u00e9cho aupr\u00e8s de votre public cible. Le couvercle rabattable ajoute une touche de luxe et d'exclusivit\u00e9 \u00e0 la pr\u00e9sentation g\u00e9n\u00e9rale, ce qui la rend parfaite pour les cadeaux ou la vente au d\u00e9tail.<\/p>\n<p>Non seulement ces bo\u00eetes de parfum de luxe personnalis\u00e9es am\u00e9liorent la valeur per\u00e7ue de vos produits, mais elles t\u00e9moignent \u00e9galement de votre engagement en faveur du d\u00e9veloppement durable et de la responsabilit\u00e9 environnementale. Am\u00e9liorez votre image de marque avec ces solutions d'emballage \u00e9cologiques et visuellement frappantes, offrant une exp\u00e9rience m\u00e9morable \u00e0 vos clients tout en ayant un impact positif sur la plan\u00e8te.<\/p>\n<h1><strong>Sp\u00e9cifications<\/strong><\/h1>\n<div class=\"widget block block-static-block\">\n<div class=\"landing-page-section option-bottom\">\n<div class=\"custom-materials-tabs-content container container-adjustment\">\n<div class=\"custom-materials-tab-content active\">\n<div class=\"widget block block-static-block\">\n<div class=\"options-items\">\n<div class=\"flex-grid-row-option\">\n<div class=\"flex-grid-item-option\">\n<div class=\"material-box\">\n<div class=\"material-des\">\n<table width=\"1070\">\n<tbody>\n<tr>\n<td width=\"373\">Dimensions<\/td>\n<td width=\"373\">Toutes les tailles et formes personnalis\u00e9es<\/td>\n<\/tr>\n<tr>\n<td width=\"373\">MOQ<\/td>\n<td width=\"373\">500pcs<\/td>\n<\/tr>\n<tr>\n<td width=\"373\">Temps d'\u00e9chantillonnage<\/td>\n<td width=\"373\">3-5 jours<\/td>\n<\/tr>\n<tr>\n<td width=\"373\">Processus par d\u00e9faut<\/td>\n<td width=\"373\">D\u00e9coupage, collage, rainurage, perforation<\/td>\n<\/tr>\n<tr>\n<td width=\"373\">Impression<\/td>\n<td width=\"373\">Cmyk, pms, pas d'impression<\/td>\n<\/tr>\n<tr>\n<td width=\"373\">Option mat\u00e9riau<\/td>\n<td width=\"373\">Papier cartonn\u00e9 blanc, papier couch\u00e9, papier d'art, papier kraft, carton ivoire, carton recto-verso, papier sp\u00e9cial, etc.<\/td>\n<\/tr>\n<tr>\n<td width=\"373\">Finition de surface<\/td>\n<td width=\"373\">Pelliculage mat\/brillant, gaufrage par points, gaufrage, dorure, etc.<\/td>\n<\/tr>\n<tr>\n<td width=\"373\">Utilisation dans l'industrie<\/td>\n<td width=\"373\">cosm\u00e9tiques, parfums, v\u00eatements, bijoux, tabac, produits alimentaires, cadeaux et produits de consommation courante,<\/td>\n<\/tr>\n<tr>\n<td width=\"373\">Contr\u00f4le de la qualit\u00e9<\/td>\n<td width=\"373\">Des \u00e9quipements de pointe et une \u00e9quipe de contr\u00f4le qualit\u00e9 exp\u00e9riment\u00e9e v\u00e9rifient rigoureusement les mat\u00e9riaux, les produits semi-finis et les produits finis \u00e0 chaque \u00e9tape avant la mise sur le march\u00e9.<\/td>\n<\/tr>\n<tr>\n<td width=\"373\">Prix<\/td>\n<td width=\"373\">Le prix final sera adapt\u00e9 \u00e0 votre produit et \u00e0 la quantit\u00e9 souhait\u00e9e.<\/td>\n<\/tr>\n<tr>\n<td width=\"373\">D\u00e9lai d'ex\u00e9cution<\/td>\n<td width=\"373\">7-14 jours ouvrables, urgent<\/td>\n<\/tr>\n<tr>\n<td width=\"373\">Papier de base<\/td>\n<td width=\"373\">10pt \u00e0 28pt (60lb \u00e0 400lb) Kraft \u00e9cologique, carton ondul\u00e9 e-flute, carton bux, papier cartonn\u00e9<\/td>\n<\/tr>\n<tr>\n<td width=\"373\">Format de l'\u0153uvre d'art<\/td>\n<td width=\"373\">JPG, PDF, AI, CDR, EPS, GIF....<\/td>\n<\/tr>\n<tr>\n<td width=\"373\">Accessoires<\/td>\n<td width=\"373\">Aimant, ruban, forme EVA, plateau en plastique, \u00e9ponge, fen\u00eatre en PVC\/PET\/PP,...<\/td>\n<\/tr>\n<tr>\n<td width=\"373\">D\u00e9lai de paiement<\/td>\n<td width=\"373\">T\/T, Western Union, Paypal, d\u00e9p\u00f4t de 30% et solde de 70% avant l'exp\u00e9dition.<\/td>\n<\/tr>\n<\/tbody>\n<\/table>\n<\/div>\n<\/div>\n<\/div>\n<\/div>\n<\/div>\n<\/div>\n<\/div>\n<\/div>\n<\/div>\n<\/div>\n<div class=\"widget block block-static-block\">\n<div class=\"landing-page-section option-bottom\">\n<div class=\"custom-materials-tabs-content container container-adjustment\">\n<div class=\"custom-materials-tab-content active\">\n<div class=\"widget block block-static-block\">\n<div class=\"options-items\">\n<div class=\"flex-grid-row-option\">\n<div class=\"flex-grid-item-option\">\n<div class=\"material-box\">\n<p>&nbsp;<\/p>\n<\/div>\n<\/div>\n<\/div>\n<\/div>\n<p><!---end of option item--><\/p>\n<\/div>\n<\/div>\n<\/div>\n<\/div>\n<\/div>","protected":false},"excerpt":{"rendered":"<p>1. La bo\u00eete cadeau \u00e0 clapet pr\u00e9sente des avantages significatifs en termes de fonctionnalit\u00e9 et de praticit\u00e9 de l'emballage gr\u00e2ce \u00e0 sa conception int\u00e9gr\u00e9e d'ouverture et de fermeture.<br \/>\n2. Papier couch\u00e9 C2S 157g + carton rigide 1200g, solide et durable<br \/>\n3. La couleur verte, respectueuse de l'environnement, est un symbole environnemental universel qui permet d'\u00e9tablir rapidement une marque et un d\u00e9veloppement durable.<\/p>","protected":false},"featured_media":3183,"template":"","meta":[],"product_brand":[],"product_cat":[30,417,428,31],"product_tag":[701,333,702],"class_list":{"0":"post-3178","1":"product","2":"type-product","3":"status-publish","4":"has-post-thumbnail","6":"product_cat-by-industry","7":"product_cat-custom-perfume-boxes-by-industry","8":"product_cat-irregular-shaped-gift-boxes","9":"product_cat-paper-box-style","10":"product_tag-customized-perfume-box","11":"product_tag-luxury-perfume-box","12":"product_tag-perfume-box-manufacturer","14":"first","15":"instock","16":"shipping-taxable","17":"product-type-grouped"},"_links":{"self":[{"href":"https:\/\/zojopackaging.com\/fr\/wp-json\/wp\/v2\/product\/3178","targetHints":{"allow":["GET"]}}],"collection":[{"href":"https:\/\/zojopackaging.com\/fr\/wp-json\/wp\/v2\/product"}],"about":[{"href":"https:\/\/zojopackaging.com\/fr\/wp-json\/wp\/v2\/types\/product"}],"version-history":[{"count":2,"href":"https:\/\/zojopackaging.com\/fr\/wp-json\/wp\/v2\/product\/3178\/revisions"}],"predecessor-version":[{"id":8418,"href":"https:\/\/zojopackaging.com\/fr\/wp-json\/wp\/v2\/product\/3178\/revisions\/8418"}],"wp:featuredmedia":[{"embeddable":true,"href":"https:\/\/zojopackaging.com\/fr\/wp-json\/wp\/v2\/media\/3183"}],"wp:attachment":[{"href":"https:\/\/zojopackaging.com\/fr\/wp-json\/wp\/v2\/media?parent=3178"}],"wp:term":[{"taxonomy":"product_brand","embeddable":true,"href":"https:\/\/zojopackaging.com\/fr\/wp-json\/wp\/v2\/product_brand?post=3178"},{"taxonomy":"product_cat","embeddable":true,"href":"https:\/\/zojopackaging.com\/fr\/wp-json\/wp\/v2\/product_cat?post=3178"},{"taxonomy":"product_tag","embeddable":true,"href":"https:\/\/zojopackaging.com\/fr\/wp-json\/wp\/v2\/product_tag?post=3178"}],"curies":[{"name":"wp","href":"https:\/\/api.w.org\/{rel}","templated":true}]}}