{"id":3185,"date":"2024-03-14T15:03:02","date_gmt":"2024-03-14T07:03:02","guid":{"rendered":"https:\/\/zojopackaging.com\/?post_type=product&#038;p=3185"},"modified":"2025-03-27T19:31:51","modified_gmt":"2025-03-27T11:31:51","slug":"customized-perfume-packaging-gift-boxes","status":"publish","type":"product","link":"https:\/\/zojopackaging.com\/fr\/product\/customized-perfume-packaging-gift-boxes\/","title":{"rendered":"Bo\u00eete de Parfum de Luxe Personnalis\u00e9e Emballage Manufactuere"},"content":{"rendered":"<h1>Bo\u00eete de Parfum de Luxe Personnalis\u00e9e Emballage Manufactuere<\/h1>\n<p>Les coffrets cadeaux personnalis\u00e9s pour parfums sont l'incarnation du luxe et de la sophistication, con\u00e7us pour rehausser l'exp\u00e9rience de vos produits de parfumerie haut de gamme. Ces bo\u00eetes m\u00e9ticuleusement fabriqu\u00e9es sont con\u00e7ues pour mettre en valeur vos parfums de la mani\u00e8re la plus \u00e9l\u00e9gante et la plus captivante possible.<\/p>\n<p>L'accent \u00e9tant mis sur la personnalisation, ces bo\u00eetes cadeaux peuvent \u00eatre personnalis\u00e9es pour refl\u00e9ter l'identit\u00e9 de votre marque gr\u00e2ce \u00e0 des couleurs, des logos et des \u00e9l\u00e9ments de conception personnalis\u00e9s. L'attention port\u00e9e aux d\u00e9tails de l'emballage fait de chaque bo\u00eete une \u0153uvre d'art qui met en valeur la pr\u00e9sentation g\u00e9n\u00e9rale de vos parfums.<\/p>\n<p>Qu'ils soient utilis\u00e9s pour des occasions sp\u00e9ciales, des cadeaux d'entreprise ou pour la vente au d\u00e9tail, ces coffrets cadeaux personnalis\u00e9s ajoutent une touche d'exclusivit\u00e9 et de charme \u00e0 chaque exp\u00e9rience de d\u00e9ballage. Les mat\u00e9riaux de qualit\u00e9 sup\u00e9rieure et la fabrication exquise des bo\u00eetes prot\u00e8gent non seulement les flacons de parfum, mais cr\u00e9ent \u00e9galement une impression durable sur le destinataire.<\/p>\n<p>Mettez en valeur vos produits de parfumerie en choisissant ces bo\u00eetes-cadeaux personnalis\u00e9es qui non seulement refl\u00e8tent la qualit\u00e9 de votre marque, mais ajoutent \u00e9galement un sentiment de luxe et de prestige \u00e0 chaque moment d'\u00e9change de cadeaux.<\/p>\n<h1><strong>Sp\u00e9cifications<\/strong><\/h1>\n<div class=\"widget block block-static-block\">\n<div class=\"landing-page-section option-bottom\">\n<div class=\"custom-materials-tabs-content container container-adjustment\">\n<div class=\"custom-materials-tab-content active\">\n<div class=\"widget block block-static-block\">\n<div class=\"options-items\">\n<div class=\"flex-grid-row-option\">\n<div class=\"flex-grid-item-option\">\n<div class=\"material-box\">\n<div class=\"material-des\">\n<table width=\"1070\">\n<tbody>\n<tr>\n<td width=\"373\">Dimensions<\/td>\n<td width=\"373\">Toutes les tailles et formes personnalis\u00e9es<\/td>\n<\/tr>\n<tr>\n<td width=\"373\">MOQ<\/td>\n<td width=\"373\">500pcs<\/td>\n<\/tr>\n<tr>\n<td width=\"373\">Temps d'\u00e9chantillonnage<\/td>\n<td width=\"373\">3-5 jours<\/td>\n<\/tr>\n<tr>\n<td width=\"373\">Processus par d\u00e9faut<\/td>\n<td width=\"373\">D\u00e9coupage, collage, rainurage, perforation<\/td>\n<\/tr>\n<tr>\n<td width=\"373\">Impression<\/td>\n<td width=\"373\">Cmyk, pms, pas d'impression<\/td>\n<\/tr>\n<tr>\n<td width=\"373\">Option mat\u00e9riau<\/td>\n<td width=\"373\">Papier cartonn\u00e9 blanc, papier couch\u00e9, papier d'art, papier kraft, carton ivoire, carton recto-verso, papier sp\u00e9cial, etc.<\/td>\n<\/tr>\n<tr>\n<td width=\"373\">Finition de surface<\/td>\n<td width=\"373\">Pelliculage mat\/brillant, gaufrage par points, gaufrage, dorure, etc.<\/td>\n<\/tr>\n<tr>\n<td width=\"373\">Utilisation dans l'industrie<\/td>\n<td width=\"373\">cosm\u00e9tiques, parfums, v\u00eatements, bijoux, tabac, produits alimentaires, cadeaux et produits de consommation courante,<\/td>\n<\/tr>\n<tr>\n<td width=\"373\">Contr\u00f4le de la qualit\u00e9<\/td>\n<td width=\"373\">Des \u00e9quipements de pointe et une \u00e9quipe de contr\u00f4le qualit\u00e9 exp\u00e9riment\u00e9e v\u00e9rifient rigoureusement les mat\u00e9riaux, les produits semi-finis et les produits finis \u00e0 chaque \u00e9tape avant la mise sur le march\u00e9.<\/td>\n<\/tr>\n<tr>\n<td width=\"373\">Prix<\/td>\n<td width=\"373\">Le prix final sera adapt\u00e9 \u00e0 votre produit et \u00e0 la quantit\u00e9 souhait\u00e9e.<\/td>\n<\/tr>\n<tr>\n<td width=\"373\">D\u00e9lai d'ex\u00e9cution<\/td>\n<td width=\"373\">7-14 jours ouvrables, urgent<\/td>\n<\/tr>\n<tr>\n<td width=\"373\">Papier de base<\/td>\n<td width=\"373\">10pt \u00e0 28pt (60lb \u00e0 400lb) Kraft \u00e9cologique, carton ondul\u00e9 e-flute, carton bux, papier cartonn\u00e9<\/td>\n<\/tr>\n<tr>\n<td width=\"373\">Format de l'\u0153uvre d'art<\/td>\n<td width=\"373\">JPG, PDF, AI, CDR, EPS, GIF....<\/td>\n<\/tr>\n<tr>\n<td width=\"373\">Accessoires<\/td>\n<td width=\"373\">Aimant, ruban, forme EVA, plateau en plastique, \u00e9ponge, fen\u00eatre en PVC\/PET\/PP,...<\/td>\n<\/tr>\n<tr>\n<td width=\"373\">D\u00e9lai de paiement<\/td>\n<td width=\"373\">T\/T, Western Union, Paypal, d\u00e9p\u00f4t de 30% et solde de 70% avant l'exp\u00e9dition.<\/td>\n<\/tr>\n<\/tbody>\n<\/table>\n<\/div>\n<\/div>\n<\/div>\n<\/div>\n<\/div>\n<\/div>\n<\/div>\n<\/div>\n<\/div>\n<\/div>\n<div class=\"widget block block-static-block\">\n<div class=\"landing-page-section option-bottom\">\n<div class=\"custom-materials-tabs-content container container-adjustment\">\n<div class=\"custom-materials-tab-content active\">\n<div class=\"widget block block-static-block\">\n<div class=\"options-items\">\n<div class=\"flex-grid-row-option\">\n<div class=\"flex-grid-item-option\">\n<div class=\"material-box\">\n<p>&nbsp;<\/p>\n<\/div>\n<\/div>\n<\/div>\n<\/div>\n<p><!---end of option item--><\/p>\n<\/div>\n<\/div>\n<\/div>\n<\/div>\n<\/div>","protected":false},"excerpt":{"rendered":"<p>1. Gr\u00e2ce \u00e0 la double porte et \u00e0 la technologie de fermeture magn\u00e9tique, il pr\u00e9sente des avantages significatifs en termes de fonctionnalit\u00e9 de l'emballage et d'exp\u00e9rience de l'utilisateur.<br \/>\n2. Le proc\u00e9d\u00e9 de dorure \u00e0 chaud conf\u00e8re \u00e0 l'emballage une impression de luxe et une pr\u00e9sentation visuelle de haute qualit\u00e9.<br \/>\n3. Nous sommes capables de d\u00e9velopper des formes de bo\u00eetes sp\u00e9ciales. Si vous avez des id\u00e9es sur les formes de bo\u00eetes, nous pouvons les concr\u00e9tiser.<\/p>","protected":false},"featured_media":3190,"template":"","meta":[],"product_brand":[],"product_cat":[30,417,428,31],"product_tag":[699,698,700],"class_list":{"0":"post-3185","1":"product","2":"type-product","3":"status-publish","4":"has-post-thumbnail","6":"product_cat-by-industry","7":"product_cat-custom-perfume-boxes-by-industry","8":"product_cat-irregular-shaped-gift-boxes","9":"product_cat-paper-box-style","10":"product_tag-customize-perfume-box","11":"product_tag-perfume-box-gift","12":"product_tag-perfume-packaging-manufactuere","14":"first","15":"instock","16":"shipping-taxable","17":"product-type-grouped"},"_links":{"self":[{"href":"https:\/\/zojopackaging.com\/fr\/wp-json\/wp\/v2\/product\/3185","targetHints":{"allow":["GET"]}}],"collection":[{"href":"https:\/\/zojopackaging.com\/fr\/wp-json\/wp\/v2\/product"}],"about":[{"href":"https:\/\/zojopackaging.com\/fr\/wp-json\/wp\/v2\/types\/product"}],"version-history":[{"count":2,"href":"https:\/\/zojopackaging.com\/fr\/wp-json\/wp\/v2\/product\/3185\/revisions"}],"predecessor-version":[{"id":8416,"href":"https:\/\/zojopackaging.com\/fr\/wp-json\/wp\/v2\/product\/3185\/revisions\/8416"}],"wp:featuredmedia":[{"embeddable":true,"href":"https:\/\/zojopackaging.com\/fr\/wp-json\/wp\/v2\/media\/3190"}],"wp:attachment":[{"href":"https:\/\/zojopackaging.com\/fr\/wp-json\/wp\/v2\/media?parent=3185"}],"wp:term":[{"taxonomy":"product_brand","embeddable":true,"href":"https:\/\/zojopackaging.com\/fr\/wp-json\/wp\/v2\/product_brand?post=3185"},{"taxonomy":"product_cat","embeddable":true,"href":"https:\/\/zojopackaging.com\/fr\/wp-json\/wp\/v2\/product_cat?post=3185"},{"taxonomy":"product_tag","embeddable":true,"href":"https:\/\/zojopackaging.com\/fr\/wp-json\/wp\/v2\/product_tag?post=3185"}],"curies":[{"name":"wp","href":"https:\/\/api.w.org\/{rel}","templated":true}]}}