{"id":3192,"date":"2024-03-14T15:07:45","date_gmt":"2024-03-14T07:07:45","guid":{"rendered":"https:\/\/zojopackaging.com\/?post_type=product&#038;p=3192"},"modified":"2025-03-28T11:48:45","modified_gmt":"2025-03-28T03:48:45","slug":"custom-rigid-cardboard-perfume-boxes","status":"publish","type":"product","link":"https:\/\/zojopackaging.com\/fr\/product\/custom-rigid-cardboard-perfume-boxes\/","title":{"rendered":"Bo\u00eetes \u00e0 parfum de luxe \u00e0 double ouverture OEM sur mesure"},"content":{"rendered":"<h1>Bo\u00eetes \u00e0 parfum de luxe \u00e0 double ouverture OEM sur mesure<\/h1>\n<div class=\"rich-text-wrap\">\n<div class=\"container\">\n<p>Avec plus de 13 ans d'exp\u00e9rience en <strong>fabrication de bo\u00eetes en carton<\/strong>Nous sommes l'un des principaux fabricants et fournisseurs de <a href=\"https:\/\/zojopackaging.com\/fr\/categorie-produit\/custom-perfume-boxes\/\"><strong>bo\u00eetes de parfum en carton<\/strong><\/a>,\u00a0<strong><a href=\"https:\/\/zojopackaging.com\/fr\/categorie-produit\/custom-perfume-boxes\/\">bo\u00eetes rigides<\/a>,\u00a0<a href=\"https:\/\/zojopackaging.com\/fr\/categorie-produit\/custom-gift-box\/\">coffrets cadeaux<\/a><\/strong>et\u00a0<a href=\"https:\/\/zojopackaging.com\/fr\/categorie-produit\/custom-cosmetic-boxes\/\"><strong>bo\u00eetes \u00e0 cosm\u00e9tiques<\/strong><\/a>.<\/p>\n<p>Nous nous occupons de la conception,\u00a0<a href=\"https:\/\/zojopackaging.com\/fr\/custom-packaging-boxes\/\">l'impression<\/a>et la production de\u00a0<strong>bo\u00eetes en carton en gros<\/strong>\u00a0avec une commande minimale de 3 000 pi\u00e8ces. Nos artisans qualifi\u00e9s ont toujours travaill\u00e9 en \u00e9troite collaboration avec les clients, ce qui nous permet de ne produire que des produits de haute qualit\u00e9 et sur mesure.\u00a0<strong>bo\u00eetes de parfum de luxe<\/strong>.<\/p>\n<\/div>\n<\/div>\n<div class=\"double-text\">\n<div class=\"container\">\n<div class=\"text\">\n<div class=\"left\">\n<h2>Pourquoi personnaliser le design des bo\u00eetes en carton pour votre marque ?<\/h2>\n<p>Pourquoi est-il essentiel de\u00a0<a href=\"https:\/\/zojopackaging.com\/fr\/custom-packaging-boxes\/\">avoir une bo\u00eete en carton rigide personnalis\u00e9e<\/a>\u00a0pour votre marque ? Voici pourquoi :<\/p>\n<ul>\n<li>\n<h4>Il prot\u00e8ge v\u00e9ritablement votre produit.<\/h4>\n<\/li>\n<\/ul>\n<p>Comme il n'existe pas de bo\u00eete universelle, il est essentiel de conna\u00eetre la valeur de l'obtention d'un certificat de s\u00e9curit\u00e9.\u00a0<strong>conception de bo\u00eetes personnalis\u00e9es<\/strong>. La taille id\u00e9ale de la bo\u00eete pour votre produit sera votre premi\u00e8re ligne de d\u00e9fense pour prot\u00e9ger vos produits, tels que les parfums et les cosm\u00e9tiques.<\/p>\n<ul>\n<li aria-level=\"1\">\n<h4>Il attirera de nouveaux clients.<\/h4>\n<\/li>\n<\/ul>\n<p>A\u00a0<strong>bo\u00eete en carton sur mesure<\/strong>\u00a0peut attirer de nouveaux clients car ils trouveront le design et la structure uniques, comme s'ils avaient \u00e9t\u00e9 fabriqu\u00e9s uniquement pour votre marque.<\/p>\n<ul>\n<li aria-level=\"1\">\n<h4>Elle peut renforcer votre image de marque.<\/h4>\n<\/li>\n<\/ul>\n<p>Les clients trouvent des\u00a0<strong>imprimer des bo\u00eetes en carton<\/strong>\u00a0Ils peuvent en outre faire de votre marque une marque d'utilit\u00e9. N'oubliez pas que les consommateurs font confiance et se fient \u00e0 ce type de visuels qui tendent \u00e0 laisser une impression durable de la marque.<\/p>\n<\/div>\n<div class=\"right\">\n<h2>Bo\u00eetes en carton rigide sur mesure Couleurs, styles et autres<\/h2>\n<p>Notre\u00a0<strong>bo\u00eetes en carton personnalis\u00e9es<\/strong>\u00a0sont disponibles en commandes OEM et ODM, qui sont faciles et rapides \u00e0 commercialiser. Chez Hongyi, nous veillons \u00e0 ce que nos clients disposent d'un vaste choix de produits :<\/p>\n<ul>\n<li aria-level=\"1\">mat\u00e9riaux pour bo\u00eetes en carton<\/li>\n<li aria-level=\"1\">styles de bo\u00eetes en carton<\/li>\n<li aria-level=\"1\">forme de bo\u00eete en carton<\/li>\n<li aria-level=\"1\">couleurs des bo\u00eetes en carton<\/li>\n<li aria-level=\"1\">dimensions des bo\u00eetes en carton<\/li>\n<li aria-level=\"1\">d\u00e9coration de bo\u00eetes en carton et pi\u00e8ces d\u00e9tach\u00e9es<\/li>\n<li aria-level=\"1\">impression et logo sur les bo\u00eetes en carton<\/li>\n<li aria-level=\"1\">Doublure en EVA, EPE ou \u00e9ponge<\/li>\n<\/ul>\n<\/div>\n<\/div>\n<\/div>\n<\/div>\n<h1><strong>Sp\u00e9cifications<\/strong><\/h1>\n<div class=\"widget block block-static-block\">\n<div class=\"landing-page-section option-bottom\">\n<div class=\"custom-materials-tabs-content container container-adjustment\">\n<div class=\"custom-materials-tab-content active\">\n<div class=\"widget block block-static-block\">\n<div class=\"options-items\">\n<div class=\"flex-grid-row-option\">\n<div class=\"flex-grid-item-option\">\n<div class=\"material-box\">\n<div class=\"material-des\">\n<table width=\"1070\">\n<tbody>\n<tr>\n<td width=\"373\">Dimensions<\/td>\n<td width=\"373\">Toutes les tailles et formes personnalis\u00e9es<\/td>\n<\/tr>\n<tr>\n<td width=\"373\">MOQ<\/td>\n<td width=\"373\">500pcs<\/td>\n<\/tr>\n<tr>\n<td width=\"373\">Temps d'\u00e9chantillonnage<\/td>\n<td width=\"373\">3-5 jours<\/td>\n<\/tr>\n<tr>\n<td width=\"373\">Processus par d\u00e9faut<\/td>\n<td width=\"373\">D\u00e9coupage, collage, rainurage, perforation<\/td>\n<\/tr>\n<tr>\n<td width=\"373\">Impression<\/td>\n<td width=\"373\">Cmyk, pms, pas d'impression<\/td>\n<\/tr>\n<tr>\n<td width=\"373\">Option mat\u00e9riau<\/td>\n<td width=\"373\">Papier cartonn\u00e9 blanc, papier couch\u00e9, papier d'art, papier kraft, carton ivoire, carton recto-verso, papier sp\u00e9cial, etc.<\/td>\n<\/tr>\n<tr>\n<td width=\"373\">Finition de surface<\/td>\n<td width=\"373\">Pelliculage mat\/brillant, gaufrage par points, gaufrage, dorure, etc.<\/td>\n<\/tr>\n<tr>\n<td width=\"373\">Utilisation dans l'industrie<\/td>\n<td width=\"373\">cosm\u00e9tiques, parfums, v\u00eatements, bijoux, tabac, produits alimentaires, cadeaux et produits de consommation courante,<\/td>\n<\/tr>\n<tr>\n<td width=\"373\">Contr\u00f4le de la qualit\u00e9<\/td>\n<td width=\"373\">Des \u00e9quipements de pointe et une \u00e9quipe de contr\u00f4le qualit\u00e9 exp\u00e9riment\u00e9e v\u00e9rifient rigoureusement les mat\u00e9riaux, les produits semi-finis et les produits finis \u00e0 chaque \u00e9tape avant la mise sur le march\u00e9.<\/td>\n<\/tr>\n<tr>\n<td width=\"373\">Prix<\/td>\n<td width=\"373\">Le prix final sera adapt\u00e9 \u00e0 votre produit et \u00e0 la quantit\u00e9 souhait\u00e9e.<\/td>\n<\/tr>\n<tr>\n<td width=\"373\">D\u00e9lai d'ex\u00e9cution<\/td>\n<td width=\"373\">7-14 jours ouvrables, urgent<\/td>\n<\/tr>\n<tr>\n<td width=\"373\">Papier de base<\/td>\n<td width=\"373\">10pt \u00e0 28pt (60lb \u00e0 400lb) Kraft \u00e9cologique, carton ondul\u00e9 e-flute, carton bux, papier cartonn\u00e9<\/td>\n<\/tr>\n<tr>\n<td width=\"373\">Format de l'\u0153uvre d'art<\/td>\n<td width=\"373\">JPG, PDF, AI, CDR, EPS, GIF....<\/td>\n<\/tr>\n<tr>\n<td width=\"373\">Accessoires<\/td>\n<td width=\"373\">Aimant, ruban, forme EVA, plateau en plastique, \u00e9ponge, fen\u00eatre en PVC\/PET\/PP,...<\/td>\n<\/tr>\n<tr>\n<td width=\"373\">D\u00e9lai de paiement<\/td>\n<td width=\"373\">T\/T, Western Union, Paypal, d\u00e9p\u00f4t de 30% et solde de 70% avant l'exp\u00e9dition.<\/td>\n<\/tr>\n<\/tbody>\n<\/table>\n<\/div>\n<\/div>\n<\/div>\n<\/div>\n<\/div>\n<\/div>\n<\/div>\n<\/div>\n<\/div>\n<\/div>\n<div class=\"widget block block-static-block\">\n<div class=\"landing-page-section option-bottom\">\n<div class=\"custom-materials-tabs-content container container-adjustment\">\n<div class=\"custom-materials-tab-content active\">\n<div class=\"widget block block-static-block\">\n<div class=\"options-items\">\n<div class=\"flex-grid-row-option\">\n<div class=\"flex-grid-item-option\">\n<div class=\"material-box\">\n<p>&nbsp;<\/p>\n<\/div>\n<\/div>\n<\/div>\n<\/div>\n<p><!---end of option item--><\/p>\n<\/div>\n<\/div>\n<\/div>\n<\/div>\n<\/div>","protected":false},"excerpt":{"rendered":"<p>1. Bo\u00eete d'emballage de parfum \u00e0 double ouverture, m\u00e9thode d'ouverture unique, am\u00e9liorant l'exp\u00e9rience de d\u00e9ballage de l'utilisateur.<br \/>\n2. Diff\u00e9rentes tailles peuvent \u00eatre personnalis\u00e9es en fonction de votre produit, convenant \u00e0 toutes sortes d'emballages de parfums.<\/p>","protected":false},"featured_media":3196,"template":"","meta":[],"product_brand":[],"product_cat":[30,417,428,31],"product_tag":[764,763,445],"class_list":{"0":"post-3192","1":"product","2":"type-product","3":"status-publish","4":"has-post-thumbnail","6":"product_cat-by-industry","7":"product_cat-custom-perfume-boxes-by-industry","8":"product_cat-irregular-shaped-gift-boxes","9":"product_cat-paper-box-style","10":"product_tag-custom-perfume-gift-boxes","11":"product_tag-double-door-perfume-boxes","12":"product_tag-luxury-perfume-gift-boxes","14":"first","15":"instock","16":"shipping-taxable","17":"product-type-grouped"},"_links":{"self":[{"href":"https:\/\/zojopackaging.com\/fr\/wp-json\/wp\/v2\/product\/3192","targetHints":{"allow":["GET"]}}],"collection":[{"href":"https:\/\/zojopackaging.com\/fr\/wp-json\/wp\/v2\/product"}],"about":[{"href":"https:\/\/zojopackaging.com\/fr\/wp-json\/wp\/v2\/types\/product"}],"version-history":[{"count":2,"href":"https:\/\/zojopackaging.com\/fr\/wp-json\/wp\/v2\/product\/3192\/revisions"}],"predecessor-version":[{"id":8446,"href":"https:\/\/zojopackaging.com\/fr\/wp-json\/wp\/v2\/product\/3192\/revisions\/8446"}],"wp:featuredmedia":[{"embeddable":true,"href":"https:\/\/zojopackaging.com\/fr\/wp-json\/wp\/v2\/media\/3196"}],"wp:attachment":[{"href":"https:\/\/zojopackaging.com\/fr\/wp-json\/wp\/v2\/media?parent=3192"}],"wp:term":[{"taxonomy":"product_brand","embeddable":true,"href":"https:\/\/zojopackaging.com\/fr\/wp-json\/wp\/v2\/product_brand?post=3192"},{"taxonomy":"product_cat","embeddable":true,"href":"https:\/\/zojopackaging.com\/fr\/wp-json\/wp\/v2\/product_cat?post=3192"},{"taxonomy":"product_tag","embeddable":true,"href":"https:\/\/zojopackaging.com\/fr\/wp-json\/wp\/v2\/product_tag?post=3192"}],"curies":[{"name":"wp","href":"https:\/\/api.w.org\/{rel}","templated":true}]}}