{"id":3243,"date":"2024-03-14T17:07:03","date_gmt":"2024-03-14T09:07:03","guid":{"rendered":"https:\/\/zojopackaging.com\/?post_type=product&#038;p=3243"},"modified":"2025-03-27T19:03:21","modified_gmt":"2025-03-27T11:03:21","slug":"custom-black-perfume-packaging-box","status":"publish","type":"product","link":"https:\/\/zojopackaging.com\/fr\/product\/custom-black-perfume-packaging-box\/","title":{"rendered":"Bo\u00eetes de luxe personnalis\u00e9es Emballage de parfum en gros"},"content":{"rendered":"<h1>Bo\u00eetes de luxe personnalis\u00e9es Emballage de parfum en gros<\/h1>\n<p>La bo\u00eete de luxe personnalis\u00e9e pour parfum est une solution d'emballage \u00e9l\u00e9gante et sophistiqu\u00e9e con\u00e7ue pour am\u00e9liorer la pr\u00e9sentation de votre parfum de luxe. Fabriqu\u00e9e en carton noir de haute qualit\u00e9, cette bo\u00eete respire l'\u00e9l\u00e9gance et le style. La couleur noire ajoute une touche de myst\u00e8re et d'allure, ce qui la rend parfaite pour les marques de parfums haut de gamme qui souhaitent se d\u00e9marquer.<\/p>\n<p>L'ext\u00e9rieur de la bo\u00eete peut \u00eatre personnalis\u00e9 avec diverses options de finition telles que le pelliculage mat ou brillant, le gaufrage, le d\u00e9bossage ou l'estampage pour ajouter une touche haut de gamme. Le design minimaliste de la bo\u00eete permet de mettre l'accent sur le flacon de parfum \u00e0 l'int\u00e9rieur, cr\u00e9ant ainsi un sentiment d'anticipation et de luxe.<\/p>\n<p>L'int\u00e9rieur de la bo\u00eete peut \u00eatre tapiss\u00e9 de velours ou de satin doux pour prot\u00e9ger le flacon de parfum et lui donner un aspect luxueux. Un insert en mousse peut \u00e9galement \u00eatre ajout\u00e9 pour maintenir solidement le flacon de parfum en place pendant le transport.<\/p>\n<p>Que vous souhaitiez offrir un parfum \u00e0 quelqu'un de sp\u00e9cial ou pr\u00e9senter vos produits dans un magasin, la bo\u00eete d'emballage de parfum noire est un choix sophistiqu\u00e9 et \u00e9l\u00e9gant qui laissera une impression durable.<\/p>\n<h1><strong>Sp\u00e9cifications<\/strong><\/h1>\n<table style=\"border-collapse: collapse; width: 759.02pt;\" border=\"0\" width=\"1012\" cellspacing=\"0\" cellpadding=\"0\">\n<tbody>\n<tr style=\"height: 16.50pt;\">\n<td class=\"et3\" style=\"height: 16.50pt; width: 379.50pt;\" width=\"506\" height=\"22\">Dimensions<\/td>\n<td class=\"et3\" style=\"width: 379.50pt;\" width=\"506\">Toutes les tailles et formes personnalis\u00e9es<\/td>\n<\/tr>\n<tr style=\"height: 16.50pt;\">\n<td class=\"et3\" style=\"height: 16.50pt;\" height=\"22\">Quantit\u00e9 minimale<\/td>\n<td class=\"et3\">500 bo\u00eetes (possibilit\u00e9 d'\u00e9chantillons \u00e0 l'\u00e9preuve des chocs)<\/td>\n<\/tr>\n<tr style=\"height: 16.50pt;\">\n<td class=\"et3\" style=\"height: 16.50pt;\" height=\"22\">Processus par d\u00e9faut<\/td>\n<td class=\"et3\">D\u00e9coupage, collage, rainurage, perforation<\/td>\n<\/tr>\n<tr style=\"height: 16.50pt;\">\n<td class=\"et3\" style=\"height: 16.50pt;\" height=\"22\">Impression<\/td>\n<td class=\"et3\">Cmyk, pms, pas d'impression<\/td>\n<\/tr>\n<tr style=\"height: 16.50pt;\">\n<td class=\"et3\" style=\"height: 16.50pt;\" height=\"22\">Option mat\u00e9riau<\/td>\n<td class=\"et3\">Papier cartonn\u00e9 blanc, papier couch\u00e9, papier d'art, papier kraft, carton ivoire, carton recto-verso, papier sp\u00e9cial, etc.<\/td>\n<\/tr>\n<tr style=\"height: 17.25pt;\">\n<td class=\"et3\" style=\"height: 17.25pt;\" height=\"23\">Finition de surface<\/td>\n<td class=\"et4\" style=\"width: 379.50pt;\" width=\"506\">Pelliculage mat\/brillant, gaufrage par points, gaufrage, dorure, etc.<\/td>\n<\/tr>\n<tr style=\"height: 17.25pt;\">\n<td class=\"et4\" style=\"height: 17.25pt; width: 379.50pt;\" width=\"506\" height=\"23\">Utilisation dans l'industrie<\/td>\n<td class=\"et4\" style=\"width: 379.50pt;\" width=\"506\">cosm\u00e9tiques, parfums, v\u00eatements, bijoux, tabac, produits alimentaires, cadeaux et produits de consommation courante,<\/td>\n<\/tr>\n<tr style=\"height: 34.50pt;\">\n<td class=\"et4\" style=\"height: 34.50pt; width: 379.50pt;\" width=\"506\" height=\"46\">Contr\u00f4le de la qualit\u00e9<\/td>\n<td class=\"et4\" style=\"width: 379.50pt;\" width=\"506\">Des \u00e9quipements de pointe et une \u00e9quipe de contr\u00f4le qualit\u00e9 exp\u00e9riment\u00e9e v\u00e9rifient rigoureusement les mat\u00e9riaux, les produits semi-finis et les produits finis \u00e0 chaque \u00e9tape avant la mise sur le march\u00e9.<\/td>\n<\/tr>\n<tr style=\"height: 34.50pt;\">\n<td class=\"et4\" style=\"height: 34.50pt; width: 379.50pt;\" width=\"506\" height=\"46\">Prix<\/td>\n<td class=\"et4\" style=\"width: 379.50pt;\" width=\"506\">Le prix final sera adapt\u00e9 \u00e0 votre produit et \u00e0 la quantit\u00e9 souhait\u00e9e.<\/td>\n<\/tr>\n<tr style=\"height: 16.50pt;\">\n<td class=\"et3\" style=\"height: 16.50pt;\" height=\"22\">D\u00e9lai d'ex\u00e9cution<\/td>\n<td class=\"et3\">10-12 jours ouvrables, urgent<\/td>\n<\/tr>\n<tr style=\"height: 16.50pt;\">\n<td class=\"et3\" style=\"height: 16.50pt;\" height=\"22\">Papier de base<\/td>\n<td class=\"et3\">10pt \u00e0 28pt (60lb \u00e0 400lb) Kraft \u00e9cologique, carton ondul\u00e9 e-flute, carton bux, papier cartonn\u00e9<\/td>\n<\/tr>\n<tr style=\"height: 16.50pt;\">\n<td class=\"et3\" style=\"height: 16.50pt;\" height=\"22\">Preuve<\/td>\n<td class=\"et3\">Vue \u00e0 plat, maquette 3D, \u00e9chantillonnage physique (sur demande)<\/td>\n<\/tr>\n<\/tbody>\n<\/table>\n<div class=\"widget block block-static-block\">\n<div class=\"landing-page-section option-bottom\">\n<div class=\"custom-materials-tabs-content container container-adjustment\">\n<div class=\"custom-materials-tab-content active\">\n<div class=\"widget block block-static-block\">\n<div class=\"options-items\">\n<div class=\"flex-grid-row-option\">\n<div class=\"flex-grid-item-option\">\n<div class=\"material-box\">\n<div class=\"material-des\">\n<p>&nbsp;<\/p>\n<\/div>\n<p>&nbsp;<\/p>\n<\/div>\n<\/div>\n<\/div>\n<\/div>\n<p><!---end of option item--><\/p>\n<\/div>\n<\/div>\n<\/div>\n<\/div>\n<\/div>","protected":false},"excerpt":{"rendered":"<p>1. Le papier sp\u00e9cial se caract\u00e9rise par une conception fonctionnelle pr\u00e9cise, des propri\u00e9t\u00e9s de recyclage \u00e0 faible teneur en carbone et une forte valeur ajout\u00e9e.<br \/>\n2. Le couvercle et la bo\u00eete de base sont assembl\u00e9s de mani\u00e8re transparente, ce qui permet une impression pleine page, une impression claire sans diff\u00e9rence de couleur.<br \/>\n3. Type de bo\u00eete, taille, mat\u00e9riau, impression de surface personnalisables pour soutenir et renforcer l'effet de votre marque.<\/p>","protected":false},"featured_media":3245,"template":"","meta":[],"product_brand":[],"product_cat":[30,417,425,31],"product_tag":[498,694,695],"class_list":{"0":"post-3243","1":"product","2":"type-product","3":"status-publish","4":"has-post-thumbnail","6":"product_cat-by-industry","7":"product_cat-custom-perfume-boxes-by-industry","8":"product_cat-lid-and-base-gift-box","9":"product_cat-paper-box-style","10":"product_tag-custom-perfume-packaging","11":"product_tag-perfume-gift-packaging","12":"product_tag-perfume-packaging-wholesale","14":"first","15":"instock","16":"shipping-taxable","17":"product-type-grouped"},"_links":{"self":[{"href":"https:\/\/zojopackaging.com\/fr\/wp-json\/wp\/v2\/product\/3243","targetHints":{"allow":["GET"]}}],"collection":[{"href":"https:\/\/zojopackaging.com\/fr\/wp-json\/wp\/v2\/product"}],"about":[{"href":"https:\/\/zojopackaging.com\/fr\/wp-json\/wp\/v2\/types\/product"}],"version-history":[{"count":2,"href":"https:\/\/zojopackaging.com\/fr\/wp-json\/wp\/v2\/product\/3243\/revisions"}],"predecessor-version":[{"id":8414,"href":"https:\/\/zojopackaging.com\/fr\/wp-json\/wp\/v2\/product\/3243\/revisions\/8414"}],"wp:featuredmedia":[{"embeddable":true,"href":"https:\/\/zojopackaging.com\/fr\/wp-json\/wp\/v2\/media\/3245"}],"wp:attachment":[{"href":"https:\/\/zojopackaging.com\/fr\/wp-json\/wp\/v2\/media?parent=3243"}],"wp:term":[{"taxonomy":"product_brand","embeddable":true,"href":"https:\/\/zojopackaging.com\/fr\/wp-json\/wp\/v2\/product_brand?post=3243"},{"taxonomy":"product_cat","embeddable":true,"href":"https:\/\/zojopackaging.com\/fr\/wp-json\/wp\/v2\/product_cat?post=3243"},{"taxonomy":"product_tag","embeddable":true,"href":"https:\/\/zojopackaging.com\/fr\/wp-json\/wp\/v2\/product_tag?post=3243"}],"curies":[{"name":"wp","href":"https:\/\/api.w.org\/{rel}","templated":true}]}}