{"id":3251,"date":"2024-03-14T17:12:31","date_gmt":"2024-03-14T09:12:31","guid":{"rendered":"https:\/\/zojopackaging.com\/?post_type=product&#038;p=3251"},"modified":"2025-03-27T18:04:19","modified_gmt":"2025-03-27T10:04:19","slug":"design-luxury-perfume-packaging-box","status":"publish","type":"product","link":"https:\/\/zojopackaging.com\/fr\/product\/design-luxury-perfume-packaging-box\/","title":{"rendered":"Bo\u00eetes cadeaux pour parfums de luxe Emballage en gros"},"content":{"rendered":"<h1>Bo\u00eetes cadeaux pour parfums de luxe Emballage en gros<\/h1>\n<p>La bo\u00eete d'emballage de parfum de luxe Design est un chef-d'\u0153uvre d'\u00e9l\u00e9gance et de sophistication, m\u00e9ticuleusement con\u00e7u pour rehausser la pr\u00e9sentation de votre parfum haut de gamme. Cette solution d'emballage est con\u00e7ue pour incarner le luxe dans les moindres d\u00e9tails, depuis le choix des mat\u00e9riaux jusqu'aux finitions.<\/p>\n<p>Fabriqu\u00e9e \u00e0 partir de mat\u00e9riaux de haute qualit\u00e9, tels que le carton doubl\u00e9 de velours ou le carton haut de gamme, cette bo\u00eete respire l'opulence et la classe. L'ext\u00e9rieur de la bo\u00eete peut \u00eatre personnalis\u00e9 avec des motifs complexes, un gaufrage, un d\u00e9bossage, un marquage \u00e0 chaud ou des UV ponctuels pour cr\u00e9er un aspect visuellement \u00e9tonnant et luxueux qui refl\u00e8te l'essence de votre marque de parfum.<\/p>\n<p>L'int\u00e9rieur du coffret est con\u00e7u avec le plus grand soin pour accueillir le flacon de parfum de mani\u00e8re s\u00fbre et \u00e9l\u00e9gante. Une doublure douce en velours ou en satin ajoute une touche de luxe tout en prot\u00e9geant le flacon de parfum des rayures. Un insert en mousse personnalis\u00e9 peut \u00eatre ajout\u00e9 pour garantir que le flacon reste en place pendant le transport.<\/p>\n<p>Que vous souhaitiez offrir un parfum de luxe \u00e0 un destinataire exigeant ou pr\u00e9senter vos produits dans un magasin haut de gamme, la bo\u00eete d'emballage de parfum de luxe design est l'incarnation m\u00eame de la sophistication et du style. Rehaussez votre marque de parfum avec cette solution d'emballage exquise qui captivera et impressionnera m\u00eame les clients les plus exigeants.<\/p>\n<h1><strong>Sp\u00e9cifications<\/strong><\/h1>\n<table style=\"border-collapse: collapse; width: 999px; height: 449px;\" border=\"0\" width=\"1012\" cellspacing=\"0\" cellpadding=\"0\">\n<tbody>\n<tr style=\"height: 16.50pt;\">\n<td class=\"et3\" style=\"height: 16.50pt; width: 379.50pt;\" width=\"506\" height=\"22\">Dimensions<\/td>\n<td class=\"et3\" style=\"width: 379.50pt;\" width=\"506\">Toutes les tailles et formes personnalis\u00e9es<\/td>\n<\/tr>\n<tr style=\"height: 16.50pt;\">\n<td class=\"et3\" style=\"height: 16.50pt;\" height=\"22\">Quantit\u00e9 minimale<\/td>\n<td class=\"et3\">50 bo\u00eetes (possibilit\u00e9 d'\u00e9chantillons \u00e0 l'\u00e9preuve des chocs)<\/td>\n<\/tr>\n<tr style=\"height: 16.50pt;\">\n<td class=\"et3\" style=\"height: 16.50pt;\" height=\"22\">Processus par d\u00e9faut<\/td>\n<td class=\"et3\">D\u00e9coupage, collage, rainurage, perforation<\/td>\n<\/tr>\n<tr style=\"height: 16.50pt;\">\n<td class=\"et3\" style=\"height: 16.50pt;\" height=\"22\">Impression<\/td>\n<td class=\"et3\">Cmyk, pms, pas d'impression<\/td>\n<\/tr>\n<tr style=\"height: 16.50pt;\">\n<td class=\"et3\" style=\"height: 16.50pt;\" height=\"22\">Option mat\u00e9riau<\/td>\n<td class=\"et3\">Papier cartonn\u00e9 blanc, papier couch\u00e9, papier d'art, papier kraft, carton ivoire, carton recto-verso, papier sp\u00e9cial, etc.<\/td>\n<\/tr>\n<tr style=\"height: 17.25pt;\">\n<td class=\"et3\" style=\"height: 17.25pt;\" height=\"23\">Finition de surface<\/td>\n<td class=\"et4\" style=\"width: 379.50pt;\" width=\"506\">Pelliculage mat\/brillant, gaufrage par points, gaufrage, dorure, etc.<\/td>\n<\/tr>\n<tr style=\"height: 17.25pt;\">\n<td class=\"et4\" style=\"height: 17.25pt; width: 379.50pt;\" width=\"506\" height=\"23\">Utilisation dans l'industrie<\/td>\n<td class=\"et4\" style=\"width: 379.50pt;\" width=\"506\">cosm\u00e9tiques, parfums, v\u00eatements, bijoux, tabac, produits alimentaires, cadeaux et produits de consommation courante,<\/td>\n<\/tr>\n<tr style=\"height: 34.50pt;\">\n<td class=\"et4\" style=\"height: 34.50pt; width: 379.50pt;\" width=\"506\" height=\"46\">Contr\u00f4le de la qualit\u00e9<\/td>\n<td class=\"et4\" style=\"width: 379.50pt;\" width=\"506\">Des \u00e9quipements de pointe et une \u00e9quipe de contr\u00f4le qualit\u00e9 exp\u00e9riment\u00e9e v\u00e9rifient rigoureusement les mat\u00e9riaux, les produits semi-finis et les produits finis \u00e0 chaque \u00e9tape avant la mise sur le march\u00e9.<\/td>\n<\/tr>\n<tr style=\"height: 34.50pt;\">\n<td class=\"et4\" style=\"height: 34.50pt; width: 379.50pt;\" width=\"506\" height=\"46\">Prix<\/td>\n<td class=\"et4\" style=\"width: 379.50pt;\" width=\"506\">Le prix final sera adapt\u00e9 \u00e0 votre produit et \u00e0 la quantit\u00e9 souhait\u00e9e.<\/td>\n<\/tr>\n<tr style=\"height: 16.50pt;\">\n<td class=\"et3\" style=\"height: 16.50pt;\" height=\"22\">D\u00e9lai d'ex\u00e9cution<\/td>\n<td class=\"et3\">10-12 jours ouvrables, urgent<\/td>\n<\/tr>\n<tr style=\"height: 16.50pt;\">\n<td class=\"et3\" style=\"height: 16.50pt;\" height=\"22\">Papier de base<\/td>\n<td class=\"et3\">10pt \u00e0 28pt (60lb \u00e0 400lb) Kraft \u00e9cologique, carton ondul\u00e9 e-flute, carton bux, papier cartonn\u00e9<\/td>\n<\/tr>\n<tr style=\"height: 16.50pt;\">\n<td class=\"et3\" style=\"height: 16.50pt;\" height=\"22\">Preuve<\/td>\n<td class=\"et3\">Vue \u00e0 plat, maquette 3D, \u00e9chantillonnage physique (sur demande)<\/td>\n<\/tr>\n<\/tbody>\n<\/table>\n<div class=\"widget block block-static-block\">\n<div class=\"landing-page-section option-bottom\">\n<div class=\"custom-materials-tabs-content container container-adjustment\">\n<div class=\"custom-materials-tab-content active\">\n<div class=\"widget block block-static-block\">\n<div class=\"options-items\">\n<div class=\"flex-grid-row-option\">\n<div class=\"flex-grid-item-option\">\n<div class=\"material-box\">\n<div class=\"material-des\">\n<p>&nbsp;<\/p>\n<\/div>\n<p>&nbsp;<\/p>\n<\/div>\n<\/div>\n<\/div>\n<\/div>\n<p><!---end of option item--><\/p>\n<\/div>\n<\/div>\n<\/div>\n<\/div>\n<\/div>","protected":false},"excerpt":{"rendered":"<p>1. Le type de bo\u00eete avec couvercle et base adopte la structure d'un couvercle sup\u00e9rieur et d'un couvercle inf\u00e9rieur, une protection \u00e0 double couche du produit, ce qui peut emp\u00eacher efficacement les articles dans l'emballage d'\u00eatre endommag\u00e9s.<br \/>\n2. Le papier sp\u00e9cial met en valeur la simplicit\u00e9 de la bo\u00eete, sans pour autant manquer de luxe.<br \/>\n3. Personnalisation \u00e0 l'infini de la bo\u00eete d'emballage pour s'adapter \u00e0 votre bo\u00eete d'emballage de parfum<\/p>","protected":false},"featured_media":3253,"template":"","meta":[],"product_brand":[],"product_cat":[30,417,425,31],"product_tag":[339,693,692],"class_list":{"0":"post-3251","1":"product","2":"type-product","3":"status-publish","4":"has-post-thumbnail","6":"product_cat-by-industry","7":"product_cat-custom-perfume-boxes-by-industry","8":"product_cat-lid-and-base-gift-box","9":"product_cat-paper-box-style","10":"product_tag-perfume-gift-boxes","11":"product_tag-perfume-scent-packaging-wholesale","12":"product_tag-scent-packaging-boxes","14":"first","15":"instock","16":"shipping-taxable","17":"product-type-grouped"},"_links":{"self":[{"href":"https:\/\/zojopackaging.com\/fr\/wp-json\/wp\/v2\/product\/3251","targetHints":{"allow":["GET"]}}],"collection":[{"href":"https:\/\/zojopackaging.com\/fr\/wp-json\/wp\/v2\/product"}],"about":[{"href":"https:\/\/zojopackaging.com\/fr\/wp-json\/wp\/v2\/types\/product"}],"version-history":[{"count":2,"href":"https:\/\/zojopackaging.com\/fr\/wp-json\/wp\/v2\/product\/3251\/revisions"}],"predecessor-version":[{"id":8413,"href":"https:\/\/zojopackaging.com\/fr\/wp-json\/wp\/v2\/product\/3251\/revisions\/8413"}],"wp:featuredmedia":[{"embeddable":true,"href":"https:\/\/zojopackaging.com\/fr\/wp-json\/wp\/v2\/media\/3253"}],"wp:attachment":[{"href":"https:\/\/zojopackaging.com\/fr\/wp-json\/wp\/v2\/media?parent=3251"}],"wp:term":[{"taxonomy":"product_brand","embeddable":true,"href":"https:\/\/zojopackaging.com\/fr\/wp-json\/wp\/v2\/product_brand?post=3251"},{"taxonomy":"product_cat","embeddable":true,"href":"https:\/\/zojopackaging.com\/fr\/wp-json\/wp\/v2\/product_cat?post=3251"},{"taxonomy":"product_tag","embeddable":true,"href":"https:\/\/zojopackaging.com\/fr\/wp-json\/wp\/v2\/product_tag?post=3251"}],"curies":[{"name":"wp","href":"https:\/\/api.w.org\/{rel}","templated":true}]}}