{"id":3260,"date":"2024-03-14T17:16:12","date_gmt":"2024-03-14T09:16:12","guid":{"rendered":"https:\/\/zojopackaging.com\/?post_type=product&#038;p=3260"},"modified":"2025-03-27T17:53:03","modified_gmt":"2025-03-27T09:53:03","slug":"luxury-paper-perfume-box","status":"publish","type":"product","link":"https:\/\/zojopackaging.com\/fr\/product\/luxury-paper-perfume-box\/","title":{"rendered":"Bo\u00eete \u00e0 parfum rigide cr\u00e9ative et personnalis\u00e9e Fabricant de bo\u00eetes \u00e0 parfum rigides"},"content":{"rendered":"<h1>Bo\u00eete \u00e0 parfum rigide cr\u00e9ative et personnalis\u00e9e Fabricant de bo\u00eetes \u00e0 parfum rigides<\/h1>\n<p>Le fabricant de bo\u00eetes rigides de parfum cr\u00e9atives personnalis\u00e9es est la solution ultime pour vos besoins en mati\u00e8re d'emballage de produits de parfumerie. Fabriqu\u00e9e \u00e0 partir de mat\u00e9riaux de haute qualit\u00e9, cette bo\u00eete est durable et robuste, prot\u00e9geant votre parfum contre les dommages pendant l'exp\u00e9dition et la manutention. Nos emballages de parfum sont parfaits pour ceux qui veulent que leur produit respire le luxe et la sophistication, et ils sont \u00e9galement id\u00e9aux pour les cadeaux. Ne vous contentez pas d'un emballage m\u00e9diocre - optez d\u00e8s aujourd'hui pour la bo\u00eete d'emballage de parfum et constatez la diff\u00e9rence en termes de qualit\u00e9 et de pr\u00e9sentation. Commandez d\u00e8s maintenant et offrez \u00e0 votre parfum l'emballage qu'il m\u00e9rite !<\/p>\n<h1>Caract\u00e9ristiques<\/h1>\n<ul>\n<li><strong>Mat\u00e9riaux de premi\u00e8re qualit\u00e9<\/strong>: La bo\u00eete est fabriqu\u00e9e \u00e0 partir d'un papier de haute qualit\u00e9 qui offre une texture lisse et luxueuse. Le papier est \u00e9pais et durable, assurant la protection du flacon de parfum \u00e0 l'int\u00e9rieur.<\/li>\n<li><strong>Design \u00e9l\u00e9gant<\/strong>: Notre \u00e9quipe de designers a cr\u00e9\u00e9 une bo\u00eete visuellement \u00e9tonnante qui allie une esth\u00e9tique moderne \u00e0 une \u00e9l\u00e9gance classique.<\/li>\n<li><strong>Options personnalisables<\/strong>: Nous comprenons que chaque marque a une identit\u00e9 unique. C'est pourquoi nous offrons de nombreuses options de personnalisation pour la bo\u00eete \u00e0 parfum en papier de luxe.<\/li>\n<\/ul>\n<div class=\"widget block block-static-block\">\n<div class=\"landing-page-section option-bottom\">\n<div class=\"custom-materials-tabs-content container container-adjustment\">\n<div class=\"custom-materials-tab-content active\">\n<div class=\"widget block block-static-block\">\n<div class=\"options-items\">\n<div class=\"flex-grid-row-option\">\n<div class=\"flex-grid-item-option\">\n<div class=\"material-box\">\n<div class=\"material-des\">\n<div class=\"widget block block-static-block\">\n<div class=\"landing-page-section option-bottom\">\n<div class=\"custom-materials-tabs-content container container-adjustment\">\n<div class=\"custom-materials-tab-content active\">\n<div class=\"widget block block-static-block\">\n<div class=\"options-items\">\n<div class=\"flex-grid-row-option\">\n<div class=\"flex-grid-item-option\">\n<div class=\"material-box\">\n<h1><strong>Sp\u00e9cifications<\/strong><\/h1>\n<div class=\"widget block block-static-block\">\n<div class=\"landing-page-section option-bottom\">\n<div class=\"custom-materials-tabs-content container container-adjustment\">\n<div class=\"custom-materials-tab-content active\">\n<div class=\"widget block block-static-block\">\n<div class=\"options-items\">\n<div class=\"flex-grid-row-option\">\n<div class=\"flex-grid-item-option\">\n<div class=\"material-box\">\n<div class=\"material-des\">\n<table width=\"1070\">\n<tbody>\n<tr>\n<td width=\"373\">Dimensions<\/td>\n<td width=\"373\">Toutes les tailles et formes personnalis\u00e9es<\/td>\n<\/tr>\n<tr>\n<td width=\"373\">MOQ<\/td>\n<td width=\"373\">500pcs<\/td>\n<\/tr>\n<tr>\n<td width=\"373\">Temps d'\u00e9chantillonnage<\/td>\n<td width=\"373\">3-5 jours<\/td>\n<\/tr>\n<tr>\n<td width=\"373\">Processus par d\u00e9faut<\/td>\n<td width=\"373\">D\u00e9coupage, collage, rainurage, perforation<\/td>\n<\/tr>\n<tr>\n<td width=\"373\">Impression<\/td>\n<td width=\"373\">Cmyk, pms, pas d'impression<\/td>\n<\/tr>\n<tr>\n<td width=\"373\">Option mat\u00e9riau<\/td>\n<td width=\"373\">Papier cartonn\u00e9 blanc, papier couch\u00e9, papier d'art, papier kraft, carton ivoire, carton recto-verso, papier sp\u00e9cial, etc.<\/td>\n<\/tr>\n<tr>\n<td width=\"373\">Finition de surface<\/td>\n<td width=\"373\">Pelliculage mat\/brillant, gaufrage par points, gaufrage, dorure, etc.<\/td>\n<\/tr>\n<tr>\n<td width=\"373\">Utilisation dans l'industrie<\/td>\n<td width=\"373\">cosm\u00e9tiques, parfums, v\u00eatements, bijoux, tabac, produits alimentaires, cadeaux et produits de consommation courante,<\/td>\n<\/tr>\n<tr>\n<td width=\"373\">Contr\u00f4le de la qualit\u00e9<\/td>\n<td width=\"373\">Des \u00e9quipements de pointe et une \u00e9quipe de contr\u00f4le qualit\u00e9 exp\u00e9riment\u00e9e v\u00e9rifient rigoureusement les mat\u00e9riaux, les produits semi-finis et les produits finis \u00e0 chaque \u00e9tape avant la mise sur le march\u00e9.<\/td>\n<\/tr>\n<tr>\n<td width=\"373\">Prix<\/td>\n<td width=\"373\">Le prix final sera adapt\u00e9 \u00e0 votre produit et \u00e0 la quantit\u00e9 souhait\u00e9e.<\/td>\n<\/tr>\n<tr>\n<td width=\"373\">D\u00e9lai d'ex\u00e9cution<\/td>\n<td width=\"373\">7-14 jours ouvrables, urgent<\/td>\n<\/tr>\n<tr>\n<td width=\"373\">Papier de base<\/td>\n<td width=\"373\">10pt \u00e0 28pt (60lb \u00e0 400lb) Kraft \u00e9cologique, carton ondul\u00e9 e-flute, carton bux, papier cartonn\u00e9<\/td>\n<\/tr>\n<tr>\n<td width=\"373\">Format de l'\u0153uvre d'art<\/td>\n<td width=\"373\">JPG, PDF, AI, CDR, EPS, GIF....<\/td>\n<\/tr>\n<tr>\n<td width=\"373\">Accessoires<\/td>\n<td width=\"373\">Aimant, ruban, forme EVA, plateau en plastique, \u00e9ponge, fen\u00eatre en PVC\/PET\/PP,...<\/td>\n<\/tr>\n<tr>\n<td width=\"373\">D\u00e9lai de paiement<\/td>\n<td width=\"373\">T\/T, Western Union, Paypal, d\u00e9p\u00f4t de 30% et solde de 70% avant l'exp\u00e9dition.<\/td>\n<\/tr>\n<\/tbody>\n<\/table>\n<\/div>\n<\/div>\n<\/div>\n<\/div>\n<\/div>\n<\/div>\n<\/div>\n<\/div>\n<\/div>\n<\/div>\n<\/div>\n<\/div>\n<\/div>\n<\/div>\n<\/div>\n<\/div>\n<\/div>\n<\/div>\n<\/div>\n<\/div>\n<p>&nbsp;<\/p>\n<\/div>\n<\/div>\n<\/div>\n<\/div>\n<p><!---end of option item--><\/p>\n<\/div>\n<\/div>\n<\/div>\n<\/div>\n<\/div>","protected":false},"excerpt":{"rendered":"<p>1. Bo\u00eete \u00e0 fermeture magn\u00e9tique sp\u00e9ciale, avec aimant int\u00e9gr\u00e9 pour \u00e9viter l'usure externe, ce qui conf\u00e8re \u00e0 la bo\u00eete d'emballage un aspect haut de gamme.<br \/>\n2. Le papier sp\u00e9cial est simple mais \u00e9l\u00e9gant, il convient parfaitement aux produits haut de gamme.<br \/>\n3. Le proc\u00e9d\u00e9 de marquage \u00e0 chaud, qui met parfaitement en valeur les petits d\u00e9tails, conf\u00e8re \u00e0 l'emballage une impression de luxe et une pr\u00e9sentation visuelle de haute qualit\u00e9.<\/p>","protected":false},"featured_media":6876,"template":"","meta":[],"product_brand":[],"product_cat":[30,417,424,31],"product_tag":[329,690,691],"class_list":{"0":"post-3260","1":"product","2":"type-product","3":"status-publish","4":"has-post-thumbnail","6":"product_cat-by-industry","7":"product_cat-custom-perfume-boxes-by-industry","8":"product_cat-magnetic-closure-boxes","9":"product_cat-paper-box-style","10":"product_tag-custom-perfume-box","11":"product_tag-fragrance-box-manufacturer","12":"product_tag-fragrance-rigid-perfume-box","14":"first","15":"instock","16":"shipping-taxable","17":"product-type-grouped"},"_links":{"self":[{"href":"https:\/\/zojopackaging.com\/fr\/wp-json\/wp\/v2\/product\/3260","targetHints":{"allow":["GET"]}}],"collection":[{"href":"https:\/\/zojopackaging.com\/fr\/wp-json\/wp\/v2\/product"}],"about":[{"href":"https:\/\/zojopackaging.com\/fr\/wp-json\/wp\/v2\/types\/product"}],"version-history":[{"count":2,"href":"https:\/\/zojopackaging.com\/fr\/wp-json\/wp\/v2\/product\/3260\/revisions"}],"predecessor-version":[{"id":8411,"href":"https:\/\/zojopackaging.com\/fr\/wp-json\/wp\/v2\/product\/3260\/revisions\/8411"}],"wp:featuredmedia":[{"embeddable":true,"href":"https:\/\/zojopackaging.com\/fr\/wp-json\/wp\/v2\/media\/6876"}],"wp:attachment":[{"href":"https:\/\/zojopackaging.com\/fr\/wp-json\/wp\/v2\/media?parent=3260"}],"wp:term":[{"taxonomy":"product_brand","embeddable":true,"href":"https:\/\/zojopackaging.com\/fr\/wp-json\/wp\/v2\/product_brand?post=3260"},{"taxonomy":"product_cat","embeddable":true,"href":"https:\/\/zojopackaging.com\/fr\/wp-json\/wp\/v2\/product_cat?post=3260"},{"taxonomy":"product_tag","embeddable":true,"href":"https:\/\/zojopackaging.com\/fr\/wp-json\/wp\/v2\/product_tag?post=3260"}],"curies":[{"name":"wp","href":"https:\/\/api.w.org\/{rel}","templated":true}]}}