{"id":3868,"date":"2024-03-20T11:49:13","date_gmt":"2024-03-20T03:49:13","guid":{"rendered":"https:\/\/zojopackaging.com\/?post_type=product&#038;p=3868"},"modified":"2025-03-28T11:26:09","modified_gmt":"2025-03-28T03:26:09","slug":"custom-chocolate-gift-boxes","status":"publish","type":"product","link":"https:\/\/zojopackaging.com\/fr\/product\/custom-chocolate-gift-boxes\/","title":{"rendered":"Bo\u00eetes cadeaux en chocolat personnalis\u00e9es"},"content":{"rendered":"<h1>Bo\u00eetes cadeaux en chocolat personnalis\u00e9es<\/h1>\n<p>Bo\u00eetes cadeaux en chocolat personnalis\u00e9es pour les cadeaux en chocolat. Possibilit\u00e9 de commander des quantit\u00e9s aussi faibles que 500. En tant qu'experts en cadeaux d'entreprise, nous offrons une large gamme d'options personnalis\u00e9es, y compris des chocolats personnalis\u00e9s, des bo\u00eetes-cadeaux personnalis\u00e9es, et bien plus encore. Avec nos bo\u00eetes personnalis\u00e9es, vous avez la libert\u00e9 de choisir vos couleurs, designs, logos et marques pr\u00e9f\u00e9r\u00e9s, ce qui vous offre une infinit\u00e9 de possibilit\u00e9s pour mettre en valeur votre style unique et cr\u00e9er une impression durable. Faites confiance \u00e0 nos chocolatiers de classe mondiale pour vos cadeaux en chocolat personnalis\u00e9s.<\/p>\n<h1><strong>Sp\u00e9cifications<\/strong><\/h1>\n<table style=\"height: 666px;\" width=\"1070\">\n<tbody>\n<tr>\n<td width=\"373\">Dimensions<\/td>\n<td width=\"373\">Toutes les tailles et formes personnalis\u00e9es<\/td>\n<\/tr>\n<tr>\n<td width=\"373\">MOQ<\/td>\n<td width=\"373\">500pcs<\/td>\n<\/tr>\n<tr>\n<td width=\"373\">Temps d'\u00e9chantillonnage<\/td>\n<td width=\"373\">3-5 jours<\/td>\n<\/tr>\n<tr>\n<td width=\"373\">Processus par d\u00e9faut<\/td>\n<td width=\"373\">D\u00e9coupage, collage, rainurage, perforation<\/td>\n<\/tr>\n<tr>\n<td width=\"373\">Impression<\/td>\n<td width=\"373\">Cmyk, pms, pas d'impression<\/td>\n<\/tr>\n<tr>\n<td width=\"373\">Option mat\u00e9riau<\/td>\n<td width=\"373\">Papier cartonn\u00e9 blanc, papier couch\u00e9, papier d'art, papier kraft, carton ivoire, carton recto-verso, papier sp\u00e9cial, etc.<\/td>\n<\/tr>\n<tr>\n<td width=\"373\">Finition de surface<\/td>\n<td width=\"373\">Pelliculage mat\/brillant, gaufrage par points, gaufrage, dorure, etc.<\/td>\n<\/tr>\n<tr>\n<td width=\"373\">Utilisation dans l'industrie<\/td>\n<td width=\"373\">cosm\u00e9tiques, parfums, v\u00eatements, bijoux, tabac, produits alimentaires, cadeaux et produits de consommation courante,<\/td>\n<\/tr>\n<tr>\n<td width=\"373\">Contr\u00f4le de la qualit\u00e9<\/td>\n<td width=\"373\">Des \u00e9quipements de pointe et une \u00e9quipe de contr\u00f4le qualit\u00e9 exp\u00e9riment\u00e9e v\u00e9rifient rigoureusement les mat\u00e9riaux, les produits semi-finis et les produits finis \u00e0 chaque \u00e9tape avant la mise sur le march\u00e9.<\/td>\n<\/tr>\n<tr>\n<td width=\"373\">Prix<\/td>\n<td width=\"373\">Le prix final sera adapt\u00e9 \u00e0 votre produit et \u00e0 la quantit\u00e9 souhait\u00e9e.<\/td>\n<\/tr>\n<tr>\n<td width=\"373\">D\u00e9lai d'ex\u00e9cution<\/td>\n<td width=\"373\">7-14 jours ouvrables, urgent<\/td>\n<\/tr>\n<tr>\n<td width=\"373\">Papier de base<\/td>\n<td width=\"373\">10pt \u00e0 28pt (60lb \u00e0 400lb) Kraft \u00e9cologique, carton ondul\u00e9 e-flute, carton bux, papier cartonn\u00e9<\/td>\n<\/tr>\n<tr>\n<td width=\"373\">Format de l'\u0153uvre d'art<\/td>\n<td width=\"373\">JPG, PDF, AI, CDR, EPS, GIF....<\/td>\n<\/tr>\n<tr>\n<td width=\"373\">Accessoires<\/td>\n<td width=\"373\">Aimant, ruban, forme EVA, plateau en plastique, \u00e9ponge, fen\u00eatre en PVC\/PET\/PP,...<\/td>\n<\/tr>\n<tr>\n<td width=\"373\">D\u00e9lai de paiement<\/td>\n<td width=\"373\">T\/T, Western Union, Paypal, d\u00e9p\u00f4t de 30% et solde de 70% avant l'exp\u00e9dition.<\/td>\n<\/tr>\n<\/tbody>\n<\/table>\n<div><\/div>\n<div class=\"widget block block-static-block\">\n<div class=\"landing-page-section option-bottom\">\n<div class=\"custom-materials-tabs-content container container-adjustment\">\n<div class=\"custom-materials-tab-content active\">\n<div class=\"widget block block-static-block\">\n<div class=\"options-items\">\n<div class=\"flex-grid-row-option\">\n<div class=\"flex-grid-item-option\">\n<div class=\"material-box\">\n<div class=\"material-des\">\n<h1><strong>FAQ<\/strong><\/h1>\n<p><strong>Que vous soyez une usine ?<\/strong><\/p>\n<p>Oui, nous sommes un fabricant professionnel de bo\u00eetes et de sacs en papier.<\/p>\n<p><strong>Peut-il \u00eatre exp\u00e9di\u00e9 \u00e0 plat ?<\/strong><\/p>\n<p>Non, il s'agit d'une bo\u00eete en papier rigide fabriqu\u00e9e \u00e0 partir de papier d'art et de carton.<\/p>\n<p><strong>Peut-on faire du sur-mesure ?<\/strong><\/p>\n<p>Oui, nous pouvons personnaliser les bo\u00eetes en papier pour vous, vous pouvez choisir la taille de la bo\u00eete, la couleur de la bo\u00eete et le logo.<\/p>\n<p><strong>Pouvez-vous me faire un \u00e9chantillon ?<\/strong><\/p>\n<p>Oui, nous pouvons r\u00e9aliser des \u00e9chantillons pour vous, et les frais d'\u00e9chantillonnage d\u00e9pendent du processus.<\/p>\n<p><strong>Comment commander ?<\/strong><\/p>\n<ol>\n<li>Veuillez nous communiquer vos coordonn\u00e9es<\/li>\n<li>Nous vous proposons un devis<\/li>\n<li>faire un \u00e9chantillon<\/li>\n<li>Verser un acompte<\/li>\n<li>Production de masse<\/li>\n<li>Payer la balacne<\/li>\n<li>Produit d'exp\u00e9dition<\/li>\n<\/ol>\n<p><strong>Qu'en est-il du fichier de conception ?<\/strong><\/p>\n<p>PDF, AI sont acceptables.<\/p>\n<p><strong>Combien de possibilit\u00e9s de transport y a-t-il, quelle est la meilleure ?<\/strong><\/p>\n<p>Par voie maritime, par voie express, par voie a\u00e9rienne, en fonction de la date \u00e0 laquelle vous souhaitez recevoir votre production et de la quantit\u00e9 que vous commandez.<\/p>\n<\/div>\n<\/div>\n<\/div>\n<\/div>\n<\/div>\n<\/div>\n<\/div>\n<\/div>\n<\/div>\n<\/div>\n<div class=\"widget block block-static-block\">\n<div class=\"landing-page-section option-bottom\">\n<div class=\"custom-materials-tabs-content container container-adjustment\">\n<div class=\"custom-materials-tab-content active\">\n<div class=\"widget block block-static-block\">\n<p><!---end of option item--><\/p>\n<\/div>\n<\/div>\n<\/div>\n<\/div>\n<\/div>","protected":false},"excerpt":{"rendered":"<ul>\n<li>MOQ : 500 pi\u00e8ces<\/li>\n<li>D\u00e9lai de livraison : 7-14 jours ouvrables, urgent<\/li>\n<li>Dimensions sur mesure (diam\u00e8tre x hauteur)<\/li>\n<li>Impression personnalis\u00e9e<\/li>\n<li>Respectueux de l'environnement, recyclable et sans plastique<\/li>\n<li>Prix\uff1aLe prix final sera adapt\u00e9 \u00e0 votre produit et \u00e0 la quantit\u00e9 souhait\u00e9e.<\/li>\n<\/ul>","protected":false},"featured_media":3871,"template":"","meta":[],"product_brand":[],"product_cat":[30,422,428,31],"product_tag":[261,749,262],"class_list":{"0":"post-3868","1":"product","2":"type-product","3":"status-publish","4":"has-post-thumbnail","6":"product_cat-by-industry","7":"product_cat-custom-gourmet-boxes-by-industry","8":"product_cat-irregular-shaped-gift-boxes","9":"product_cat-paper-box-style","10":"product_tag-chocolate-packaging-box","11":"product_tag-chocolate-packaging-manufacturer","12":"product_tag-custom-chocolate-gift-boxes","14":"first","15":"instock","16":"shipping-taxable","17":"product-type-grouped"},"_links":{"self":[{"href":"https:\/\/zojopackaging.com\/fr\/wp-json\/wp\/v2\/product\/3868","targetHints":{"allow":["GET"]}}],"collection":[{"href":"https:\/\/zojopackaging.com\/fr\/wp-json\/wp\/v2\/product"}],"about":[{"href":"https:\/\/zojopackaging.com\/fr\/wp-json\/wp\/v2\/types\/product"}],"version-history":[{"count":2,"href":"https:\/\/zojopackaging.com\/fr\/wp-json\/wp\/v2\/product\/3868\/revisions"}],"predecessor-version":[{"id":8437,"href":"https:\/\/zojopackaging.com\/fr\/wp-json\/wp\/v2\/product\/3868\/revisions\/8437"}],"wp:featuredmedia":[{"embeddable":true,"href":"https:\/\/zojopackaging.com\/fr\/wp-json\/wp\/v2\/media\/3871"}],"wp:attachment":[{"href":"https:\/\/zojopackaging.com\/fr\/wp-json\/wp\/v2\/media?parent=3868"}],"wp:term":[{"taxonomy":"product_brand","embeddable":true,"href":"https:\/\/zojopackaging.com\/fr\/wp-json\/wp\/v2\/product_brand?post=3868"},{"taxonomy":"product_cat","embeddable":true,"href":"https:\/\/zojopackaging.com\/fr\/wp-json\/wp\/v2\/product_cat?post=3868"},{"taxonomy":"product_tag","embeddable":true,"href":"https:\/\/zojopackaging.com\/fr\/wp-json\/wp\/v2\/product_tag?post=3868"}],"curies":[{"name":"wp","href":"https:\/\/api.w.org\/{rel}","templated":true}]}}