{"id":3876,"date":"2024-03-20T14:03:39","date_gmt":"2024-03-20T06:03:39","guid":{"rendered":"https:\/\/zojopackaging.com\/?post_type=product&#038;p=3876"},"modified":"2025-03-28T23:29:19","modified_gmt":"2025-03-28T15:29:19","slug":"golife-sports-bracelet-packaging-box","status":"publish","type":"product","link":"https:\/\/zojopackaging.com\/fr\/product\/golife-sports-bracelet-packaging-box\/","title":{"rendered":"Bo\u00eete en papier personnalis\u00e9e pour bracelet de fitness intelligent de luxe"},"content":{"rendered":"<h1>Bo\u00eete en papier personnalis\u00e9e pour bracelet de fitness intelligent de luxe<\/h1>\n<p>La bo\u00eete en papier de Zojoprint Packaging Manufacturer Service pour le bracelet de fitness intelligent est une solution d'emballage exquise et \u00e9l\u00e9gante.<\/p>\n<p>L'ext\u00e9rieur de la bo\u00eete d'emballage peut pr\u00e9senter des finitions raffin\u00e9es, telles qu'une texture lisse ou une surface lustr\u00e9e, qui lui conf\u00e8rent un aspect attrayant. Des d\u00e9tails tels que le gaufrage ou le d\u00e9bossage peuvent ajouter une touche de raffinement.<\/p>\n<p>L'expertise de Zojoprint en mati\u00e8re d'emballage est \u00e9vidente dans tous les aspects de cette bo\u00eete. Elle est con\u00e7ue pour cr\u00e9er une exp\u00e9rience m\u00e9morable au moment du d\u00e9ballage, afin que le destinataire se sente sp\u00e9cial. La bo\u00eete peut \u00eatre personnalis\u00e9e pour correspondre au style unique et \u00e0 la marque du bracelet, ajoutant ainsi une touche personnelle. Qu'il s'agisse d'une collection de bijoux haut de gamme ou d'un cadeau sp\u00e9cial, la bo\u00eete d'emballage pour bracelet de Zojoprint Packaging Manufacturer Service est le choix id\u00e9al pour mettre en valeur et prot\u00e9ger ces magnifiques accessoires.<\/p>\n<h1><strong>Sp\u00e9cifications<\/strong><\/h1>\n<table style=\"height: 666px;\" width=\"1070\">\n<tbody>\n<tr>\n<td width=\"373\">Dimensions<\/td>\n<td width=\"373\">Toutes les tailles et formes personnalis\u00e9es<\/td>\n<\/tr>\n<tr>\n<td width=\"373\">MOQ<\/td>\n<td width=\"373\">500pcs<\/td>\n<\/tr>\n<tr>\n<td width=\"373\">Temps d'\u00e9chantillonnage<\/td>\n<td width=\"373\">3-5 jours<\/td>\n<\/tr>\n<tr>\n<td width=\"373\">Processus par d\u00e9faut<\/td>\n<td width=\"373\">D\u00e9coupage, collage, rainurage, perforation<\/td>\n<\/tr>\n<tr>\n<td width=\"373\">Impression<\/td>\n<td width=\"373\">Cmyk, pms, pas d'impression<\/td>\n<\/tr>\n<tr>\n<td width=\"373\">Option mat\u00e9riau<\/td>\n<td width=\"373\">Papier cartonn\u00e9 blanc, papier couch\u00e9, papier d'art, papier kraft, carton ivoire, carton recto-verso, papier sp\u00e9cial, etc.<\/td>\n<\/tr>\n<tr>\n<td width=\"373\">Finition de surface<\/td>\n<td width=\"373\">Pelliculage mat\/brillant, gaufrage par points, gaufrage, dorure, etc.<\/td>\n<\/tr>\n<tr>\n<td width=\"373\">Utilisation dans l'industrie<\/td>\n<td width=\"373\">cosm\u00e9tiques, parfums, v\u00eatements, bijoux, tabac, produits alimentaires, cadeaux et produits de consommation courante,<\/td>\n<\/tr>\n<tr>\n<td width=\"373\">Contr\u00f4le de la qualit\u00e9<\/td>\n<td width=\"373\">Des \u00e9quipements de pointe et une \u00e9quipe de contr\u00f4le qualit\u00e9 exp\u00e9riment\u00e9e v\u00e9rifient rigoureusement les mat\u00e9riaux, les produits semi-finis et les produits finis \u00e0 chaque \u00e9tape avant la mise sur le march\u00e9.<\/td>\n<\/tr>\n<tr>\n<td width=\"373\">Prix<\/td>\n<td width=\"373\">Le prix final sera adapt\u00e9 \u00e0 votre produit et \u00e0 la quantit\u00e9 souhait\u00e9e.<\/td>\n<\/tr>\n<tr>\n<td width=\"373\">D\u00e9lai d'ex\u00e9cution<\/td>\n<td width=\"373\">7-14 jours ouvrables, urgent<\/td>\n<\/tr>\n<tr>\n<td width=\"373\">Papier de base<\/td>\n<td width=\"373\">10pt \u00e0 28pt (60lb \u00e0 400lb) Kraft \u00e9cologique, carton ondul\u00e9 e-flute, carton bux, papier cartonn\u00e9<\/td>\n<\/tr>\n<tr>\n<td width=\"373\">Format de l'\u0153uvre d'art<\/td>\n<td width=\"373\">JPG, PDF, AI, CDR, EPS, GIF....<\/td>\n<\/tr>\n<tr>\n<td width=\"373\">Accessoires<\/td>\n<td width=\"373\">Aimant, ruban, forme EVA, plateau en plastique, \u00e9ponge, fen\u00eatre en PVC\/PET\/PP,...<\/td>\n<\/tr>\n<tr>\n<td width=\"373\">D\u00e9lai de paiement<\/td>\n<td width=\"373\">T\/T, Western Union, Paypal, d\u00e9p\u00f4t de 30% et solde de 70% avant l'exp\u00e9dition.<\/td>\n<\/tr>\n<\/tbody>\n<\/table>\n<div><\/div>\n<div class=\"widget block block-static-block\">\n<div class=\"landing-page-section option-bottom\">\n<div class=\"custom-materials-tabs-content container container-adjustment\">\n<div class=\"custom-materials-tab-content active\">\n<div class=\"widget block block-static-block\">\n<div class=\"options-items\">\n<div class=\"flex-grid-row-option\">\n<div class=\"flex-grid-item-option\">\n<div class=\"material-box\">\n<div class=\"material-des\">\n<h1><strong>FAQ<\/strong><\/h1>\n<p><strong>Que vous soyez une usine ?<\/strong><\/p>\n<p>Oui, nous sommes un fabricant professionnel de bo\u00eetes et de sacs en papier.<\/p>\n<p><strong>Peut-il \u00eatre exp\u00e9di\u00e9 \u00e0 plat ?<\/strong><\/p>\n<p>Non, il s'agit d'une bo\u00eete en papier rigide fabriqu\u00e9e \u00e0 partir de papier d'art et de carton.<\/p>\n<p><strong>Peut-on faire du sur-mesure ?<\/strong><\/p>\n<p>Oui, nous pouvons personnaliser les bo\u00eetes en papier pour vous, vous pouvez choisir la taille de la bo\u00eete, la couleur de la bo\u00eete et le logo.<\/p>\n<p><strong>Pouvez-vous me faire un \u00e9chantillon ?<\/strong><\/p>\n<p>Oui, nous pouvons r\u00e9aliser des \u00e9chantillons pour vous, et les frais d'\u00e9chantillonnage d\u00e9pendent du processus.<\/p>\n<p><strong>Comment commander ?<\/strong><\/p>\n<ol>\n<li>Veuillez nous communiquer vos coordonn\u00e9es<\/li>\n<li>Nous vous proposons un devis<\/li>\n<li>faire un \u00e9chantillon<\/li>\n<li>Verser un acompte<\/li>\n<li>Production de masse<\/li>\n<li>Payer la balacne<\/li>\n<li>Produit d'exp\u00e9dition<\/li>\n<\/ol>\n<p><strong>Qu'en est-il du fichier de conception ?<\/strong><\/p>\n<p>PDF, AI sont acceptables.<\/p>\n<p><strong>Combien de possibilit\u00e9s de transport y a-t-il, quelle est la meilleure ?<\/strong><\/p>\n<p>Par voie maritime, par voie express, par voie a\u00e9rienne, en fonction de la date \u00e0 laquelle vous souhaitez recevoir votre production et de la quantit\u00e9 que vous commandez.<\/p>\n<\/div>\n<\/div>\n<\/div>\n<\/div>\n<\/div>\n<\/div>\n<\/div>\n<\/div>\n<\/div>\n<\/div>\n<div class=\"widget block block-static-block\">\n<div class=\"landing-page-section option-bottom\">\n<div class=\"custom-materials-tabs-content container container-adjustment\">\n<div class=\"custom-materials-tab-content active\">\n<div class=\"widget block block-static-block\">\n<div class=\"options-items\">\n<div class=\"flex-grid-row-option\">\n<div class=\"flex-grid-item-option\">\n<div class=\"material-box\">\n<p>&nbsp;<\/p>\n<\/div>\n<\/div>\n<\/div>\n<\/div>\n<p><!---end of option item--><\/p>\n<\/div>\n<\/div>\n<\/div>\n<\/div>\n<\/div>","protected":false},"excerpt":{"rendered":"<p>The Custom Boxes propose les derniers services d'emballage et d'impression de bo\u00eetes personnalis\u00e9s. Nous proposons des bo\u00eetes sur mesure, des bo\u00eetes pour la vente au d\u00e9tail, des bo\u00eetes rigides de luxe.<\/p>\n<ul>\n<li>MOQ : 500 pi\u00e8ces<\/li>\n<li>D\u00e9lai de livraison : 7-14 jours ouvrables, urgent<\/li>\n<li>Dimensions sur mesure (diam\u00e8tre x hauteur)<\/li>\n<li>Impression personnalis\u00e9e<\/li>\n<li>Respectueux de l'environnement, recyclable et sans plastique<\/li>\n<li>Prix\uff1aLe prix final sera adapt\u00e9 \u00e0 votre produit et \u00e0 la quantit\u00e9 souhait\u00e9e.<\/li>\n<\/ul>","protected":false},"featured_media":3880,"template":"","meta":[],"product_brand":[],"product_cat":[30,413,425,31],"product_tag":[860,862,861],"class_list":{"0":"post-3876","1":"product","2":"type-product","3":"status-publish","4":"has-post-thumbnail","6":"product_cat-by-industry","7":"product_cat-consumer-electronics-boxes","8":"product_cat-lid-and-base-gift-box","9":"product_cat-paper-box-style","10":"product_tag-custom-paper-box","11":"product_tag-luxury-paper-box","12":"product_tag-smart-fitness-band-tracks-paper-box","14":"first","15":"instock","16":"shipping-taxable","17":"product-type-grouped"},"_links":{"self":[{"href":"https:\/\/zojopackaging.com\/fr\/wp-json\/wp\/v2\/product\/3876","targetHints":{"allow":["GET"]}}],"collection":[{"href":"https:\/\/zojopackaging.com\/fr\/wp-json\/wp\/v2\/product"}],"about":[{"href":"https:\/\/zojopackaging.com\/fr\/wp-json\/wp\/v2\/types\/product"}],"version-history":[{"count":2,"href":"https:\/\/zojopackaging.com\/fr\/wp-json\/wp\/v2\/product\/3876\/revisions"}],"predecessor-version":[{"id":7243,"href":"https:\/\/zojopackaging.com\/fr\/wp-json\/wp\/v2\/product\/3876\/revisions\/7243"}],"wp:featuredmedia":[{"embeddable":true,"href":"https:\/\/zojopackaging.com\/fr\/wp-json\/wp\/v2\/media\/3880"}],"wp:attachment":[{"href":"https:\/\/zojopackaging.com\/fr\/wp-json\/wp\/v2\/media?parent=3876"}],"wp:term":[{"taxonomy":"product_brand","embeddable":true,"href":"https:\/\/zojopackaging.com\/fr\/wp-json\/wp\/v2\/product_brand?post=3876"},{"taxonomy":"product_cat","embeddable":true,"href":"https:\/\/zojopackaging.com\/fr\/wp-json\/wp\/v2\/product_cat?post=3876"},{"taxonomy":"product_tag","embeddable":true,"href":"https:\/\/zojopackaging.com\/fr\/wp-json\/wp\/v2\/product_tag?post=3876"}],"curies":[{"name":"wp","href":"https:\/\/api.w.org\/{rel}","templated":true}]}}