{"id":3883,"date":"2024-03-20T14:14:24","date_gmt":"2024-03-20T06:14:24","guid":{"rendered":"https:\/\/zojopackaging.com\/?post_type=product&#038;p=3883"},"modified":"2025-03-28T19:18:05","modified_gmt":"2025-03-28T11:18:05","slug":"custom-bracelet-gift-box","status":"publish","type":"product","link":"https:\/\/zojopackaging.com\/fr\/product\/custom-bracelet-gift-box\/","title":{"rendered":"Bo\u00eete d'emballage \u00e0 couvercle et \u00e0 base pour bracelet num\u00e9rique personnalis\u00e9 Fournisseurs"},"content":{"rendered":"<div class=\"top-info\">\n<h1 class=\"h1 text-uppercase\">Bo\u00eete d'emballage \u00e0 couvercle et \u00e0 base pour bracelet num\u00e9rique personnalis\u00e9 Fournisseurs<\/h1>\n<p>La plus belle et la plus \u00e9l\u00e9gante fa\u00e7on de pr\u00e9senter un bijou est de l'accueillir dans un \u00e9crin pr\u00e9cieux : Zojoprint Packing r\u00e9alise des bo\u00eetes \u00e0 bracelet sur mesure et personnalis\u00e9es, la solution id\u00e9ale pour vos bijoux.<\/p>\n<\/div>\n<div class=\"padBottom30\">\n<p>Les bo\u00eetes \u00e0 bracelets sont une id\u00e9e polyvalente, \u00e9l\u00e9gante et multifonctionnelle pour votre bijouterie. Elles constituent la mani\u00e8re la plus professionnelle de pr\u00e9senter vos bijoux et deviennent des bo\u00eetes-cadeaux de grande valeur qui s\u00e9duiront vos clients.<\/p>\n<p>Le secret consiste \u00e0 cr\u00e9er des bo\u00eetes \u00e0 bracelets avec une personnalit\u00e9 bien d\u00e9finie : abandonnez l'id\u00e9e de bo\u00eetes standard et faites confiance au professionnalisme et \u00e0 l'exp\u00e9rience des artisans de To Be Packing. Vous trouverez ci-dessous quelques-unes des bo\u00eetes \u00e0 bracelets que nous pouvons cr\u00e9er et personnaliser pour vous.<\/p>\n<\/div>\n<h1>Pourquoi s'associer \u00e0 nous ?<\/h1>\n<p>En choisissant notre bo\u00eete cadeau pour bracelet personnalis\u00e9, vous n'offrez pas seulement un produit, vous offrez une exp\u00e9rience que vos clients ch\u00e9riront. D\u00e9marquez-vous sur un march\u00e9 concurrentiel et renforcez la fid\u00e9lit\u00e9 de vos clients en offrant une solution cadeau personnalisable de haute qualit\u00e9.<\/p>\n<h1><strong>Sp\u00e9cifications<\/strong><\/h1>\n<div class=\"widget block block-static-block\">\n<div class=\"landing-page-section option-bottom\">\n<div class=\"custom-materials-tabs-content container container-adjustment\">\n<div class=\"custom-materials-tab-content active\">\n<div class=\"widget block block-static-block\">\n<div class=\"options-items\">\n<div class=\"flex-grid-row-option\">\n<div class=\"flex-grid-item-option\">\n<div class=\"material-box\">\n<div class=\"material-des\">\n<table width=\"1070\">\n<tbody>\n<tr>\n<td width=\"373\">Dimensions<\/td>\n<td width=\"373\">Toutes les tailles et formes personnalis\u00e9es<\/td>\n<\/tr>\n<tr>\n<td width=\"373\">MOQ<\/td>\n<td width=\"373\">500pcs<\/td>\n<\/tr>\n<tr>\n<td width=\"373\">Temps d'\u00e9chantillonnage<\/td>\n<td width=\"373\">3-5 jours<\/td>\n<\/tr>\n<tr>\n<td width=\"373\">Processus par d\u00e9faut<\/td>\n<td width=\"373\">D\u00e9coupage, collage, rainurage, perforation<\/td>\n<\/tr>\n<tr>\n<td width=\"373\">Impression<\/td>\n<td width=\"373\">Cmyk, pms, pas d'impression<\/td>\n<\/tr>\n<tr>\n<td width=\"373\">Option mat\u00e9riau<\/td>\n<td width=\"373\">Papier cartonn\u00e9 blanc, papier couch\u00e9, papier d'art, papier kraft, carton ivoire, carton recto-verso, papier sp\u00e9cial, etc.<\/td>\n<\/tr>\n<tr>\n<td width=\"373\">Finition de surface<\/td>\n<td width=\"373\">Pelliculage mat\/brillant, gaufrage par points, gaufrage, dorure, etc.<\/td>\n<\/tr>\n<tr>\n<td width=\"373\">Utilisation dans l'industrie<\/td>\n<td width=\"373\">cosm\u00e9tiques, parfums, v\u00eatements, bijoux, tabac, produits alimentaires, cadeaux et produits de consommation courante,<\/td>\n<\/tr>\n<tr>\n<td width=\"373\">Contr\u00f4le de la qualit\u00e9<\/td>\n<td width=\"373\">Des \u00e9quipements de pointe et une \u00e9quipe de contr\u00f4le qualit\u00e9 exp\u00e9riment\u00e9e v\u00e9rifient rigoureusement les mat\u00e9riaux, les produits semi-finis et les produits finis \u00e0 chaque \u00e9tape avant la mise sur le march\u00e9.<\/td>\n<\/tr>\n<tr>\n<td width=\"373\">Prix<\/td>\n<td width=\"373\">Le prix final sera adapt\u00e9 \u00e0 votre produit et \u00e0 la quantit\u00e9 souhait\u00e9e.<\/td>\n<\/tr>\n<tr>\n<td width=\"373\">D\u00e9lai d'ex\u00e9cution<\/td>\n<td width=\"373\">7-14 jours ouvrables, urgent<\/td>\n<\/tr>\n<tr>\n<td width=\"373\">Papier de base<\/td>\n<td width=\"373\">10pt \u00e0 28pt (60lb \u00e0 400lb) Kraft \u00e9cologique, carton ondul\u00e9 e-flute, carton bux, papier cartonn\u00e9<\/td>\n<\/tr>\n<tr>\n<td width=\"373\">Format de l'\u0153uvre d'art<\/td>\n<td width=\"373\">JPG, PDF, AI, CDR, EPS, GIF....<\/td>\n<\/tr>\n<tr>\n<td width=\"373\">Accessoires<\/td>\n<td width=\"373\">Aimant, ruban, forme EVA, plateau en plastique, \u00e9ponge, fen\u00eatre en PVC\/PET\/PP,...<\/td>\n<\/tr>\n<tr>\n<td width=\"373\">D\u00e9lai de paiement<\/td>\n<td width=\"373\">T\/T, Western Union, Paypal, d\u00e9p\u00f4t de 30% et solde de 70% avant l'exp\u00e9dition.<\/td>\n<\/tr>\n<\/tbody>\n<\/table>\n<\/div>\n<\/div>\n<\/div>\n<\/div>\n<\/div>\n<\/div>\n<\/div>\n<\/div>\n<\/div>\n<\/div>\n<div class=\"widget block block-static-block\">\n<div class=\"landing-page-section option-bottom\">\n<div class=\"custom-materials-tabs-content container container-adjustment\">\n<div class=\"custom-materials-tab-content active\">\n<div class=\"widget block block-static-block\">\n<div class=\"options-items\">\n<div class=\"flex-grid-row-option\">\n<div class=\"flex-grid-item-option\">\n<div class=\"material-box\">\n<p>&nbsp;<\/p>\n<\/div>\n<\/div>\n<\/div>\n<\/div>\n<p><!---end of option item--><\/p>\n<\/div>\n<\/div>\n<\/div>\n<\/div>\n<\/div>","protected":false},"excerpt":{"rendered":"<p>Votre usine de fabrication de bo\u00eetes de bracelets num\u00e9riques personnalis\u00e9es en Chine. Fabriqu\u00e9 \u00e0 partir de mat\u00e9riaux respectueux de l'environnement. Formes et tailles vari\u00e9es. Cr\u00e9ez votre bo\u00eete \u00e0 bracelet num\u00e9rique d\u00e8s aujourd'hui !<\/p>\n<p>Personnalisation : Possibilit\u00e9 de personnaliser la taille, l'impression, le mat\u00e9riau, la finition, la forme, etc.<br \/>\nType de mat\u00e9riau : Respectueux de l'environnement, certifi\u00e9 FSC\/ISO\/BSCI<br \/>\nD\u00e9lai de production : \u00c9chantillon 1-3 jours ; Vrac 7-9 jours<br \/>\nD\u00e9lai d'exp\u00e9dition : Express 3-7 jours ; Air 12-16 jours ; Bateau 25-30 jours\uff08Diff\u00e9rents pays ont des d\u00e9lais diff\u00e9rents)<\/p>\n<p>Prix:Contactez-nous pour envoyer une demande de renseignements !<\/p>","protected":false},"featured_media":3885,"template":"","meta":[],"product_brand":[],"product_cat":[30,413,425,31],"product_tag":[846,297,847],"class_list":{"0":"post-3883","1":"product","2":"type-product","3":"status-publish","4":"has-post-thumbnail","6":"product_cat-by-industry","7":"product_cat-consumer-electronics-boxes","8":"product_cat-lid-and-base-gift-box","9":"product_cat-paper-box-style","10":"product_tag-bracelet-lid-and-base-box","11":"product_tag-gift-packaging-box","12":"product_tag-packaging-box-suppliers","14":"first","15":"instock","16":"shipping-taxable","17":"product-type-grouped"},"_links":{"self":[{"href":"https:\/\/zojopackaging.com\/fr\/wp-json\/wp\/v2\/product\/3883","targetHints":{"allow":["GET"]}}],"collection":[{"href":"https:\/\/zojopackaging.com\/fr\/wp-json\/wp\/v2\/product"}],"about":[{"href":"https:\/\/zojopackaging.com\/fr\/wp-json\/wp\/v2\/types\/product"}],"version-history":[{"count":2,"href":"https:\/\/zojopackaging.com\/fr\/wp-json\/wp\/v2\/product\/3883\/revisions"}],"predecessor-version":[{"id":7341,"href":"https:\/\/zojopackaging.com\/fr\/wp-json\/wp\/v2\/product\/3883\/revisions\/7341"}],"wp:featuredmedia":[{"embeddable":true,"href":"https:\/\/zojopackaging.com\/fr\/wp-json\/wp\/v2\/media\/3885"}],"wp:attachment":[{"href":"https:\/\/zojopackaging.com\/fr\/wp-json\/wp\/v2\/media?parent=3883"}],"wp:term":[{"taxonomy":"product_brand","embeddable":true,"href":"https:\/\/zojopackaging.com\/fr\/wp-json\/wp\/v2\/product_brand?post=3883"},{"taxonomy":"product_cat","embeddable":true,"href":"https:\/\/zojopackaging.com\/fr\/wp-json\/wp\/v2\/product_cat?post=3883"},{"taxonomy":"product_tag","embeddable":true,"href":"https:\/\/zojopackaging.com\/fr\/wp-json\/wp\/v2\/product_tag?post=3883"}],"curies":[{"name":"wp","href":"https:\/\/api.w.org\/{rel}","templated":true}]}}