{"id":3922,"date":"2024-03-20T14:49:56","date_gmt":"2024-03-20T06:49:56","guid":{"rendered":"https:\/\/zojopackaging.com\/?post_type=product&#038;p=3922"},"modified":"2025-03-28T16:15:46","modified_gmt":"2025-03-28T08:15:46","slug":"customized-christmas-tree-calendar-box","status":"publish","type":"product","link":"https:\/\/zojopackaging.com\/fr\/product\/customized-christmas-tree-calendar-box\/","title":{"rendered":"Bo\u00eete de calendrier personnalis\u00e9e en forme d'arbre de No\u00ebl Fabricant en Chine"},"content":{"rendered":"<h1>Bo\u00eete de calendrier personnalis\u00e9e en forme d'arbre de No\u00ebl Fabricant en Chine<\/h1>\n<p>La bo\u00eete de calendrier personnalis\u00e9e en forme d'arbre de No\u00ebl est une solution d'emballage festive et charmante qui ajoute une touche de gaiet\u00e9 \u00e0 votre calendrier. Cette bo\u00eete est sp\u00e9cialement con\u00e7ue pour pr\u00e9senter votre calendrier d'une mani\u00e8re unique et saisonni\u00e8re, ce qui la rend parfaite pour les promotions sur le th\u00e8me de No\u00ebl, les cadeaux ou les pr\u00e9sentoirs de vente au d\u00e9tail.<\/p>\n<p>L'ext\u00e9rieur de la bo\u00eete est orn\u00e9 d'un ravissant sapin de No\u00ebl, avec des d\u00e9tails complexes et des couleurs vives qui capturent l'esprit des f\u00eates de fin d'ann\u00e9e. Ce motif fantaisiste ajoute une touche ludique et festive \u00e0 l'emballage, ce qui en fait une pi\u00e8ce remarquable qui ne manquera pas d'attirer l'attention.<\/p>\n<p>A l'int\u00e9rieur, le calendrier est solidement maintenu en place dans la bo\u00eete, ce qui garantit qu'il reste prot\u00e9g\u00e9 et organis\u00e9. La bo\u00eete de calendrier personnalis\u00e9e en forme d'arbre de No\u00ebl n'est pas seulement une solution de rangement pratique, c'est aussi un accessoire d\u00e9coratif qui am\u00e9liore la pr\u00e9sentation g\u00e9n\u00e9rale de votre calendrier.<\/p>\n<p>Qu'il s'agisse d'un usage personnel, d'un cadeau ou d'une vente au d\u00e9tail, cette bo\u00eete personnalis\u00e9e est un moyen agr\u00e9able et m\u00e9morable d'emballer votre calendrier pendant les f\u00eates de fin d'ann\u00e9e. La bo\u00eete de calendrier personnalis\u00e9e en forme d'arbre de No\u00ebl est un ajout amusant et festif \u00e0 votre gamme de produits, contribuant \u00e0 r\u00e9pandre la joie et l'enthousiasme aupr\u00e8s de vos clients.<\/p>\n<h1><strong>Sp\u00e9cifications<\/strong><\/h1>\n<table style=\"height: 666px;\" width=\"1070\">\n<tbody>\n<tr>\n<td width=\"373\">Dimensions<\/td>\n<td width=\"373\">Toutes les tailles et formes personnalis\u00e9es<\/td>\n<\/tr>\n<tr>\n<td width=\"373\">MOQ<\/td>\n<td width=\"373\">500pcs<\/td>\n<\/tr>\n<tr>\n<td width=\"373\">Temps d'\u00e9chantillonnage<\/td>\n<td width=\"373\">3-5 jours<\/td>\n<\/tr>\n<tr>\n<td width=\"373\">Processus par d\u00e9faut<\/td>\n<td width=\"373\">D\u00e9coupage, collage, rainurage, perforation<\/td>\n<\/tr>\n<tr>\n<td width=\"373\">Impression<\/td>\n<td width=\"373\">Cmyk, pms, pas d'impression<\/td>\n<\/tr>\n<tr>\n<td width=\"373\">Option mat\u00e9riau<\/td>\n<td width=\"373\">Papier cartonn\u00e9 blanc, papier couch\u00e9, papier d'art, papier kraft, carton ivoire, carton recto-verso, papier sp\u00e9cial, etc.<\/td>\n<\/tr>\n<tr>\n<td width=\"373\">Finition de surface<\/td>\n<td width=\"373\">Pelliculage mat\/brillant, gaufrage par points, gaufrage, dorure, etc.<\/td>\n<\/tr>\n<tr>\n<td width=\"373\">Utilisation dans l'industrie<\/td>\n<td width=\"373\">cosm\u00e9tiques, parfums, v\u00eatements, bijoux, tabac, produits alimentaires, cadeaux et produits de consommation courante,<\/td>\n<\/tr>\n<tr>\n<td width=\"373\">Contr\u00f4le de la qualit\u00e9<\/td>\n<td width=\"373\">Des \u00e9quipements de pointe et une \u00e9quipe de contr\u00f4le qualit\u00e9 exp\u00e9riment\u00e9e v\u00e9rifient rigoureusement les mat\u00e9riaux, les produits semi-finis et les produits finis \u00e0 chaque \u00e9tape avant la mise sur le march\u00e9.<\/td>\n<\/tr>\n<tr>\n<td width=\"373\">Prix<\/td>\n<td width=\"373\">Le prix final sera adapt\u00e9 \u00e0 votre produit et \u00e0 la quantit\u00e9 souhait\u00e9e.<\/td>\n<\/tr>\n<tr>\n<td width=\"373\">D\u00e9lai d'ex\u00e9cution<\/td>\n<td width=\"373\">7-14 jours ouvrables, urgent<\/td>\n<\/tr>\n<tr>\n<td width=\"373\">Papier de base<\/td>\n<td width=\"373\">10pt \u00e0 28pt (60lb \u00e0 400lb) Kraft \u00e9cologique, carton ondul\u00e9 e-flute, carton bux, papier cartonn\u00e9<\/td>\n<\/tr>\n<tr>\n<td width=\"373\">Format de l'\u0153uvre d'art<\/td>\n<td width=\"373\">JPG, PDF, AI, CDR, EPS, GIF....<\/td>\n<\/tr>\n<tr>\n<td width=\"373\">Accessoires<\/td>\n<td width=\"373\">Aimant, ruban, forme EVA, plateau en plastique, \u00e9ponge, fen\u00eatre en PVC\/PET\/PP,...<\/td>\n<\/tr>\n<tr>\n<td width=\"373\">D\u00e9lai de paiement<\/td>\n<td width=\"373\">T\/T, Western Union, Paypal, d\u00e9p\u00f4t de 30% et solde de 70% avant l'exp\u00e9dition.<\/td>\n<\/tr>\n<\/tbody>\n<\/table>\n<div class=\"widget block block-static-block\">\n<div class=\"landing-page-section option-bottom\">\n<div class=\"custom-materials-tabs-content container container-adjustment\">\n<div class=\"custom-materials-tab-content active\">\n<div class=\"widget block block-static-block\">\n<div class=\"options-items\">\n<div class=\"flex-grid-row-option\">\n<div class=\"flex-grid-item-option\">\n<div class=\"material-box\">\n<p>&nbsp;<\/p>\n<\/div>\n<\/div>\n<\/div>\n<\/div>\n<p><!---end of option item--><\/p>\n<\/div>\n<\/div>\n<\/div>\n<\/div>\n<\/div>","protected":false},"excerpt":{"rendered":"<p>Cr\u00e9ez une exp\u00e9rience festive avec notre bo\u00eete de calendrier en chocolat personnalis\u00e9e en forme de sapin de No\u00ebl. Cr\u00e9ez des surprises quotidiennes pour vos proches.<\/p>\n<p>Type de mat\u00e9riau : Respectueux de l'environnement, certifi\u00e9 FSC\/ISO\/BSCI<br \/>\nD\u00e9lai de production : \u00c9chantillon 1-3 jours ; Vrac 7-9 jours<br \/>\nD\u00e9lai d'exp\u00e9dition : Express 3-7 jours ; Air 12-16 jours ; Bateau 25-30 jours\uff08Diff\u00e9rents pays ont des d\u00e9lais diff\u00e9rents)<\/p>\n<p>Prix:Contactez-nous pour envoyer une demande de renseignements !<\/p>","protected":false},"featured_media":3926,"template":"","meta":[],"product_brand":[],"product_cat":[30,423,428,31],"product_tag":[823,822,821],"class_list":{"0":"post-3922","1":"product","2":"type-product","3":"status-publish","4":"has-post-thumbnail","6":"product_cat-by-industry","7":"product_cat-custom-presentation-boxes-by-industry","8":"product_cat-irregular-shaped-gift-boxes","9":"product_cat-paper-box-style","10":"product_tag-calendar-box-manufacturer","11":"product_tag-christmas-tree-calendar-box","12":"product_tag-customized-box","14":"first","15":"instock","16":"shipping-taxable","17":"product-type-grouped"},"_links":{"self":[{"href":"https:\/\/zojopackaging.com\/fr\/wp-json\/wp\/v2\/product\/3922","targetHints":{"allow":["GET"]}}],"collection":[{"href":"https:\/\/zojopackaging.com\/fr\/wp-json\/wp\/v2\/product"}],"about":[{"href":"https:\/\/zojopackaging.com\/fr\/wp-json\/wp\/v2\/types\/product"}],"version-history":[{"count":2,"href":"https:\/\/zojopackaging.com\/fr\/wp-json\/wp\/v2\/product\/3922\/revisions"}],"predecessor-version":[{"id":8470,"href":"https:\/\/zojopackaging.com\/fr\/wp-json\/wp\/v2\/product\/3922\/revisions\/8470"}],"wp:featuredmedia":[{"embeddable":true,"href":"https:\/\/zojopackaging.com\/fr\/wp-json\/wp\/v2\/media\/3926"}],"wp:attachment":[{"href":"https:\/\/zojopackaging.com\/fr\/wp-json\/wp\/v2\/media?parent=3922"}],"wp:term":[{"taxonomy":"product_brand","embeddable":true,"href":"https:\/\/zojopackaging.com\/fr\/wp-json\/wp\/v2\/product_brand?post=3922"},{"taxonomy":"product_cat","embeddable":true,"href":"https:\/\/zojopackaging.com\/fr\/wp-json\/wp\/v2\/product_cat?post=3922"},{"taxonomy":"product_tag","embeddable":true,"href":"https:\/\/zojopackaging.com\/fr\/wp-json\/wp\/v2\/product_tag?post=3922"}],"curies":[{"name":"wp","href":"https:\/\/api.w.org\/{rel}","templated":true}]}}