{"id":3930,"date":"2024-03-20T14:59:24","date_gmt":"2024-03-20T06:59:24","guid":{"rendered":"https:\/\/zojopackaging.com\/?post_type=product&#038;p=3930"},"modified":"2025-03-28T16:01:30","modified_gmt":"2025-03-28T08:01:30","slug":"double-opening-calendar-boxes","status":"publish","type":"product","link":"https:\/\/zojopackaging.com\/fr\/product\/double-opening-calendar-boxes\/","title":{"rendered":"Bo\u00eete \u00e0 double porte sur mesure Fabricant de bo\u00eetes de calandres"},"content":{"rendered":"<h1>Bo\u00eete \u00e0 double porte sur mesure Fabricant de bo\u00eetes de calandres<\/h1>\n<p>Les bo\u00eetes de calendrier \u00e0 double ouverture sont une solution d'emballage unique et innovante qui offre une double fonctionnalit\u00e9 \u00e0 votre calendrier. Ces bo\u00eetes sont con\u00e7ues avec deux ouvertures distinctes, ce qui permet d'acc\u00e9der au contenu du calendrier par diff\u00e9rents c\u00f4t\u00e9s.<\/p>\n<p>L'ext\u00e9rieur de la bo\u00eete peut \u00eatre personnalis\u00e9 pour correspondre \u00e0 votre marque et \u00e0 vos pr\u00e9f\u00e9rences en mati\u00e8re de design, cr\u00e9ant ainsi un emballage coh\u00e9rent et visuellement attrayant. Les deux ouvertures facilitent l'acc\u00e8s au calendrier, ce qui permet aux utilisateurs de feuilleter les pages ou d'afficher le calendrier dans diff\u00e9rentes orientations.<\/p>\n<p>L'int\u00e9rieur de la bo\u00eete est con\u00e7u pour maintenir et prot\u00e9ger le calendrier en toute s\u00e9curit\u00e9, afin qu'il reste dans un \u00e9tat impeccable pendant le stockage ou le transport. Les bo\u00eetes \u00e0 calendrier \u00e0 double ouverture ne sont pas seulement une solution de stockage pratique, mais aussi une mani\u00e8re unique et attrayante de pr\u00e9senter votre calendrier.<\/p>\n<p>Parfaites pour la pr\u00e9sentation au d\u00e9tail, les \u00e9v\u00e9nements promotionnels ou les cadeaux, les bo\u00eetes de calendrier \u00e0 double ouverture offrent une option d'emballage moderne et fonctionnelle qui am\u00e9liore l'exp\u00e9rience globale de l'utilisateur.<\/p>\n<h1><strong>Sp\u00e9cifications<\/strong><\/h1>\n<table style=\"height: 666px;\" width=\"1070\">\n<tbody>\n<tr>\n<td width=\"373\">Dimensions<\/td>\n<td width=\"373\">Toutes les tailles et formes personnalis\u00e9es<\/td>\n<\/tr>\n<tr>\n<td width=\"373\">MOQ<\/td>\n<td width=\"373\">500pcs<\/td>\n<\/tr>\n<tr>\n<td width=\"373\">Temps d'\u00e9chantillonnage<\/td>\n<td width=\"373\">3-5 jours<\/td>\n<\/tr>\n<tr>\n<td width=\"373\">Processus par d\u00e9faut<\/td>\n<td width=\"373\">D\u00e9coupage, collage, rainurage, perforation<\/td>\n<\/tr>\n<tr>\n<td width=\"373\">Impression<\/td>\n<td width=\"373\">Cmyk, pms, pas d'impression<\/td>\n<\/tr>\n<tr>\n<td width=\"373\">Option mat\u00e9riau<\/td>\n<td width=\"373\">Papier cartonn\u00e9 blanc, papier couch\u00e9, papier d'art, papier kraft, carton ivoire, carton recto-verso, papier sp\u00e9cial, etc.<\/td>\n<\/tr>\n<tr>\n<td width=\"373\">Finition de surface<\/td>\n<td width=\"373\">Pelliculage mat\/brillant, gaufrage par points, gaufrage, dorure, etc.<\/td>\n<\/tr>\n<tr>\n<td width=\"373\">Utilisation dans l'industrie<\/td>\n<td width=\"373\">cosm\u00e9tiques, parfums, v\u00eatements, bijoux, tabac, produits alimentaires, cadeaux et produits de consommation courante,<\/td>\n<\/tr>\n<tr>\n<td width=\"373\">Contr\u00f4le de la qualit\u00e9<\/td>\n<td width=\"373\">Des \u00e9quipements de pointe et une \u00e9quipe de contr\u00f4le qualit\u00e9 exp\u00e9riment\u00e9e v\u00e9rifient rigoureusement les mat\u00e9riaux, les produits semi-finis et les produits finis \u00e0 chaque \u00e9tape avant la mise sur le march\u00e9.<\/td>\n<\/tr>\n<tr>\n<td width=\"373\">Prix<\/td>\n<td width=\"373\">Le prix final sera adapt\u00e9 \u00e0 votre produit et \u00e0 la quantit\u00e9 souhait\u00e9e.<\/td>\n<\/tr>\n<tr>\n<td width=\"373\">D\u00e9lai d'ex\u00e9cution<\/td>\n<td width=\"373\">7-14 jours ouvrables, urgent<\/td>\n<\/tr>\n<tr>\n<td width=\"373\">Papier de base<\/td>\n<td width=\"373\">10pt \u00e0 28pt (60lb \u00e0 400lb) Kraft \u00e9cologique, carton ondul\u00e9 e-flute, carton bux, papier cartonn\u00e9<\/td>\n<\/tr>\n<tr>\n<td width=\"373\">Format de l'\u0153uvre d'art<\/td>\n<td width=\"373\">JPG, PDF, AI, CDR, EPS, GIF....<\/td>\n<\/tr>\n<tr>\n<td width=\"373\">Accessoires<\/td>\n<td width=\"373\">Aimant, ruban, forme EVA, plateau en plastique, \u00e9ponge, fen\u00eatre en PVC\/PET\/PP,...<\/td>\n<\/tr>\n<tr>\n<td width=\"373\">D\u00e9lai de paiement<\/td>\n<td width=\"373\">T\/T, Western Union, Paypal, d\u00e9p\u00f4t de 30% et solde de 70% avant l'exp\u00e9dition.<\/td>\n<\/tr>\n<\/tbody>\n<\/table>\n<div class=\"widget block block-static-block\">\n<div class=\"landing-page-section option-bottom\">\n<div class=\"custom-materials-tabs-content container container-adjustment\">\n<div class=\"custom-materials-tab-content active\">\n<div class=\"widget block block-static-block\">\n<div class=\"options-items\">\n<div class=\"flex-grid-row-option\">\n<div class=\"flex-grid-item-option\">\n<div class=\"material-box\">\n<p>&nbsp;<\/p>\n<\/div>\n<\/div>\n<\/div>\n<\/div>\n<p><!---end of option item--><\/p>\n<\/div>\n<\/div>\n<\/div>\n<\/div>\n<\/div>","protected":false},"excerpt":{"rendered":"<p>Les bo\u00eetes calendaires \u00e0 double ouverture constituent une solution d'emballage unique et innovante.<\/p>\n<p>Vos bo\u00eetes de calendrier de l'avent rigides personnalis\u00e9es, dot\u00e9es d'une double porte et d'un int\u00e9rieur magnifique, sont un moyen sophistiqu\u00e9 de pr\u00e9senter vos cadeaux de No\u00ebl.<\/p>\n<p>Type de mat\u00e9riau : Respectueux de l'environnement, certifi\u00e9 FSC\/ISO\/BSCI<br \/>\nD\u00e9lai de production : \u00c9chantillon 1-3 jours ; Vrac 7-9 jours<br \/>\nD\u00e9lai d'exp\u00e9dition : Express 3-7 jours ; Air 12-16 jours ; Bateau 25-30 jours\uff08Diff\u00e9rents pays ont des d\u00e9lais diff\u00e9rents)<\/p>\n<p>Prix:Contactez-nous pour envoyer une demande de renseignements !<\/p>","protected":false},"featured_media":3934,"template":"","meta":[],"product_brand":[],"product_cat":[30,423,428,31],"product_tag":[816,817,815],"class_list":{"0":"post-3930","1":"product","2":"type-product","3":"status-publish","4":"has-post-thumbnail","6":"product_cat-by-industry","7":"product_cat-custom-presentation-boxes-by-industry","8":"product_cat-irregular-shaped-gift-boxes","9":"product_cat-paper-box-style","10":"product_tag-calender-boxes-manufacturer","11":"product_tag-custom-box","12":"product_tag-double-doors-box","14":"first","15":"instock","16":"shipping-taxable","17":"product-type-grouped"},"_links":{"self":[{"href":"https:\/\/zojopackaging.com\/fr\/wp-json\/wp\/v2\/product\/3930","targetHints":{"allow":["GET"]}}],"collection":[{"href":"https:\/\/zojopackaging.com\/fr\/wp-json\/wp\/v2\/product"}],"about":[{"href":"https:\/\/zojopackaging.com\/fr\/wp-json\/wp\/v2\/types\/product"}],"version-history":[{"count":2,"href":"https:\/\/zojopackaging.com\/fr\/wp-json\/wp\/v2\/product\/3930\/revisions"}],"predecessor-version":[{"id":8468,"href":"https:\/\/zojopackaging.com\/fr\/wp-json\/wp\/v2\/product\/3930\/revisions\/8468"}],"wp:featuredmedia":[{"embeddable":true,"href":"https:\/\/zojopackaging.com\/fr\/wp-json\/wp\/v2\/media\/3934"}],"wp:attachment":[{"href":"https:\/\/zojopackaging.com\/fr\/wp-json\/wp\/v2\/media?parent=3930"}],"wp:term":[{"taxonomy":"product_brand","embeddable":true,"href":"https:\/\/zojopackaging.com\/fr\/wp-json\/wp\/v2\/product_brand?post=3930"},{"taxonomy":"product_cat","embeddable":true,"href":"https:\/\/zojopackaging.com\/fr\/wp-json\/wp\/v2\/product_cat?post=3930"},{"taxonomy":"product_tag","embeddable":true,"href":"https:\/\/zojopackaging.com\/fr\/wp-json\/wp\/v2\/product_tag?post=3930"}],"curies":[{"name":"wp","href":"https:\/\/api.w.org\/{rel}","templated":true}]}}