{"id":3936,"date":"2024-03-20T15:04:13","date_gmt":"2024-03-20T07:04:13","guid":{"rendered":"https:\/\/zojopackaging.com\/?post_type=product&#038;p=3936"},"modified":"2025-03-28T11:12:50","modified_gmt":"2025-03-28T03:12:50","slug":"customized-double-open-calendar-box","status":"publish","type":"product","link":"https:\/\/zojopackaging.com\/fr\/product\/customized-double-open-calendar-box\/","title":{"rendered":"Bo\u00eete d'emballage en gros pour calendrier de l'avent de la beaut\u00e9"},"content":{"rendered":"<h1>Bo\u00eete d'emballage en gros pour calendrier de l'avent de la beaut\u00e9<\/h1>\n<p>La bo\u00eete d'emballage du calendrier de l'avent est une solution d'emballage sophistiqu\u00e9e et pratique qui offre une fa\u00e7on unique et polyvalente de pr\u00e9senter votre calendrier. Cette bo\u00eete est m\u00e9ticuleusement con\u00e7ue avec deux ouvertures s\u00e9par\u00e9es, permettant un acc\u00e8s facile au contenu du calendrier depuis diff\u00e9rents c\u00f4t\u00e9s pour plus de commodit\u00e9 et de fonctionnalit\u00e9.<\/p>\n<p>Personnalisable en fonction de vos pr\u00e9f\u00e9rences en mati\u00e8re d'image de marque et de design, l'ext\u00e9rieur de la bo\u00eete peut comporter votre logo, votre maquette ou tout autre \u00e9l\u00e9ment graphique souhait\u00e9 afin de cr\u00e9er un ensemble coh\u00e9rent et visuellement attrayant. Les deux ouvertures permettent aux utilisateurs d'interagir avec le calendrier de mani\u00e8re dynamique et attrayante, ce qui le rend id\u00e9al pour une pr\u00e9sentation sur un bureau, une \u00e9tag\u00e8re ou un comptoir.<\/p>\n<p>L'int\u00e9rieur de la bo\u00eete est soigneusement con\u00e7u pour maintenir et prot\u00e9ger le calendrier en toute s\u00e9curit\u00e9, afin qu'il reste en parfait \u00e9tat pendant le stockage ou le transport. La bo\u00eete \u00e0 calendrier personnalis\u00e9e \u00e0 double ouverture n'est pas seulement une solution de stockage pratique, c'est aussi un accessoire \u00e9l\u00e9gant et innovant qui am\u00e9liore la pr\u00e9sentation g\u00e9n\u00e9rale de votre calendrier.<\/p>\n<p>Que ce soit pour la vente au d\u00e9tail, les \u00e9v\u00e9nements promotionnels ou les cadeaux, cette bo\u00eete personnalis\u00e9e ajoute une touche de sophistication et de cr\u00e9ativit\u00e9 \u00e0 l'emballage de vos calendriers. Avec ses deux ouvertures et son design personnalisable, la bo\u00eete de calendrier personnalis\u00e9e \u00e0 double ouverture est un choix remarquable qui rehausse l'exp\u00e9rience de l'utilisateur et laisse une impression durable sur vos clients.<\/p>\n<h1><strong>Sp\u00e9cifications<\/strong><\/h1>\n<table style=\"height: 666px;\" width=\"1070\">\n<tbody>\n<tr>\n<td width=\"373\">Dimensions<\/td>\n<td width=\"373\">Toutes les tailles et formes personnalis\u00e9es<\/td>\n<\/tr>\n<tr>\n<td width=\"373\">MOQ<\/td>\n<td width=\"373\">500pcs<\/td>\n<\/tr>\n<tr>\n<td width=\"373\">Temps d'\u00e9chantillonnage<\/td>\n<td width=\"373\">3-5 jours<\/td>\n<\/tr>\n<tr>\n<td width=\"373\">Processus par d\u00e9faut<\/td>\n<td width=\"373\">D\u00e9coupage, collage, rainurage, perforation<\/td>\n<\/tr>\n<tr>\n<td width=\"373\">Impression<\/td>\n<td width=\"373\">Cmyk, pms, pas d'impression<\/td>\n<\/tr>\n<tr>\n<td width=\"373\">Option mat\u00e9riau<\/td>\n<td width=\"373\">Papier cartonn\u00e9 blanc, papier couch\u00e9, papier d'art, papier kraft, carton ivoire, carton recto-verso, papier sp\u00e9cial, etc.<\/td>\n<\/tr>\n<tr>\n<td width=\"373\">Finition de surface<\/td>\n<td width=\"373\">Pelliculage mat\/brillant, gaufrage par points, gaufrage, dorure, etc.<\/td>\n<\/tr>\n<tr>\n<td width=\"373\">Utilisation dans l'industrie<\/td>\n<td width=\"373\">cosm\u00e9tiques, parfums, v\u00eatements, bijoux, tabac, produits alimentaires, cadeaux et produits de consommation courante,<\/td>\n<\/tr>\n<tr>\n<td width=\"373\">Contr\u00f4le de la qualit\u00e9<\/td>\n<td width=\"373\">Des \u00e9quipements de pointe et une \u00e9quipe de contr\u00f4le qualit\u00e9 exp\u00e9riment\u00e9e v\u00e9rifient rigoureusement les mat\u00e9riaux, les produits semi-finis et les produits finis \u00e0 chaque \u00e9tape avant la mise sur le march\u00e9.<\/td>\n<\/tr>\n<tr>\n<td width=\"373\">Prix<\/td>\n<td width=\"373\">Le prix final sera adapt\u00e9 \u00e0 votre produit et \u00e0 la quantit\u00e9 souhait\u00e9e.<\/td>\n<\/tr>\n<tr>\n<td width=\"373\">D\u00e9lai d'ex\u00e9cution<\/td>\n<td width=\"373\">7-14 jours ouvrables, urgent<\/td>\n<\/tr>\n<tr>\n<td width=\"373\">Papier de base<\/td>\n<td width=\"373\">10pt \u00e0 28pt (60lb \u00e0 400lb) Kraft \u00e9cologique, carton ondul\u00e9 e-flute, carton bux, papier cartonn\u00e9<\/td>\n<\/tr>\n<tr>\n<td width=\"373\">Format de l'\u0153uvre d'art<\/td>\n<td width=\"373\">JPG, PDF, AI, CDR, EPS, GIF....<\/td>\n<\/tr>\n<tr>\n<td width=\"373\">Accessoires<\/td>\n<td width=\"373\">Aimant, ruban, forme EVA, plateau en plastique, \u00e9ponge, fen\u00eatre en PVC\/PET\/PP,...<\/td>\n<\/tr>\n<tr>\n<td width=\"373\">D\u00e9lai de paiement<\/td>\n<td width=\"373\">T\/T, Western Union, Paypal, d\u00e9p\u00f4t de 30% et solde de 70% avant l'exp\u00e9dition.<\/td>\n<\/tr>\n<\/tbody>\n<\/table>\n<div class=\"widget block block-static-block\">\n<div class=\"landing-page-section option-bottom\">\n<div class=\"custom-materials-tabs-content container container-adjustment\">\n<div class=\"custom-materials-tab-content active\">\n<div class=\"widget block block-static-block\">\n<div class=\"options-items\">\n<div class=\"flex-grid-row-option\">\n<div class=\"flex-grid-item-option\">\n<div class=\"material-box\">\n<p>&nbsp;<\/p>\n<\/div>\n<\/div>\n<\/div>\n<\/div>\n<p><!---end of option item--><\/p>\n<\/div>\n<\/div>\n<\/div>\n<\/div>\n<\/div>","protected":false},"excerpt":{"rendered":"<p>1. Bo\u00eete-calendrier cosm\u00e9tique \u00e0 double porte, un design qui ouvre une grille chaque jour. L'ouverture de la bo\u00eete \u00e0 l'aveugle permet d'anticiper le festival.<br \/>\n2. Avec des accessoires tels que des rubans, il rehausse la beaut\u00e9 et l'attrait visuel et renforce la reconnaissance de la marque.<br \/>\n3. Diff\u00e9rentes tailles peuvent \u00eatre personnalis\u00e9es en fonction de vos produits, convenant \u00e0 l'emballage de diverses cat\u00e9gories de cosm\u00e9tiques.<\/p>","protected":false},"featured_media":3940,"template":"","meta":[],"product_brand":[],"product_cat":[30,390,428,31],"product_tag":[753,754,755],"class_list":{"0":"post-3936","1":"product","2":"type-product","3":"status-publish","4":"has-post-thumbnail","6":"product_cat-by-industry","7":"product_cat-custom-cosmetics-boxes","8":"product_cat-irregular-shaped-gift-boxes","9":"product_cat-paper-box-style","10":"product_tag-advent-calendar-packaging-box","11":"product_tag-beauty-advent-calendar-packaging","12":"product_tag-wholesale-advent-calendar-packaging-box","14":"first","15":"instock","16":"shipping-taxable","17":"product-type-grouped"},"_links":{"self":[{"href":"https:\/\/zojopackaging.com\/fr\/wp-json\/wp\/v2\/product\/3936","targetHints":{"allow":["GET"]}}],"collection":[{"href":"https:\/\/zojopackaging.com\/fr\/wp-json\/wp\/v2\/product"}],"about":[{"href":"https:\/\/zojopackaging.com\/fr\/wp-json\/wp\/v2\/types\/product"}],"version-history":[{"count":2,"href":"https:\/\/zojopackaging.com\/fr\/wp-json\/wp\/v2\/product\/3936\/revisions"}],"predecessor-version":[{"id":8439,"href":"https:\/\/zojopackaging.com\/fr\/wp-json\/wp\/v2\/product\/3936\/revisions\/8439"}],"wp:featuredmedia":[{"embeddable":true,"href":"https:\/\/zojopackaging.com\/fr\/wp-json\/wp\/v2\/media\/3940"}],"wp:attachment":[{"href":"https:\/\/zojopackaging.com\/fr\/wp-json\/wp\/v2\/media?parent=3936"}],"wp:term":[{"taxonomy":"product_brand","embeddable":true,"href":"https:\/\/zojopackaging.com\/fr\/wp-json\/wp\/v2\/product_brand?post=3936"},{"taxonomy":"product_cat","embeddable":true,"href":"https:\/\/zojopackaging.com\/fr\/wp-json\/wp\/v2\/product_cat?post=3936"},{"taxonomy":"product_tag","embeddable":true,"href":"https:\/\/zojopackaging.com\/fr\/wp-json\/wp\/v2\/product_tag?post=3936"}],"curies":[{"name":"wp","href":"https:\/\/api.w.org\/{rel}","templated":true}]}}