{"id":3963,"date":"2024-03-20T15:42:17","date_gmt":"2024-03-20T07:42:17","guid":{"rendered":"https:\/\/zojopackaging.com\/?post_type=product&#038;p=3963"},"modified":"2025-03-25T15:25:47","modified_gmt":"2025-03-25T07:25:47","slug":"bottle-box-packaging-printing","status":"publish","type":"product","link":"https:\/\/zojopackaging.com\/fr\/product\/bottle-box-packaging-printing\/","title":{"rendered":"Coffrets d'emballage personnalis\u00e9s pour huiles essentielles de soins de la peau Wholesale"},"content":{"rendered":"<h1>Coffrets d'emballage personnalis\u00e9s pour huiles essentielles de soins de la peau Wholesale<\/h1>\n<p>L'emballage et l'impression de bo\u00eetes \u00e0 bouteilles d\u00e9signent le processus de cr\u00e9ation de bo\u00eetes personnalis\u00e9es sp\u00e9cialement con\u00e7ues pour contenir et prot\u00e9ger des bouteilles de formes et de tailles diverses.<\/p>\n<p>Lorsqu'il s'agit de l'emballage et de l'impression de bo\u00eetes de bouteilles, plusieurs caract\u00e9ristiques cl\u00e9s m\u00e9ritent d'\u00eatre prises en compte :<\/p>\n<ul>\n<li>Mat\u00e9riau : Les bo\u00eetes sont g\u00e9n\u00e9ralement fabriqu\u00e9es \u00e0 partir de mat\u00e9riaux robustes tels que le carton, le carton ondul\u00e9 ou le carton pour offrir une protection ad\u00e9quate aux bouteilles.<\/li>\n<li>Conception : Le design de la bo\u00eete doit \u00eatre adapt\u00e9 \u00e0 la forme et \u00e0 la taille de la bouteille pour garantir une bonne tenue. Des inserts ou des s\u00e9parateurs personnalis\u00e9s peuvent \u00eatre inclus pour \u00e9viter les mouvements et les ruptures pendant le transport.<\/li>\n<li>L'impression : Des techniques d'impression de haute qualit\u00e9, telles que l'impression offset ou l'impression num\u00e9rique, peuvent \u00eatre utilis\u00e9es pour ajouter des \u00e9l\u00e9ments de marque tels que des logos, des informations sur les produits et des motifs d\u00e9coratifs \u00e0 la bo\u00eete.<\/li>\n<li>Finitions : Diverses finitions telles que les rev\u00eatements mats ou brillants, le gaufrage, le d\u00e9bossage et l'estampage peuvent \u00eatre appliqu\u00e9es pour am\u00e9liorer l'attrait visuel de l'emballage et cr\u00e9er un aspect haut de gamme.<\/li>\n<li>Personnalisation : L'emballage des bouteilles peut \u00eatre personnalis\u00e9 en termes de taille, de forme, de couleur et de design afin de refl\u00e9ter l'identit\u00e9 de la marque et de cr\u00e9er une exp\u00e9rience de d\u00e9ballage unique pour les clients.<\/li>\n<\/ul>\n<h1><strong>Sp\u00e9cifications<\/strong><\/h1>\n<table style=\"border-collapse: collapse; width: 759.02pt;\" border=\"0\" width=\"1012\" cellspacing=\"0\" cellpadding=\"0\">\n<tbody>\n<tr style=\"height: 16.50pt;\">\n<td class=\"et3\" style=\"height: 16.50pt; width: 379.50pt;\" width=\"506\" height=\"22\">Dimensions<\/td>\n<td class=\"et3\" style=\"width: 379.50pt;\" width=\"506\">Toutes les tailles et formes personnalis\u00e9es<\/td>\n<\/tr>\n<tr style=\"height: 16.50pt;\">\n<td class=\"et3\" style=\"height: 16.50pt;\" height=\"22\">Quantit\u00e9 minimale<\/td>\n<td class=\"et3\">50 bo\u00eetes (possibilit\u00e9 d'\u00e9chantillons \u00e0 l'\u00e9preuve des chocs)<\/td>\n<\/tr>\n<tr style=\"height: 16.50pt;\">\n<td class=\"et3\" style=\"height: 16.50pt;\" height=\"22\">Processus par d\u00e9faut<\/td>\n<td class=\"et3\">D\u00e9coupage, collage, rainurage, perforation<\/td>\n<\/tr>\n<tr style=\"height: 16.50pt;\">\n<td class=\"et3\" style=\"height: 16.50pt;\" height=\"22\">Impression<\/td>\n<td class=\"et3\">Cmyk, pms, pas d'impression<\/td>\n<\/tr>\n<tr style=\"height: 16.50pt;\">\n<td class=\"et3\" style=\"height: 16.50pt;\" height=\"22\">Option mat\u00e9riau<\/td>\n<td class=\"et3\">Papier cartonn\u00e9 blanc, papier couch\u00e9, papier d'art, papier kraft, carton ivoire, carton recto-verso, papier sp\u00e9cial, etc.<\/td>\n<\/tr>\n<tr style=\"height: 17.25pt;\">\n<td class=\"et3\" style=\"height: 17.25pt;\" height=\"23\">Finition de surface<\/td>\n<td class=\"et4\" style=\"width: 379.50pt;\" width=\"506\">Pelliculage mat\/brillant, gaufrage par points, gaufrage, dorure, etc.<\/td>\n<\/tr>\n<tr style=\"height: 17.25pt;\">\n<td class=\"et4\" style=\"height: 17.25pt; width: 379.50pt;\" width=\"506\" height=\"23\">Utilisation dans l'industrie<\/td>\n<td class=\"et4\" style=\"width: 379.50pt;\" width=\"506\">cosm\u00e9tiques, parfums, v\u00eatements, bijoux, tabac, produits alimentaires, cadeaux et produits de consommation courante,<\/td>\n<\/tr>\n<tr style=\"height: 34.50pt;\">\n<td class=\"et4\" style=\"height: 34.50pt; width: 379.50pt;\" width=\"506\" height=\"46\">Contr\u00f4le de la qualit\u00e9<\/td>\n<td class=\"et4\" style=\"width: 379.50pt;\" width=\"506\">Des \u00e9quipements de pointe et une \u00e9quipe de contr\u00f4le qualit\u00e9 exp\u00e9riment\u00e9e v\u00e9rifient rigoureusement les mat\u00e9riaux, les produits semi-finis et les produits finis \u00e0 chaque \u00e9tape avant la mise sur le march\u00e9.<\/td>\n<\/tr>\n<tr style=\"height: 34.50pt;\">\n<td class=\"et4\" style=\"height: 34.50pt; width: 379.50pt;\" width=\"506\" height=\"46\">Prix<\/td>\n<td class=\"et4\" style=\"width: 379.50pt;\" width=\"506\">Le prix final sera adapt\u00e9 \u00e0 votre produit et \u00e0 la quantit\u00e9 souhait\u00e9e.<\/td>\n<\/tr>\n<tr style=\"height: 16.50pt;\">\n<td class=\"et3\" style=\"height: 16.50pt;\" height=\"22\">D\u00e9lai d'ex\u00e9cution<\/td>\n<td class=\"et3\">10-12 jours ouvrables, urgent<\/td>\n<\/tr>\n<tr style=\"height: 16.50pt;\">\n<td class=\"et3\" style=\"height: 16.50pt;\" height=\"22\">Papier de base<\/td>\n<td class=\"et3\">10pt \u00e0 28pt (60lb \u00e0 400lb) Kraft \u00e9cologique, carton ondul\u00e9 e-flute, carton bux, papier cartonn\u00e9<\/td>\n<\/tr>\n<tr style=\"height: 16.50pt;\">\n<td class=\"et3\" style=\"height: 16.50pt;\" height=\"22\">Preuve<\/td>\n<td class=\"et3\">Vue \u00e0 plat, maquette 3D, \u00e9chantillonnage physique (sur demande)<\/td>\n<\/tr>\n<\/tbody>\n<\/table>\n<div class=\"widget block block-static-block\">\n<div class=\"landing-page-section option-bottom\">\n<div class=\"custom-materials-tabs-content container container-adjustment\">\n<div class=\"custom-materials-tab-content active\">\n<div class=\"widget block block-static-block\">\n<div class=\"options-items\">\n<div class=\"flex-grid-row-option\">\n<div class=\"flex-grid-item-option\">\n<div class=\"material-box\">\n<div class=\"material-des\">\n<p>&nbsp;<\/p>\n<\/div>\n<p>&nbsp;<\/p>\n<\/div>\n<\/div>\n<\/div>\n<\/div>\n<p><!---end of option item--><\/p>\n<\/div>\n<\/div>\n<\/div>\n<\/div>\n<\/div>","protected":false},"excerpt":{"rendered":"<p>Bo\u00eetes \u00e0 cosm\u00e9tiques en papier d'art haut de gamme, rev\u00eatues d'une feuille d'or \u00e0 chaud, de dimensions illimit\u00e9es et personnalisables \u00e0 volont\u00e9, fournies directement par la Chine \u00e0 des prix d'usine, la conception pliante permet d'\u00e9conomiser de l'espace pour l'exp\u00e9dition.<\/p>","protected":false},"featured_media":3969,"template":"","meta":[],"product_brand":[],"product_cat":[30,390,424,31],"product_tag":[617,616,618],"class_list":{"0":"post-3963","1":"product","2":"type-product","3":"status-publish","4":"has-post-thumbnail","6":"product_cat-by-industry","7":"product_cat-custom-cosmetics-boxes","8":"product_cat-magnetic-closure-boxes","9":"product_cat-paper-box-style","10":"product_tag-custom-skin-care-boxes","11":"product_tag-essential-oil-packaging","12":"product_tag-essential-oil-packaging-wholesale","14":"first","15":"instock","16":"shipping-taxable","17":"product-type-grouped"},"_links":{"self":[{"href":"https:\/\/zojopackaging.com\/fr\/wp-json\/wp\/v2\/product\/3963","targetHints":{"allow":["GET"]}}],"collection":[{"href":"https:\/\/zojopackaging.com\/fr\/wp-json\/wp\/v2\/product"}],"about":[{"href":"https:\/\/zojopackaging.com\/fr\/wp-json\/wp\/v2\/types\/product"}],"version-history":[{"count":2,"href":"https:\/\/zojopackaging.com\/fr\/wp-json\/wp\/v2\/product\/3963\/revisions"}],"predecessor-version":[{"id":8214,"href":"https:\/\/zojopackaging.com\/fr\/wp-json\/wp\/v2\/product\/3963\/revisions\/8214"}],"wp:featuredmedia":[{"embeddable":true,"href":"https:\/\/zojopackaging.com\/fr\/wp-json\/wp\/v2\/media\/3969"}],"wp:attachment":[{"href":"https:\/\/zojopackaging.com\/fr\/wp-json\/wp\/v2\/media?parent=3963"}],"wp:term":[{"taxonomy":"product_brand","embeddable":true,"href":"https:\/\/zojopackaging.com\/fr\/wp-json\/wp\/v2\/product_brand?post=3963"},{"taxonomy":"product_cat","embeddable":true,"href":"https:\/\/zojopackaging.com\/fr\/wp-json\/wp\/v2\/product_cat?post=3963"},{"taxonomy":"product_tag","embeddable":true,"href":"https:\/\/zojopackaging.com\/fr\/wp-json\/wp\/v2\/product_tag?post=3963"}],"curies":[{"name":"wp","href":"https:\/\/api.w.org\/{rel}","templated":true}]}}