{"id":3977,"date":"2024-03-20T15:57:19","date_gmt":"2024-03-20T07:57:19","guid":{"rendered":"https:\/\/zojopackaging.com\/?post_type=product&#038;p=3977"},"modified":"2025-03-24T19:52:01","modified_gmt":"2025-03-24T11:52:01","slug":"customized-card-box","status":"publish","type":"product","link":"https:\/\/zojopackaging.com\/fr\/product\/customized-card-box\/","title":{"rendered":"Bo\u00eete d'emballage personnalis\u00e9e pour vaporisateur de brume faciale Fournisseur"},"content":{"rendered":"<h1>Bo\u00eete d'emballage personnalis\u00e9e pour vaporisateur de brume faciale Fournisseur<\/h1>\n<p>Une bo\u00eete \u00e0 cartes personnalis\u00e9e est une solution d'emballage personnalis\u00e9e con\u00e7ue pour contenir et prot\u00e9ger des jeux de cartes, des cartes \u00e0 jouer, des cartes \u00e0 collectionner ou tout autre type de produit \u00e0 base de cartes.<\/p>\n<p><strong>Caract\u00e9ristiques principales d'une bo\u00eete \u00e0 cartes personnalis\u00e9e :<\/strong><\/p>\n<ul>\n<li>Personnalisation : La bo\u00eete peut \u00eatre enti\u00e8rement personnalis\u00e9e pour r\u00e9pondre aux besoins uniques des cartes et de la marque. Il est possible de choisir la taille, la forme, le mat\u00e9riau, la couleur, l'impression, les finitions et les \u00e9l\u00e9ments de conception pour cr\u00e9er une solution d'emballage unique.<\/li>\n<li>Mat\u00e9riau : Les bo\u00eetes \u00e0 cartes personnalis\u00e9es sont g\u00e9n\u00e9ralement fabriqu\u00e9es \u00e0 partir de mat\u00e9riaux robustes tels que le carton, le papier cartonn\u00e9 ou le papier cartonn\u00e9 sp\u00e9cial, afin d'assurer la durabilit\u00e9 et la protection des cartes qu'elles contiennent.<\/li>\n<li>Design : Le design de la bo\u00eete peut \u00eatre adapt\u00e9 pour refl\u00e9ter le th\u00e8me, la marque ou le style des cartes. Des graphiques, logos, illustrations et textes personnalis\u00e9s peuvent \u00eatre ajout\u00e9s pour am\u00e9liorer l'attrait visuel et cr\u00e9er un aspect coh\u00e9rent avec les cartes elles-m\u00eames.<\/li>\n<li>Fermeture : la bo\u00eete peut \u00eatre dot\u00e9e d'un m\u00e9canisme de fermeture s\u00e9curis\u00e9, tel qu'un rabat, une fermeture magn\u00e9tique ou une pochette, afin de maintenir les cartes en s\u00e9curit\u00e9 et d'\u00e9viter qu'elles ne tombent.<\/li>\n<li>Insertions : Des encarts ou des s\u00e9parateurs personnalis\u00e9s peuvent \u00eatre inclus dans la bo\u00eete pour organiser et s\u00e9parer les cartes, afin d'\u00e9viter qu'elles ne soient endommag\u00e9es ou d\u00e9plac\u00e9es pendant le stockage ou le transport.<\/li>\n<li>Finitions : Diverses finitions telles que les rev\u00eatements mats ou brillants, le gaufrage, le d\u00e9bossage, les UV ponctuels ou le marquage \u00e0 chaud peuvent \u00eatre appliqu\u00e9es \u00e0 la bo\u00eete pour lui conf\u00e9rer un aspect et un toucher de qualit\u00e9 sup\u00e9rieure.<\/li>\n<\/ul>\n<h1><strong>Sp\u00e9cifications<\/strong><\/h1>\n<table style=\"height: 666px;\" width=\"1070\">\n<tbody>\n<tr>\n<td width=\"373\">Dimensions<\/td>\n<td width=\"373\">Toutes les tailles et formes personnalis\u00e9es<\/td>\n<\/tr>\n<tr>\n<td width=\"373\">MOQ<\/td>\n<td width=\"373\">500pcs<\/td>\n<\/tr>\n<tr>\n<td width=\"373\">Temps d'\u00e9chantillonnage<\/td>\n<td width=\"373\">3-5 jours<\/td>\n<\/tr>\n<tr>\n<td width=\"373\">Processus par d\u00e9faut<\/td>\n<td width=\"373\">D\u00e9coupage, collage, rainurage, perforation<\/td>\n<\/tr>\n<tr>\n<td width=\"373\">Impression<\/td>\n<td width=\"373\">Cmyk, pms, pas d'impression<\/td>\n<\/tr>\n<tr>\n<td width=\"373\">Option mat\u00e9riau<\/td>\n<td width=\"373\">Papier cartonn\u00e9 blanc, papier couch\u00e9, papier d'art, papier kraft, carton ivoire, carton recto-verso, papier sp\u00e9cial, etc.<\/td>\n<\/tr>\n<tr>\n<td width=\"373\">Finition de surface<\/td>\n<td width=\"373\">Pelliculage mat\/brillant, gaufrage par points, gaufrage, dorure, etc.<\/td>\n<\/tr>\n<tr>\n<td width=\"373\">Utilisation dans l'industrie<\/td>\n<td width=\"373\">cosm\u00e9tiques, parfums, v\u00eatements, bijoux, tabac, produits alimentaires, cadeaux et produits de consommation courante,<\/td>\n<\/tr>\n<tr>\n<td width=\"373\">Contr\u00f4le de la qualit\u00e9<\/td>\n<td width=\"373\">Des \u00e9quipements de pointe et une \u00e9quipe de contr\u00f4le qualit\u00e9 exp\u00e9riment\u00e9e v\u00e9rifient rigoureusement les mat\u00e9riaux, les produits semi-finis et les produits finis \u00e0 chaque \u00e9tape avant la mise sur le march\u00e9.<\/td>\n<\/tr>\n<tr>\n<td width=\"373\">Prix<\/td>\n<td width=\"373\">Le prix final sera adapt\u00e9 \u00e0 votre produit et \u00e0 la quantit\u00e9 souhait\u00e9e.<\/td>\n<\/tr>\n<tr>\n<td width=\"373\">D\u00e9lai d'ex\u00e9cution<\/td>\n<td width=\"373\">7-14 jours ouvrables, urgent<\/td>\n<\/tr>\n<tr>\n<td width=\"373\">Papier de base<\/td>\n<td width=\"373\">10pt \u00e0 28pt (60lb \u00e0 400lb) Kraft \u00e9cologique, carton ondul\u00e9 e-flute, carton bux, papier cartonn\u00e9<\/td>\n<\/tr>\n<tr>\n<td width=\"373\">Format de l'\u0153uvre d'art<\/td>\n<td width=\"373\">JPG, PDF, AI, CDR, EPS, GIF....<\/td>\n<\/tr>\n<tr>\n<td width=\"373\">Accessoires<\/td>\n<td width=\"373\">Aimant, ruban, forme EVA, plateau en plastique, \u00e9ponge, fen\u00eatre en PVC\/PET\/PP,...<\/td>\n<\/tr>\n<tr>\n<td width=\"373\">D\u00e9lai de paiement<\/td>\n<td width=\"373\">T\/T, Western Union, Paypal, d\u00e9p\u00f4t de 30% et solde de 70% avant l'exp\u00e9dition.<\/td>\n<\/tr>\n<\/tbody>\n<\/table>\n<div class=\"widget block block-static-block\">\n<div class=\"landing-page-section option-bottom\">\n<div class=\"custom-materials-tabs-content container container-adjustment\">\n<div class=\"custom-materials-tab-content active\">\n<div class=\"widget block block-static-block\">\n<div class=\"options-items\">\n<div class=\"flex-grid-row-option\">\n<div class=\"flex-grid-item-option\">\n<div class=\"material-box\">\n<p>&nbsp;<\/p>\n<\/div>\n<\/div>\n<\/div>\n<\/div>\n<p><!---end of option item--><\/p>\n<\/div>\n<\/div>\n<\/div>\n<\/div>\n<\/div>","protected":false},"excerpt":{"rendered":"<ul>\n<li>MOQ : 500 pi\u00e8ces<\/li>\n<li>D\u00e9lai de livraison : 7-14 jours ouvrables, urgent<\/li>\n<li>Dimensions sur mesure (diam\u00e8tre x hauteur)<\/li>\n<li>Impression personnalis\u00e9e<\/li>\n<li>Respectueux de l'environnement, recyclable et sans plastique<\/li>\n<li>Prix\uff1aLe prix final sera adapt\u00e9 \u00e0 votre produit et \u00e0 la quantit\u00e9 souhait\u00e9e.<\/li>\n<\/ul>","protected":false},"featured_media":3982,"template":"","meta":[],"product_brand":[],"product_cat":[30,390,430],"product_tag":[120,243,230],"class_list":{"0":"post-3977","1":"product","2":"type-product","3":"status-publish","4":"has-post-thumbnail","6":"product_cat-by-industry","7":"product_cat-custom-cosmetics-boxes","8":"product_cat-folding-cartons","9":"product_tag-customized-card-box","10":"product_tag-paper-box-manufacturer","11":"product_tag-wholesale-packaging-box","13":"first","14":"instock","15":"shipping-taxable","16":"product-type-grouped"},"_links":{"self":[{"href":"https:\/\/zojopackaging.com\/fr\/wp-json\/wp\/v2\/product\/3977","targetHints":{"allow":["GET"]}}],"collection":[{"href":"https:\/\/zojopackaging.com\/fr\/wp-json\/wp\/v2\/product"}],"about":[{"href":"https:\/\/zojopackaging.com\/fr\/wp-json\/wp\/v2\/types\/product"}],"version-history":[{"count":1,"href":"https:\/\/zojopackaging.com\/fr\/wp-json\/wp\/v2\/product\/3977\/revisions"}],"predecessor-version":[{"id":8122,"href":"https:\/\/zojopackaging.com\/fr\/wp-json\/wp\/v2\/product\/3977\/revisions\/8122"}],"wp:featuredmedia":[{"embeddable":true,"href":"https:\/\/zojopackaging.com\/fr\/wp-json\/wp\/v2\/media\/3982"}],"wp:attachment":[{"href":"https:\/\/zojopackaging.com\/fr\/wp-json\/wp\/v2\/media?parent=3977"}],"wp:term":[{"taxonomy":"product_brand","embeddable":true,"href":"https:\/\/zojopackaging.com\/fr\/wp-json\/wp\/v2\/product_brand?post=3977"},{"taxonomy":"product_cat","embeddable":true,"href":"https:\/\/zojopackaging.com\/fr\/wp-json\/wp\/v2\/product_cat?post=3977"},{"taxonomy":"product_tag","embeddable":true,"href":"https:\/\/zojopackaging.com\/fr\/wp-json\/wp\/v2\/product_tag?post=3977"}],"curies":[{"name":"wp","href":"https:\/\/api.w.org\/{rel}","templated":true}]}}